{"id":65474,"date":"2022-05-20T00:56:20","date_gmt":"2022-05-19T22:56:26","guid":{"rendered":"https:\/\/www.gruppoliturgico.com\/prodotto\/chasuble-28\/"},"modified":"2022-05-20T08:47:33","modified_gmt":"2022-05-20T06:47:33","slug":"chasuble-28","status":"publish","type":"product","link":"https:\/\/www.gruppoliturgico.com\/fr\/produit\/chasuble-28\/","title":{"rendered":"chasuble"},"content":{"rendered":"<html><body><p>Chasuble confectionn\u00e9e en shantung de pure soie.<br>\nTr\u00e8s l\u00e9g\u00e8re et raffin\u00e9e, se distingue pour la confection de couturier et pour les soins des d\u00e9tails.<br>\nSa singularit\u00e9 est dans l\u2019originale confection car sont utilis\u00e9s deux coupons de tissu en pure soie: celui au-dessus est d\u2019une certaine couleur, celui au-dessous est d\u2019 une tonalit\u00e9 diff\u00e9rente pour cr\u00e9er un joli effet chromatique.<br>\nOrn\u00e9 d\u2019un galon en brocart avec des applications ornementales en m\u00e9tal dor\u00e9 et des perles.<br>\nCouleur blanc ivoire.<\/p>\n<\/body><\/html>","protected":false},"excerpt":{"rendered":"<p>Chasuble confectionn\u00e9e en shantung de pure soie.<br \/>\nTr\u00e8s l\u00e9g\u00e8re et raffin\u00e9e, se distingue pour la confection de couturier et pour les soins des d\u00e9tails.<br \/>\nSa singularit\u00e9 est dans l&rsquo;originale confection car sont utilis\u00e9s deux coupons de tissu en pure soie: celui au-dessus est d&rsquo;une certaine couleur, celui au-dessous est d&rsquo; une tonalit\u00e9 diff\u00e9rente pour cr\u00e9er un joli effet chromatique.<br \/>\nOrn\u00e9 d&rsquo;un galon en brocart avec des applications ornementales en m\u00e9tal dor\u00e9 et des perles.<br \/>\nCouleur blanc ivoire.<\/p>\n","protected":false},"featured_media":128902,"template":"","meta":[],"product_cat":[12244],"product_tag":[],"yoast_head":"<!-- This site is optimized with the Yoast SEO plugin v20.4 - https:\/\/yoast.com\/wordpress\/plugins\/seo\/ -->\n<title>chasuble - solennelles et Laboratorio Gruppo Liturgico<\/title>\n<meta name=\"description\" content=\"Chasuble confectionn\u00e9e en shantung de pure soie.  Tr\u00e8s l\u00e9g\u00e8re et raffin\u00e9e, se distingue pour la confection de couturier et pour les soins des d\u00e9tails.  Sa singularit\u00e9 est dans l&#039;originale confection car sont utilis\u00e9s deux coupons de tissu en pure soie: celui au-dessus est d&#039;une certaine couleur, celui au-dessous est d&#039; une tonalit\u00e9 diff\u00e9rente pour cr\u00e9er un joli effet chromatique.  Orn\u00e9 d&#039;un galon en brocart avec des applications ornementales en m\u00e9tal dor\u00e9 et des perles.  Couleur blanc ivoire.\" \/>\n<meta name=\"robots\" content=\"index, follow, max-snippet:-1, max-image-preview:large, max-video-preview:-1\" \/>\n<link rel=\"canonical\" href=\"https:\/\/www.gruppoliturgico.com\/fr\/produit\/chasuble-28\/\" \/>\n<meta property=\"og:locale\" content=\"fr_FR\" \/>\n<meta property=\"og:type\" content=\"article\" \/>\n<meta property=\"og:title\" content=\"chasuble - solennelles et Laboratorio Gruppo Liturgico\" \/>\n<meta property=\"og:description\" content=\"Chasuble confectionn\u00e9e en shantung de pure soie.  Tr\u00e8s l\u00e9g\u00e8re et raffin\u00e9e, se distingue pour la confection de couturier et pour les soins des d\u00e9tails.  Sa singularit\u00e9 est dans l&#039;originale confection car sont utilis\u00e9s deux coupons de tissu en pure soie: celui au-dessus est d&#039;une certaine couleur, celui au-dessous est d&#039; une tonalit\u00e9 diff\u00e9rente pour cr\u00e9er un joli effet chromatique.  Orn\u00e9 d&#039;un galon en brocart avec des applications ornementales en m\u00e9tal dor\u00e9 et des perles.  Couleur blanc ivoire.\" \/>\n<meta property=\"og:url\" content=\"https:\/\/www.gruppoliturgico.com\/fr\/produit\/chasuble-28\/\" \/>\n<meta property=\"og:site_name\" content=\"Laboratorio Gruppo Liturgico\" \/>\n<meta property=\"article:modified_time\" content=\"2022-05-20T06:47:33+00:00\" \/>\n<meta property=\"og:image\" content=\"https:\/\/www.gruppoliturgico.com\/wp-content\/uploads\/2022\/05\/1500.jpg\" \/>\n\t<meta property=\"og:image:width\" content=\"1263\" \/>\n\t<meta property=\"og:image:height\" content=\"2000\" \/>\n\t<meta property=\"og:image:type\" content=\"image\/jpeg\" \/>\n<meta name=\"twitter:card\" content=\"summary_large_image\" \/>\n<script type=\"application\/ld+json\" class=\"yoast-schema-graph\">{\"@context\":\"https:\/\/schema.org\",\"@graph\":[{\"@type\":\"WebPage\",\"@id\":\"https:\/\/www.gruppoliturgico.com\/fr\/produit\/chasuble-28\/\",\"url\":\"https:\/\/www.gruppoliturgico.com\/fr\/produit\/chasuble-28\/\",\"name\":\"chasuble - solennelles et Laboratorio Gruppo Liturgico\",\"isPartOf\":{\"@id\":\"https:\/\/www.gruppoliturgico.com\/es\/#website\"},\"datePublished\":\"2022-05-19T22:56:26+00:00\",\"dateModified\":\"2022-05-20T06:47:33+00:00\",\"description\":\"Chasuble confectionn\u00e9e en shantung de pure soie. Tr\u00e8s l\u00e9g\u00e8re et raffin\u00e9e, se distingue pour la confection de couturier et pour les soins des d\u00e9tails. Sa singularit\u00e9 est dans l'originale confection car sont utilis\u00e9s deux coupons de tissu en pure soie: celui au-dessus est d'une certaine couleur, celui au-dessous est d' une tonalit\u00e9 diff\u00e9rente pour cr\u00e9er un joli effet chromatique. Orn\u00e9 d'un galon en brocart avec des applications ornementales en m\u00e9tal dor\u00e9 et des perles. Couleur blanc ivoire.\",\"breadcrumb\":{\"@id\":\"https:\/\/www.gruppoliturgico.com\/fr\/produit\/chasuble-28\/#breadcrumb\"},\"inLanguage\":\"fr-FR\",\"potentialAction\":[{\"@type\":\"ReadAction\",\"target\":[\"https:\/\/www.gruppoliturgico.com\/fr\/produit\/chasuble-28\/\"]}]},{\"@type\":\"BreadcrumbList\",\"@id\":\"https:\/\/www.gruppoliturgico.com\/fr\/produit\/chasuble-28\/#breadcrumb\",\"itemListElement\":[{\"@type\":\"ListItem\",\"position\":1,\"name\":\"Home\",\"item\":\"https:\/\/www.gruppoliturgico.com\/fr\/\"},{\"@type\":\"ListItem\",\"position\":2,\"name\":\"Boutique\",\"item\":\"https:\/\/www.gruppoliturgico.com\/fr\/boutique\/\"},{\"@type\":\"ListItem\",\"position\":3,\"name\":\"chasuble\"}]},{\"@type\":\"WebSite\",\"@id\":\"https:\/\/www.gruppoliturgico.com\/es\/#website\",\"url\":\"https:\/\/www.gruppoliturgico.com\/es\/\",\"name\":\"Laboratorio Gruppo Liturgico\",\"description\":\"Articoli Religiosi online\",\"publisher\":{\"@id\":\"https:\/\/www.gruppoliturgico.com\/es\/#organization\"},\"potentialAction\":[{\"@type\":\"SearchAction\",\"target\":{\"@type\":\"EntryPoint\",\"urlTemplate\":\"https:\/\/www.gruppoliturgico.com\/es\/?s={search_term_string}\"},\"query-input\":\"required name=search_term_string\"}],\"inLanguage\":\"fr-FR\"},{\"@type\":\"Organization\",\"@id\":\"https:\/\/www.gruppoliturgico.com\/es\/#organization\",\"name\":\"Laboratorio Gruppo Liturgico\",\"url\":\"https:\/\/www.gruppoliturgico.com\/es\/\",\"logo\":{\"@type\":\"ImageObject\",\"inLanguage\":\"fr-FR\",\"@id\":\"https:\/\/www.gruppoliturgico.com\/es\/#\/schema\/logo\/image\/\",\"url\":\"https:\/\/www.gruppoliturgico.com\/wp-content\/uploads\/2022\/02\/logo-laboratoriogruppoliturgico.png\",\"contentUrl\":\"https:\/\/www.gruppoliturgico.com\/wp-content\/uploads\/2022\/02\/logo-laboratoriogruppoliturgico.png\",\"width\":400,\"height\":114,\"caption\":\"Laboratorio Gruppo Liturgico\"},\"image\":{\"@id\":\"https:\/\/www.gruppoliturgico.com\/es\/#\/schema\/logo\/image\/\"}}]}<\/script>\n<!-- \/ Yoast SEO plugin. -->","yoast_head_json":{"title":"chasuble - solennelles et Laboratorio Gruppo Liturgico","description":"Chasuble confectionn\u00e9e en shantung de pure soie.  Tr\u00e8s l\u00e9g\u00e8re et raffin\u00e9e, se distingue pour la confection de couturier et pour les soins des d\u00e9tails.  Sa singularit\u00e9 est dans l'originale confection car sont utilis\u00e9s deux coupons de tissu en pure soie: celui au-dessus est d'une certaine couleur, celui au-dessous est d' une tonalit\u00e9 diff\u00e9rente pour cr\u00e9er un joli effet chromatique.  Orn\u00e9 d'un galon en brocart avec des applications ornementales en m\u00e9tal dor\u00e9 et des perles.  Couleur blanc ivoire.","robots":{"index":"index","follow":"follow","max-snippet":"max-snippet:-1","max-image-preview":"max-image-preview:large","max-video-preview":"max-video-preview:-1"},"canonical":"https:\/\/www.gruppoliturgico.com\/fr\/produit\/chasuble-28\/","og_locale":"fr_FR","og_type":"article","og_title":"chasuble - solennelles et Laboratorio Gruppo Liturgico","og_description":"Chasuble confectionn\u00e9e en shantung de pure soie.  Tr\u00e8s l\u00e9g\u00e8re et raffin\u00e9e, se distingue pour la confection de couturier et pour les soins des d\u00e9tails.  Sa singularit\u00e9 est dans l'originale confection car sont utilis\u00e9s deux coupons de tissu en pure soie: celui au-dessus est d'une certaine couleur, celui au-dessous est d' une tonalit\u00e9 diff\u00e9rente pour cr\u00e9er un joli effet chromatique.  Orn\u00e9 d'un galon en brocart avec des applications ornementales en m\u00e9tal dor\u00e9 et des perles.  Couleur blanc ivoire.","og_url":"https:\/\/www.gruppoliturgico.com\/fr\/produit\/chasuble-28\/","og_site_name":"Laboratorio Gruppo Liturgico","article_modified_time":"2022-05-20T06:47:33+00:00","og_image":[{"width":1263,"height":2000,"url":"https:\/\/www.gruppoliturgico.com\/wp-content\/uploads\/2022\/05\/1500.jpg","type":"image\/jpeg"}],"twitter_card":"summary_large_image","schema":{"@context":"https:\/\/schema.org","@graph":[{"@type":"WebPage","@id":"https:\/\/www.gruppoliturgico.com\/fr\/produit\/chasuble-28\/","url":"https:\/\/www.gruppoliturgico.com\/fr\/produit\/chasuble-28\/","name":"chasuble - solennelles et Laboratorio Gruppo Liturgico","isPartOf":{"@id":"https:\/\/www.gruppoliturgico.com\/es\/#website"},"datePublished":"2022-05-19T22:56:26+00:00","dateModified":"2022-05-20T06:47:33+00:00","description":"Chasuble confectionn\u00e9e en shantung de pure soie. Tr\u00e8s l\u00e9g\u00e8re et raffin\u00e9e, se distingue pour la confection de couturier et pour les soins des d\u00e9tails. Sa singularit\u00e9 est dans l'originale confection car sont utilis\u00e9s deux coupons de tissu en pure soie: celui au-dessus est d'une certaine couleur, celui au-dessous est d' une tonalit\u00e9 diff\u00e9rente pour cr\u00e9er un joli effet chromatique. Orn\u00e9 d'un galon en brocart avec des applications ornementales en m\u00e9tal dor\u00e9 et des perles. Couleur blanc ivoire.","breadcrumb":{"@id":"https:\/\/www.gruppoliturgico.com\/fr\/produit\/chasuble-28\/#breadcrumb"},"inLanguage":"fr-FR","potentialAction":[{"@type":"ReadAction","target":["https:\/\/www.gruppoliturgico.com\/fr\/produit\/chasuble-28\/"]}]},{"@type":"BreadcrumbList","@id":"https:\/\/www.gruppoliturgico.com\/fr\/produit\/chasuble-28\/#breadcrumb","itemListElement":[{"@type":"ListItem","position":1,"name":"Home","item":"https:\/\/www.gruppoliturgico.com\/fr\/"},{"@type":"ListItem","position":2,"name":"Boutique","item":"https:\/\/www.gruppoliturgico.com\/fr\/boutique\/"},{"@type":"ListItem","position":3,"name":"chasuble"}]},{"@type":"WebSite","@id":"https:\/\/www.gruppoliturgico.com\/es\/#website","url":"https:\/\/www.gruppoliturgico.com\/es\/","name":"Laboratorio Gruppo Liturgico","description":"Articoli Religiosi online","publisher":{"@id":"https:\/\/www.gruppoliturgico.com\/es\/#organization"},"potentialAction":[{"@type":"SearchAction","target":{"@type":"EntryPoint","urlTemplate":"https:\/\/www.gruppoliturgico.com\/es\/?s={search_term_string}"},"query-input":"required name=search_term_string"}],"inLanguage":"fr-FR"},{"@type":"Organization","@id":"https:\/\/www.gruppoliturgico.com\/es\/#organization","name":"Laboratorio Gruppo Liturgico","url":"https:\/\/www.gruppoliturgico.com\/es\/","logo":{"@type":"ImageObject","inLanguage":"fr-FR","@id":"https:\/\/www.gruppoliturgico.com\/es\/#\/schema\/logo\/image\/","url":"https:\/\/www.gruppoliturgico.com\/wp-content\/uploads\/2022\/02\/logo-laboratoriogruppoliturgico.png","contentUrl":"https:\/\/www.gruppoliturgico.com\/wp-content\/uploads\/2022\/02\/logo-laboratoriogruppoliturgico.png","width":400,"height":114,"caption":"Laboratorio Gruppo Liturgico"},"image":{"@id":"https:\/\/www.gruppoliturgico.com\/es\/#\/schema\/logo\/image\/"}}]}},"_links":{"self":[{"href":"https:\/\/www.gruppoliturgico.com\/fr\/wp-json\/wp\/v2\/product\/65474"}],"collection":[{"href":"https:\/\/www.gruppoliturgico.com\/fr\/wp-json\/wp\/v2\/product"}],"about":[{"href":"https:\/\/www.gruppoliturgico.com\/fr\/wp-json\/wp\/v2\/types\/product"}],"wp:featuredmedia":[{"embeddable":true,"href":"https:\/\/www.gruppoliturgico.com\/fr\/wp-json\/wp\/v2\/media\/128902"}],"wp:attachment":[{"href":"https:\/\/www.gruppoliturgico.com\/fr\/wp-json\/wp\/v2\/media?parent=65474"}],"wp:term":[{"taxonomy":"product_cat","embeddable":true,"href":"https:\/\/www.gruppoliturgico.com\/fr\/wp-json\/wp\/v2\/product_cat?post=65474"},{"taxonomy":"product_tag","embeddable":true,"href":"https:\/\/www.gruppoliturgico.com\/fr\/wp-json\/wp\/v2\/product_tag?post=65474"}],"curies":[{"name":"wp","href":"https:\/\/api.w.org\/{rel}","templated":true}]}}