{"id":65434,"date":"2022-05-20T00:53:00","date_gmt":"2022-05-19T22:54:00","guid":{"rendered":"https:\/\/www.gruppoliturgico.com\/prodotto\/chasuble-26\/"},"modified":"2022-06-02T12:12:24","modified_gmt":"2022-06-02T10:12:24","slug":"chasuble-26","status":"publish","type":"product","link":"https:\/\/www.gruppoliturgico.com\/fr\/produit\/chasuble-26\/","title":{"rendered":"chasuble"},"content":{"rendered":"<html><body><p>chasuble en tissu laine 65% et trevira 35%.<br>\nR\u00e9alis\u00e9e \u00e0 la main sur m\u00e9tier, elle se caract\u00e9rise par sa simplicit\u00e9 et son grand raffinement.<br>\nLe tissu pr\u00e9sente une cha\u00eene enti\u00e8rement fa\u00e7onn\u00e9e de lignes obtenues avec des fil\u00e9s qui se marient avec la couleur liturgique choisie.<br>\nLa grande croix centrale est obtenue au moyen d\u2019une broderie en grand relief avec fil\u00e9s dor\u00e9s.<br>\nToutes les broderies se r\u00e9p\u00e8tent dans la partie arri\u00e8re de la chasuble.<br>\nDisponible dans les coloris Liturgiques.<\/p>\n<\/body><\/html>","protected":false},"excerpt":{"rendered":"<p>chasuble en tissu laine 65% et trevira 35%.<br \/>\nR\u00e9alis\u00e9e \u00e0 la main sur m\u00e9tier, elle se caract\u00e9rise par sa simplicit\u00e9 et son grand raffinement.<br \/>\nLe tissu pr\u00e9sente une cha\u00eene enti\u00e8rement fa\u00e7onn\u00e9e de lignes obtenues avec des fil\u00e9s qui se marient avec la couleur liturgique choisie.<br \/>\nLa grande croix centrale est obtenue au moyen d&rsquo;une broderie en grand relief avec fil\u00e9s dor\u00e9s.<br \/>\nToutes les broderies se r\u00e9p\u00e8tent dans la partie arri\u00e8re de la chasuble.<br \/>\nDisponible dans les coloris Liturgiques.<\/p>\n","protected":false},"featured_media":128702,"template":"","meta":[],"product_cat":[12240,12244],"product_tag":[],"yoast_head":"<!-- This site is optimized with the Yoast SEO plugin v20.4 - https:\/\/yoast.com\/wordpress\/plugins\/seo\/ -->\n<title>chasuble - tiss\u00e9s \u00e0 la main, solennelles et Laboratorio Gruppo Liturgico<\/title>\n<meta name=\"description\" content=\"chasuble en tissu laine 65% et trevira 35%. R\u00e9alis\u00e9e \u00e0 la main sur m\u00e9tier, elle se caract\u00e9rise par sa simplicit\u00e9 et son grand raffinement.  Le tissu pr\u00e9sente une cha\u00eene enti\u00e8rement fa\u00e7onn\u00e9e de lignes obtenues avec des fil\u00e9s qui se marient avec la couleur liturgique choisie.  La grande croix centrale est obtenue au moyen d&#039;une broderie en grand relief avec fil\u00e9s dor\u00e9s.  Toutes les broderies se r\u00e9p\u00e8tent dans la partie arri\u00e8re de la chasuble.  Disponible dans les coloris Liturgiques.\" \/>\n<meta name=\"robots\" content=\"index, follow, max-snippet:-1, max-image-preview:large, max-video-preview:-1\" \/>\n<link rel=\"canonical\" href=\"https:\/\/www.gruppoliturgico.com\/fr\/produit\/chasuble-26\/\" \/>\n<meta property=\"og:locale\" content=\"fr_FR\" \/>\n<meta property=\"og:type\" content=\"article\" \/>\n<meta property=\"og:title\" content=\"chasuble - tiss\u00e9s \u00e0 la main, solennelles et Laboratorio Gruppo Liturgico\" \/>\n<meta property=\"og:description\" content=\"chasuble en tissu laine 65% et trevira 35%. R\u00e9alis\u00e9e \u00e0 la main sur m\u00e9tier, elle se caract\u00e9rise par sa simplicit\u00e9 et son grand raffinement.  Le tissu pr\u00e9sente une cha\u00eene enti\u00e8rement fa\u00e7onn\u00e9e de lignes obtenues avec des fil\u00e9s qui se marient avec la couleur liturgique choisie.  La grande croix centrale est obtenue au moyen d&#039;une broderie en grand relief avec fil\u00e9s dor\u00e9s.  Toutes les broderies se r\u00e9p\u00e8tent dans la partie arri\u00e8re de la chasuble.  Disponible dans les coloris Liturgiques.\" \/>\n<meta property=\"og:url\" content=\"https:\/\/www.gruppoliturgico.com\/fr\/produit\/chasuble-26\/\" \/>\n<meta property=\"og:site_name\" content=\"Laboratorio Gruppo Liturgico\" \/>\n<meta property=\"article:modified_time\" content=\"2022-06-02T10:12:24+00:00\" \/>\n<meta property=\"og:image\" content=\"https:\/\/www.gruppoliturgico.com\/wp-content\/uploads\/2022\/05\/3082.jpg\" \/>\n\t<meta property=\"og:image:width\" content=\"1336\" \/>\n\t<meta property=\"og:image:height\" content=\"2000\" \/>\n\t<meta property=\"og:image:type\" content=\"image\/jpeg\" \/>\n<meta name=\"twitter:card\" content=\"summary_large_image\" \/>\n<script type=\"application\/ld+json\" class=\"yoast-schema-graph\">{\"@context\":\"https:\/\/schema.org\",\"@graph\":[{\"@type\":\"WebPage\",\"@id\":\"https:\/\/www.gruppoliturgico.com\/fr\/produit\/chasuble-26\/\",\"url\":\"https:\/\/www.gruppoliturgico.com\/fr\/produit\/chasuble-26\/\",\"name\":\"chasuble - tiss\u00e9s \u00e0 la main, solennelles et Laboratorio Gruppo Liturgico\",\"isPartOf\":{\"@id\":\"https:\/\/www.gruppoliturgico.com\/es\/#website\"},\"datePublished\":\"2022-05-19T22:54:00+00:00\",\"dateModified\":\"2022-06-02T10:12:24+00:00\",\"description\":\"chasuble en tissu laine 65% et trevira 35%. R\u00e9alis\u00e9e \u00e0 la main sur m\u00e9tier, elle se caract\u00e9rise par sa simplicit\u00e9 et son grand raffinement. Le tissu pr\u00e9sente une cha\u00eene enti\u00e8rement fa\u00e7onn\u00e9e de lignes obtenues avec des fil\u00e9s qui se marient avec la couleur liturgique choisie. La grande croix centrale est obtenue au moyen d'une broderie en grand relief avec fil\u00e9s dor\u00e9s. Toutes les broderies se r\u00e9p\u00e8tent dans la partie arri\u00e8re de la chasuble. Disponible dans les coloris Liturgiques.\",\"breadcrumb\":{\"@id\":\"https:\/\/www.gruppoliturgico.com\/fr\/produit\/chasuble-26\/#breadcrumb\"},\"inLanguage\":\"fr-FR\",\"potentialAction\":[{\"@type\":\"ReadAction\",\"target\":[\"https:\/\/www.gruppoliturgico.com\/fr\/produit\/chasuble-26\/\"]}]},{\"@type\":\"BreadcrumbList\",\"@id\":\"https:\/\/www.gruppoliturgico.com\/fr\/produit\/chasuble-26\/#breadcrumb\",\"itemListElement\":[{\"@type\":\"ListItem\",\"position\":1,\"name\":\"Home\",\"item\":\"https:\/\/www.gruppoliturgico.com\/fr\/\"},{\"@type\":\"ListItem\",\"position\":2,\"name\":\"Boutique\",\"item\":\"https:\/\/www.gruppoliturgico.com\/fr\/boutique\/\"},{\"@type\":\"ListItem\",\"position\":3,\"name\":\"chasuble\"}]},{\"@type\":\"WebSite\",\"@id\":\"https:\/\/www.gruppoliturgico.com\/es\/#website\",\"url\":\"https:\/\/www.gruppoliturgico.com\/es\/\",\"name\":\"Laboratorio Gruppo Liturgico\",\"description\":\"Articoli Religiosi online\",\"publisher\":{\"@id\":\"https:\/\/www.gruppoliturgico.com\/es\/#organization\"},\"potentialAction\":[{\"@type\":\"SearchAction\",\"target\":{\"@type\":\"EntryPoint\",\"urlTemplate\":\"https:\/\/www.gruppoliturgico.com\/es\/?s={search_term_string}\"},\"query-input\":\"required name=search_term_string\"}],\"inLanguage\":\"fr-FR\"},{\"@type\":\"Organization\",\"@id\":\"https:\/\/www.gruppoliturgico.com\/es\/#organization\",\"name\":\"Laboratorio Gruppo Liturgico\",\"url\":\"https:\/\/www.gruppoliturgico.com\/es\/\",\"logo\":{\"@type\":\"ImageObject\",\"inLanguage\":\"fr-FR\",\"@id\":\"https:\/\/www.gruppoliturgico.com\/es\/#\/schema\/logo\/image\/\",\"url\":\"https:\/\/www.gruppoliturgico.com\/wp-content\/uploads\/2022\/02\/logo-laboratoriogruppoliturgico.png\",\"contentUrl\":\"https:\/\/www.gruppoliturgico.com\/wp-content\/uploads\/2022\/02\/logo-laboratoriogruppoliturgico.png\",\"width\":400,\"height\":114,\"caption\":\"Laboratorio Gruppo Liturgico\"},\"image\":{\"@id\":\"https:\/\/www.gruppoliturgico.com\/es\/#\/schema\/logo\/image\/\"}}]}<\/script>\n<!-- \/ Yoast SEO plugin. -->","yoast_head_json":{"title":"chasuble - tiss\u00e9s \u00e0 la main, solennelles et Laboratorio Gruppo Liturgico","description":"chasuble en tissu laine 65% et trevira 35%. R\u00e9alis\u00e9e \u00e0 la main sur m\u00e9tier, elle se caract\u00e9rise par sa simplicit\u00e9 et son grand raffinement.  Le tissu pr\u00e9sente une cha\u00eene enti\u00e8rement fa\u00e7onn\u00e9e de lignes obtenues avec des fil\u00e9s qui se marient avec la couleur liturgique choisie.  La grande croix centrale est obtenue au moyen d'une broderie en grand relief avec fil\u00e9s dor\u00e9s.  Toutes les broderies se r\u00e9p\u00e8tent dans la partie arri\u00e8re de la chasuble.  Disponible dans les coloris Liturgiques.","robots":{"index":"index","follow":"follow","max-snippet":"max-snippet:-1","max-image-preview":"max-image-preview:large","max-video-preview":"max-video-preview:-1"},"canonical":"https:\/\/www.gruppoliturgico.com\/fr\/produit\/chasuble-26\/","og_locale":"fr_FR","og_type":"article","og_title":"chasuble - tiss\u00e9s \u00e0 la main, solennelles et Laboratorio Gruppo Liturgico","og_description":"chasuble en tissu laine 65% et trevira 35%. R\u00e9alis\u00e9e \u00e0 la main sur m\u00e9tier, elle se caract\u00e9rise par sa simplicit\u00e9 et son grand raffinement.  Le tissu pr\u00e9sente une cha\u00eene enti\u00e8rement fa\u00e7onn\u00e9e de lignes obtenues avec des fil\u00e9s qui se marient avec la couleur liturgique choisie.  La grande croix centrale est obtenue au moyen d'une broderie en grand relief avec fil\u00e9s dor\u00e9s.  Toutes les broderies se r\u00e9p\u00e8tent dans la partie arri\u00e8re de la chasuble.  Disponible dans les coloris Liturgiques.","og_url":"https:\/\/www.gruppoliturgico.com\/fr\/produit\/chasuble-26\/","og_site_name":"Laboratorio Gruppo Liturgico","article_modified_time":"2022-06-02T10:12:24+00:00","og_image":[{"width":1336,"height":2000,"url":"https:\/\/www.gruppoliturgico.com\/wp-content\/uploads\/2022\/05\/3082.jpg","type":"image\/jpeg"}],"twitter_card":"summary_large_image","schema":{"@context":"https:\/\/schema.org","@graph":[{"@type":"WebPage","@id":"https:\/\/www.gruppoliturgico.com\/fr\/produit\/chasuble-26\/","url":"https:\/\/www.gruppoliturgico.com\/fr\/produit\/chasuble-26\/","name":"chasuble - tiss\u00e9s \u00e0 la main, solennelles et Laboratorio Gruppo Liturgico","isPartOf":{"@id":"https:\/\/www.gruppoliturgico.com\/es\/#website"},"datePublished":"2022-05-19T22:54:00+00:00","dateModified":"2022-06-02T10:12:24+00:00","description":"chasuble en tissu laine 65% et trevira 35%. R\u00e9alis\u00e9e \u00e0 la main sur m\u00e9tier, elle se caract\u00e9rise par sa simplicit\u00e9 et son grand raffinement. Le tissu pr\u00e9sente une cha\u00eene enti\u00e8rement fa\u00e7onn\u00e9e de lignes obtenues avec des fil\u00e9s qui se marient avec la couleur liturgique choisie. La grande croix centrale est obtenue au moyen d'une broderie en grand relief avec fil\u00e9s dor\u00e9s. Toutes les broderies se r\u00e9p\u00e8tent dans la partie arri\u00e8re de la chasuble. Disponible dans les coloris Liturgiques.","breadcrumb":{"@id":"https:\/\/www.gruppoliturgico.com\/fr\/produit\/chasuble-26\/#breadcrumb"},"inLanguage":"fr-FR","potentialAction":[{"@type":"ReadAction","target":["https:\/\/www.gruppoliturgico.com\/fr\/produit\/chasuble-26\/"]}]},{"@type":"BreadcrumbList","@id":"https:\/\/www.gruppoliturgico.com\/fr\/produit\/chasuble-26\/#breadcrumb","itemListElement":[{"@type":"ListItem","position":1,"name":"Home","item":"https:\/\/www.gruppoliturgico.com\/fr\/"},{"@type":"ListItem","position":2,"name":"Boutique","item":"https:\/\/www.gruppoliturgico.com\/fr\/boutique\/"},{"@type":"ListItem","position":3,"name":"chasuble"}]},{"@type":"WebSite","@id":"https:\/\/www.gruppoliturgico.com\/es\/#website","url":"https:\/\/www.gruppoliturgico.com\/es\/","name":"Laboratorio Gruppo Liturgico","description":"Articoli Religiosi online","publisher":{"@id":"https:\/\/www.gruppoliturgico.com\/es\/#organization"},"potentialAction":[{"@type":"SearchAction","target":{"@type":"EntryPoint","urlTemplate":"https:\/\/www.gruppoliturgico.com\/es\/?s={search_term_string}"},"query-input":"required name=search_term_string"}],"inLanguage":"fr-FR"},{"@type":"Organization","@id":"https:\/\/www.gruppoliturgico.com\/es\/#organization","name":"Laboratorio Gruppo Liturgico","url":"https:\/\/www.gruppoliturgico.com\/es\/","logo":{"@type":"ImageObject","inLanguage":"fr-FR","@id":"https:\/\/www.gruppoliturgico.com\/es\/#\/schema\/logo\/image\/","url":"https:\/\/www.gruppoliturgico.com\/wp-content\/uploads\/2022\/02\/logo-laboratoriogruppoliturgico.png","contentUrl":"https:\/\/www.gruppoliturgico.com\/wp-content\/uploads\/2022\/02\/logo-laboratoriogruppoliturgico.png","width":400,"height":114,"caption":"Laboratorio Gruppo Liturgico"},"image":{"@id":"https:\/\/www.gruppoliturgico.com\/es\/#\/schema\/logo\/image\/"}}]}},"_links":{"self":[{"href":"https:\/\/www.gruppoliturgico.com\/fr\/wp-json\/wp\/v2\/product\/65434"}],"collection":[{"href":"https:\/\/www.gruppoliturgico.com\/fr\/wp-json\/wp\/v2\/product"}],"about":[{"href":"https:\/\/www.gruppoliturgico.com\/fr\/wp-json\/wp\/v2\/types\/product"}],"wp:featuredmedia":[{"embeddable":true,"href":"https:\/\/www.gruppoliturgico.com\/fr\/wp-json\/wp\/v2\/media\/128702"}],"wp:attachment":[{"href":"https:\/\/www.gruppoliturgico.com\/fr\/wp-json\/wp\/v2\/media?parent=65434"}],"wp:term":[{"taxonomy":"product_cat","embeddable":true,"href":"https:\/\/www.gruppoliturgico.com\/fr\/wp-json\/wp\/v2\/product_cat?post=65434"},{"taxonomy":"product_tag","embeddable":true,"href":"https:\/\/www.gruppoliturgico.com\/fr\/wp-json\/wp\/v2\/product_tag?post=65434"}],"curies":[{"name":"wp","href":"https:\/\/api.w.org\/{rel}","templated":true}]}}