{"id":65426,"date":"2022-05-20T00:53:30","date_gmt":"2022-05-19T22:53:36","guid":{"rendered":"https:\/\/www.gruppoliturgico.com\/prodotto\/brule-cierges-de-devotion-2\/"},"modified":"2023-02-25T09:45:09","modified_gmt":"2023-02-25T08:45:09","slug":"brule-cierges-de-devotion-2","status":"publish","type":"product","link":"https:\/\/www.gruppoliturgico.com\/fr\/produit\/brule-cierges-de-devotion-2\/","title":{"rendered":"br\u00fble-cierges de d\u00e9votion blind\u00e9"},"content":{"rendered":"<html><body><p>Chandelier en acier blind\u00e9 avec serrure de type coffre-fort.<br>\nPorte-cierge votif pour cierges de d\u00e9votion \u00e0 cire.<br>\nUne structure en acier moderne et fonctionnelle, avec consolidation int\u00e9rieure sur la fente et petites ailes antivol, dans laquelle est appliqu\u00e9 un coffre-fort en acier trait\u00e9 de mm 7. La serrure a la cl\u00e9 \u00e0 double pannetons \u00e0 6 leviers. La p\u00e9n\u00e9tration de n\u2019importe quel outil d\u2019effraction est imposible.<br>\nDe sp\u00e9ciales mollettes pincent les cierges en les gardant toujours droites.<br>\nPour 26 \u2013 38 ou 53 cierges de d\u00e9votion.<br>\n26 cierges \u2013 dimensioni cm 72 x 26 x 93<br>\n38 cierges \u2013 dimensioni cm 80 x 33 x 95<br>\n53 cierges \u2013 dimensioni cm 80 x 33 x 95<\/p>\n<\/body><\/html>","protected":false},"excerpt":{"rendered":"<p>Chandelier en acier blind\u00e9 avec serrure de type coffre-fort.<br \/>\nPorte-cierge votif pour cierges de d\u00e9votion \u00e0 cire.<br \/>\nUne structure en acier moderne et fonctionnelle, avec consolidation int\u00e9rieure sur la fente et petites ailes antivol, dans laquelle est appliqu\u00e9 un coffre-fort en acier trait\u00e9 de mm 7. La serrure a la cl\u00e9 \u00e0 double pannetons \u00e0 6 leviers. La p\u00e9n\u00e9tration de n&rsquo;importe quel outil d&rsquo;effraction est imposible.<br \/>\nDe sp\u00e9ciales mollettes pincent les cierges en les gardant toujours droites.<br \/>\nPour 26 &#8211; 38 ou 53 cierges de d\u00e9votion.<br \/>\n26 cierges &#8211; dimensioni cm 72 x 26 x 93<br \/>\n38 cierges &#8211; dimensioni cm 80 x 33 x 95<br \/>\n53 cierges &#8211; dimensioni cm 80 x 33 x 95<\/p>\n","protected":false},"featured_media":132484,"template":"","meta":[],"product_cat":[12384],"product_tag":[],"yoast_head":"<!-- This site is optimized with the Yoast SEO plugin v20.4 - https:\/\/yoast.com\/wordpress\/plugins\/seo\/ -->\n<title>br\u00fble-cierges de d\u00e9votion blind\u00e9 - br\u00fble-cierges ou veilleuses et Laboratorio Gruppo Liturgico<\/title>\n<meta name=\"description\" content=\"Chandelier en acier blind\u00e9 avec serrure de type coffre-fort. Porte-cierge votif pour cierges de d\u00e9votion \u00e0 cire.  Une structure en acier moderne et fonctionnelle, avec consolidation int\u00e9rieure sur la fente et petites ailes antivol, dans laquelle est appliqu\u00e9 un coffre-fort en acier trait\u00e9 de mm 7. La serrure a la cl\u00e9 \u00e0 double pannetons \u00e0 6 leviers. La p\u00e9n\u00e9tration de n&#039;importe quel outil d&#039;effraction est imposible. De sp\u00e9ciales mollettes pincent les cierges en les gardant toujours droites.  Pour 26 - 38 ou 53 cierges de d\u00e9votion. 26 cierges - dimensioni cm 72 x 26 x 93  38 cierges - dimensioni cm 80 x 33 x 95 53 cierges - dimensioni cm 80 x 33 x 95\" \/>\n<meta name=\"robots\" content=\"index, follow, max-snippet:-1, max-image-preview:large, max-video-preview:-1\" \/>\n<link rel=\"canonical\" href=\"https:\/\/www.gruppoliturgico.com\/fr\/produit\/brule-cierges-de-devotion-2\/\" \/>\n<meta property=\"og:locale\" content=\"fr_FR\" \/>\n<meta property=\"og:type\" content=\"article\" \/>\n<meta property=\"og:title\" content=\"br\u00fble-cierges de d\u00e9votion blind\u00e9 - br\u00fble-cierges ou veilleuses et Laboratorio Gruppo Liturgico\" \/>\n<meta property=\"og:description\" content=\"Chandelier en acier blind\u00e9 avec serrure de type coffre-fort. Porte-cierge votif pour cierges de d\u00e9votion \u00e0 cire.  Une structure en acier moderne et fonctionnelle, avec consolidation int\u00e9rieure sur la fente et petites ailes antivol, dans laquelle est appliqu\u00e9 un coffre-fort en acier trait\u00e9 de mm 7. La serrure a la cl\u00e9 \u00e0 double pannetons \u00e0 6 leviers. La p\u00e9n\u00e9tration de n&#039;importe quel outil d&#039;effraction est imposible. De sp\u00e9ciales mollettes pincent les cierges en les gardant toujours droites.  Pour 26 - 38 ou 53 cierges de d\u00e9votion. 26 cierges - dimensioni cm 72 x 26 x 93  38 cierges - dimensioni cm 80 x 33 x 95 53 cierges - dimensioni cm 80 x 33 x 95\" \/>\n<meta property=\"og:url\" content=\"https:\/\/www.gruppoliturgico.com\/fr\/produit\/brule-cierges-de-devotion-2\/\" \/>\n<meta property=\"og:site_name\" content=\"Laboratorio Gruppo Liturgico\" \/>\n<meta property=\"article:modified_time\" content=\"2023-02-25T08:45:09+00:00\" \/>\n<meta property=\"og:image\" content=\"https:\/\/www.gruppoliturgico.com\/wp-content\/uploads\/2022\/05\/262_1.jpg\" \/>\n\t<meta property=\"og:image:width\" content=\"1008\" \/>\n\t<meta property=\"og:image:height\" content=\"1500\" \/>\n\t<meta property=\"og:image:type\" content=\"image\/jpeg\" \/>\n<meta name=\"twitter:card\" content=\"summary_large_image\" \/>\n<meta name=\"twitter:label1\" content=\"Dur\u00e9e de lecture estim\u00e9e\" \/>\n\t<meta name=\"twitter:data1\" content=\"1 minute\" \/>\n<script type=\"application\/ld+json\" class=\"yoast-schema-graph\">{\"@context\":\"https:\/\/schema.org\",\"@graph\":[{\"@type\":\"WebPage\",\"@id\":\"https:\/\/www.gruppoliturgico.com\/fr\/produit\/brule-cierges-de-devotion-2\/\",\"url\":\"https:\/\/www.gruppoliturgico.com\/fr\/produit\/brule-cierges-de-devotion-2\/\",\"name\":\"br\u00fble-cierges de d\u00e9votion blind\u00e9 - br\u00fble-cierges ou veilleuses et Laboratorio Gruppo Liturgico\",\"isPartOf\":{\"@id\":\"https:\/\/www.gruppoliturgico.com\/es\/#website\"},\"datePublished\":\"2022-05-19T22:53:36+00:00\",\"dateModified\":\"2023-02-25T08:45:09+00:00\",\"description\":\"Chandelier en acier blind\u00e9 avec serrure de type coffre-fort. Porte-cierge votif pour cierges de d\u00e9votion \u00e0 cire. Une structure en acier moderne et fonctionnelle, avec consolidation int\u00e9rieure sur la fente et petites ailes antivol, dans laquelle est appliqu\u00e9 un coffre-fort en acier trait\u00e9 de mm 7. La serrure a la cl\u00e9 \u00e0 double pannetons \u00e0 6 leviers. La p\u00e9n\u00e9tration de n'importe quel outil d'effraction est imposible. De sp\u00e9ciales mollettes pincent les cierges en les gardant toujours droites. Pour 26 - 38 ou 53 cierges de d\u00e9votion. 26 cierges - dimensioni cm 72 x 26 x 93 38 cierges - dimensioni cm 80 x 33 x 95 53 cierges - dimensioni cm 80 x 33 x 95\",\"breadcrumb\":{\"@id\":\"https:\/\/www.gruppoliturgico.com\/fr\/produit\/brule-cierges-de-devotion-2\/#breadcrumb\"},\"inLanguage\":\"fr-FR\",\"potentialAction\":[{\"@type\":\"ReadAction\",\"target\":[\"https:\/\/www.gruppoliturgico.com\/fr\/produit\/brule-cierges-de-devotion-2\/\"]}]},{\"@type\":\"BreadcrumbList\",\"@id\":\"https:\/\/www.gruppoliturgico.com\/fr\/produit\/brule-cierges-de-devotion-2\/#breadcrumb\",\"itemListElement\":[{\"@type\":\"ListItem\",\"position\":1,\"name\":\"Home\",\"item\":\"https:\/\/www.gruppoliturgico.com\/fr\/\"},{\"@type\":\"ListItem\",\"position\":2,\"name\":\"Boutique\",\"item\":\"https:\/\/www.gruppoliturgico.com\/fr\/boutique\/\"},{\"@type\":\"ListItem\",\"position\":3,\"name\":\"br\u00fble-cierges de d\u00e9votion blind\u00e9\"}]},{\"@type\":\"WebSite\",\"@id\":\"https:\/\/www.gruppoliturgico.com\/es\/#website\",\"url\":\"https:\/\/www.gruppoliturgico.com\/es\/\",\"name\":\"Laboratorio Gruppo Liturgico\",\"description\":\"Articoli Religiosi online\",\"publisher\":{\"@id\":\"https:\/\/www.gruppoliturgico.com\/es\/#organization\"},\"potentialAction\":[{\"@type\":\"SearchAction\",\"target\":{\"@type\":\"EntryPoint\",\"urlTemplate\":\"https:\/\/www.gruppoliturgico.com\/es\/?s={search_term_string}\"},\"query-input\":\"required name=search_term_string\"}],\"inLanguage\":\"fr-FR\"},{\"@type\":\"Organization\",\"@id\":\"https:\/\/www.gruppoliturgico.com\/es\/#organization\",\"name\":\"Laboratorio Gruppo Liturgico\",\"url\":\"https:\/\/www.gruppoliturgico.com\/es\/\",\"logo\":{\"@type\":\"ImageObject\",\"inLanguage\":\"fr-FR\",\"@id\":\"https:\/\/www.gruppoliturgico.com\/es\/#\/schema\/logo\/image\/\",\"url\":\"https:\/\/www.gruppoliturgico.com\/wp-content\/uploads\/2022\/02\/logo-laboratoriogruppoliturgico.png\",\"contentUrl\":\"https:\/\/www.gruppoliturgico.com\/wp-content\/uploads\/2022\/02\/logo-laboratoriogruppoliturgico.png\",\"width\":400,\"height\":114,\"caption\":\"Laboratorio Gruppo Liturgico\"},\"image\":{\"@id\":\"https:\/\/www.gruppoliturgico.com\/es\/#\/schema\/logo\/image\/\"}}]}<\/script>\n<!-- \/ Yoast SEO plugin. -->","yoast_head_json":{"title":"br\u00fble-cierges de d\u00e9votion blind\u00e9 - br\u00fble-cierges ou veilleuses et Laboratorio Gruppo Liturgico","description":"Chandelier en acier blind\u00e9 avec serrure de type coffre-fort. Porte-cierge votif pour cierges de d\u00e9votion \u00e0 cire.  Une structure en acier moderne et fonctionnelle, avec consolidation int\u00e9rieure sur la fente et petites ailes antivol, dans laquelle est appliqu\u00e9 un coffre-fort en acier trait\u00e9 de mm 7. La serrure a la cl\u00e9 \u00e0 double pannetons \u00e0 6 leviers. La p\u00e9n\u00e9tration de n'importe quel outil d'effraction est imposible. De sp\u00e9ciales mollettes pincent les cierges en les gardant toujours droites.  Pour 26 - 38 ou 53 cierges de d\u00e9votion. 26 cierges - dimensioni cm 72 x 26 x 93  38 cierges - dimensioni cm 80 x 33 x 95 53 cierges - dimensioni cm 80 x 33 x 95","robots":{"index":"index","follow":"follow","max-snippet":"max-snippet:-1","max-image-preview":"max-image-preview:large","max-video-preview":"max-video-preview:-1"},"canonical":"https:\/\/www.gruppoliturgico.com\/fr\/produit\/brule-cierges-de-devotion-2\/","og_locale":"fr_FR","og_type":"article","og_title":"br\u00fble-cierges de d\u00e9votion blind\u00e9 - br\u00fble-cierges ou veilleuses et Laboratorio Gruppo Liturgico","og_description":"Chandelier en acier blind\u00e9 avec serrure de type coffre-fort. Porte-cierge votif pour cierges de d\u00e9votion \u00e0 cire.  Une structure en acier moderne et fonctionnelle, avec consolidation int\u00e9rieure sur la fente et petites ailes antivol, dans laquelle est appliqu\u00e9 un coffre-fort en acier trait\u00e9 de mm 7. La serrure a la cl\u00e9 \u00e0 double pannetons \u00e0 6 leviers. La p\u00e9n\u00e9tration de n'importe quel outil d'effraction est imposible. De sp\u00e9ciales mollettes pincent les cierges en les gardant toujours droites.  Pour 26 - 38 ou 53 cierges de d\u00e9votion. 26 cierges - dimensioni cm 72 x 26 x 93  38 cierges - dimensioni cm 80 x 33 x 95 53 cierges - dimensioni cm 80 x 33 x 95","og_url":"https:\/\/www.gruppoliturgico.com\/fr\/produit\/brule-cierges-de-devotion-2\/","og_site_name":"Laboratorio Gruppo Liturgico","article_modified_time":"2023-02-25T08:45:09+00:00","og_image":[{"width":1008,"height":1500,"url":"https:\/\/www.gruppoliturgico.com\/wp-content\/uploads\/2022\/05\/262_1.jpg","type":"image\/jpeg"}],"twitter_card":"summary_large_image","twitter_misc":{"Dur\u00e9e de lecture estim\u00e9e":"1 minute"},"schema":{"@context":"https:\/\/schema.org","@graph":[{"@type":"WebPage","@id":"https:\/\/www.gruppoliturgico.com\/fr\/produit\/brule-cierges-de-devotion-2\/","url":"https:\/\/www.gruppoliturgico.com\/fr\/produit\/brule-cierges-de-devotion-2\/","name":"br\u00fble-cierges de d\u00e9votion blind\u00e9 - br\u00fble-cierges ou veilleuses et Laboratorio Gruppo Liturgico","isPartOf":{"@id":"https:\/\/www.gruppoliturgico.com\/es\/#website"},"datePublished":"2022-05-19T22:53:36+00:00","dateModified":"2023-02-25T08:45:09+00:00","description":"Chandelier en acier blind\u00e9 avec serrure de type coffre-fort. Porte-cierge votif pour cierges de d\u00e9votion \u00e0 cire. Une structure en acier moderne et fonctionnelle, avec consolidation int\u00e9rieure sur la fente et petites ailes antivol, dans laquelle est appliqu\u00e9 un coffre-fort en acier trait\u00e9 de mm 7. La serrure a la cl\u00e9 \u00e0 double pannetons \u00e0 6 leviers. La p\u00e9n\u00e9tration de n'importe quel outil d'effraction est imposible. De sp\u00e9ciales mollettes pincent les cierges en les gardant toujours droites. Pour 26 - 38 ou 53 cierges de d\u00e9votion. 26 cierges - dimensioni cm 72 x 26 x 93 38 cierges - dimensioni cm 80 x 33 x 95 53 cierges - dimensioni cm 80 x 33 x 95","breadcrumb":{"@id":"https:\/\/www.gruppoliturgico.com\/fr\/produit\/brule-cierges-de-devotion-2\/#breadcrumb"},"inLanguage":"fr-FR","potentialAction":[{"@type":"ReadAction","target":["https:\/\/www.gruppoliturgico.com\/fr\/produit\/brule-cierges-de-devotion-2\/"]}]},{"@type":"BreadcrumbList","@id":"https:\/\/www.gruppoliturgico.com\/fr\/produit\/brule-cierges-de-devotion-2\/#breadcrumb","itemListElement":[{"@type":"ListItem","position":1,"name":"Home","item":"https:\/\/www.gruppoliturgico.com\/fr\/"},{"@type":"ListItem","position":2,"name":"Boutique","item":"https:\/\/www.gruppoliturgico.com\/fr\/boutique\/"},{"@type":"ListItem","position":3,"name":"br\u00fble-cierges de d\u00e9votion blind\u00e9"}]},{"@type":"WebSite","@id":"https:\/\/www.gruppoliturgico.com\/es\/#website","url":"https:\/\/www.gruppoliturgico.com\/es\/","name":"Laboratorio Gruppo Liturgico","description":"Articoli Religiosi online","publisher":{"@id":"https:\/\/www.gruppoliturgico.com\/es\/#organization"},"potentialAction":[{"@type":"SearchAction","target":{"@type":"EntryPoint","urlTemplate":"https:\/\/www.gruppoliturgico.com\/es\/?s={search_term_string}"},"query-input":"required name=search_term_string"}],"inLanguage":"fr-FR"},{"@type":"Organization","@id":"https:\/\/www.gruppoliturgico.com\/es\/#organization","name":"Laboratorio Gruppo Liturgico","url":"https:\/\/www.gruppoliturgico.com\/es\/","logo":{"@type":"ImageObject","inLanguage":"fr-FR","@id":"https:\/\/www.gruppoliturgico.com\/es\/#\/schema\/logo\/image\/","url":"https:\/\/www.gruppoliturgico.com\/wp-content\/uploads\/2022\/02\/logo-laboratoriogruppoliturgico.png","contentUrl":"https:\/\/www.gruppoliturgico.com\/wp-content\/uploads\/2022\/02\/logo-laboratoriogruppoliturgico.png","width":400,"height":114,"caption":"Laboratorio Gruppo Liturgico"},"image":{"@id":"https:\/\/www.gruppoliturgico.com\/es\/#\/schema\/logo\/image\/"}}]}},"_links":{"self":[{"href":"https:\/\/www.gruppoliturgico.com\/fr\/wp-json\/wp\/v2\/product\/65426"}],"collection":[{"href":"https:\/\/www.gruppoliturgico.com\/fr\/wp-json\/wp\/v2\/product"}],"about":[{"href":"https:\/\/www.gruppoliturgico.com\/fr\/wp-json\/wp\/v2\/types\/product"}],"wp:featuredmedia":[{"embeddable":true,"href":"https:\/\/www.gruppoliturgico.com\/fr\/wp-json\/wp\/v2\/media\/132484"}],"wp:attachment":[{"href":"https:\/\/www.gruppoliturgico.com\/fr\/wp-json\/wp\/v2\/media?parent=65426"}],"wp:term":[{"taxonomy":"product_cat","embeddable":true,"href":"https:\/\/www.gruppoliturgico.com\/fr\/wp-json\/wp\/v2\/product_cat?post=65426"},{"taxonomy":"product_tag","embeddable":true,"href":"https:\/\/www.gruppoliturgico.com\/fr\/wp-json\/wp\/v2\/product_tag?post=65426"}],"curies":[{"name":"wp","href":"https:\/\/api.w.org\/{rel}","templated":true}]}}