{"id":65422,"date":"2022-05-20T00:53:16","date_gmt":"2022-05-19T22:53:21","guid":{"rendered":"https:\/\/www.gruppoliturgico.com\/prodotto\/brule-cierges-de-devotion\/"},"modified":"2022-09-29T14:49:51","modified_gmt":"2022-09-29T12:49:51","slug":"brule-cierges-de-devotion","status":"publish","type":"product","link":"https:\/\/www.gruppoliturgico.com\/fr\/produit\/brule-cierges-de-devotion\/","title":{"rendered":"br\u00fble-cierge de d\u00e9votion"},"content":{"rendered":"<html><body><p>Porte-cierge votif pour bougies de d\u00e9votion \u00e0 cire.<br>\nEn fer battu verni.<br>\nDe sp\u00e9ciales mollettes  pincent les cierges en les gardant toujours droites.<br>\nPour 26 \u2013 38 ou 53 bougies de d\u00e9votion<br>\nDimensions:<br>\n26 cierges \u2013 cm 72 x 26 x 93<br>\n38 cierges \u2013 cm 80 x 33 x 95<br>\n53 cierges \u2013 cm 80 x 33 x 95<\/p>\n<\/body><\/html>","protected":false},"excerpt":{"rendered":"<p>Porte-cierge votif pour bougies de d\u00e9votion \u00e0 cire.<br \/>\nEn fer battu verni.<br \/>\nDe sp\u00e9ciales mollettes  pincent les cierges en les gardant toujours droites.<br \/>\nPour 26 &#8211; 38 ou 53 bougies de d\u00e9votion<br \/>\nDimensions:<br \/>\n26 cierges &#8211; cm 72 x 26 x 93<br \/>\n38 cierges &#8211; cm 80 x 33 x 95<br \/>\n53 cierges &#8211; cm 80 x 33 x 95<\/p>\n","protected":false},"featured_media":75762,"template":"","meta":[],"product_cat":[12384],"product_tag":[],"yoast_head":"<!-- This site is optimized with the Yoast SEO plugin v20.4 - https:\/\/yoast.com\/wordpress\/plugins\/seo\/ -->\n<title>br\u00fble-cierge de d\u00e9votion - br\u00fble-cierges ou veilleuses et Laboratorio Gruppo Liturgico<\/title>\n<meta name=\"description\" content=\"Porte-cierge votif pour bougies de d\u00e9votion \u00e0 cire.  En fer battu verni.  De sp\u00e9ciales mollettes pincent les cierges en les gardant toujours droites.  Pour 26 - 38 ou 53 bougies de d\u00e9votion Dimensions: 26 cierges - cm 72 x 26 x 93 38 cierges - cm 80 x 33 x 95 53 cierges - cm 80 x 33 x 95\" \/>\n<meta name=\"robots\" content=\"index, follow, max-snippet:-1, max-image-preview:large, max-video-preview:-1\" \/>\n<link rel=\"canonical\" href=\"https:\/\/www.gruppoliturgico.com\/fr\/produit\/brule-cierges-de-devotion\/\" \/>\n<meta property=\"og:locale\" content=\"fr_FR\" \/>\n<meta property=\"og:type\" content=\"article\" \/>\n<meta property=\"og:title\" content=\"br\u00fble-cierge de d\u00e9votion - br\u00fble-cierges ou veilleuses et Laboratorio Gruppo Liturgico\" \/>\n<meta property=\"og:description\" content=\"Porte-cierge votif pour bougies de d\u00e9votion \u00e0 cire.  En fer battu verni.  De sp\u00e9ciales mollettes pincent les cierges en les gardant toujours droites.  Pour 26 - 38 ou 53 bougies de d\u00e9votion Dimensions: 26 cierges - cm 72 x 26 x 93 38 cierges - cm 80 x 33 x 95 53 cierges - cm 80 x 33 x 95\" \/>\n<meta property=\"og:url\" content=\"https:\/\/www.gruppoliturgico.com\/fr\/produit\/brule-cierges-de-devotion\/\" \/>\n<meta property=\"og:site_name\" content=\"Laboratorio Gruppo Liturgico\" \/>\n<meta property=\"article:modified_time\" content=\"2022-09-29T12:49:51+00:00\" \/>\n<meta property=\"og:image\" content=\"https:\/\/www.gruppoliturgico.com\/wp-content\/uploads\/2022\/05\/420_0-2.jpg\" \/>\n\t<meta property=\"og:image:width\" content=\"929\" \/>\n\t<meta property=\"og:image:height\" content=\"1500\" \/>\n\t<meta property=\"og:image:type\" content=\"image\/jpeg\" \/>\n<meta name=\"twitter:card\" content=\"summary_large_image\" \/>\n<script type=\"application\/ld+json\" class=\"yoast-schema-graph\">{\"@context\":\"https:\/\/schema.org\",\"@graph\":[{\"@type\":\"WebPage\",\"@id\":\"https:\/\/www.gruppoliturgico.com\/fr\/produit\/brule-cierges-de-devotion\/\",\"url\":\"https:\/\/www.gruppoliturgico.com\/fr\/produit\/brule-cierges-de-devotion\/\",\"name\":\"br\u00fble-cierge de d\u00e9votion - br\u00fble-cierges ou veilleuses et Laboratorio Gruppo Liturgico\",\"isPartOf\":{\"@id\":\"https:\/\/www.gruppoliturgico.com\/es\/#website\"},\"datePublished\":\"2022-05-19T22:53:21+00:00\",\"dateModified\":\"2022-09-29T12:49:51+00:00\",\"description\":\"Porte-cierge votif pour bougies de d\u00e9votion \u00e0 cire. En fer battu verni. De sp\u00e9ciales mollettes pincent les cierges en les gardant toujours droites. Pour 26 - 38 ou 53 bougies de d\u00e9votion Dimensions: 26 cierges - cm 72 x 26 x 93 38 cierges - cm 80 x 33 x 95 53 cierges - cm 80 x 33 x 95\",\"breadcrumb\":{\"@id\":\"https:\/\/www.gruppoliturgico.com\/fr\/produit\/brule-cierges-de-devotion\/#breadcrumb\"},\"inLanguage\":\"fr-FR\",\"potentialAction\":[{\"@type\":\"ReadAction\",\"target\":[\"https:\/\/www.gruppoliturgico.com\/fr\/produit\/brule-cierges-de-devotion\/\"]}]},{\"@type\":\"BreadcrumbList\",\"@id\":\"https:\/\/www.gruppoliturgico.com\/fr\/produit\/brule-cierges-de-devotion\/#breadcrumb\",\"itemListElement\":[{\"@type\":\"ListItem\",\"position\":1,\"name\":\"Home\",\"item\":\"https:\/\/www.gruppoliturgico.com\/fr\/\"},{\"@type\":\"ListItem\",\"position\":2,\"name\":\"Boutique\",\"item\":\"https:\/\/www.gruppoliturgico.com\/fr\/boutique\/\"},{\"@type\":\"ListItem\",\"position\":3,\"name\":\"br\u00fble-cierge de d\u00e9votion\"}]},{\"@type\":\"WebSite\",\"@id\":\"https:\/\/www.gruppoliturgico.com\/es\/#website\",\"url\":\"https:\/\/www.gruppoliturgico.com\/es\/\",\"name\":\"Laboratorio Gruppo Liturgico\",\"description\":\"Articoli Religiosi online\",\"publisher\":{\"@id\":\"https:\/\/www.gruppoliturgico.com\/es\/#organization\"},\"potentialAction\":[{\"@type\":\"SearchAction\",\"target\":{\"@type\":\"EntryPoint\",\"urlTemplate\":\"https:\/\/www.gruppoliturgico.com\/es\/?s={search_term_string}\"},\"query-input\":\"required name=search_term_string\"}],\"inLanguage\":\"fr-FR\"},{\"@type\":\"Organization\",\"@id\":\"https:\/\/www.gruppoliturgico.com\/es\/#organization\",\"name\":\"Laboratorio Gruppo Liturgico\",\"url\":\"https:\/\/www.gruppoliturgico.com\/es\/\",\"logo\":{\"@type\":\"ImageObject\",\"inLanguage\":\"fr-FR\",\"@id\":\"https:\/\/www.gruppoliturgico.com\/es\/#\/schema\/logo\/image\/\",\"url\":\"https:\/\/www.gruppoliturgico.com\/wp-content\/uploads\/2022\/02\/logo-laboratoriogruppoliturgico.png\",\"contentUrl\":\"https:\/\/www.gruppoliturgico.com\/wp-content\/uploads\/2022\/02\/logo-laboratoriogruppoliturgico.png\",\"width\":400,\"height\":114,\"caption\":\"Laboratorio Gruppo Liturgico\"},\"image\":{\"@id\":\"https:\/\/www.gruppoliturgico.com\/es\/#\/schema\/logo\/image\/\"}}]}<\/script>\n<!-- \/ Yoast SEO plugin. -->","yoast_head_json":{"title":"br\u00fble-cierge de d\u00e9votion - br\u00fble-cierges ou veilleuses et Laboratorio Gruppo Liturgico","description":"Porte-cierge votif pour bougies de d\u00e9votion \u00e0 cire.  En fer battu verni.  De sp\u00e9ciales mollettes pincent les cierges en les gardant toujours droites.  Pour 26 - 38 ou 53 bougies de d\u00e9votion Dimensions: 26 cierges - cm 72 x 26 x 93 38 cierges - cm 80 x 33 x 95 53 cierges - cm 80 x 33 x 95","robots":{"index":"index","follow":"follow","max-snippet":"max-snippet:-1","max-image-preview":"max-image-preview:large","max-video-preview":"max-video-preview:-1"},"canonical":"https:\/\/www.gruppoliturgico.com\/fr\/produit\/brule-cierges-de-devotion\/","og_locale":"fr_FR","og_type":"article","og_title":"br\u00fble-cierge de d\u00e9votion - br\u00fble-cierges ou veilleuses et Laboratorio Gruppo Liturgico","og_description":"Porte-cierge votif pour bougies de d\u00e9votion \u00e0 cire.  En fer battu verni.  De sp\u00e9ciales mollettes pincent les cierges en les gardant toujours droites.  Pour 26 - 38 ou 53 bougies de d\u00e9votion Dimensions: 26 cierges - cm 72 x 26 x 93 38 cierges - cm 80 x 33 x 95 53 cierges - cm 80 x 33 x 95","og_url":"https:\/\/www.gruppoliturgico.com\/fr\/produit\/brule-cierges-de-devotion\/","og_site_name":"Laboratorio Gruppo Liturgico","article_modified_time":"2022-09-29T12:49:51+00:00","og_image":[{"width":929,"height":1500,"url":"https:\/\/www.gruppoliturgico.com\/wp-content\/uploads\/2022\/05\/420_0-2.jpg","type":"image\/jpeg"}],"twitter_card":"summary_large_image","schema":{"@context":"https:\/\/schema.org","@graph":[{"@type":"WebPage","@id":"https:\/\/www.gruppoliturgico.com\/fr\/produit\/brule-cierges-de-devotion\/","url":"https:\/\/www.gruppoliturgico.com\/fr\/produit\/brule-cierges-de-devotion\/","name":"br\u00fble-cierge de d\u00e9votion - br\u00fble-cierges ou veilleuses et Laboratorio Gruppo Liturgico","isPartOf":{"@id":"https:\/\/www.gruppoliturgico.com\/es\/#website"},"datePublished":"2022-05-19T22:53:21+00:00","dateModified":"2022-09-29T12:49:51+00:00","description":"Porte-cierge votif pour bougies de d\u00e9votion \u00e0 cire. En fer battu verni. De sp\u00e9ciales mollettes pincent les cierges en les gardant toujours droites. Pour 26 - 38 ou 53 bougies de d\u00e9votion Dimensions: 26 cierges - cm 72 x 26 x 93 38 cierges - cm 80 x 33 x 95 53 cierges - cm 80 x 33 x 95","breadcrumb":{"@id":"https:\/\/www.gruppoliturgico.com\/fr\/produit\/brule-cierges-de-devotion\/#breadcrumb"},"inLanguage":"fr-FR","potentialAction":[{"@type":"ReadAction","target":["https:\/\/www.gruppoliturgico.com\/fr\/produit\/brule-cierges-de-devotion\/"]}]},{"@type":"BreadcrumbList","@id":"https:\/\/www.gruppoliturgico.com\/fr\/produit\/brule-cierges-de-devotion\/#breadcrumb","itemListElement":[{"@type":"ListItem","position":1,"name":"Home","item":"https:\/\/www.gruppoliturgico.com\/fr\/"},{"@type":"ListItem","position":2,"name":"Boutique","item":"https:\/\/www.gruppoliturgico.com\/fr\/boutique\/"},{"@type":"ListItem","position":3,"name":"br\u00fble-cierge de d\u00e9votion"}]},{"@type":"WebSite","@id":"https:\/\/www.gruppoliturgico.com\/es\/#website","url":"https:\/\/www.gruppoliturgico.com\/es\/","name":"Laboratorio Gruppo Liturgico","description":"Articoli Religiosi online","publisher":{"@id":"https:\/\/www.gruppoliturgico.com\/es\/#organization"},"potentialAction":[{"@type":"SearchAction","target":{"@type":"EntryPoint","urlTemplate":"https:\/\/www.gruppoliturgico.com\/es\/?s={search_term_string}"},"query-input":"required name=search_term_string"}],"inLanguage":"fr-FR"},{"@type":"Organization","@id":"https:\/\/www.gruppoliturgico.com\/es\/#organization","name":"Laboratorio Gruppo Liturgico","url":"https:\/\/www.gruppoliturgico.com\/es\/","logo":{"@type":"ImageObject","inLanguage":"fr-FR","@id":"https:\/\/www.gruppoliturgico.com\/es\/#\/schema\/logo\/image\/","url":"https:\/\/www.gruppoliturgico.com\/wp-content\/uploads\/2022\/02\/logo-laboratoriogruppoliturgico.png","contentUrl":"https:\/\/www.gruppoliturgico.com\/wp-content\/uploads\/2022\/02\/logo-laboratoriogruppoliturgico.png","width":400,"height":114,"caption":"Laboratorio Gruppo Liturgico"},"image":{"@id":"https:\/\/www.gruppoliturgico.com\/es\/#\/schema\/logo\/image\/"}}]}},"_links":{"self":[{"href":"https:\/\/www.gruppoliturgico.com\/fr\/wp-json\/wp\/v2\/product\/65422"}],"collection":[{"href":"https:\/\/www.gruppoliturgico.com\/fr\/wp-json\/wp\/v2\/product"}],"about":[{"href":"https:\/\/www.gruppoliturgico.com\/fr\/wp-json\/wp\/v2\/types\/product"}],"wp:featuredmedia":[{"embeddable":true,"href":"https:\/\/www.gruppoliturgico.com\/fr\/wp-json\/wp\/v2\/media\/75762"}],"wp:attachment":[{"href":"https:\/\/www.gruppoliturgico.com\/fr\/wp-json\/wp\/v2\/media?parent=65422"}],"wp:term":[{"taxonomy":"product_cat","embeddable":true,"href":"https:\/\/www.gruppoliturgico.com\/fr\/wp-json\/wp\/v2\/product_cat?post=65422"},{"taxonomy":"product_tag","embeddable":true,"href":"https:\/\/www.gruppoliturgico.com\/fr\/wp-json\/wp\/v2\/product_tag?post=65422"}],"curies":[{"name":"wp","href":"https:\/\/api.w.org\/{rel}","templated":true}]}}