{"id":65406,"date":"2022-05-20T00:52:22","date_gmt":"2022-05-19T22:52:28","guid":{"rendered":"https:\/\/www.gruppoliturgico.com\/prodotto\/brule-veilleuses-votives\/"},"modified":"2023-02-25T09:41:06","modified_gmt":"2023-02-25T08:41:06","slug":"brule-veilleuses-votives","status":"publish","type":"product","link":"https:\/\/www.gruppoliturgico.com\/fr\/produit\/brule-veilleuses-votives\/","title":{"rendered":"Br\u00fble veilleuses votives blind\u00e9"},"content":{"rendered":"<html><body><p>Br\u00fble veilleuses votives blind\u00e9 genre coffre-fort<br>\nIl peut abriter 90 veilleuses votives environ.<br>\nUne structure en acier moderne et fonctionnelle, avec consolidation int\u00e9rieure sur la fente et petites ailes antivol, dans laquelle est appliqu\u00e9 un coffre-fort en acier trait\u00e9 de mm 7. La serrure a la cl\u00e9 \u00e0 double pannetons \u00e0 6 leviers. La p\u00e9n\u00e9tration de n\u2019importe quel outil d\u2019effraction est imposible.<br>\nDimensions cm 50 x 33 x 98<\/p>\n<\/body><\/html>","protected":false},"excerpt":{"rendered":"<p>Br\u00fble veilleuses votives blind\u00e9 genre coffre-fort<br \/>\nIl peut abriter 90 veilleuses votives environ.<br \/>\nUne structure en acier moderne et fonctionnelle, avec consolidation int\u00e9rieure sur la fente et petites ailes antivol, dans laquelle est appliqu\u00e9 un coffre-fort en acier trait\u00e9 de mm 7. La serrure a la cl\u00e9 \u00e0 double pannetons \u00e0 6 leviers. La p\u00e9n\u00e9tration de n&rsquo;importe quel outil d&rsquo;effraction est imposible.<br \/>\nDimensions cm 50 x 33 x 98<\/p>\n","protected":false},"featured_media":132480,"template":"","meta":[],"product_cat":[12384],"product_tag":[],"yoast_head":"<!-- This site is optimized with the Yoast SEO plugin v20.4 - https:\/\/yoast.com\/wordpress\/plugins\/seo\/ -->\n<title>Br\u00fble veilleuses votives blind\u00e9 - br\u00fble-cierges ou veilleuses et Laboratorio Gruppo Liturgico<\/title>\n<meta name=\"description\" content=\"Br\u00fble veilleuses votives blind\u00e9 genre coffre-fort Il peut abriter 90 veilleuses votives environ. Une structure en acier moderne et fonctionnelle, avec consolidation int\u00e9rieure sur la fente et petites ailes antivol, dans laquelle est appliqu\u00e9 un coffre-fort en acier trait\u00e9 de mm 7. La serrure a la cl\u00e9 \u00e0 double pannetons \u00e0 6 leviers. La p\u00e9n\u00e9tration de n&#039;importe quel outil d&#039;effraction est imposible. Dimensions cm 50 x 33 x 98\" \/>\n<meta name=\"robots\" content=\"index, follow, max-snippet:-1, max-image-preview:large, max-video-preview:-1\" \/>\n<link rel=\"canonical\" href=\"https:\/\/www.gruppoliturgico.com\/fr\/produit\/brule-veilleuses-votives\/\" \/>\n<meta property=\"og:locale\" content=\"fr_FR\" \/>\n<meta property=\"og:type\" content=\"article\" \/>\n<meta property=\"og:title\" content=\"Br\u00fble veilleuses votives blind\u00e9 - br\u00fble-cierges ou veilleuses et Laboratorio Gruppo Liturgico\" \/>\n<meta property=\"og:description\" content=\"Br\u00fble veilleuses votives blind\u00e9 genre coffre-fort Il peut abriter 90 veilleuses votives environ. Une structure en acier moderne et fonctionnelle, avec consolidation int\u00e9rieure sur la fente et petites ailes antivol, dans laquelle est appliqu\u00e9 un coffre-fort en acier trait\u00e9 de mm 7. La serrure a la cl\u00e9 \u00e0 double pannetons \u00e0 6 leviers. La p\u00e9n\u00e9tration de n&#039;importe quel outil d&#039;effraction est imposible. Dimensions cm 50 x 33 x 98\" \/>\n<meta property=\"og:url\" content=\"https:\/\/www.gruppoliturgico.com\/fr\/produit\/brule-veilleuses-votives\/\" \/>\n<meta property=\"og:site_name\" content=\"Laboratorio Gruppo Liturgico\" \/>\n<meta property=\"article:modified_time\" content=\"2023-02-25T08:41:06+00:00\" \/>\n<meta property=\"og:image\" content=\"https:\/\/www.gruppoliturgico.com\/wp-content\/uploads\/2022\/05\/506_0.jpg\" \/>\n\t<meta property=\"og:image:width\" content=\"1186\" \/>\n\t<meta property=\"og:image:height\" content=\"1500\" \/>\n\t<meta property=\"og:image:type\" content=\"image\/jpeg\" \/>\n<meta name=\"twitter:card\" content=\"summary_large_image\" \/>\n<script type=\"application\/ld+json\" class=\"yoast-schema-graph\">{\"@context\":\"https:\/\/schema.org\",\"@graph\":[{\"@type\":\"WebPage\",\"@id\":\"https:\/\/www.gruppoliturgico.com\/fr\/produit\/brule-veilleuses-votives\/\",\"url\":\"https:\/\/www.gruppoliturgico.com\/fr\/produit\/brule-veilleuses-votives\/\",\"name\":\"Br\u00fble veilleuses votives blind\u00e9 - br\u00fble-cierges ou veilleuses et Laboratorio Gruppo Liturgico\",\"isPartOf\":{\"@id\":\"https:\/\/www.gruppoliturgico.com\/es\/#website\"},\"datePublished\":\"2022-05-19T22:52:28+00:00\",\"dateModified\":\"2023-02-25T08:41:06+00:00\",\"description\":\"Br\u00fble veilleuses votives blind\u00e9 genre coffre-fort Il peut abriter 90 veilleuses votives environ. Une structure en acier moderne et fonctionnelle, avec consolidation int\u00e9rieure sur la fente et petites ailes antivol, dans laquelle est appliqu\u00e9 un coffre-fort en acier trait\u00e9 de mm 7. La serrure a la cl\u00e9 \u00e0 double pannetons \u00e0 6 leviers. La p\u00e9n\u00e9tration de n'importe quel outil d'effraction est imposible. Dimensions cm 50 x 33 x 98\",\"breadcrumb\":{\"@id\":\"https:\/\/www.gruppoliturgico.com\/fr\/produit\/brule-veilleuses-votives\/#breadcrumb\"},\"inLanguage\":\"fr-FR\",\"potentialAction\":[{\"@type\":\"ReadAction\",\"target\":[\"https:\/\/www.gruppoliturgico.com\/fr\/produit\/brule-veilleuses-votives\/\"]}]},{\"@type\":\"BreadcrumbList\",\"@id\":\"https:\/\/www.gruppoliturgico.com\/fr\/produit\/brule-veilleuses-votives\/#breadcrumb\",\"itemListElement\":[{\"@type\":\"ListItem\",\"position\":1,\"name\":\"Home\",\"item\":\"https:\/\/www.gruppoliturgico.com\/fr\/\"},{\"@type\":\"ListItem\",\"position\":2,\"name\":\"Boutique\",\"item\":\"https:\/\/www.gruppoliturgico.com\/fr\/boutique\/\"},{\"@type\":\"ListItem\",\"position\":3,\"name\":\"Br\u00fble veilleuses votives blind\u00e9\"}]},{\"@type\":\"WebSite\",\"@id\":\"https:\/\/www.gruppoliturgico.com\/es\/#website\",\"url\":\"https:\/\/www.gruppoliturgico.com\/es\/\",\"name\":\"Laboratorio Gruppo Liturgico\",\"description\":\"Articoli Religiosi online\",\"publisher\":{\"@id\":\"https:\/\/www.gruppoliturgico.com\/es\/#organization\"},\"potentialAction\":[{\"@type\":\"SearchAction\",\"target\":{\"@type\":\"EntryPoint\",\"urlTemplate\":\"https:\/\/www.gruppoliturgico.com\/es\/?s={search_term_string}\"},\"query-input\":\"required name=search_term_string\"}],\"inLanguage\":\"fr-FR\"},{\"@type\":\"Organization\",\"@id\":\"https:\/\/www.gruppoliturgico.com\/es\/#organization\",\"name\":\"Laboratorio Gruppo Liturgico\",\"url\":\"https:\/\/www.gruppoliturgico.com\/es\/\",\"logo\":{\"@type\":\"ImageObject\",\"inLanguage\":\"fr-FR\",\"@id\":\"https:\/\/www.gruppoliturgico.com\/es\/#\/schema\/logo\/image\/\",\"url\":\"https:\/\/www.gruppoliturgico.com\/wp-content\/uploads\/2022\/02\/logo-laboratoriogruppoliturgico.png\",\"contentUrl\":\"https:\/\/www.gruppoliturgico.com\/wp-content\/uploads\/2022\/02\/logo-laboratoriogruppoliturgico.png\",\"width\":400,\"height\":114,\"caption\":\"Laboratorio Gruppo Liturgico\"},\"image\":{\"@id\":\"https:\/\/www.gruppoliturgico.com\/es\/#\/schema\/logo\/image\/\"}}]}<\/script>\n<!-- \/ Yoast SEO plugin. -->","yoast_head_json":{"title":"Br\u00fble veilleuses votives blind\u00e9 - br\u00fble-cierges ou veilleuses et Laboratorio Gruppo Liturgico","description":"Br\u00fble veilleuses votives blind\u00e9 genre coffre-fort Il peut abriter 90 veilleuses votives environ. Une structure en acier moderne et fonctionnelle, avec consolidation int\u00e9rieure sur la fente et petites ailes antivol, dans laquelle est appliqu\u00e9 un coffre-fort en acier trait\u00e9 de mm 7. La serrure a la cl\u00e9 \u00e0 double pannetons \u00e0 6 leviers. La p\u00e9n\u00e9tration de n'importe quel outil d'effraction est imposible. Dimensions cm 50 x 33 x 98","robots":{"index":"index","follow":"follow","max-snippet":"max-snippet:-1","max-image-preview":"max-image-preview:large","max-video-preview":"max-video-preview:-1"},"canonical":"https:\/\/www.gruppoliturgico.com\/fr\/produit\/brule-veilleuses-votives\/","og_locale":"fr_FR","og_type":"article","og_title":"Br\u00fble veilleuses votives blind\u00e9 - br\u00fble-cierges ou veilleuses et Laboratorio Gruppo Liturgico","og_description":"Br\u00fble veilleuses votives blind\u00e9 genre coffre-fort Il peut abriter 90 veilleuses votives environ. Une structure en acier moderne et fonctionnelle, avec consolidation int\u00e9rieure sur la fente et petites ailes antivol, dans laquelle est appliqu\u00e9 un coffre-fort en acier trait\u00e9 de mm 7. La serrure a la cl\u00e9 \u00e0 double pannetons \u00e0 6 leviers. La p\u00e9n\u00e9tration de n'importe quel outil d'effraction est imposible. Dimensions cm 50 x 33 x 98","og_url":"https:\/\/www.gruppoliturgico.com\/fr\/produit\/brule-veilleuses-votives\/","og_site_name":"Laboratorio Gruppo Liturgico","article_modified_time":"2023-02-25T08:41:06+00:00","og_image":[{"width":1186,"height":1500,"url":"https:\/\/www.gruppoliturgico.com\/wp-content\/uploads\/2022\/05\/506_0.jpg","type":"image\/jpeg"}],"twitter_card":"summary_large_image","schema":{"@context":"https:\/\/schema.org","@graph":[{"@type":"WebPage","@id":"https:\/\/www.gruppoliturgico.com\/fr\/produit\/brule-veilleuses-votives\/","url":"https:\/\/www.gruppoliturgico.com\/fr\/produit\/brule-veilleuses-votives\/","name":"Br\u00fble veilleuses votives blind\u00e9 - br\u00fble-cierges ou veilleuses et Laboratorio Gruppo Liturgico","isPartOf":{"@id":"https:\/\/www.gruppoliturgico.com\/es\/#website"},"datePublished":"2022-05-19T22:52:28+00:00","dateModified":"2023-02-25T08:41:06+00:00","description":"Br\u00fble veilleuses votives blind\u00e9 genre coffre-fort Il peut abriter 90 veilleuses votives environ. Une structure en acier moderne et fonctionnelle, avec consolidation int\u00e9rieure sur la fente et petites ailes antivol, dans laquelle est appliqu\u00e9 un coffre-fort en acier trait\u00e9 de mm 7. La serrure a la cl\u00e9 \u00e0 double pannetons \u00e0 6 leviers. La p\u00e9n\u00e9tration de n'importe quel outil d'effraction est imposible. Dimensions cm 50 x 33 x 98","breadcrumb":{"@id":"https:\/\/www.gruppoliturgico.com\/fr\/produit\/brule-veilleuses-votives\/#breadcrumb"},"inLanguage":"fr-FR","potentialAction":[{"@type":"ReadAction","target":["https:\/\/www.gruppoliturgico.com\/fr\/produit\/brule-veilleuses-votives\/"]}]},{"@type":"BreadcrumbList","@id":"https:\/\/www.gruppoliturgico.com\/fr\/produit\/brule-veilleuses-votives\/#breadcrumb","itemListElement":[{"@type":"ListItem","position":1,"name":"Home","item":"https:\/\/www.gruppoliturgico.com\/fr\/"},{"@type":"ListItem","position":2,"name":"Boutique","item":"https:\/\/www.gruppoliturgico.com\/fr\/boutique\/"},{"@type":"ListItem","position":3,"name":"Br\u00fble veilleuses votives blind\u00e9"}]},{"@type":"WebSite","@id":"https:\/\/www.gruppoliturgico.com\/es\/#website","url":"https:\/\/www.gruppoliturgico.com\/es\/","name":"Laboratorio Gruppo Liturgico","description":"Articoli Religiosi online","publisher":{"@id":"https:\/\/www.gruppoliturgico.com\/es\/#organization"},"potentialAction":[{"@type":"SearchAction","target":{"@type":"EntryPoint","urlTemplate":"https:\/\/www.gruppoliturgico.com\/es\/?s={search_term_string}"},"query-input":"required name=search_term_string"}],"inLanguage":"fr-FR"},{"@type":"Organization","@id":"https:\/\/www.gruppoliturgico.com\/es\/#organization","name":"Laboratorio Gruppo Liturgico","url":"https:\/\/www.gruppoliturgico.com\/es\/","logo":{"@type":"ImageObject","inLanguage":"fr-FR","@id":"https:\/\/www.gruppoliturgico.com\/es\/#\/schema\/logo\/image\/","url":"https:\/\/www.gruppoliturgico.com\/wp-content\/uploads\/2022\/02\/logo-laboratoriogruppoliturgico.png","contentUrl":"https:\/\/www.gruppoliturgico.com\/wp-content\/uploads\/2022\/02\/logo-laboratoriogruppoliturgico.png","width":400,"height":114,"caption":"Laboratorio Gruppo Liturgico"},"image":{"@id":"https:\/\/www.gruppoliturgico.com\/es\/#\/schema\/logo\/image\/"}}]}},"_links":{"self":[{"href":"https:\/\/www.gruppoliturgico.com\/fr\/wp-json\/wp\/v2\/product\/65406"}],"collection":[{"href":"https:\/\/www.gruppoliturgico.com\/fr\/wp-json\/wp\/v2\/product"}],"about":[{"href":"https:\/\/www.gruppoliturgico.com\/fr\/wp-json\/wp\/v2\/types\/product"}],"wp:featuredmedia":[{"embeddable":true,"href":"https:\/\/www.gruppoliturgico.com\/fr\/wp-json\/wp\/v2\/media\/132480"}],"wp:attachment":[{"href":"https:\/\/www.gruppoliturgico.com\/fr\/wp-json\/wp\/v2\/media?parent=65406"}],"wp:term":[{"taxonomy":"product_cat","embeddable":true,"href":"https:\/\/www.gruppoliturgico.com\/fr\/wp-json\/wp\/v2\/product_cat?post=65406"},{"taxonomy":"product_tag","embeddable":true,"href":"https:\/\/www.gruppoliturgico.com\/fr\/wp-json\/wp\/v2\/product_tag?post=65406"}],"curies":[{"name":"wp","href":"https:\/\/api.w.org\/{rel}","templated":true}]}}