{"id":65390,"date":"2022-05-20T00:51:24","date_gmt":"2022-05-19T22:51:30","guid":{"rendered":"https:\/\/www.gruppoliturgico.com\/prodotto\/bruloir-electrique-7\/"},"modified":"2022-09-29T11:34:58","modified_gmt":"2022-09-29T09:34:58","slug":"bruloir-electrique-7","status":"publish","type":"product","link":"https:\/\/www.gruppoliturgico.com\/fr\/produit\/bruloir-electrique-7\/","title":{"rendered":"Br\u00fbloir \u00e9lectrique"},"content":{"rendered":"<html><body><p>Chandelier avec 18 \u2013 34 ou 48 bougies<br>\nGarde vivant le geste de l\u2019 allumage de la bougie. Il suffit de l\u2019 introduire dans son logement et elle s\u2019allume.<br>\nSocle en fer forg\u00e9.<br>\nDimensions<br>\n18 bougies cm 60 x 21 x 100<br>\n34 bougies cm 80 x 27 x 100<br>\n48 bougies cm 80 x 27 x 100<\/p>\n<\/body><\/html>","protected":false},"excerpt":{"rendered":"<p>Chandelier avec 18 &#8211; 34 ou 48 bougies<br \/>\nGarde vivant le geste de l&rsquo; allumage de la bougie. Il suffit de l&rsquo; introduire dans son logement et elle s&rsquo;allume.<br \/>\nSocle en fer forg\u00e9.<br \/>\nDimensions<br \/>\n18 bougies cm 60 x 21 x 100<br \/>\n34 bougies cm 80 x 27 x 100<br \/>\n48 bougies cm 80 x 27 x 100<\/p>\n","protected":false},"featured_media":132462,"template":"","meta":[],"product_cat":[12380],"product_tag":[],"yoast_head":"<!-- This site is optimized with the Yoast SEO plugin v20.4 - https:\/\/yoast.com\/wordpress\/plugins\/seo\/ -->\n<title>Br\u00fbloir \u00e9lectrique - br\u00fbloir \u00e9lectrique gestuel et Laboratorio Gruppo Liturgico<\/title>\n<meta name=\"description\" content=\"Chandelier avec 18 - 34 ou 48 bougies Garde vivant le geste de l&#039; allumage de la bougie. Il suffit de l&#039; introduire dans son logement et elle s&#039;allume. Socle en fer forg\u00e9. Dimensions  18 bougies cm 60 x 21 x 100 34 bougies cm 80 x 27 x 100 48 bougies cm 80 x 27 x 100\" \/>\n<meta name=\"robots\" content=\"index, follow, max-snippet:-1, max-image-preview:large, max-video-preview:-1\" \/>\n<link rel=\"canonical\" href=\"https:\/\/www.gruppoliturgico.com\/fr\/produit\/bruloir-electrique-7\/\" \/>\n<meta property=\"og:locale\" content=\"fr_FR\" \/>\n<meta property=\"og:type\" content=\"article\" \/>\n<meta property=\"og:title\" content=\"Br\u00fbloir \u00e9lectrique - br\u00fbloir \u00e9lectrique gestuel et Laboratorio Gruppo Liturgico\" \/>\n<meta property=\"og:description\" content=\"Chandelier avec 18 - 34 ou 48 bougies Garde vivant le geste de l&#039; allumage de la bougie. Il suffit de l&#039; introduire dans son logement et elle s&#039;allume. Socle en fer forg\u00e9. Dimensions  18 bougies cm 60 x 21 x 100 34 bougies cm 80 x 27 x 100 48 bougies cm 80 x 27 x 100\" \/>\n<meta property=\"og:url\" content=\"https:\/\/www.gruppoliturgico.com\/fr\/produit\/bruloir-electrique-7\/\" \/>\n<meta property=\"og:site_name\" content=\"Laboratorio Gruppo Liturgico\" \/>\n<meta property=\"article:modified_time\" content=\"2022-09-29T09:34:58+00:00\" \/>\n<meta property=\"og:image\" content=\"https:\/\/www.gruppoliturgico.com\/wp-content\/uploads\/2022\/05\/863.jpg\" \/>\n\t<meta property=\"og:image:width\" content=\"1185\" \/>\n\t<meta property=\"og:image:height\" content=\"1500\" \/>\n\t<meta property=\"og:image:type\" content=\"image\/jpeg\" \/>\n<meta name=\"twitter:card\" content=\"summary_large_image\" \/>\n<script type=\"application\/ld+json\" class=\"yoast-schema-graph\">{\"@context\":\"https:\/\/schema.org\",\"@graph\":[{\"@type\":\"WebPage\",\"@id\":\"https:\/\/www.gruppoliturgico.com\/fr\/produit\/bruloir-electrique-7\/\",\"url\":\"https:\/\/www.gruppoliturgico.com\/fr\/produit\/bruloir-electrique-7\/\",\"name\":\"Br\u00fbloir \u00e9lectrique - br\u00fbloir \u00e9lectrique gestuel et Laboratorio Gruppo Liturgico\",\"isPartOf\":{\"@id\":\"https:\/\/www.gruppoliturgico.com\/es\/#website\"},\"datePublished\":\"2022-05-19T22:51:30+00:00\",\"dateModified\":\"2022-09-29T09:34:58+00:00\",\"description\":\"Chandelier avec 18 - 34 ou 48 bougies Garde vivant le geste de l' allumage de la bougie. Il suffit de l' introduire dans son logement et elle s'allume. Socle en fer forg\u00e9. Dimensions 18 bougies cm 60 x 21 x 100 34 bougies cm 80 x 27 x 100 48 bougies cm 80 x 27 x 100\",\"breadcrumb\":{\"@id\":\"https:\/\/www.gruppoliturgico.com\/fr\/produit\/bruloir-electrique-7\/#breadcrumb\"},\"inLanguage\":\"fr-FR\",\"potentialAction\":[{\"@type\":\"ReadAction\",\"target\":[\"https:\/\/www.gruppoliturgico.com\/fr\/produit\/bruloir-electrique-7\/\"]}]},{\"@type\":\"BreadcrumbList\",\"@id\":\"https:\/\/www.gruppoliturgico.com\/fr\/produit\/bruloir-electrique-7\/#breadcrumb\",\"itemListElement\":[{\"@type\":\"ListItem\",\"position\":1,\"name\":\"Home\",\"item\":\"https:\/\/www.gruppoliturgico.com\/fr\/\"},{\"@type\":\"ListItem\",\"position\":2,\"name\":\"Boutique\",\"item\":\"https:\/\/www.gruppoliturgico.com\/fr\/boutique\/\"},{\"@type\":\"ListItem\",\"position\":3,\"name\":\"Br\u00fbloir \u00e9lectrique\"}]},{\"@type\":\"WebSite\",\"@id\":\"https:\/\/www.gruppoliturgico.com\/es\/#website\",\"url\":\"https:\/\/www.gruppoliturgico.com\/es\/\",\"name\":\"Laboratorio Gruppo Liturgico\",\"description\":\"Articoli Religiosi online\",\"publisher\":{\"@id\":\"https:\/\/www.gruppoliturgico.com\/es\/#organization\"},\"potentialAction\":[{\"@type\":\"SearchAction\",\"target\":{\"@type\":\"EntryPoint\",\"urlTemplate\":\"https:\/\/www.gruppoliturgico.com\/es\/?s={search_term_string}\"},\"query-input\":\"required name=search_term_string\"}],\"inLanguage\":\"fr-FR\"},{\"@type\":\"Organization\",\"@id\":\"https:\/\/www.gruppoliturgico.com\/es\/#organization\",\"name\":\"Laboratorio Gruppo Liturgico\",\"url\":\"https:\/\/www.gruppoliturgico.com\/es\/\",\"logo\":{\"@type\":\"ImageObject\",\"inLanguage\":\"fr-FR\",\"@id\":\"https:\/\/www.gruppoliturgico.com\/es\/#\/schema\/logo\/image\/\",\"url\":\"https:\/\/www.gruppoliturgico.com\/wp-content\/uploads\/2022\/02\/logo-laboratoriogruppoliturgico.png\",\"contentUrl\":\"https:\/\/www.gruppoliturgico.com\/wp-content\/uploads\/2022\/02\/logo-laboratoriogruppoliturgico.png\",\"width\":400,\"height\":114,\"caption\":\"Laboratorio Gruppo Liturgico\"},\"image\":{\"@id\":\"https:\/\/www.gruppoliturgico.com\/es\/#\/schema\/logo\/image\/\"}}]}<\/script>\n<!-- \/ Yoast SEO plugin. -->","yoast_head_json":{"title":"Br\u00fbloir \u00e9lectrique - br\u00fbloir \u00e9lectrique gestuel et Laboratorio Gruppo Liturgico","description":"Chandelier avec 18 - 34 ou 48 bougies Garde vivant le geste de l' allumage de la bougie. Il suffit de l' introduire dans son logement et elle s'allume. Socle en fer forg\u00e9. Dimensions  18 bougies cm 60 x 21 x 100 34 bougies cm 80 x 27 x 100 48 bougies cm 80 x 27 x 100","robots":{"index":"index","follow":"follow","max-snippet":"max-snippet:-1","max-image-preview":"max-image-preview:large","max-video-preview":"max-video-preview:-1"},"canonical":"https:\/\/www.gruppoliturgico.com\/fr\/produit\/bruloir-electrique-7\/","og_locale":"fr_FR","og_type":"article","og_title":"Br\u00fbloir \u00e9lectrique - br\u00fbloir \u00e9lectrique gestuel et Laboratorio Gruppo Liturgico","og_description":"Chandelier avec 18 - 34 ou 48 bougies Garde vivant le geste de l' allumage de la bougie. Il suffit de l' introduire dans son logement et elle s'allume. Socle en fer forg\u00e9. Dimensions  18 bougies cm 60 x 21 x 100 34 bougies cm 80 x 27 x 100 48 bougies cm 80 x 27 x 100","og_url":"https:\/\/www.gruppoliturgico.com\/fr\/produit\/bruloir-electrique-7\/","og_site_name":"Laboratorio Gruppo Liturgico","article_modified_time":"2022-09-29T09:34:58+00:00","og_image":[{"width":1185,"height":1500,"url":"https:\/\/www.gruppoliturgico.com\/wp-content\/uploads\/2022\/05\/863.jpg","type":"image\/jpeg"}],"twitter_card":"summary_large_image","schema":{"@context":"https:\/\/schema.org","@graph":[{"@type":"WebPage","@id":"https:\/\/www.gruppoliturgico.com\/fr\/produit\/bruloir-electrique-7\/","url":"https:\/\/www.gruppoliturgico.com\/fr\/produit\/bruloir-electrique-7\/","name":"Br\u00fbloir \u00e9lectrique - br\u00fbloir \u00e9lectrique gestuel et Laboratorio Gruppo Liturgico","isPartOf":{"@id":"https:\/\/www.gruppoliturgico.com\/es\/#website"},"datePublished":"2022-05-19T22:51:30+00:00","dateModified":"2022-09-29T09:34:58+00:00","description":"Chandelier avec 18 - 34 ou 48 bougies Garde vivant le geste de l' allumage de la bougie. Il suffit de l' introduire dans son logement et elle s'allume. Socle en fer forg\u00e9. Dimensions 18 bougies cm 60 x 21 x 100 34 bougies cm 80 x 27 x 100 48 bougies cm 80 x 27 x 100","breadcrumb":{"@id":"https:\/\/www.gruppoliturgico.com\/fr\/produit\/bruloir-electrique-7\/#breadcrumb"},"inLanguage":"fr-FR","potentialAction":[{"@type":"ReadAction","target":["https:\/\/www.gruppoliturgico.com\/fr\/produit\/bruloir-electrique-7\/"]}]},{"@type":"BreadcrumbList","@id":"https:\/\/www.gruppoliturgico.com\/fr\/produit\/bruloir-electrique-7\/#breadcrumb","itemListElement":[{"@type":"ListItem","position":1,"name":"Home","item":"https:\/\/www.gruppoliturgico.com\/fr\/"},{"@type":"ListItem","position":2,"name":"Boutique","item":"https:\/\/www.gruppoliturgico.com\/fr\/boutique\/"},{"@type":"ListItem","position":3,"name":"Br\u00fbloir \u00e9lectrique"}]},{"@type":"WebSite","@id":"https:\/\/www.gruppoliturgico.com\/es\/#website","url":"https:\/\/www.gruppoliturgico.com\/es\/","name":"Laboratorio Gruppo Liturgico","description":"Articoli Religiosi online","publisher":{"@id":"https:\/\/www.gruppoliturgico.com\/es\/#organization"},"potentialAction":[{"@type":"SearchAction","target":{"@type":"EntryPoint","urlTemplate":"https:\/\/www.gruppoliturgico.com\/es\/?s={search_term_string}"},"query-input":"required name=search_term_string"}],"inLanguage":"fr-FR"},{"@type":"Organization","@id":"https:\/\/www.gruppoliturgico.com\/es\/#organization","name":"Laboratorio Gruppo Liturgico","url":"https:\/\/www.gruppoliturgico.com\/es\/","logo":{"@type":"ImageObject","inLanguage":"fr-FR","@id":"https:\/\/www.gruppoliturgico.com\/es\/#\/schema\/logo\/image\/","url":"https:\/\/www.gruppoliturgico.com\/wp-content\/uploads\/2022\/02\/logo-laboratoriogruppoliturgico.png","contentUrl":"https:\/\/www.gruppoliturgico.com\/wp-content\/uploads\/2022\/02\/logo-laboratoriogruppoliturgico.png","width":400,"height":114,"caption":"Laboratorio Gruppo Liturgico"},"image":{"@id":"https:\/\/www.gruppoliturgico.com\/es\/#\/schema\/logo\/image\/"}}]}},"_links":{"self":[{"href":"https:\/\/www.gruppoliturgico.com\/fr\/wp-json\/wp\/v2\/product\/65390"}],"collection":[{"href":"https:\/\/www.gruppoliturgico.com\/fr\/wp-json\/wp\/v2\/product"}],"about":[{"href":"https:\/\/www.gruppoliturgico.com\/fr\/wp-json\/wp\/v2\/types\/product"}],"wp:featuredmedia":[{"embeddable":true,"href":"https:\/\/www.gruppoliturgico.com\/fr\/wp-json\/wp\/v2\/media\/132462"}],"wp:attachment":[{"href":"https:\/\/www.gruppoliturgico.com\/fr\/wp-json\/wp\/v2\/media?parent=65390"}],"wp:term":[{"taxonomy":"product_cat","embeddable":true,"href":"https:\/\/www.gruppoliturgico.com\/fr\/wp-json\/wp\/v2\/product_cat?post=65390"},{"taxonomy":"product_tag","embeddable":true,"href":"https:\/\/www.gruppoliturgico.com\/fr\/wp-json\/wp\/v2\/product_tag?post=65390"}],"curies":[{"name":"wp","href":"https:\/\/api.w.org\/{rel}","templated":true}]}}