{"id":65226,"date":"2022-05-20T00:41:03","date_gmt":"2022-05-19T22:41:10","guid":{"rendered":"https:\/\/www.gruppoliturgico.com\/prodotto\/sainte-famille-nativite\/"},"modified":"2022-11-08T15:50:02","modified_gmt":"2022-11-08T14:50:02","slug":"sainte-famille-nativite","status":"publish","type":"product","link":"https:\/\/www.gruppoliturgico.com\/fr\/produit\/sainte-famille-nativite\/","title":{"rendered":"Sainte famille, nativit\u00e9"},"content":{"rendered":"<html><body><p>Sainte famille, nativit\u00e9 en dolomie, r\u00e9alis\u00e9 par les religieuses de l\u2019Ordre de Bethl\u00e9em.<br>\nEnti\u00e8rement d\u00e9cor\u00e9e \u00e0 la main.<br>\nUne jolie et moderne r\u00e9alisation.<br>\nLes statues mesurent cm 16.<br>\nTout le complet.<\/p>\n<\/body><\/html>","protected":false},"excerpt":{"rendered":"<p>Sainte famille, nativit\u00e9 en dolomie, r\u00e9alis\u00e9 par les religieuses de l\u2019Ordre de Bethl\u00e9em.<br \/>\nEnti\u00e8rement d\u00e9cor\u00e9e \u00e0 la main.<br \/>\nUne jolie et moderne r\u00e9alisation.<br \/>\nLes statues mesurent cm 16.<br \/>\nTout le complet.<\/p>\n","protected":false},"featured_media":112600,"template":"","meta":[],"product_cat":[11828],"product_tag":[],"yoast_head":"<!-- This site is optimized with the Yoast SEO plugin v20.4 - https:\/\/yoast.com\/wordpress\/plugins\/seo\/ -->\n<title>Sainte famille, nativit\u00e9 - Cr\u00e8che Soeurs de Bethl\u00e9em et Laboratorio Gruppo Liturgico<\/title>\n<meta name=\"description\" content=\"Sainte famille, nativit\u00e9 en dolomie, r\u00e9alis\u00e9 par les religieuses de l\u2019Ordre de Bethl\u00e9em. Enti\u00e8rement d\u00e9cor\u00e9e \u00e0 la main. Une jolie et moderne r\u00e9alisation. Les statues mesurent cm 16.  Tout le complet.\" \/>\n<meta name=\"robots\" content=\"index, follow, max-snippet:-1, max-image-preview:large, max-video-preview:-1\" \/>\n<link rel=\"canonical\" href=\"https:\/\/www.gruppoliturgico.com\/fr\/produit\/sainte-famille-nativite\/\" \/>\n<meta property=\"og:locale\" content=\"fr_FR\" \/>\n<meta property=\"og:type\" content=\"article\" \/>\n<meta property=\"og:title\" content=\"Sainte famille, nativit\u00e9 - Cr\u00e8che Soeurs de Bethl\u00e9em et Laboratorio Gruppo Liturgico\" \/>\n<meta property=\"og:description\" content=\"Sainte famille, nativit\u00e9 en dolomie, r\u00e9alis\u00e9 par les religieuses de l\u2019Ordre de Bethl\u00e9em. Enti\u00e8rement d\u00e9cor\u00e9e \u00e0 la main. Une jolie et moderne r\u00e9alisation. Les statues mesurent cm 16.  Tout le complet.\" \/>\n<meta property=\"og:url\" content=\"https:\/\/www.gruppoliturgico.com\/fr\/produit\/sainte-famille-nativite\/\" \/>\n<meta property=\"og:site_name\" content=\"Laboratorio Gruppo Liturgico\" \/>\n<meta property=\"article:modified_time\" content=\"2022-11-08T14:50:02+00:00\" \/>\n<meta property=\"og:image\" content=\"https:\/\/www.gruppoliturgico.com\/wp-content\/uploads\/2022\/05\/presepe-colorato_InPixio-modificato-CutOut-Cutter.jpg\" \/>\n\t<meta property=\"og:image:width\" content=\"694\" \/>\n\t<meta property=\"og:image:height\" content=\"429\" \/>\n\t<meta property=\"og:image:type\" content=\"image\/jpeg\" \/>\n<meta name=\"twitter:card\" content=\"summary_large_image\" \/>\n<script type=\"application\/ld+json\" class=\"yoast-schema-graph\">{\"@context\":\"https:\/\/schema.org\",\"@graph\":[{\"@type\":\"WebPage\",\"@id\":\"https:\/\/www.gruppoliturgico.com\/fr\/produit\/sainte-famille-nativite\/\",\"url\":\"https:\/\/www.gruppoliturgico.com\/fr\/produit\/sainte-famille-nativite\/\",\"name\":\"Sainte famille, nativit\u00e9 - Cr\u00e8che Soeurs de Bethl\u00e9em et Laboratorio Gruppo Liturgico\",\"isPartOf\":{\"@id\":\"https:\/\/www.gruppoliturgico.com\/es\/#website\"},\"datePublished\":\"2022-05-19T22:41:10+00:00\",\"dateModified\":\"2022-11-08T14:50:02+00:00\",\"description\":\"Sainte famille, nativit\u00e9 en dolomie, r\u00e9alis\u00e9 par les religieuses de l\u2019Ordre de Bethl\u00e9em. Enti\u00e8rement d\u00e9cor\u00e9e \u00e0 la main. Une jolie et moderne r\u00e9alisation. Les statues mesurent cm 16. Tout le complet.\",\"breadcrumb\":{\"@id\":\"https:\/\/www.gruppoliturgico.com\/fr\/produit\/sainte-famille-nativite\/#breadcrumb\"},\"inLanguage\":\"fr-FR\",\"potentialAction\":[{\"@type\":\"ReadAction\",\"target\":[\"https:\/\/www.gruppoliturgico.com\/fr\/produit\/sainte-famille-nativite\/\"]}]},{\"@type\":\"BreadcrumbList\",\"@id\":\"https:\/\/www.gruppoliturgico.com\/fr\/produit\/sainte-famille-nativite\/#breadcrumb\",\"itemListElement\":[{\"@type\":\"ListItem\",\"position\":1,\"name\":\"Home\",\"item\":\"https:\/\/www.gruppoliturgico.com\/fr\/\"},{\"@type\":\"ListItem\",\"position\":2,\"name\":\"Boutique\",\"item\":\"https:\/\/www.gruppoliturgico.com\/fr\/boutique\/\"},{\"@type\":\"ListItem\",\"position\":3,\"name\":\"Sainte famille, nativit\u00e9\"}]},{\"@type\":\"WebSite\",\"@id\":\"https:\/\/www.gruppoliturgico.com\/es\/#website\",\"url\":\"https:\/\/www.gruppoliturgico.com\/es\/\",\"name\":\"Laboratorio Gruppo Liturgico\",\"description\":\"Articoli Religiosi online\",\"publisher\":{\"@id\":\"https:\/\/www.gruppoliturgico.com\/es\/#organization\"},\"potentialAction\":[{\"@type\":\"SearchAction\",\"target\":{\"@type\":\"EntryPoint\",\"urlTemplate\":\"https:\/\/www.gruppoliturgico.com\/es\/?s={search_term_string}\"},\"query-input\":\"required name=search_term_string\"}],\"inLanguage\":\"fr-FR\"},{\"@type\":\"Organization\",\"@id\":\"https:\/\/www.gruppoliturgico.com\/es\/#organization\",\"name\":\"Laboratorio Gruppo Liturgico\",\"url\":\"https:\/\/www.gruppoliturgico.com\/es\/\",\"logo\":{\"@type\":\"ImageObject\",\"inLanguage\":\"fr-FR\",\"@id\":\"https:\/\/www.gruppoliturgico.com\/es\/#\/schema\/logo\/image\/\",\"url\":\"https:\/\/www.gruppoliturgico.com\/wp-content\/uploads\/2022\/02\/logo-laboratoriogruppoliturgico.png\",\"contentUrl\":\"https:\/\/www.gruppoliturgico.com\/wp-content\/uploads\/2022\/02\/logo-laboratoriogruppoliturgico.png\",\"width\":400,\"height\":114,\"caption\":\"Laboratorio Gruppo Liturgico\"},\"image\":{\"@id\":\"https:\/\/www.gruppoliturgico.com\/es\/#\/schema\/logo\/image\/\"}}]}<\/script>\n<!-- \/ Yoast SEO plugin. -->","yoast_head_json":{"title":"Sainte famille, nativit\u00e9 - Cr\u00e8che Soeurs de Bethl\u00e9em et Laboratorio Gruppo Liturgico","description":"Sainte famille, nativit\u00e9 en dolomie, r\u00e9alis\u00e9 par les religieuses de l\u2019Ordre de Bethl\u00e9em. Enti\u00e8rement d\u00e9cor\u00e9e \u00e0 la main. Une jolie et moderne r\u00e9alisation. Les statues mesurent cm 16.  Tout le complet.","robots":{"index":"index","follow":"follow","max-snippet":"max-snippet:-1","max-image-preview":"max-image-preview:large","max-video-preview":"max-video-preview:-1"},"canonical":"https:\/\/www.gruppoliturgico.com\/fr\/produit\/sainte-famille-nativite\/","og_locale":"fr_FR","og_type":"article","og_title":"Sainte famille, nativit\u00e9 - Cr\u00e8che Soeurs de Bethl\u00e9em et Laboratorio Gruppo Liturgico","og_description":"Sainte famille, nativit\u00e9 en dolomie, r\u00e9alis\u00e9 par les religieuses de l\u2019Ordre de Bethl\u00e9em. Enti\u00e8rement d\u00e9cor\u00e9e \u00e0 la main. Une jolie et moderne r\u00e9alisation. Les statues mesurent cm 16.  Tout le complet.","og_url":"https:\/\/www.gruppoliturgico.com\/fr\/produit\/sainte-famille-nativite\/","og_site_name":"Laboratorio Gruppo Liturgico","article_modified_time":"2022-11-08T14:50:02+00:00","og_image":[{"width":694,"height":429,"url":"https:\/\/www.gruppoliturgico.com\/wp-content\/uploads\/2022\/05\/presepe-colorato_InPixio-modificato-CutOut-Cutter.jpg","type":"image\/jpeg"}],"twitter_card":"summary_large_image","schema":{"@context":"https:\/\/schema.org","@graph":[{"@type":"WebPage","@id":"https:\/\/www.gruppoliturgico.com\/fr\/produit\/sainte-famille-nativite\/","url":"https:\/\/www.gruppoliturgico.com\/fr\/produit\/sainte-famille-nativite\/","name":"Sainte famille, nativit\u00e9 - Cr\u00e8che Soeurs de Bethl\u00e9em et Laboratorio Gruppo Liturgico","isPartOf":{"@id":"https:\/\/www.gruppoliturgico.com\/es\/#website"},"datePublished":"2022-05-19T22:41:10+00:00","dateModified":"2022-11-08T14:50:02+00:00","description":"Sainte famille, nativit\u00e9 en dolomie, r\u00e9alis\u00e9 par les religieuses de l\u2019Ordre de Bethl\u00e9em. Enti\u00e8rement d\u00e9cor\u00e9e \u00e0 la main. Une jolie et moderne r\u00e9alisation. Les statues mesurent cm 16. Tout le complet.","breadcrumb":{"@id":"https:\/\/www.gruppoliturgico.com\/fr\/produit\/sainte-famille-nativite\/#breadcrumb"},"inLanguage":"fr-FR","potentialAction":[{"@type":"ReadAction","target":["https:\/\/www.gruppoliturgico.com\/fr\/produit\/sainte-famille-nativite\/"]}]},{"@type":"BreadcrumbList","@id":"https:\/\/www.gruppoliturgico.com\/fr\/produit\/sainte-famille-nativite\/#breadcrumb","itemListElement":[{"@type":"ListItem","position":1,"name":"Home","item":"https:\/\/www.gruppoliturgico.com\/fr\/"},{"@type":"ListItem","position":2,"name":"Boutique","item":"https:\/\/www.gruppoliturgico.com\/fr\/boutique\/"},{"@type":"ListItem","position":3,"name":"Sainte famille, nativit\u00e9"}]},{"@type":"WebSite","@id":"https:\/\/www.gruppoliturgico.com\/es\/#website","url":"https:\/\/www.gruppoliturgico.com\/es\/","name":"Laboratorio Gruppo Liturgico","description":"Articoli Religiosi online","publisher":{"@id":"https:\/\/www.gruppoliturgico.com\/es\/#organization"},"potentialAction":[{"@type":"SearchAction","target":{"@type":"EntryPoint","urlTemplate":"https:\/\/www.gruppoliturgico.com\/es\/?s={search_term_string}"},"query-input":"required name=search_term_string"}],"inLanguage":"fr-FR"},{"@type":"Organization","@id":"https:\/\/www.gruppoliturgico.com\/es\/#organization","name":"Laboratorio Gruppo Liturgico","url":"https:\/\/www.gruppoliturgico.com\/es\/","logo":{"@type":"ImageObject","inLanguage":"fr-FR","@id":"https:\/\/www.gruppoliturgico.com\/es\/#\/schema\/logo\/image\/","url":"https:\/\/www.gruppoliturgico.com\/wp-content\/uploads\/2022\/02\/logo-laboratoriogruppoliturgico.png","contentUrl":"https:\/\/www.gruppoliturgico.com\/wp-content\/uploads\/2022\/02\/logo-laboratoriogruppoliturgico.png","width":400,"height":114,"caption":"Laboratorio Gruppo Liturgico"},"image":{"@id":"https:\/\/www.gruppoliturgico.com\/es\/#\/schema\/logo\/image\/"}}]}},"_links":{"self":[{"href":"https:\/\/www.gruppoliturgico.com\/fr\/wp-json\/wp\/v2\/product\/65226"}],"collection":[{"href":"https:\/\/www.gruppoliturgico.com\/fr\/wp-json\/wp\/v2\/product"}],"about":[{"href":"https:\/\/www.gruppoliturgico.com\/fr\/wp-json\/wp\/v2\/types\/product"}],"wp:featuredmedia":[{"embeddable":true,"href":"https:\/\/www.gruppoliturgico.com\/fr\/wp-json\/wp\/v2\/media\/112600"}],"wp:attachment":[{"href":"https:\/\/www.gruppoliturgico.com\/fr\/wp-json\/wp\/v2\/media?parent=65226"}],"wp:term":[{"taxonomy":"product_cat","embeddable":true,"href":"https:\/\/www.gruppoliturgico.com\/fr\/wp-json\/wp\/v2\/product_cat?post=65226"},{"taxonomy":"product_tag","embeddable":true,"href":"https:\/\/www.gruppoliturgico.com\/fr\/wp-json\/wp\/v2\/product_tag?post=65226"}],"curies":[{"name":"wp","href":"https:\/\/api.w.org\/{rel}","templated":true}]}}