{"id":65218,"date":"2022-05-20T00:40:30","date_gmt":"2022-05-19T22:40:36","guid":{"rendered":"https:\/\/www.gruppoliturgico.com\/prodotto\/christ-roi\/"},"modified":"2024-06-25T15:14:24","modified_gmt":"2024-06-25T13:14:24","slug":"christ-roi","status":"publish","type":"product","link":"https:\/\/www.gruppoliturgico.com\/fr\/produit\/christ-roi\/","title":{"rendered":"Christ Roi"},"content":{"rendered":"<html><body><p>Crucifix r\u00e9alis\u00e9 par l\u2019atelier d\u2019Art des moniales de l\u2019ordre de Bethl\u00e9em.<br>\nR\u00e9alis\u00e9 en pierre des Pyr\u00e9n\u00e9es reconstitu\u00e9e et en r\u00e9sine, il est enti\u00e8rement d\u00e9cor\u00e9 \u00e0 la main.<br>\nUn travail magnifique et tr\u00e8s expressif.<br>\nInspir\u00e9 de l\u2019art roman catalan, J\u00e9sus est repr\u00e9sent\u00e9 crucifi\u00e9 mais v\u00eatu d\u2019une tunique de gloire.<br>\nDimensions<br>\ncm 57 x 38<\/p>\n<\/body><\/html>","protected":false},"excerpt":{"rendered":"<p>Crucifix r\u00e9alis\u00e9 par l&rsquo;atelier d&rsquo;Art des moniales de l&rsquo;ordre de Bethl\u00e9em.<br \/>\nR\u00e9alis\u00e9 en pierre des Pyr\u00e9n\u00e9es reconstitu\u00e9e et en r\u00e9sine, il est enti\u00e8rement d\u00e9cor\u00e9 \u00e0 la main.<br \/>\nUn travail magnifique et tr\u00e8s expressif.<br \/>\nInspir\u00e9 de l&rsquo;art roman catalan, J\u00e9sus est repr\u00e9sent\u00e9 crucifi\u00e9 mais v\u00eatu d&rsquo;une tunique de gloire.<br \/>\nDimensions<br \/>\ncm 57 x 38<\/p>\n","protected":false},"featured_media":75558,"template":"","meta":[],"product_cat":[11988,12464],"product_tag":[],"yoast_head":"<!-- This site is optimized with the Yoast SEO plugin v20.4 - https:\/\/yoast.com\/wordpress\/plugins\/seo\/ -->\n<title>Christ Roi - cr\u00e9ations artistiques Soeurs de Bethl\u00e9em, Crucifix du Monast\u00e8re de Bethl\u00e9em et Laboratorio Gruppo Liturgico<\/title>\n<meta name=\"description\" content=\"Crucifix r\u00e9alis\u00e9 par l&#039;atelier d&#039;Art des moniales de l&#039;ordre de Bethl\u00e9em. R\u00e9alis\u00e9 en pierre des Pyr\u00e9n\u00e9es reconstitu\u00e9e et en r\u00e9sine, il est enti\u00e8rement d\u00e9cor\u00e9 \u00e0 la main. Un travail magnifique et tr\u00e8s expressif. Inspir\u00e9 de l&#039;art roman catalan, J\u00e9sus est repr\u00e9sent\u00e9 crucifi\u00e9 mais v\u00eatu d&#039;une tunique de gloire. Dimensions cm 57 x 38\" \/>\n<meta name=\"robots\" content=\"index, follow, max-snippet:-1, max-image-preview:large, max-video-preview:-1\" \/>\n<link rel=\"canonical\" href=\"https:\/\/www.gruppoliturgico.com\/fr\/produit\/christ-roi\/\" \/>\n<meta property=\"og:locale\" content=\"fr_FR\" \/>\n<meta property=\"og:type\" content=\"article\" \/>\n<meta property=\"og:title\" content=\"Christ Roi - cr\u00e9ations artistiques Soeurs de Bethl\u00e9em, Crucifix du Monast\u00e8re de Bethl\u00e9em et Laboratorio Gruppo Liturgico\" \/>\n<meta property=\"og:description\" content=\"Crucifix r\u00e9alis\u00e9 par l&#039;atelier d&#039;Art des moniales de l&#039;ordre de Bethl\u00e9em. R\u00e9alis\u00e9 en pierre des Pyr\u00e9n\u00e9es reconstitu\u00e9e et en r\u00e9sine, il est enti\u00e8rement d\u00e9cor\u00e9 \u00e0 la main. Un travail magnifique et tr\u00e8s expressif. Inspir\u00e9 de l&#039;art roman catalan, J\u00e9sus est repr\u00e9sent\u00e9 crucifi\u00e9 mais v\u00eatu d&#039;une tunique de gloire. Dimensions cm 57 x 38\" \/>\n<meta property=\"og:url\" content=\"https:\/\/www.gruppoliturgico.com\/fr\/produit\/christ-roi\/\" \/>\n<meta property=\"og:site_name\" content=\"Laboratorio Gruppo Liturgico\" \/>\n<meta property=\"article:modified_time\" content=\"2024-06-25T13:14:24+00:00\" \/>\n<meta property=\"og:image\" content=\"https:\/\/www.gruppoliturgico.com\/wp-content\/uploads\/2022\/05\/christ-pretre-avec-croix.jpg\" \/>\n\t<meta property=\"og:image:width\" content=\"1286\" \/>\n\t<meta property=\"og:image:height\" content=\"1500\" \/>\n\t<meta property=\"og:image:type\" content=\"image\/jpeg\" \/>\n<meta name=\"twitter:card\" content=\"summary_large_image\" \/>\n<script type=\"application\/ld+json\" class=\"yoast-schema-graph\">{\"@context\":\"https:\/\/schema.org\",\"@graph\":[{\"@type\":\"WebPage\",\"@id\":\"https:\/\/www.gruppoliturgico.com\/fr\/produit\/christ-roi\/\",\"url\":\"https:\/\/www.gruppoliturgico.com\/fr\/produit\/christ-roi\/\",\"name\":\"Christ Roi - cr\u00e9ations artistiques Soeurs de Bethl\u00e9em, Crucifix du Monast\u00e8re de Bethl\u00e9em et Laboratorio Gruppo Liturgico\",\"isPartOf\":{\"@id\":\"https:\/\/www.gruppoliturgico.com\/es\/#website\"},\"datePublished\":\"2022-05-19T22:40:36+00:00\",\"dateModified\":\"2024-06-25T13:14:24+00:00\",\"description\":\"Crucifix r\u00e9alis\u00e9 par l'atelier d'Art des moniales de l'ordre de Bethl\u00e9em. R\u00e9alis\u00e9 en pierre des Pyr\u00e9n\u00e9es reconstitu\u00e9e et en r\u00e9sine, il est enti\u00e8rement d\u00e9cor\u00e9 \u00e0 la main. Un travail magnifique et tr\u00e8s expressif. Inspir\u00e9 de l'art roman catalan, J\u00e9sus est repr\u00e9sent\u00e9 crucifi\u00e9 mais v\u00eatu d'une tunique de gloire. Dimensions cm 57 x 38\",\"breadcrumb\":{\"@id\":\"https:\/\/www.gruppoliturgico.com\/fr\/produit\/christ-roi\/#breadcrumb\"},\"inLanguage\":\"fr-FR\",\"potentialAction\":[{\"@type\":\"ReadAction\",\"target\":[\"https:\/\/www.gruppoliturgico.com\/fr\/produit\/christ-roi\/\"]}]},{\"@type\":\"BreadcrumbList\",\"@id\":\"https:\/\/www.gruppoliturgico.com\/fr\/produit\/christ-roi\/#breadcrumb\",\"itemListElement\":[{\"@type\":\"ListItem\",\"position\":1,\"name\":\"Home\",\"item\":\"https:\/\/www.gruppoliturgico.com\/fr\/\"},{\"@type\":\"ListItem\",\"position\":2,\"name\":\"Boutique\",\"item\":\"https:\/\/www.gruppoliturgico.com\/fr\/boutique\/\"},{\"@type\":\"ListItem\",\"position\":3,\"name\":\"Christ Roi\"}]},{\"@type\":\"WebSite\",\"@id\":\"https:\/\/www.gruppoliturgico.com\/es\/#website\",\"url\":\"https:\/\/www.gruppoliturgico.com\/es\/\",\"name\":\"Laboratorio Gruppo Liturgico\",\"description\":\"Articoli Religiosi online\",\"publisher\":{\"@id\":\"https:\/\/www.gruppoliturgico.com\/es\/#organization\"},\"potentialAction\":[{\"@type\":\"SearchAction\",\"target\":{\"@type\":\"EntryPoint\",\"urlTemplate\":\"https:\/\/www.gruppoliturgico.com\/es\/?s={search_term_string}\"},\"query-input\":\"required name=search_term_string\"}],\"inLanguage\":\"fr-FR\"},{\"@type\":\"Organization\",\"@id\":\"https:\/\/www.gruppoliturgico.com\/es\/#organization\",\"name\":\"Laboratorio Gruppo Liturgico\",\"url\":\"https:\/\/www.gruppoliturgico.com\/es\/\",\"logo\":{\"@type\":\"ImageObject\",\"inLanguage\":\"fr-FR\",\"@id\":\"https:\/\/www.gruppoliturgico.com\/es\/#\/schema\/logo\/image\/\",\"url\":\"https:\/\/www.gruppoliturgico.com\/wp-content\/uploads\/2022\/02\/logo-laboratoriogruppoliturgico.png\",\"contentUrl\":\"https:\/\/www.gruppoliturgico.com\/wp-content\/uploads\/2022\/02\/logo-laboratoriogruppoliturgico.png\",\"width\":400,\"height\":114,\"caption\":\"Laboratorio Gruppo Liturgico\"},\"image\":{\"@id\":\"https:\/\/www.gruppoliturgico.com\/es\/#\/schema\/logo\/image\/\"}}]}<\/script>\n<!-- \/ Yoast SEO plugin. -->","yoast_head_json":{"title":"Christ Roi - cr\u00e9ations artistiques Soeurs de Bethl\u00e9em, Crucifix du Monast\u00e8re de Bethl\u00e9em et Laboratorio Gruppo Liturgico","description":"Crucifix r\u00e9alis\u00e9 par l'atelier d'Art des moniales de l'ordre de Bethl\u00e9em. R\u00e9alis\u00e9 en pierre des Pyr\u00e9n\u00e9es reconstitu\u00e9e et en r\u00e9sine, il est enti\u00e8rement d\u00e9cor\u00e9 \u00e0 la main. Un travail magnifique et tr\u00e8s expressif. Inspir\u00e9 de l'art roman catalan, J\u00e9sus est repr\u00e9sent\u00e9 crucifi\u00e9 mais v\u00eatu d'une tunique de gloire. Dimensions cm 57 x 38","robots":{"index":"index","follow":"follow","max-snippet":"max-snippet:-1","max-image-preview":"max-image-preview:large","max-video-preview":"max-video-preview:-1"},"canonical":"https:\/\/www.gruppoliturgico.com\/fr\/produit\/christ-roi\/","og_locale":"fr_FR","og_type":"article","og_title":"Christ Roi - cr\u00e9ations artistiques Soeurs de Bethl\u00e9em, Crucifix du Monast\u00e8re de Bethl\u00e9em et Laboratorio Gruppo Liturgico","og_description":"Crucifix r\u00e9alis\u00e9 par l'atelier d'Art des moniales de l'ordre de Bethl\u00e9em. R\u00e9alis\u00e9 en pierre des Pyr\u00e9n\u00e9es reconstitu\u00e9e et en r\u00e9sine, il est enti\u00e8rement d\u00e9cor\u00e9 \u00e0 la main. Un travail magnifique et tr\u00e8s expressif. Inspir\u00e9 de l'art roman catalan, J\u00e9sus est repr\u00e9sent\u00e9 crucifi\u00e9 mais v\u00eatu d'une tunique de gloire. Dimensions cm 57 x 38","og_url":"https:\/\/www.gruppoliturgico.com\/fr\/produit\/christ-roi\/","og_site_name":"Laboratorio Gruppo Liturgico","article_modified_time":"2024-06-25T13:14:24+00:00","og_image":[{"width":1286,"height":1500,"url":"https:\/\/www.gruppoliturgico.com\/wp-content\/uploads\/2022\/05\/christ-pretre-avec-croix.jpg","type":"image\/jpeg"}],"twitter_card":"summary_large_image","schema":{"@context":"https:\/\/schema.org","@graph":[{"@type":"WebPage","@id":"https:\/\/www.gruppoliturgico.com\/fr\/produit\/christ-roi\/","url":"https:\/\/www.gruppoliturgico.com\/fr\/produit\/christ-roi\/","name":"Christ Roi - cr\u00e9ations artistiques Soeurs de Bethl\u00e9em, Crucifix du Monast\u00e8re de Bethl\u00e9em et Laboratorio Gruppo Liturgico","isPartOf":{"@id":"https:\/\/www.gruppoliturgico.com\/es\/#website"},"datePublished":"2022-05-19T22:40:36+00:00","dateModified":"2024-06-25T13:14:24+00:00","description":"Crucifix r\u00e9alis\u00e9 par l'atelier d'Art des moniales de l'ordre de Bethl\u00e9em. R\u00e9alis\u00e9 en pierre des Pyr\u00e9n\u00e9es reconstitu\u00e9e et en r\u00e9sine, il est enti\u00e8rement d\u00e9cor\u00e9 \u00e0 la main. Un travail magnifique et tr\u00e8s expressif. Inspir\u00e9 de l'art roman catalan, J\u00e9sus est repr\u00e9sent\u00e9 crucifi\u00e9 mais v\u00eatu d'une tunique de gloire. Dimensions cm 57 x 38","breadcrumb":{"@id":"https:\/\/www.gruppoliturgico.com\/fr\/produit\/christ-roi\/#breadcrumb"},"inLanguage":"fr-FR","potentialAction":[{"@type":"ReadAction","target":["https:\/\/www.gruppoliturgico.com\/fr\/produit\/christ-roi\/"]}]},{"@type":"BreadcrumbList","@id":"https:\/\/www.gruppoliturgico.com\/fr\/produit\/christ-roi\/#breadcrumb","itemListElement":[{"@type":"ListItem","position":1,"name":"Home","item":"https:\/\/www.gruppoliturgico.com\/fr\/"},{"@type":"ListItem","position":2,"name":"Boutique","item":"https:\/\/www.gruppoliturgico.com\/fr\/boutique\/"},{"@type":"ListItem","position":3,"name":"Christ Roi"}]},{"@type":"WebSite","@id":"https:\/\/www.gruppoliturgico.com\/es\/#website","url":"https:\/\/www.gruppoliturgico.com\/es\/","name":"Laboratorio Gruppo Liturgico","description":"Articoli Religiosi online","publisher":{"@id":"https:\/\/www.gruppoliturgico.com\/es\/#organization"},"potentialAction":[{"@type":"SearchAction","target":{"@type":"EntryPoint","urlTemplate":"https:\/\/www.gruppoliturgico.com\/es\/?s={search_term_string}"},"query-input":"required name=search_term_string"}],"inLanguage":"fr-FR"},{"@type":"Organization","@id":"https:\/\/www.gruppoliturgico.com\/es\/#organization","name":"Laboratorio Gruppo Liturgico","url":"https:\/\/www.gruppoliturgico.com\/es\/","logo":{"@type":"ImageObject","inLanguage":"fr-FR","@id":"https:\/\/www.gruppoliturgico.com\/es\/#\/schema\/logo\/image\/","url":"https:\/\/www.gruppoliturgico.com\/wp-content\/uploads\/2022\/02\/logo-laboratoriogruppoliturgico.png","contentUrl":"https:\/\/www.gruppoliturgico.com\/wp-content\/uploads\/2022\/02\/logo-laboratoriogruppoliturgico.png","width":400,"height":114,"caption":"Laboratorio Gruppo Liturgico"},"image":{"@id":"https:\/\/www.gruppoliturgico.com\/es\/#\/schema\/logo\/image\/"}}]}},"_links":{"self":[{"href":"https:\/\/www.gruppoliturgico.com\/fr\/wp-json\/wp\/v2\/product\/65218"}],"collection":[{"href":"https:\/\/www.gruppoliturgico.com\/fr\/wp-json\/wp\/v2\/product"}],"about":[{"href":"https:\/\/www.gruppoliturgico.com\/fr\/wp-json\/wp\/v2\/types\/product"}],"wp:featuredmedia":[{"embeddable":true,"href":"https:\/\/www.gruppoliturgico.com\/fr\/wp-json\/wp\/v2\/media\/75558"}],"wp:attachment":[{"href":"https:\/\/www.gruppoliturgico.com\/fr\/wp-json\/wp\/v2\/media?parent=65218"}],"wp:term":[{"taxonomy":"product_cat","embeddable":true,"href":"https:\/\/www.gruppoliturgico.com\/fr\/wp-json\/wp\/v2\/product_cat?post=65218"},{"taxonomy":"product_tag","embeddable":true,"href":"https:\/\/www.gruppoliturgico.com\/fr\/wp-json\/wp\/v2\/product_tag?post=65218"}],"curies":[{"name":"wp","href":"https:\/\/api.w.org\/{rel}","templated":true}]}}