{"id":65066,"date":"2022-05-20T00:30:09","date_gmt":"2022-05-19T22:30:16","guid":{"rendered":"https:\/\/www.gruppoliturgico.com\/prodotto\/cardigan\/"},"modified":"2022-11-04T17:14:29","modified_gmt":"2022-11-04T16:14:29","slug":"cardigan","status":"publish","type":"product","link":"https:\/\/www.gruppoliturgico.com\/fr\/produit\/cardigan\/","title":{"rendered":"cardigan"},"content":{"rendered":"<html><body><p>Un \u00e9l\u00e9gant cardigan en tissu mi-laine de haute qualit\u00e9, avec fermeture \u00e9clair, travaill\u00e9 jersey.<br>\nConfectionn\u00e9 avec un fil de grand poids qui le rend indiqu\u00e9 pour la saison froide.<br>\nIl est disponible en noir, bleu fonc\u00e9 et gris.<br>\nTailles de la S \u00e0 la XXXL<br>\nId\u00e9al pour l\u2019hiver.<\/p>\n<\/body><\/html>","protected":false},"excerpt":{"rendered":"<p>Un \u00e9l\u00e9gant cardigan en tissu mi-laine de haute qualit\u00e9, avec fermeture \u00e9clair, travaill\u00e9 jersey.<br \/>\nConfectionn\u00e9 avec un fil de grand poids qui le rend indiqu\u00e9 pour la saison froide.<br \/>\nIl est disponible en noir, bleu fonc\u00e9 et gris.<br \/>\nTailles de la S \u00e0 la XXXL<br \/>\nId\u00e9al pour l&rsquo;hiver.<\/p>\n","protected":false},"featured_media":135006,"template":"","meta":[],"product_cat":[11932],"product_tag":[15244],"yoast_head":"<!-- This site is optimized with the Yoast SEO plugin v20.4 - https:\/\/yoast.com\/wordpress\/plugins\/seo\/ -->\n<title>cardigan - habillement pour pr\u00eatre et Laboratorio Gruppo Liturgico<\/title>\n<meta name=\"description\" content=\"Un \u00e9l\u00e9gant cardigan en tissu mi-laine de haute qualit\u00e9, avec fermeture \u00e9clair, travaill\u00e9 jersey.  Confectionn\u00e9 avec un fil de grand poids qui le rend indiqu\u00e9 pour la saison froide. Il est disponible en noir, bleu fonc\u00e9 et gris.  Tailles de la S \u00e0 la XXXL Id\u00e9al pour l&#039;hiver.\" \/>\n<meta name=\"robots\" content=\"index, follow, max-snippet:-1, max-image-preview:large, max-video-preview:-1\" \/>\n<link rel=\"canonical\" href=\"https:\/\/www.gruppoliturgico.com\/fr\/produit\/cardigan\/\" \/>\n<meta property=\"og:locale\" content=\"fr_FR\" \/>\n<meta property=\"og:type\" content=\"article\" \/>\n<meta property=\"og:title\" content=\"cardigan - habillement pour pr\u00eatre et Laboratorio Gruppo Liturgico\" \/>\n<meta property=\"og:description\" content=\"Un \u00e9l\u00e9gant cardigan en tissu mi-laine de haute qualit\u00e9, avec fermeture \u00e9clair, travaill\u00e9 jersey.  Confectionn\u00e9 avec un fil de grand poids qui le rend indiqu\u00e9 pour la saison froide. Il est disponible en noir, bleu fonc\u00e9 et gris.  Tailles de la S \u00e0 la XXXL Id\u00e9al pour l&#039;hiver.\" \/>\n<meta property=\"og:url\" content=\"https:\/\/www.gruppoliturgico.com\/fr\/produit\/cardigan\/\" \/>\n<meta property=\"og:site_name\" content=\"Laboratorio Gruppo Liturgico\" \/>\n<meta property=\"article:modified_time\" content=\"2022-11-04T16:14:29+00:00\" \/>\n<meta property=\"og:image\" content=\"https:\/\/www.gruppoliturgico.com\/wp-content\/uploads\/2022\/05\/812.jpg\" \/>\n\t<meta property=\"og:image:width\" content=\"1500\" \/>\n\t<meta property=\"og:image:height\" content=\"1500\" \/>\n\t<meta property=\"og:image:type\" content=\"image\/jpeg\" \/>\n<meta name=\"twitter:card\" content=\"summary_large_image\" \/>\n<script type=\"application\/ld+json\" class=\"yoast-schema-graph\">{\"@context\":\"https:\/\/schema.org\",\"@graph\":[{\"@type\":\"WebPage\",\"@id\":\"https:\/\/www.gruppoliturgico.com\/fr\/produit\/cardigan\/\",\"url\":\"https:\/\/www.gruppoliturgico.com\/fr\/produit\/cardigan\/\",\"name\":\"cardigan - habillement pour pr\u00eatre et Laboratorio Gruppo Liturgico\",\"isPartOf\":{\"@id\":\"https:\/\/www.gruppoliturgico.com\/es\/#website\"},\"datePublished\":\"2022-05-19T22:30:16+00:00\",\"dateModified\":\"2022-11-04T16:14:29+00:00\",\"description\":\"Un \u00e9l\u00e9gant cardigan en tissu mi-laine de haute qualit\u00e9, avec fermeture \u00e9clair, travaill\u00e9 jersey. Confectionn\u00e9 avec un fil de grand poids qui le rend indiqu\u00e9 pour la saison froide. Il est disponible en noir, bleu fonc\u00e9 et gris. Tailles de la S \u00e0 la XXXL Id\u00e9al pour l'hiver.\",\"breadcrumb\":{\"@id\":\"https:\/\/www.gruppoliturgico.com\/fr\/produit\/cardigan\/#breadcrumb\"},\"inLanguage\":\"fr-FR\",\"potentialAction\":[{\"@type\":\"ReadAction\",\"target\":[\"https:\/\/www.gruppoliturgico.com\/fr\/produit\/cardigan\/\"]}]},{\"@type\":\"BreadcrumbList\",\"@id\":\"https:\/\/www.gruppoliturgico.com\/fr\/produit\/cardigan\/#breadcrumb\",\"itemListElement\":[{\"@type\":\"ListItem\",\"position\":1,\"name\":\"Home\",\"item\":\"https:\/\/www.gruppoliturgico.com\/fr\/\"},{\"@type\":\"ListItem\",\"position\":2,\"name\":\"Boutique\",\"item\":\"https:\/\/www.gruppoliturgico.com\/fr\/boutique\/\"},{\"@type\":\"ListItem\",\"position\":3,\"name\":\"cardigan\"}]},{\"@type\":\"WebSite\",\"@id\":\"https:\/\/www.gruppoliturgico.com\/es\/#website\",\"url\":\"https:\/\/www.gruppoliturgico.com\/es\/\",\"name\":\"Laboratorio Gruppo Liturgico\",\"description\":\"Articoli Religiosi online\",\"publisher\":{\"@id\":\"https:\/\/www.gruppoliturgico.com\/es\/#organization\"},\"potentialAction\":[{\"@type\":\"SearchAction\",\"target\":{\"@type\":\"EntryPoint\",\"urlTemplate\":\"https:\/\/www.gruppoliturgico.com\/es\/?s={search_term_string}\"},\"query-input\":\"required name=search_term_string\"}],\"inLanguage\":\"fr-FR\"},{\"@type\":\"Organization\",\"@id\":\"https:\/\/www.gruppoliturgico.com\/es\/#organization\",\"name\":\"Laboratorio Gruppo Liturgico\",\"url\":\"https:\/\/www.gruppoliturgico.com\/es\/\",\"logo\":{\"@type\":\"ImageObject\",\"inLanguage\":\"fr-FR\",\"@id\":\"https:\/\/www.gruppoliturgico.com\/es\/#\/schema\/logo\/image\/\",\"url\":\"https:\/\/www.gruppoliturgico.com\/wp-content\/uploads\/2022\/02\/logo-laboratoriogruppoliturgico.png\",\"contentUrl\":\"https:\/\/www.gruppoliturgico.com\/wp-content\/uploads\/2022\/02\/logo-laboratoriogruppoliturgico.png\",\"width\":400,\"height\":114,\"caption\":\"Laboratorio Gruppo Liturgico\"},\"image\":{\"@id\":\"https:\/\/www.gruppoliturgico.com\/es\/#\/schema\/logo\/image\/\"}}]}<\/script>\n<!-- \/ Yoast SEO plugin. -->","yoast_head_json":{"title":"cardigan - habillement pour pr\u00eatre et Laboratorio Gruppo Liturgico","description":"Un \u00e9l\u00e9gant cardigan en tissu mi-laine de haute qualit\u00e9, avec fermeture \u00e9clair, travaill\u00e9 jersey.  Confectionn\u00e9 avec un fil de grand poids qui le rend indiqu\u00e9 pour la saison froide. Il est disponible en noir, bleu fonc\u00e9 et gris.  Tailles de la S \u00e0 la XXXL Id\u00e9al pour l'hiver.","robots":{"index":"index","follow":"follow","max-snippet":"max-snippet:-1","max-image-preview":"max-image-preview:large","max-video-preview":"max-video-preview:-1"},"canonical":"https:\/\/www.gruppoliturgico.com\/fr\/produit\/cardigan\/","og_locale":"fr_FR","og_type":"article","og_title":"cardigan - habillement pour pr\u00eatre et Laboratorio Gruppo Liturgico","og_description":"Un \u00e9l\u00e9gant cardigan en tissu mi-laine de haute qualit\u00e9, avec fermeture \u00e9clair, travaill\u00e9 jersey.  Confectionn\u00e9 avec un fil de grand poids qui le rend indiqu\u00e9 pour la saison froide. Il est disponible en noir, bleu fonc\u00e9 et gris.  Tailles de la S \u00e0 la XXXL Id\u00e9al pour l'hiver.","og_url":"https:\/\/www.gruppoliturgico.com\/fr\/produit\/cardigan\/","og_site_name":"Laboratorio Gruppo Liturgico","article_modified_time":"2022-11-04T16:14:29+00:00","og_image":[{"width":1500,"height":1500,"url":"https:\/\/www.gruppoliturgico.com\/wp-content\/uploads\/2022\/05\/812.jpg","type":"image\/jpeg"}],"twitter_card":"summary_large_image","schema":{"@context":"https:\/\/schema.org","@graph":[{"@type":"WebPage","@id":"https:\/\/www.gruppoliturgico.com\/fr\/produit\/cardigan\/","url":"https:\/\/www.gruppoliturgico.com\/fr\/produit\/cardigan\/","name":"cardigan - habillement pour pr\u00eatre et Laboratorio Gruppo Liturgico","isPartOf":{"@id":"https:\/\/www.gruppoliturgico.com\/es\/#website"},"datePublished":"2022-05-19T22:30:16+00:00","dateModified":"2022-11-04T16:14:29+00:00","description":"Un \u00e9l\u00e9gant cardigan en tissu mi-laine de haute qualit\u00e9, avec fermeture \u00e9clair, travaill\u00e9 jersey. Confectionn\u00e9 avec un fil de grand poids qui le rend indiqu\u00e9 pour la saison froide. Il est disponible en noir, bleu fonc\u00e9 et gris. Tailles de la S \u00e0 la XXXL Id\u00e9al pour l'hiver.","breadcrumb":{"@id":"https:\/\/www.gruppoliturgico.com\/fr\/produit\/cardigan\/#breadcrumb"},"inLanguage":"fr-FR","potentialAction":[{"@type":"ReadAction","target":["https:\/\/www.gruppoliturgico.com\/fr\/produit\/cardigan\/"]}]},{"@type":"BreadcrumbList","@id":"https:\/\/www.gruppoliturgico.com\/fr\/produit\/cardigan\/#breadcrumb","itemListElement":[{"@type":"ListItem","position":1,"name":"Home","item":"https:\/\/www.gruppoliturgico.com\/fr\/"},{"@type":"ListItem","position":2,"name":"Boutique","item":"https:\/\/www.gruppoliturgico.com\/fr\/boutique\/"},{"@type":"ListItem","position":3,"name":"cardigan"}]},{"@type":"WebSite","@id":"https:\/\/www.gruppoliturgico.com\/es\/#website","url":"https:\/\/www.gruppoliturgico.com\/es\/","name":"Laboratorio Gruppo Liturgico","description":"Articoli Religiosi online","publisher":{"@id":"https:\/\/www.gruppoliturgico.com\/es\/#organization"},"potentialAction":[{"@type":"SearchAction","target":{"@type":"EntryPoint","urlTemplate":"https:\/\/www.gruppoliturgico.com\/es\/?s={search_term_string}"},"query-input":"required name=search_term_string"}],"inLanguage":"fr-FR"},{"@type":"Organization","@id":"https:\/\/www.gruppoliturgico.com\/es\/#organization","name":"Laboratorio Gruppo Liturgico","url":"https:\/\/www.gruppoliturgico.com\/es\/","logo":{"@type":"ImageObject","inLanguage":"fr-FR","@id":"https:\/\/www.gruppoliturgico.com\/es\/#\/schema\/logo\/image\/","url":"https:\/\/www.gruppoliturgico.com\/wp-content\/uploads\/2022\/02\/logo-laboratoriogruppoliturgico.png","contentUrl":"https:\/\/www.gruppoliturgico.com\/wp-content\/uploads\/2022\/02\/logo-laboratoriogruppoliturgico.png","width":400,"height":114,"caption":"Laboratorio Gruppo Liturgico"},"image":{"@id":"https:\/\/www.gruppoliturgico.com\/es\/#\/schema\/logo\/image\/"}}]}},"_links":{"self":[{"href":"https:\/\/www.gruppoliturgico.com\/fr\/wp-json\/wp\/v2\/product\/65066"}],"collection":[{"href":"https:\/\/www.gruppoliturgico.com\/fr\/wp-json\/wp\/v2\/product"}],"about":[{"href":"https:\/\/www.gruppoliturgico.com\/fr\/wp-json\/wp\/v2\/types\/product"}],"wp:featuredmedia":[{"embeddable":true,"href":"https:\/\/www.gruppoliturgico.com\/fr\/wp-json\/wp\/v2\/media\/135006"}],"wp:attachment":[{"href":"https:\/\/www.gruppoliturgico.com\/fr\/wp-json\/wp\/v2\/media?parent=65066"}],"wp:term":[{"taxonomy":"product_cat","embeddable":true,"href":"https:\/\/www.gruppoliturgico.com\/fr\/wp-json\/wp\/v2\/product_cat?post=65066"},{"taxonomy":"product_tag","embeddable":true,"href":"https:\/\/www.gruppoliturgico.com\/fr\/wp-json\/wp\/v2\/product_tag?post=65066"}],"curies":[{"name":"wp","href":"https:\/\/api.w.org\/{rel}","templated":true}]}}