{"id":65058,"date":"2022-05-20T00:29:42","date_gmt":"2022-05-19T22:29:49","guid":{"rendered":"https:\/\/www.gruppoliturgico.com\/prodotto\/chemise-fil-a-fil\/"},"modified":"2022-06-02T12:04:13","modified_gmt":"2022-06-02T10:04:13","slug":"chemise-fil-a-fil","status":"publish","type":"product","link":"https:\/\/www.gruppoliturgico.com\/fr\/produit\/chemise-fil-a-fil\/","title":{"rendered":"chemise fil a fil"},"content":{"rendered":"<html><body><p>Tout le confort d\u2019un article de haute qualit\u00e9 \u00e0 un prix tout \u00e0 fait accessible.<br>\nLe tissu en pur coton 100% est indiqu\u00e9 pour des lavages fr\u00e9quents.<br>\nFinitions de couturier.<br>\nDisponible en gris moyen et bleu ciel.<br>\nTailles de 38 \u00e0 48.<\/p>\n<\/body><\/html>","protected":false},"excerpt":{"rendered":"<p>Tout le confort d&rsquo;un article de haute qualit\u00e9 \u00e0 un prix tout \u00e0 fait accessible.<br \/>\nLe tissu en pur coton 100% est indiqu\u00e9 pour des lavages fr\u00e9quents.<br \/>\nFinitions de couturier.<br \/>\nDisponible en gris moyen et bleu ciel.<br \/>\nTailles de 38 \u00e0 48.<\/p>\n","protected":false},"featured_media":75398,"template":"","meta":[],"product_cat":[11932],"product_tag":[],"yoast_head":"<!-- This site is optimized with the Yoast SEO plugin v20.4 - https:\/\/yoast.com\/wordpress\/plugins\/seo\/ -->\n<title>chemise fil a fil - habillement pour pr\u00eatre et Laboratorio Gruppo Liturgico<\/title>\n<meta name=\"description\" content=\"Tout le confort d&#039;un article de haute qualit\u00e9 \u00e0 un prix tout \u00e0 fait accessible.  Le tissu en pur coton 100% est indiqu\u00e9 pour des lavages fr\u00e9quents.  Finitions de couturier. Disponible en gris moyen et bleu ciel. Tailles de 38 \u00e0 48.\" \/>\n<meta name=\"robots\" content=\"index, follow, max-snippet:-1, max-image-preview:large, max-video-preview:-1\" \/>\n<link rel=\"canonical\" href=\"https:\/\/www.gruppoliturgico.com\/fr\/produit\/chemise-fil-a-fil\/\" \/>\n<meta property=\"og:locale\" content=\"fr_FR\" \/>\n<meta property=\"og:type\" content=\"article\" \/>\n<meta property=\"og:title\" content=\"chemise fil a fil - habillement pour pr\u00eatre et Laboratorio Gruppo Liturgico\" \/>\n<meta property=\"og:description\" content=\"Tout le confort d&#039;un article de haute qualit\u00e9 \u00e0 un prix tout \u00e0 fait accessible.  Le tissu en pur coton 100% est indiqu\u00e9 pour des lavages fr\u00e9quents.  Finitions de couturier. Disponible en gris moyen et bleu ciel. Tailles de 38 \u00e0 48.\" \/>\n<meta property=\"og:url\" content=\"https:\/\/www.gruppoliturgico.com\/fr\/produit\/chemise-fil-a-fil\/\" \/>\n<meta property=\"og:site_name\" content=\"Laboratorio Gruppo Liturgico\" \/>\n<meta property=\"article:modified_time\" content=\"2022-06-02T10:04:13+00:00\" \/>\n<meta property=\"og:image\" content=\"https:\/\/www.gruppoliturgico.com\/wp-content\/uploads\/2022\/05\/1789_0.jpg\" \/>\n\t<meta property=\"og:image:width\" content=\"1500\" \/>\n\t<meta property=\"og:image:height\" content=\"984\" \/>\n\t<meta property=\"og:image:type\" content=\"image\/jpeg\" \/>\n<meta name=\"twitter:card\" content=\"summary_large_image\" \/>\n<script type=\"application\/ld+json\" class=\"yoast-schema-graph\">{\"@context\":\"https:\/\/schema.org\",\"@graph\":[{\"@type\":\"WebPage\",\"@id\":\"https:\/\/www.gruppoliturgico.com\/fr\/produit\/chemise-fil-a-fil\/\",\"url\":\"https:\/\/www.gruppoliturgico.com\/fr\/produit\/chemise-fil-a-fil\/\",\"name\":\"chemise fil a fil - habillement pour pr\u00eatre et Laboratorio Gruppo Liturgico\",\"isPartOf\":{\"@id\":\"https:\/\/www.gruppoliturgico.com\/es\/#website\"},\"datePublished\":\"2022-05-19T22:29:49+00:00\",\"dateModified\":\"2022-06-02T10:04:13+00:00\",\"description\":\"Tout le confort d'un article de haute qualit\u00e9 \u00e0 un prix tout \u00e0 fait accessible. Le tissu en pur coton 100% est indiqu\u00e9 pour des lavages fr\u00e9quents. Finitions de couturier. Disponible en gris moyen et bleu ciel. Tailles de 38 \u00e0 48.\",\"breadcrumb\":{\"@id\":\"https:\/\/www.gruppoliturgico.com\/fr\/produit\/chemise-fil-a-fil\/#breadcrumb\"},\"inLanguage\":\"fr-FR\",\"potentialAction\":[{\"@type\":\"ReadAction\",\"target\":[\"https:\/\/www.gruppoliturgico.com\/fr\/produit\/chemise-fil-a-fil\/\"]}]},{\"@type\":\"BreadcrumbList\",\"@id\":\"https:\/\/www.gruppoliturgico.com\/fr\/produit\/chemise-fil-a-fil\/#breadcrumb\",\"itemListElement\":[{\"@type\":\"ListItem\",\"position\":1,\"name\":\"Home\",\"item\":\"https:\/\/www.gruppoliturgico.com\/fr\/\"},{\"@type\":\"ListItem\",\"position\":2,\"name\":\"Boutique\",\"item\":\"https:\/\/www.gruppoliturgico.com\/fr\/boutique\/\"},{\"@type\":\"ListItem\",\"position\":3,\"name\":\"chemise fil a fil\"}]},{\"@type\":\"WebSite\",\"@id\":\"https:\/\/www.gruppoliturgico.com\/es\/#website\",\"url\":\"https:\/\/www.gruppoliturgico.com\/es\/\",\"name\":\"Laboratorio Gruppo Liturgico\",\"description\":\"Articoli Religiosi online\",\"publisher\":{\"@id\":\"https:\/\/www.gruppoliturgico.com\/es\/#organization\"},\"potentialAction\":[{\"@type\":\"SearchAction\",\"target\":{\"@type\":\"EntryPoint\",\"urlTemplate\":\"https:\/\/www.gruppoliturgico.com\/es\/?s={search_term_string}\"},\"query-input\":\"required name=search_term_string\"}],\"inLanguage\":\"fr-FR\"},{\"@type\":\"Organization\",\"@id\":\"https:\/\/www.gruppoliturgico.com\/es\/#organization\",\"name\":\"Laboratorio Gruppo Liturgico\",\"url\":\"https:\/\/www.gruppoliturgico.com\/es\/\",\"logo\":{\"@type\":\"ImageObject\",\"inLanguage\":\"fr-FR\",\"@id\":\"https:\/\/www.gruppoliturgico.com\/es\/#\/schema\/logo\/image\/\",\"url\":\"https:\/\/www.gruppoliturgico.com\/wp-content\/uploads\/2022\/02\/logo-laboratoriogruppoliturgico.png\",\"contentUrl\":\"https:\/\/www.gruppoliturgico.com\/wp-content\/uploads\/2022\/02\/logo-laboratoriogruppoliturgico.png\",\"width\":400,\"height\":114,\"caption\":\"Laboratorio Gruppo Liturgico\"},\"image\":{\"@id\":\"https:\/\/www.gruppoliturgico.com\/es\/#\/schema\/logo\/image\/\"}}]}<\/script>\n<!-- \/ Yoast SEO plugin. -->","yoast_head_json":{"title":"chemise fil a fil - habillement pour pr\u00eatre et Laboratorio Gruppo Liturgico","description":"Tout le confort d'un article de haute qualit\u00e9 \u00e0 un prix tout \u00e0 fait accessible.  Le tissu en pur coton 100% est indiqu\u00e9 pour des lavages fr\u00e9quents.  Finitions de couturier. Disponible en gris moyen et bleu ciel. Tailles de 38 \u00e0 48.","robots":{"index":"index","follow":"follow","max-snippet":"max-snippet:-1","max-image-preview":"max-image-preview:large","max-video-preview":"max-video-preview:-1"},"canonical":"https:\/\/www.gruppoliturgico.com\/fr\/produit\/chemise-fil-a-fil\/","og_locale":"fr_FR","og_type":"article","og_title":"chemise fil a fil - habillement pour pr\u00eatre et Laboratorio Gruppo Liturgico","og_description":"Tout le confort d'un article de haute qualit\u00e9 \u00e0 un prix tout \u00e0 fait accessible.  Le tissu en pur coton 100% est indiqu\u00e9 pour des lavages fr\u00e9quents.  Finitions de couturier. Disponible en gris moyen et bleu ciel. Tailles de 38 \u00e0 48.","og_url":"https:\/\/www.gruppoliturgico.com\/fr\/produit\/chemise-fil-a-fil\/","og_site_name":"Laboratorio Gruppo Liturgico","article_modified_time":"2022-06-02T10:04:13+00:00","og_image":[{"width":1500,"height":984,"url":"https:\/\/www.gruppoliturgico.com\/wp-content\/uploads\/2022\/05\/1789_0.jpg","type":"image\/jpeg"}],"twitter_card":"summary_large_image","schema":{"@context":"https:\/\/schema.org","@graph":[{"@type":"WebPage","@id":"https:\/\/www.gruppoliturgico.com\/fr\/produit\/chemise-fil-a-fil\/","url":"https:\/\/www.gruppoliturgico.com\/fr\/produit\/chemise-fil-a-fil\/","name":"chemise fil a fil - habillement pour pr\u00eatre et Laboratorio Gruppo Liturgico","isPartOf":{"@id":"https:\/\/www.gruppoliturgico.com\/es\/#website"},"datePublished":"2022-05-19T22:29:49+00:00","dateModified":"2022-06-02T10:04:13+00:00","description":"Tout le confort d'un article de haute qualit\u00e9 \u00e0 un prix tout \u00e0 fait accessible. Le tissu en pur coton 100% est indiqu\u00e9 pour des lavages fr\u00e9quents. Finitions de couturier. Disponible en gris moyen et bleu ciel. Tailles de 38 \u00e0 48.","breadcrumb":{"@id":"https:\/\/www.gruppoliturgico.com\/fr\/produit\/chemise-fil-a-fil\/#breadcrumb"},"inLanguage":"fr-FR","potentialAction":[{"@type":"ReadAction","target":["https:\/\/www.gruppoliturgico.com\/fr\/produit\/chemise-fil-a-fil\/"]}]},{"@type":"BreadcrumbList","@id":"https:\/\/www.gruppoliturgico.com\/fr\/produit\/chemise-fil-a-fil\/#breadcrumb","itemListElement":[{"@type":"ListItem","position":1,"name":"Home","item":"https:\/\/www.gruppoliturgico.com\/fr\/"},{"@type":"ListItem","position":2,"name":"Boutique","item":"https:\/\/www.gruppoliturgico.com\/fr\/boutique\/"},{"@type":"ListItem","position":3,"name":"chemise fil a fil"}]},{"@type":"WebSite","@id":"https:\/\/www.gruppoliturgico.com\/es\/#website","url":"https:\/\/www.gruppoliturgico.com\/es\/","name":"Laboratorio Gruppo Liturgico","description":"Articoli Religiosi online","publisher":{"@id":"https:\/\/www.gruppoliturgico.com\/es\/#organization"},"potentialAction":[{"@type":"SearchAction","target":{"@type":"EntryPoint","urlTemplate":"https:\/\/www.gruppoliturgico.com\/es\/?s={search_term_string}"},"query-input":"required name=search_term_string"}],"inLanguage":"fr-FR"},{"@type":"Organization","@id":"https:\/\/www.gruppoliturgico.com\/es\/#organization","name":"Laboratorio Gruppo Liturgico","url":"https:\/\/www.gruppoliturgico.com\/es\/","logo":{"@type":"ImageObject","inLanguage":"fr-FR","@id":"https:\/\/www.gruppoliturgico.com\/es\/#\/schema\/logo\/image\/","url":"https:\/\/www.gruppoliturgico.com\/wp-content\/uploads\/2022\/02\/logo-laboratoriogruppoliturgico.png","contentUrl":"https:\/\/www.gruppoliturgico.com\/wp-content\/uploads\/2022\/02\/logo-laboratoriogruppoliturgico.png","width":400,"height":114,"caption":"Laboratorio Gruppo Liturgico"},"image":{"@id":"https:\/\/www.gruppoliturgico.com\/es\/#\/schema\/logo\/image\/"}}]}},"_links":{"self":[{"href":"https:\/\/www.gruppoliturgico.com\/fr\/wp-json\/wp\/v2\/product\/65058"}],"collection":[{"href":"https:\/\/www.gruppoliturgico.com\/fr\/wp-json\/wp\/v2\/product"}],"about":[{"href":"https:\/\/www.gruppoliturgico.com\/fr\/wp-json\/wp\/v2\/types\/product"}],"wp:featuredmedia":[{"embeddable":true,"href":"https:\/\/www.gruppoliturgico.com\/fr\/wp-json\/wp\/v2\/media\/75398"}],"wp:attachment":[{"href":"https:\/\/www.gruppoliturgico.com\/fr\/wp-json\/wp\/v2\/media?parent=65058"}],"wp:term":[{"taxonomy":"product_cat","embeddable":true,"href":"https:\/\/www.gruppoliturgico.com\/fr\/wp-json\/wp\/v2\/product_cat?post=65058"},{"taxonomy":"product_tag","embeddable":true,"href":"https:\/\/www.gruppoliturgico.com\/fr\/wp-json\/wp\/v2\/product_tag?post=65058"}],"curies":[{"name":"wp","href":"https:\/\/api.w.org\/{rel}","templated":true}]}}