{"id":64974,"date":"2022-05-20T00:25:13","date_gmt":"2022-05-19T22:25:19","guid":{"rendered":"https:\/\/www.gruppoliturgico.com\/prodotto\/valise-chapelle-2\/"},"modified":"2023-04-16T09:28:13","modified_gmt":"2023-04-16T07:28:13","slug":"valise-chapelle-2","status":"publish","type":"product","link":"https:\/\/www.gruppoliturgico.com\/fr\/produit\/valise-chapelle-2\/","title":{"rendered":"valise chapelle"},"content":{"rendered":"<html><body><p>La valise chapelle est en mat\u00e9riel rigide tr\u00e8s fort.<br>\nM\u00eame si la place est r\u00e9duite, cette valise chapelle peut contenir:<br>\nautel avec amovible support pour croix et bougies, calice en laiton de 14 cm de haut, coupe pat\u00e8ne, custode avec gravure, bouteilles d\u2019eau et du vin 30 ml, bougies en cire, croix, petite stole double face, set linges d\u2019autel.<br>\nDimensions cm 36 x 20 x 8<\/p>\n<\/body><\/html>","protected":false},"excerpt":{"rendered":"<p>La valise chapelle est en mat\u00e9riel rigide tr\u00e8s fort.<br \/>\nM\u00eame si la place est r\u00e9duite, cette valise chapelle peut contenir:<br \/>\nautel avec amovible support pour croix et bougies, calice en laiton de 14 cm de haut, coupe pat\u00e8ne, custode avec gravure, bouteilles d&rsquo;eau et du vin 30 ml, bougies en cire, croix, petite stole double face, set linges d&rsquo;autel.<br \/>\nDimensions cm 36 x 20 x 8<\/p>\n","protected":false},"featured_media":124620,"template":"","meta":[],"product_cat":[11716],"product_tag":[],"yoast_head":"<!-- This site is optimized with the Yoast SEO plugin v20.4 - https:\/\/yoast.com\/wordpress\/plugins\/seo\/ -->\n<title>valise chapelle - valises chapelle et Laboratorio Gruppo Liturgico<\/title>\n<meta name=\"description\" content=\"La valise chapelle est en mat\u00e9riel rigide tr\u00e8s fort.  M\u00eame si la place est r\u00e9duite, cette valise chapelle peut contenir: autel avec amovible support pour croix et bougies, calice en laiton de 14 cm de haut, coupe pat\u00e8ne, custode avec gravure, bouteilles d&#039;eau et du vin 30 ml, bougies en cire, croix, petite stole double face, set linges d&#039;autel. Dimensions cm 36 x 20 x 8\" \/>\n<meta name=\"robots\" content=\"index, follow, max-snippet:-1, max-image-preview:large, max-video-preview:-1\" \/>\n<link rel=\"canonical\" href=\"https:\/\/www.gruppoliturgico.com\/fr\/produit\/valise-chapelle-2\/\" \/>\n<meta property=\"og:locale\" content=\"fr_FR\" \/>\n<meta property=\"og:type\" content=\"article\" \/>\n<meta property=\"og:title\" content=\"valise chapelle - valises chapelle et Laboratorio Gruppo Liturgico\" \/>\n<meta property=\"og:description\" content=\"La valise chapelle est en mat\u00e9riel rigide tr\u00e8s fort.  M\u00eame si la place est r\u00e9duite, cette valise chapelle peut contenir: autel avec amovible support pour croix et bougies, calice en laiton de 14 cm de haut, coupe pat\u00e8ne, custode avec gravure, bouteilles d&#039;eau et du vin 30 ml, bougies en cire, croix, petite stole double face, set linges d&#039;autel. Dimensions cm 36 x 20 x 8\" \/>\n<meta property=\"og:url\" content=\"https:\/\/www.gruppoliturgico.com\/fr\/produit\/valise-chapelle-2\/\" \/>\n<meta property=\"og:site_name\" content=\"Laboratorio Gruppo Liturgico\" \/>\n<meta property=\"article:modified_time\" content=\"2023-04-16T07:28:13+00:00\" \/>\n<meta property=\"og:image\" content=\"https:\/\/www.gruppoliturgico.com\/wp-content\/uploads\/2022\/05\/212_0.jpg\" \/>\n\t<meta property=\"og:image:width\" content=\"1500\" \/>\n\t<meta property=\"og:image:height\" content=\"1340\" \/>\n\t<meta property=\"og:image:type\" content=\"image\/jpeg\" \/>\n<meta name=\"twitter:card\" content=\"summary_large_image\" \/>\n<script type=\"application\/ld+json\" class=\"yoast-schema-graph\">{\"@context\":\"https:\/\/schema.org\",\"@graph\":[{\"@type\":\"WebPage\",\"@id\":\"https:\/\/www.gruppoliturgico.com\/fr\/produit\/valise-chapelle-2\/\",\"url\":\"https:\/\/www.gruppoliturgico.com\/fr\/produit\/valise-chapelle-2\/\",\"name\":\"valise chapelle - valises chapelle et Laboratorio Gruppo Liturgico\",\"isPartOf\":{\"@id\":\"https:\/\/www.gruppoliturgico.com\/es\/#website\"},\"datePublished\":\"2022-05-19T22:25:19+00:00\",\"dateModified\":\"2023-04-16T07:28:13+00:00\",\"description\":\"La valise chapelle est en mat\u00e9riel rigide tr\u00e8s fort. M\u00eame si la place est r\u00e9duite, cette valise chapelle peut contenir: autel avec amovible support pour croix et bougies, calice en laiton de 14 cm de haut, coupe pat\u00e8ne, custode avec gravure, bouteilles d'eau et du vin 30 ml, bougies en cire, croix, petite stole double face, set linges d'autel. Dimensions cm 36 x 20 x 8\",\"breadcrumb\":{\"@id\":\"https:\/\/www.gruppoliturgico.com\/fr\/produit\/valise-chapelle-2\/#breadcrumb\"},\"inLanguage\":\"fr-FR\",\"potentialAction\":[{\"@type\":\"ReadAction\",\"target\":[\"https:\/\/www.gruppoliturgico.com\/fr\/produit\/valise-chapelle-2\/\"]}]},{\"@type\":\"BreadcrumbList\",\"@id\":\"https:\/\/www.gruppoliturgico.com\/fr\/produit\/valise-chapelle-2\/#breadcrumb\",\"itemListElement\":[{\"@type\":\"ListItem\",\"position\":1,\"name\":\"Home\",\"item\":\"https:\/\/www.gruppoliturgico.com\/fr\/\"},{\"@type\":\"ListItem\",\"position\":2,\"name\":\"Boutique\",\"item\":\"https:\/\/www.gruppoliturgico.com\/fr\/boutique\/\"},{\"@type\":\"ListItem\",\"position\":3,\"name\":\"valise chapelle\"}]},{\"@type\":\"WebSite\",\"@id\":\"https:\/\/www.gruppoliturgico.com\/es\/#website\",\"url\":\"https:\/\/www.gruppoliturgico.com\/es\/\",\"name\":\"Laboratorio Gruppo Liturgico\",\"description\":\"Articoli Religiosi online\",\"publisher\":{\"@id\":\"https:\/\/www.gruppoliturgico.com\/es\/#organization\"},\"potentialAction\":[{\"@type\":\"SearchAction\",\"target\":{\"@type\":\"EntryPoint\",\"urlTemplate\":\"https:\/\/www.gruppoliturgico.com\/es\/?s={search_term_string}\"},\"query-input\":\"required name=search_term_string\"}],\"inLanguage\":\"fr-FR\"},{\"@type\":\"Organization\",\"@id\":\"https:\/\/www.gruppoliturgico.com\/es\/#organization\",\"name\":\"Laboratorio Gruppo Liturgico\",\"url\":\"https:\/\/www.gruppoliturgico.com\/es\/\",\"logo\":{\"@type\":\"ImageObject\",\"inLanguage\":\"fr-FR\",\"@id\":\"https:\/\/www.gruppoliturgico.com\/es\/#\/schema\/logo\/image\/\",\"url\":\"https:\/\/www.gruppoliturgico.com\/wp-content\/uploads\/2022\/02\/logo-laboratoriogruppoliturgico.png\",\"contentUrl\":\"https:\/\/www.gruppoliturgico.com\/wp-content\/uploads\/2022\/02\/logo-laboratoriogruppoliturgico.png\",\"width\":400,\"height\":114,\"caption\":\"Laboratorio Gruppo Liturgico\"},\"image\":{\"@id\":\"https:\/\/www.gruppoliturgico.com\/es\/#\/schema\/logo\/image\/\"}}]}<\/script>\n<!-- \/ Yoast SEO plugin. -->","yoast_head_json":{"title":"valise chapelle - valises chapelle et Laboratorio Gruppo Liturgico","description":"La valise chapelle est en mat\u00e9riel rigide tr\u00e8s fort.  M\u00eame si la place est r\u00e9duite, cette valise chapelle peut contenir: autel avec amovible support pour croix et bougies, calice en laiton de 14 cm de haut, coupe pat\u00e8ne, custode avec gravure, bouteilles d'eau et du vin 30 ml, bougies en cire, croix, petite stole double face, set linges d'autel. Dimensions cm 36 x 20 x 8","robots":{"index":"index","follow":"follow","max-snippet":"max-snippet:-1","max-image-preview":"max-image-preview:large","max-video-preview":"max-video-preview:-1"},"canonical":"https:\/\/www.gruppoliturgico.com\/fr\/produit\/valise-chapelle-2\/","og_locale":"fr_FR","og_type":"article","og_title":"valise chapelle - valises chapelle et Laboratorio Gruppo Liturgico","og_description":"La valise chapelle est en mat\u00e9riel rigide tr\u00e8s fort.  M\u00eame si la place est r\u00e9duite, cette valise chapelle peut contenir: autel avec amovible support pour croix et bougies, calice en laiton de 14 cm de haut, coupe pat\u00e8ne, custode avec gravure, bouteilles d'eau et du vin 30 ml, bougies en cire, croix, petite stole double face, set linges d'autel. Dimensions cm 36 x 20 x 8","og_url":"https:\/\/www.gruppoliturgico.com\/fr\/produit\/valise-chapelle-2\/","og_site_name":"Laboratorio Gruppo Liturgico","article_modified_time":"2023-04-16T07:28:13+00:00","og_image":[{"width":1500,"height":1340,"url":"https:\/\/www.gruppoliturgico.com\/wp-content\/uploads\/2022\/05\/212_0.jpg","type":"image\/jpeg"}],"twitter_card":"summary_large_image","schema":{"@context":"https:\/\/schema.org","@graph":[{"@type":"WebPage","@id":"https:\/\/www.gruppoliturgico.com\/fr\/produit\/valise-chapelle-2\/","url":"https:\/\/www.gruppoliturgico.com\/fr\/produit\/valise-chapelle-2\/","name":"valise chapelle - valises chapelle et Laboratorio Gruppo Liturgico","isPartOf":{"@id":"https:\/\/www.gruppoliturgico.com\/es\/#website"},"datePublished":"2022-05-19T22:25:19+00:00","dateModified":"2023-04-16T07:28:13+00:00","description":"La valise chapelle est en mat\u00e9riel rigide tr\u00e8s fort. M\u00eame si la place est r\u00e9duite, cette valise chapelle peut contenir: autel avec amovible support pour croix et bougies, calice en laiton de 14 cm de haut, coupe pat\u00e8ne, custode avec gravure, bouteilles d'eau et du vin 30 ml, bougies en cire, croix, petite stole double face, set linges d'autel. Dimensions cm 36 x 20 x 8","breadcrumb":{"@id":"https:\/\/www.gruppoliturgico.com\/fr\/produit\/valise-chapelle-2\/#breadcrumb"},"inLanguage":"fr-FR","potentialAction":[{"@type":"ReadAction","target":["https:\/\/www.gruppoliturgico.com\/fr\/produit\/valise-chapelle-2\/"]}]},{"@type":"BreadcrumbList","@id":"https:\/\/www.gruppoliturgico.com\/fr\/produit\/valise-chapelle-2\/#breadcrumb","itemListElement":[{"@type":"ListItem","position":1,"name":"Home","item":"https:\/\/www.gruppoliturgico.com\/fr\/"},{"@type":"ListItem","position":2,"name":"Boutique","item":"https:\/\/www.gruppoliturgico.com\/fr\/boutique\/"},{"@type":"ListItem","position":3,"name":"valise chapelle"}]},{"@type":"WebSite","@id":"https:\/\/www.gruppoliturgico.com\/es\/#website","url":"https:\/\/www.gruppoliturgico.com\/es\/","name":"Laboratorio Gruppo Liturgico","description":"Articoli Religiosi online","publisher":{"@id":"https:\/\/www.gruppoliturgico.com\/es\/#organization"},"potentialAction":[{"@type":"SearchAction","target":{"@type":"EntryPoint","urlTemplate":"https:\/\/www.gruppoliturgico.com\/es\/?s={search_term_string}"},"query-input":"required name=search_term_string"}],"inLanguage":"fr-FR"},{"@type":"Organization","@id":"https:\/\/www.gruppoliturgico.com\/es\/#organization","name":"Laboratorio Gruppo Liturgico","url":"https:\/\/www.gruppoliturgico.com\/es\/","logo":{"@type":"ImageObject","inLanguage":"fr-FR","@id":"https:\/\/www.gruppoliturgico.com\/es\/#\/schema\/logo\/image\/","url":"https:\/\/www.gruppoliturgico.com\/wp-content\/uploads\/2022\/02\/logo-laboratoriogruppoliturgico.png","contentUrl":"https:\/\/www.gruppoliturgico.com\/wp-content\/uploads\/2022\/02\/logo-laboratoriogruppoliturgico.png","width":400,"height":114,"caption":"Laboratorio Gruppo Liturgico"},"image":{"@id":"https:\/\/www.gruppoliturgico.com\/es\/#\/schema\/logo\/image\/"}}]}},"_links":{"self":[{"href":"https:\/\/www.gruppoliturgico.com\/fr\/wp-json\/wp\/v2\/product\/64974"}],"collection":[{"href":"https:\/\/www.gruppoliturgico.com\/fr\/wp-json\/wp\/v2\/product"}],"about":[{"href":"https:\/\/www.gruppoliturgico.com\/fr\/wp-json\/wp\/v2\/types\/product"}],"wp:featuredmedia":[{"embeddable":true,"href":"https:\/\/www.gruppoliturgico.com\/fr\/wp-json\/wp\/v2\/media\/124620"}],"wp:attachment":[{"href":"https:\/\/www.gruppoliturgico.com\/fr\/wp-json\/wp\/v2\/media?parent=64974"}],"wp:term":[{"taxonomy":"product_cat","embeddable":true,"href":"https:\/\/www.gruppoliturgico.com\/fr\/wp-json\/wp\/v2\/product_cat?post=64974"},{"taxonomy":"product_tag","embeddable":true,"href":"https:\/\/www.gruppoliturgico.com\/fr\/wp-json\/wp\/v2\/product_tag?post=64974"}],"curies":[{"name":"wp","href":"https:\/\/api.w.org\/{rel}","templated":true}]}}