{"id":64950,"date":"2022-05-20T00:23:50","date_gmt":"2022-05-19T22:23:56","guid":{"rendered":"https:\/\/www.gruppoliturgico.com\/prodotto\/chemin-de-croix-en-ceramique\/"},"modified":"2022-10-13T17:14:43","modified_gmt":"2022-10-13T15:14:43","slug":"chemin-de-croix-en-ceramique","status":"publish","type":"product","link":"https:\/\/www.gruppoliturgico.com\/fr\/produit\/chemin-de-croix-en-ceramique\/","title":{"rendered":"chemin de croix en c\u00e9ramique"},"content":{"rendered":"<html><body><p>Chemin de croix en c\u00e9ramique<br>\nIndiqu\u00e9 pour \u00eatre plac\u00e9 \u00e0 l\u2019ext\u00e9rieur car tr\u00e8s r\u00e9sistante aux intemp\u00e9ries.<br>\nLe fond d\u00e9cor\u00e9 contrastant avec la tonalit\u00e9 claire des sc\u00e8nes les rend tr\u00e8s incisives.<br>\n Panneau de cm 50 x 35<br>\nLes 15 stations.<br>\nSur demande seront envoy\u00e9es des photographies de toutes les stations<\/p>\n<\/body><\/html>","protected":false},"excerpt":{"rendered":"<p>Chemin de croix en c\u00e9ramique<br \/>\nIndiqu\u00e9 pour \u00eatre plac\u00e9 \u00e0 l&rsquo;ext\u00e9rieur car tr\u00e8s r\u00e9sistante aux intemp\u00e9ries.<br \/>\nLe fond d\u00e9cor\u00e9 contrastant avec la tonalit\u00e9 claire des sc\u00e8nes les rend tr\u00e8s incisives.<br \/>\n Panneau de cm 50 x 35<br \/>\nLes 15 stations.<br \/>\nSur demande seront envoy\u00e9es des photographies de toutes les stations<\/p>\n","protected":false},"featured_media":75290,"template":"","meta":[],"product_cat":[11720],"product_tag":[],"yoast_head":"<!-- This site is optimized with the Yoast SEO plugin v20.4 - https:\/\/yoast.com\/wordpress\/plugins\/seo\/ -->\n<title>chemin de croix en c\u00e9ramique - chemins de croix et Laboratorio Gruppo Liturgico<\/title>\n<meta name=\"description\" content=\"Chemin de croix en c\u00e9ramique Indiqu\u00e9 pour \u00eatre plac\u00e9 \u00e0 l&#039;ext\u00e9rieur car tr\u00e8s r\u00e9sistante aux intemp\u00e9ries.  Le fond d\u00e9cor\u00e9 contrastant avec la tonalit\u00e9 claire des sc\u00e8nes les rend tr\u00e8s incisives.  Panneau de cm 50 x 35  Les 15 stations. Sur demande seront envoy\u00e9es des photographies de toutes les stations\" \/>\n<meta name=\"robots\" content=\"index, follow, max-snippet:-1, max-image-preview:large, max-video-preview:-1\" \/>\n<link rel=\"canonical\" href=\"https:\/\/www.gruppoliturgico.com\/fr\/produit\/chemin-de-croix-en-ceramique\/\" \/>\n<meta property=\"og:locale\" content=\"fr_FR\" \/>\n<meta property=\"og:type\" content=\"article\" \/>\n<meta property=\"og:title\" content=\"chemin de croix en c\u00e9ramique - chemins de croix et Laboratorio Gruppo Liturgico\" \/>\n<meta property=\"og:description\" content=\"Chemin de croix en c\u00e9ramique Indiqu\u00e9 pour \u00eatre plac\u00e9 \u00e0 l&#039;ext\u00e9rieur car tr\u00e8s r\u00e9sistante aux intemp\u00e9ries.  Le fond d\u00e9cor\u00e9 contrastant avec la tonalit\u00e9 claire des sc\u00e8nes les rend tr\u00e8s incisives.  Panneau de cm 50 x 35  Les 15 stations. Sur demande seront envoy\u00e9es des photographies de toutes les stations\" \/>\n<meta property=\"og:url\" content=\"https:\/\/www.gruppoliturgico.com\/fr\/produit\/chemin-de-croix-en-ceramique\/\" \/>\n<meta property=\"og:site_name\" content=\"Laboratorio Gruppo Liturgico\" \/>\n<meta property=\"article:modified_time\" content=\"2022-10-13T15:14:43+00:00\" \/>\n<meta property=\"og:image\" content=\"https:\/\/www.gruppoliturgico.com\/wp-content\/uploads\/2022\/05\/437b.jpg\" \/>\n\t<meta property=\"og:image:width\" content=\"1098\" \/>\n\t<meta property=\"og:image:height\" content=\"1500\" \/>\n\t<meta property=\"og:image:type\" content=\"image\/jpeg\" \/>\n<meta name=\"twitter:card\" content=\"summary_large_image\" \/>\n<script type=\"application\/ld+json\" class=\"yoast-schema-graph\">{\"@context\":\"https:\/\/schema.org\",\"@graph\":[{\"@type\":\"WebPage\",\"@id\":\"https:\/\/www.gruppoliturgico.com\/fr\/produit\/chemin-de-croix-en-ceramique\/\",\"url\":\"https:\/\/www.gruppoliturgico.com\/fr\/produit\/chemin-de-croix-en-ceramique\/\",\"name\":\"chemin de croix en c\u00e9ramique - chemins de croix et Laboratorio Gruppo Liturgico\",\"isPartOf\":{\"@id\":\"https:\/\/www.gruppoliturgico.com\/es\/#website\"},\"datePublished\":\"2022-05-19T22:23:56+00:00\",\"dateModified\":\"2022-10-13T15:14:43+00:00\",\"description\":\"Chemin de croix en c\u00e9ramique Indiqu\u00e9 pour \u00eatre plac\u00e9 \u00e0 l'ext\u00e9rieur car tr\u00e8s r\u00e9sistante aux intemp\u00e9ries. Le fond d\u00e9cor\u00e9 contrastant avec la tonalit\u00e9 claire des sc\u00e8nes les rend tr\u00e8s incisives. Panneau de cm 50 x 35 Les 15 stations. Sur demande seront envoy\u00e9es des photographies de toutes les stations\",\"breadcrumb\":{\"@id\":\"https:\/\/www.gruppoliturgico.com\/fr\/produit\/chemin-de-croix-en-ceramique\/#breadcrumb\"},\"inLanguage\":\"fr-FR\",\"potentialAction\":[{\"@type\":\"ReadAction\",\"target\":[\"https:\/\/www.gruppoliturgico.com\/fr\/produit\/chemin-de-croix-en-ceramique\/\"]}]},{\"@type\":\"BreadcrumbList\",\"@id\":\"https:\/\/www.gruppoliturgico.com\/fr\/produit\/chemin-de-croix-en-ceramique\/#breadcrumb\",\"itemListElement\":[{\"@type\":\"ListItem\",\"position\":1,\"name\":\"Home\",\"item\":\"https:\/\/www.gruppoliturgico.com\/fr\/\"},{\"@type\":\"ListItem\",\"position\":2,\"name\":\"Boutique\",\"item\":\"https:\/\/www.gruppoliturgico.com\/fr\/boutique\/\"},{\"@type\":\"ListItem\",\"position\":3,\"name\":\"chemin de croix en c\u00e9ramique\"}]},{\"@type\":\"WebSite\",\"@id\":\"https:\/\/www.gruppoliturgico.com\/es\/#website\",\"url\":\"https:\/\/www.gruppoliturgico.com\/es\/\",\"name\":\"Laboratorio Gruppo Liturgico\",\"description\":\"Articoli Religiosi online\",\"publisher\":{\"@id\":\"https:\/\/www.gruppoliturgico.com\/es\/#organization\"},\"potentialAction\":[{\"@type\":\"SearchAction\",\"target\":{\"@type\":\"EntryPoint\",\"urlTemplate\":\"https:\/\/www.gruppoliturgico.com\/es\/?s={search_term_string}\"},\"query-input\":\"required name=search_term_string\"}],\"inLanguage\":\"fr-FR\"},{\"@type\":\"Organization\",\"@id\":\"https:\/\/www.gruppoliturgico.com\/es\/#organization\",\"name\":\"Laboratorio Gruppo Liturgico\",\"url\":\"https:\/\/www.gruppoliturgico.com\/es\/\",\"logo\":{\"@type\":\"ImageObject\",\"inLanguage\":\"fr-FR\",\"@id\":\"https:\/\/www.gruppoliturgico.com\/es\/#\/schema\/logo\/image\/\",\"url\":\"https:\/\/www.gruppoliturgico.com\/wp-content\/uploads\/2022\/02\/logo-laboratoriogruppoliturgico.png\",\"contentUrl\":\"https:\/\/www.gruppoliturgico.com\/wp-content\/uploads\/2022\/02\/logo-laboratoriogruppoliturgico.png\",\"width\":400,\"height\":114,\"caption\":\"Laboratorio Gruppo Liturgico\"},\"image\":{\"@id\":\"https:\/\/www.gruppoliturgico.com\/es\/#\/schema\/logo\/image\/\"}}]}<\/script>\n<!-- \/ Yoast SEO plugin. -->","yoast_head_json":{"title":"chemin de croix en c\u00e9ramique - chemins de croix et Laboratorio Gruppo Liturgico","description":"Chemin de croix en c\u00e9ramique Indiqu\u00e9 pour \u00eatre plac\u00e9 \u00e0 l'ext\u00e9rieur car tr\u00e8s r\u00e9sistante aux intemp\u00e9ries.  Le fond d\u00e9cor\u00e9 contrastant avec la tonalit\u00e9 claire des sc\u00e8nes les rend tr\u00e8s incisives.  Panneau de cm 50 x 35  Les 15 stations. Sur demande seront envoy\u00e9es des photographies de toutes les stations","robots":{"index":"index","follow":"follow","max-snippet":"max-snippet:-1","max-image-preview":"max-image-preview:large","max-video-preview":"max-video-preview:-1"},"canonical":"https:\/\/www.gruppoliturgico.com\/fr\/produit\/chemin-de-croix-en-ceramique\/","og_locale":"fr_FR","og_type":"article","og_title":"chemin de croix en c\u00e9ramique - chemins de croix et Laboratorio Gruppo Liturgico","og_description":"Chemin de croix en c\u00e9ramique Indiqu\u00e9 pour \u00eatre plac\u00e9 \u00e0 l'ext\u00e9rieur car tr\u00e8s r\u00e9sistante aux intemp\u00e9ries.  Le fond d\u00e9cor\u00e9 contrastant avec la tonalit\u00e9 claire des sc\u00e8nes les rend tr\u00e8s incisives.  Panneau de cm 50 x 35  Les 15 stations. Sur demande seront envoy\u00e9es des photographies de toutes les stations","og_url":"https:\/\/www.gruppoliturgico.com\/fr\/produit\/chemin-de-croix-en-ceramique\/","og_site_name":"Laboratorio Gruppo Liturgico","article_modified_time":"2022-10-13T15:14:43+00:00","og_image":[{"width":1098,"height":1500,"url":"https:\/\/www.gruppoliturgico.com\/wp-content\/uploads\/2022\/05\/437b.jpg","type":"image\/jpeg"}],"twitter_card":"summary_large_image","schema":{"@context":"https:\/\/schema.org","@graph":[{"@type":"WebPage","@id":"https:\/\/www.gruppoliturgico.com\/fr\/produit\/chemin-de-croix-en-ceramique\/","url":"https:\/\/www.gruppoliturgico.com\/fr\/produit\/chemin-de-croix-en-ceramique\/","name":"chemin de croix en c\u00e9ramique - chemins de croix et Laboratorio Gruppo Liturgico","isPartOf":{"@id":"https:\/\/www.gruppoliturgico.com\/es\/#website"},"datePublished":"2022-05-19T22:23:56+00:00","dateModified":"2022-10-13T15:14:43+00:00","description":"Chemin de croix en c\u00e9ramique Indiqu\u00e9 pour \u00eatre plac\u00e9 \u00e0 l'ext\u00e9rieur car tr\u00e8s r\u00e9sistante aux intemp\u00e9ries. Le fond d\u00e9cor\u00e9 contrastant avec la tonalit\u00e9 claire des sc\u00e8nes les rend tr\u00e8s incisives. Panneau de cm 50 x 35 Les 15 stations. Sur demande seront envoy\u00e9es des photographies de toutes les stations","breadcrumb":{"@id":"https:\/\/www.gruppoliturgico.com\/fr\/produit\/chemin-de-croix-en-ceramique\/#breadcrumb"},"inLanguage":"fr-FR","potentialAction":[{"@type":"ReadAction","target":["https:\/\/www.gruppoliturgico.com\/fr\/produit\/chemin-de-croix-en-ceramique\/"]}]},{"@type":"BreadcrumbList","@id":"https:\/\/www.gruppoliturgico.com\/fr\/produit\/chemin-de-croix-en-ceramique\/#breadcrumb","itemListElement":[{"@type":"ListItem","position":1,"name":"Home","item":"https:\/\/www.gruppoliturgico.com\/fr\/"},{"@type":"ListItem","position":2,"name":"Boutique","item":"https:\/\/www.gruppoliturgico.com\/fr\/boutique\/"},{"@type":"ListItem","position":3,"name":"chemin de croix en c\u00e9ramique"}]},{"@type":"WebSite","@id":"https:\/\/www.gruppoliturgico.com\/es\/#website","url":"https:\/\/www.gruppoliturgico.com\/es\/","name":"Laboratorio Gruppo Liturgico","description":"Articoli Religiosi online","publisher":{"@id":"https:\/\/www.gruppoliturgico.com\/es\/#organization"},"potentialAction":[{"@type":"SearchAction","target":{"@type":"EntryPoint","urlTemplate":"https:\/\/www.gruppoliturgico.com\/es\/?s={search_term_string}"},"query-input":"required name=search_term_string"}],"inLanguage":"fr-FR"},{"@type":"Organization","@id":"https:\/\/www.gruppoliturgico.com\/es\/#organization","name":"Laboratorio Gruppo Liturgico","url":"https:\/\/www.gruppoliturgico.com\/es\/","logo":{"@type":"ImageObject","inLanguage":"fr-FR","@id":"https:\/\/www.gruppoliturgico.com\/es\/#\/schema\/logo\/image\/","url":"https:\/\/www.gruppoliturgico.com\/wp-content\/uploads\/2022\/02\/logo-laboratoriogruppoliturgico.png","contentUrl":"https:\/\/www.gruppoliturgico.com\/wp-content\/uploads\/2022\/02\/logo-laboratoriogruppoliturgico.png","width":400,"height":114,"caption":"Laboratorio Gruppo Liturgico"},"image":{"@id":"https:\/\/www.gruppoliturgico.com\/es\/#\/schema\/logo\/image\/"}}]}},"_links":{"self":[{"href":"https:\/\/www.gruppoliturgico.com\/fr\/wp-json\/wp\/v2\/product\/64950"}],"collection":[{"href":"https:\/\/www.gruppoliturgico.com\/fr\/wp-json\/wp\/v2\/product"}],"about":[{"href":"https:\/\/www.gruppoliturgico.com\/fr\/wp-json\/wp\/v2\/types\/product"}],"wp:featuredmedia":[{"embeddable":true,"href":"https:\/\/www.gruppoliturgico.com\/fr\/wp-json\/wp\/v2\/media\/75290"}],"wp:attachment":[{"href":"https:\/\/www.gruppoliturgico.com\/fr\/wp-json\/wp\/v2\/media?parent=64950"}],"wp:term":[{"taxonomy":"product_cat","embeddable":true,"href":"https:\/\/www.gruppoliturgico.com\/fr\/wp-json\/wp\/v2\/product_cat?post=64950"},{"taxonomy":"product_tag","embeddable":true,"href":"https:\/\/www.gruppoliturgico.com\/fr\/wp-json\/wp\/v2\/product_tag?post=64950"}],"curies":[{"name":"wp","href":"https:\/\/api.w.org\/{rel}","templated":true}]}}