{"id":64938,"date":"2022-05-20T00:23:09","date_gmt":"2022-05-19T22:23:14","guid":{"rendered":"https:\/\/www.gruppoliturgico.com\/prodotto\/calice-19\/"},"modified":"2022-05-20T08:22:40","modified_gmt":"2022-05-20T06:22:40","slug":"calice-19","status":"publish","type":"product","link":"https:\/\/www.gruppoliturgico.com\/fr\/produit\/calice-19\/","title":{"rendered":"Calice"},"content":{"rendered":"<html><body><p>calice grandiose et majestueux en style empire compl\u00e8tement en argent massif.<br>\nIl est enti\u00e8rement cisel\u00e9 \u00e0 la main avec motifs ornementaux dor\u00e9s<br>\nFourni dans un \u00e9l\u00e9gant \u00e9crin rigide rev\u00eatu en velours.<\/p>\n<p>Hauteur cm 28<br>\nCoupe \u00d8 cm 8,5<\/p>\n<\/body><\/html>","protected":false},"excerpt":{"rendered":"<p>calice grandiose et majestueux en style empire compl\u00e8tement en argent massif.<br \/>\nIl est enti\u00e8rement cisel\u00e9 \u00e0 la main avec motifs ornementaux dor\u00e9s<br \/>\nFourni dans un \u00e9l\u00e9gant \u00e9crin rigide rev\u00eatu en velours.<\/p>\n<p>Hauteur cm 28<br \/>\nCoupe \u00d8 cm 8,5<\/p>\n","protected":false},"featured_media":75278,"template":"","meta":[],"product_cat":[12020],"product_tag":[],"yoast_head":"<!-- This site is optimized with the Yoast SEO plugin v20.4 - https:\/\/yoast.com\/wordpress\/plugins\/seo\/ -->\n<title>Calice - en argent massif et Laboratorio Gruppo Liturgico<\/title>\n<meta name=\"description\" content=\"calice grandiose et majestueux en style empire compl\u00e8tement en argent massif. Il est enti\u00e8rement cisel\u00e9 \u00e0 la main avec motifs ornementaux dor\u00e9s Fourni dans un \u00e9l\u00e9gant \u00e9crin rigide rev\u00eatu en velours.  Hauteur cm 28 Coupe \u00d8 cm 8,5\" \/>\n<meta name=\"robots\" content=\"index, follow, max-snippet:-1, max-image-preview:large, max-video-preview:-1\" \/>\n<link rel=\"canonical\" href=\"https:\/\/www.gruppoliturgico.com\/fr\/produit\/calice-19\/\" \/>\n<meta property=\"og:locale\" content=\"fr_FR\" \/>\n<meta property=\"og:type\" content=\"article\" \/>\n<meta property=\"og:title\" content=\"Calice - en argent massif et Laboratorio Gruppo Liturgico\" \/>\n<meta property=\"og:description\" content=\"calice grandiose et majestueux en style empire compl\u00e8tement en argent massif. Il est enti\u00e8rement cisel\u00e9 \u00e0 la main avec motifs ornementaux dor\u00e9s Fourni dans un \u00e9l\u00e9gant \u00e9crin rigide rev\u00eatu en velours.  Hauteur cm 28 Coupe \u00d8 cm 8,5\" \/>\n<meta property=\"og:url\" content=\"https:\/\/www.gruppoliturgico.com\/fr\/produit\/calice-19\/\" \/>\n<meta property=\"og:site_name\" content=\"Laboratorio Gruppo Liturgico\" \/>\n<meta property=\"article:modified_time\" content=\"2022-05-20T06:22:40+00:00\" \/>\n<meta property=\"og:image\" content=\"https:\/\/www.gruppoliturgico.com\/wp-content\/uploads\/2022\/05\/3011.jpg\" \/>\n\t<meta property=\"og:image:width\" content=\"729\" \/>\n\t<meta property=\"og:image:height\" content=\"1500\" \/>\n\t<meta property=\"og:image:type\" content=\"image\/jpeg\" \/>\n<meta name=\"twitter:card\" content=\"summary_large_image\" \/>\n<script type=\"application\/ld+json\" class=\"yoast-schema-graph\">{\"@context\":\"https:\/\/schema.org\",\"@graph\":[{\"@type\":\"WebPage\",\"@id\":\"https:\/\/www.gruppoliturgico.com\/fr\/produit\/calice-19\/\",\"url\":\"https:\/\/www.gruppoliturgico.com\/fr\/produit\/calice-19\/\",\"name\":\"Calice - en argent massif et Laboratorio Gruppo Liturgico\",\"isPartOf\":{\"@id\":\"https:\/\/www.gruppoliturgico.com\/es\/#website\"},\"datePublished\":\"2022-05-19T22:23:14+00:00\",\"dateModified\":\"2022-05-20T06:22:40+00:00\",\"description\":\"calice grandiose et majestueux en style empire compl\u00e8tement en argent massif. Il est enti\u00e8rement cisel\u00e9 \u00e0 la main avec motifs ornementaux dor\u00e9s Fourni dans un \u00e9l\u00e9gant \u00e9crin rigide rev\u00eatu en velours. Hauteur cm 28 Coupe \u00d8 cm 8,5\",\"breadcrumb\":{\"@id\":\"https:\/\/www.gruppoliturgico.com\/fr\/produit\/calice-19\/#breadcrumb\"},\"inLanguage\":\"fr-FR\",\"potentialAction\":[{\"@type\":\"ReadAction\",\"target\":[\"https:\/\/www.gruppoliturgico.com\/fr\/produit\/calice-19\/\"]}]},{\"@type\":\"BreadcrumbList\",\"@id\":\"https:\/\/www.gruppoliturgico.com\/fr\/produit\/calice-19\/#breadcrumb\",\"itemListElement\":[{\"@type\":\"ListItem\",\"position\":1,\"name\":\"Home\",\"item\":\"https:\/\/www.gruppoliturgico.com\/fr\/\"},{\"@type\":\"ListItem\",\"position\":2,\"name\":\"Boutique\",\"item\":\"https:\/\/www.gruppoliturgico.com\/fr\/boutique\/\"},{\"@type\":\"ListItem\",\"position\":3,\"name\":\"Calice\"}]},{\"@type\":\"WebSite\",\"@id\":\"https:\/\/www.gruppoliturgico.com\/es\/#website\",\"url\":\"https:\/\/www.gruppoliturgico.com\/es\/\",\"name\":\"Laboratorio Gruppo Liturgico\",\"description\":\"Articoli Religiosi online\",\"publisher\":{\"@id\":\"https:\/\/www.gruppoliturgico.com\/es\/#organization\"},\"potentialAction\":[{\"@type\":\"SearchAction\",\"target\":{\"@type\":\"EntryPoint\",\"urlTemplate\":\"https:\/\/www.gruppoliturgico.com\/es\/?s={search_term_string}\"},\"query-input\":\"required name=search_term_string\"}],\"inLanguage\":\"fr-FR\"},{\"@type\":\"Organization\",\"@id\":\"https:\/\/www.gruppoliturgico.com\/es\/#organization\",\"name\":\"Laboratorio Gruppo Liturgico\",\"url\":\"https:\/\/www.gruppoliturgico.com\/es\/\",\"logo\":{\"@type\":\"ImageObject\",\"inLanguage\":\"fr-FR\",\"@id\":\"https:\/\/www.gruppoliturgico.com\/es\/#\/schema\/logo\/image\/\",\"url\":\"https:\/\/www.gruppoliturgico.com\/wp-content\/uploads\/2022\/02\/logo-laboratoriogruppoliturgico.png\",\"contentUrl\":\"https:\/\/www.gruppoliturgico.com\/wp-content\/uploads\/2022\/02\/logo-laboratoriogruppoliturgico.png\",\"width\":400,\"height\":114,\"caption\":\"Laboratorio Gruppo Liturgico\"},\"image\":{\"@id\":\"https:\/\/www.gruppoliturgico.com\/es\/#\/schema\/logo\/image\/\"}}]}<\/script>\n<!-- \/ Yoast SEO plugin. -->","yoast_head_json":{"title":"Calice - en argent massif et Laboratorio Gruppo Liturgico","description":"calice grandiose et majestueux en style empire compl\u00e8tement en argent massif. Il est enti\u00e8rement cisel\u00e9 \u00e0 la main avec motifs ornementaux dor\u00e9s Fourni dans un \u00e9l\u00e9gant \u00e9crin rigide rev\u00eatu en velours.  Hauteur cm 28 Coupe \u00d8 cm 8,5","robots":{"index":"index","follow":"follow","max-snippet":"max-snippet:-1","max-image-preview":"max-image-preview:large","max-video-preview":"max-video-preview:-1"},"canonical":"https:\/\/www.gruppoliturgico.com\/fr\/produit\/calice-19\/","og_locale":"fr_FR","og_type":"article","og_title":"Calice - en argent massif et Laboratorio Gruppo Liturgico","og_description":"calice grandiose et majestueux en style empire compl\u00e8tement en argent massif. Il est enti\u00e8rement cisel\u00e9 \u00e0 la main avec motifs ornementaux dor\u00e9s Fourni dans un \u00e9l\u00e9gant \u00e9crin rigide rev\u00eatu en velours.  Hauteur cm 28 Coupe \u00d8 cm 8,5","og_url":"https:\/\/www.gruppoliturgico.com\/fr\/produit\/calice-19\/","og_site_name":"Laboratorio Gruppo Liturgico","article_modified_time":"2022-05-20T06:22:40+00:00","og_image":[{"width":729,"height":1500,"url":"https:\/\/www.gruppoliturgico.com\/wp-content\/uploads\/2022\/05\/3011.jpg","type":"image\/jpeg"}],"twitter_card":"summary_large_image","schema":{"@context":"https:\/\/schema.org","@graph":[{"@type":"WebPage","@id":"https:\/\/www.gruppoliturgico.com\/fr\/produit\/calice-19\/","url":"https:\/\/www.gruppoliturgico.com\/fr\/produit\/calice-19\/","name":"Calice - en argent massif et Laboratorio Gruppo Liturgico","isPartOf":{"@id":"https:\/\/www.gruppoliturgico.com\/es\/#website"},"datePublished":"2022-05-19T22:23:14+00:00","dateModified":"2022-05-20T06:22:40+00:00","description":"calice grandiose et majestueux en style empire compl\u00e8tement en argent massif. Il est enti\u00e8rement cisel\u00e9 \u00e0 la main avec motifs ornementaux dor\u00e9s Fourni dans un \u00e9l\u00e9gant \u00e9crin rigide rev\u00eatu en velours. Hauteur cm 28 Coupe \u00d8 cm 8,5","breadcrumb":{"@id":"https:\/\/www.gruppoliturgico.com\/fr\/produit\/calice-19\/#breadcrumb"},"inLanguage":"fr-FR","potentialAction":[{"@type":"ReadAction","target":["https:\/\/www.gruppoliturgico.com\/fr\/produit\/calice-19\/"]}]},{"@type":"BreadcrumbList","@id":"https:\/\/www.gruppoliturgico.com\/fr\/produit\/calice-19\/#breadcrumb","itemListElement":[{"@type":"ListItem","position":1,"name":"Home","item":"https:\/\/www.gruppoliturgico.com\/fr\/"},{"@type":"ListItem","position":2,"name":"Boutique","item":"https:\/\/www.gruppoliturgico.com\/fr\/boutique\/"},{"@type":"ListItem","position":3,"name":"Calice"}]},{"@type":"WebSite","@id":"https:\/\/www.gruppoliturgico.com\/es\/#website","url":"https:\/\/www.gruppoliturgico.com\/es\/","name":"Laboratorio Gruppo Liturgico","description":"Articoli Religiosi online","publisher":{"@id":"https:\/\/www.gruppoliturgico.com\/es\/#organization"},"potentialAction":[{"@type":"SearchAction","target":{"@type":"EntryPoint","urlTemplate":"https:\/\/www.gruppoliturgico.com\/es\/?s={search_term_string}"},"query-input":"required name=search_term_string"}],"inLanguage":"fr-FR"},{"@type":"Organization","@id":"https:\/\/www.gruppoliturgico.com\/es\/#organization","name":"Laboratorio Gruppo Liturgico","url":"https:\/\/www.gruppoliturgico.com\/es\/","logo":{"@type":"ImageObject","inLanguage":"fr-FR","@id":"https:\/\/www.gruppoliturgico.com\/es\/#\/schema\/logo\/image\/","url":"https:\/\/www.gruppoliturgico.com\/wp-content\/uploads\/2022\/02\/logo-laboratoriogruppoliturgico.png","contentUrl":"https:\/\/www.gruppoliturgico.com\/wp-content\/uploads\/2022\/02\/logo-laboratoriogruppoliturgico.png","width":400,"height":114,"caption":"Laboratorio Gruppo Liturgico"},"image":{"@id":"https:\/\/www.gruppoliturgico.com\/es\/#\/schema\/logo\/image\/"}}]}},"_links":{"self":[{"href":"https:\/\/www.gruppoliturgico.com\/fr\/wp-json\/wp\/v2\/product\/64938"}],"collection":[{"href":"https:\/\/www.gruppoliturgico.com\/fr\/wp-json\/wp\/v2\/product"}],"about":[{"href":"https:\/\/www.gruppoliturgico.com\/fr\/wp-json\/wp\/v2\/types\/product"}],"wp:featuredmedia":[{"embeddable":true,"href":"https:\/\/www.gruppoliturgico.com\/fr\/wp-json\/wp\/v2\/media\/75278"}],"wp:attachment":[{"href":"https:\/\/www.gruppoliturgico.com\/fr\/wp-json\/wp\/v2\/media?parent=64938"}],"wp:term":[{"taxonomy":"product_cat","embeddable":true,"href":"https:\/\/www.gruppoliturgico.com\/fr\/wp-json\/wp\/v2\/product_cat?post=64938"},{"taxonomy":"product_tag","embeddable":true,"href":"https:\/\/www.gruppoliturgico.com\/fr\/wp-json\/wp\/v2\/product_tag?post=64938"}],"curies":[{"name":"wp","href":"https:\/\/api.w.org\/{rel}","templated":true}]}}