{"id":64922,"date":"2022-05-20T00:22:14","date_gmt":"2022-05-19T22:22:22","guid":{"rendered":"https:\/\/www.gruppoliturgico.com\/prodotto\/chemin-de-croix-17\/"},"modified":"2022-10-13T11:34:33","modified_gmt":"2022-10-13T09:34:33","slug":"chemin-de-croix-17","status":"publish","type":"product","link":"https:\/\/www.gruppoliturgico.com\/fr\/produit\/chemin-de-croix-17\/","title":{"rendered":"chemin de croix"},"content":{"rendered":"<html><body><p>Chemin de croix en bois dor\u00e9 \u00e0 la feuille d\u2019or de style florentin avec de petites colonnes \u00e0 tortillon.<br>\nLes figures en couleurs sont imprim\u00e9es en s\u00e9rigraphie et donc tr\u00e8s r\u00e9sistantes.<br>\nPanneau de cm cm 50 x 33<br>\nLes 15 stations.<br>\nSur demande seront envoy\u00e9es des photographies de toutes les stations.<\/p>\n<\/body><\/html>","protected":false},"excerpt":{"rendered":"<p>Chemin de croix en bois dor\u00e9 \u00e0 la feuille d\u2019or de style florentin avec de petites colonnes \u00e0 tortillon.<br \/>\nLes figures en couleurs sont imprim\u00e9es en s\u00e9rigraphie et donc tr\u00e8s r\u00e9sistantes.<br \/>\nPanneau de cm cm 50 x 33<br \/>\nLes 15 stations.<br \/>\nSur demande seront envoy\u00e9es des photographies de toutes les stations.<\/p>\n","protected":false},"featured_media":133285,"template":"","meta":[],"product_cat":[11720],"product_tag":[],"yoast_head":"<!-- This site is optimized with the Yoast SEO plugin v20.4 - https:\/\/yoast.com\/wordpress\/plugins\/seo\/ -->\n<title>chemin de croix - chemins de croix e Laboratorio Gruppo Liturgico Chemin de croix en bois dor\u00e9 \u00e0 la feuille d\u2019or de style florentin avec de petites colonnes \u00e0 tortillon.Les figures en couleurs sont imprim\u00e9es en s\u00e9rigraphie et donc tr\u00e8s r\u00e9sistantes.Panneau de cm cm 50 x 33Les 15 stations.Sur demande seront envoy\u00e9es des photographies de toutes les stations.<\/title>\n<meta name=\"description\" content=\"Chemin de croix en bois dor\u00e9 \u00e0 la feuille d\u2019or de style florentin avec de petites colonnes \u00e0 tortillon. Les figures en couleurs sont imprim\u00e9es en s\u00e9rigraphie et donc tr\u00e8s r\u00e9sistantes. Panneau de cm cm 50 x 33 Les 15 stations. Sur demande seront envoy\u00e9es des photographies de toutes les stations.\" \/>\n<meta name=\"robots\" content=\"index, follow, max-snippet:-1, max-image-preview:large, max-video-preview:-1\" \/>\n<link rel=\"canonical\" href=\"https:\/\/www.gruppoliturgico.com\/fr\/produit\/chemin-de-croix-17\/\" \/>\n<meta property=\"og:locale\" content=\"fr_FR\" \/>\n<meta property=\"og:type\" content=\"article\" \/>\n<meta property=\"og:title\" content=\"chemin de croix - chemins de croix e Laboratorio Gruppo Liturgico Chemin de croix en bois dor\u00e9 \u00e0 la feuille d\u2019or de style florentin avec de petites colonnes \u00e0 tortillon.Les figures en couleurs sont imprim\u00e9es en s\u00e9rigraphie et donc tr\u00e8s r\u00e9sistantes.Panneau de cm cm 50 x 33Les 15 stations.Sur demande seront envoy\u00e9es des photographies de toutes les stations.\" \/>\n<meta property=\"og:description\" content=\"Chemin de croix en bois dor\u00e9 \u00e0 la feuille d\u2019or de style florentin avec de petites colonnes \u00e0 tortillon. Les figures en couleurs sont imprim\u00e9es en s\u00e9rigraphie et donc tr\u00e8s r\u00e9sistantes. Panneau de cm cm 50 x 33 Les 15 stations. Sur demande seront envoy\u00e9es des photographies de toutes les stations.\" \/>\n<meta property=\"og:url\" content=\"https:\/\/www.gruppoliturgico.com\/fr\/produit\/chemin-de-croix-17\/\" \/>\n<meta property=\"og:site_name\" content=\"Laboratorio Gruppo Liturgico\" \/>\n<meta property=\"article:modified_time\" content=\"2022-10-13T09:34:33+00:00\" \/>\n<meta property=\"og:image\" content=\"https:\/\/www.gruppoliturgico.com\/wp-content\/uploads\/2022\/05\/620.2.jpg\" \/>\n\t<meta property=\"og:image:width\" content=\"989\" \/>\n\t<meta property=\"og:image:height\" content=\"1500\" \/>\n\t<meta property=\"og:image:type\" content=\"image\/jpeg\" \/>\n<meta name=\"twitter:card\" content=\"summary_large_image\" \/>\n<script type=\"application\/ld+json\" class=\"yoast-schema-graph\">{\"@context\":\"https:\/\/schema.org\",\"@graph\":[{\"@type\":\"WebPage\",\"@id\":\"https:\/\/www.gruppoliturgico.com\/fr\/produit\/chemin-de-croix-17\/\",\"url\":\"https:\/\/www.gruppoliturgico.com\/fr\/produit\/chemin-de-croix-17\/\",\"name\":\"chemin de croix - chemins de croix e Laboratorio Gruppo Liturgico Chemin de croix en bois dor\u00e9 \u00e0 la feuille d\u2019or de style florentin avec de petites colonnes \u00e0 tortillon.Les figures en couleurs sont imprim\u00e9es en s\u00e9rigraphie et donc tr\u00e8s r\u00e9sistantes.Panneau de cm cm 50 x 33Les 15 stations.Sur demande seront envoy\u00e9es des photographies de toutes les stations.\",\"isPartOf\":{\"@id\":\"https:\/\/www.gruppoliturgico.com\/es\/#website\"},\"datePublished\":\"2022-05-19T22:22:22+00:00\",\"dateModified\":\"2022-10-13T09:34:33+00:00\",\"description\":\"Chemin de croix en bois dor\u00e9 \u00e0 la feuille d\u2019or de style florentin avec de petites colonnes \u00e0 tortillon. Les figures en couleurs sont imprim\u00e9es en s\u00e9rigraphie et donc tr\u00e8s r\u00e9sistantes. Panneau de cm cm 50 x 33 Les 15 stations. Sur demande seront envoy\u00e9es des photographies de toutes les stations.\",\"breadcrumb\":{\"@id\":\"https:\/\/www.gruppoliturgico.com\/fr\/produit\/chemin-de-croix-17\/#breadcrumb\"},\"inLanguage\":\"fr-FR\",\"potentialAction\":[{\"@type\":\"ReadAction\",\"target\":[\"https:\/\/www.gruppoliturgico.com\/fr\/produit\/chemin-de-croix-17\/\"]}]},{\"@type\":\"BreadcrumbList\",\"@id\":\"https:\/\/www.gruppoliturgico.com\/fr\/produit\/chemin-de-croix-17\/#breadcrumb\",\"itemListElement\":[{\"@type\":\"ListItem\",\"position\":1,\"name\":\"Home\",\"item\":\"https:\/\/www.gruppoliturgico.com\/fr\/\"},{\"@type\":\"ListItem\",\"position\":2,\"name\":\"Boutique\",\"item\":\"https:\/\/www.gruppoliturgico.com\/fr\/boutique\/\"},{\"@type\":\"ListItem\",\"position\":3,\"name\":\"chemin de croix\"}]},{\"@type\":\"WebSite\",\"@id\":\"https:\/\/www.gruppoliturgico.com\/es\/#website\",\"url\":\"https:\/\/www.gruppoliturgico.com\/es\/\",\"name\":\"Laboratorio Gruppo Liturgico\",\"description\":\"Articoli Religiosi online\",\"publisher\":{\"@id\":\"https:\/\/www.gruppoliturgico.com\/es\/#organization\"},\"potentialAction\":[{\"@type\":\"SearchAction\",\"target\":{\"@type\":\"EntryPoint\",\"urlTemplate\":\"https:\/\/www.gruppoliturgico.com\/es\/?s={search_term_string}\"},\"query-input\":\"required name=search_term_string\"}],\"inLanguage\":\"fr-FR\"},{\"@type\":\"Organization\",\"@id\":\"https:\/\/www.gruppoliturgico.com\/es\/#organization\",\"name\":\"Laboratorio Gruppo Liturgico\",\"url\":\"https:\/\/www.gruppoliturgico.com\/es\/\",\"logo\":{\"@type\":\"ImageObject\",\"inLanguage\":\"fr-FR\",\"@id\":\"https:\/\/www.gruppoliturgico.com\/es\/#\/schema\/logo\/image\/\",\"url\":\"https:\/\/www.gruppoliturgico.com\/wp-content\/uploads\/2022\/02\/logo-laboratoriogruppoliturgico.png\",\"contentUrl\":\"https:\/\/www.gruppoliturgico.com\/wp-content\/uploads\/2022\/02\/logo-laboratoriogruppoliturgico.png\",\"width\":400,\"height\":114,\"caption\":\"Laboratorio Gruppo Liturgico\"},\"image\":{\"@id\":\"https:\/\/www.gruppoliturgico.com\/es\/#\/schema\/logo\/image\/\"}}]}<\/script>\n<!-- \/ Yoast SEO plugin. -->","yoast_head_json":{"title":"chemin de croix - chemins de croix e Laboratorio Gruppo Liturgico Chemin de croix en bois dor\u00e9 \u00e0 la feuille d\u2019or de style florentin avec de petites colonnes \u00e0 tortillon.Les figures en couleurs sont imprim\u00e9es en s\u00e9rigraphie et donc tr\u00e8s r\u00e9sistantes.Panneau de cm cm 50 x 33Les 15 stations.Sur demande seront envoy\u00e9es des photographies de toutes les stations.","description":"Chemin de croix en bois dor\u00e9 \u00e0 la feuille d\u2019or de style florentin avec de petites colonnes \u00e0 tortillon. Les figures en couleurs sont imprim\u00e9es en s\u00e9rigraphie et donc tr\u00e8s r\u00e9sistantes. Panneau de cm cm 50 x 33 Les 15 stations. Sur demande seront envoy\u00e9es des photographies de toutes les stations.","robots":{"index":"index","follow":"follow","max-snippet":"max-snippet:-1","max-image-preview":"max-image-preview:large","max-video-preview":"max-video-preview:-1"},"canonical":"https:\/\/www.gruppoliturgico.com\/fr\/produit\/chemin-de-croix-17\/","og_locale":"fr_FR","og_type":"article","og_title":"chemin de croix - chemins de croix e Laboratorio Gruppo Liturgico Chemin de croix en bois dor\u00e9 \u00e0 la feuille d\u2019or de style florentin avec de petites colonnes \u00e0 tortillon.Les figures en couleurs sont imprim\u00e9es en s\u00e9rigraphie et donc tr\u00e8s r\u00e9sistantes.Panneau de cm cm 50 x 33Les 15 stations.Sur demande seront envoy\u00e9es des photographies de toutes les stations.","og_description":"Chemin de croix en bois dor\u00e9 \u00e0 la feuille d\u2019or de style florentin avec de petites colonnes \u00e0 tortillon. Les figures en couleurs sont imprim\u00e9es en s\u00e9rigraphie et donc tr\u00e8s r\u00e9sistantes. Panneau de cm cm 50 x 33 Les 15 stations. Sur demande seront envoy\u00e9es des photographies de toutes les stations.","og_url":"https:\/\/www.gruppoliturgico.com\/fr\/produit\/chemin-de-croix-17\/","og_site_name":"Laboratorio Gruppo Liturgico","article_modified_time":"2022-10-13T09:34:33+00:00","og_image":[{"width":989,"height":1500,"url":"https:\/\/www.gruppoliturgico.com\/wp-content\/uploads\/2022\/05\/620.2.jpg","type":"image\/jpeg"}],"twitter_card":"summary_large_image","schema":{"@context":"https:\/\/schema.org","@graph":[{"@type":"WebPage","@id":"https:\/\/www.gruppoliturgico.com\/fr\/produit\/chemin-de-croix-17\/","url":"https:\/\/www.gruppoliturgico.com\/fr\/produit\/chemin-de-croix-17\/","name":"chemin de croix - chemins de croix e Laboratorio Gruppo Liturgico Chemin de croix en bois dor\u00e9 \u00e0 la feuille d\u2019or de style florentin avec de petites colonnes \u00e0 tortillon.Les figures en couleurs sont imprim\u00e9es en s\u00e9rigraphie et donc tr\u00e8s r\u00e9sistantes.Panneau de cm cm 50 x 33Les 15 stations.Sur demande seront envoy\u00e9es des photographies de toutes les stations.","isPartOf":{"@id":"https:\/\/www.gruppoliturgico.com\/es\/#website"},"datePublished":"2022-05-19T22:22:22+00:00","dateModified":"2022-10-13T09:34:33+00:00","description":"Chemin de croix en bois dor\u00e9 \u00e0 la feuille d\u2019or de style florentin avec de petites colonnes \u00e0 tortillon. Les figures en couleurs sont imprim\u00e9es en s\u00e9rigraphie et donc tr\u00e8s r\u00e9sistantes. Panneau de cm cm 50 x 33 Les 15 stations. Sur demande seront envoy\u00e9es des photographies de toutes les stations.","breadcrumb":{"@id":"https:\/\/www.gruppoliturgico.com\/fr\/produit\/chemin-de-croix-17\/#breadcrumb"},"inLanguage":"fr-FR","potentialAction":[{"@type":"ReadAction","target":["https:\/\/www.gruppoliturgico.com\/fr\/produit\/chemin-de-croix-17\/"]}]},{"@type":"BreadcrumbList","@id":"https:\/\/www.gruppoliturgico.com\/fr\/produit\/chemin-de-croix-17\/#breadcrumb","itemListElement":[{"@type":"ListItem","position":1,"name":"Home","item":"https:\/\/www.gruppoliturgico.com\/fr\/"},{"@type":"ListItem","position":2,"name":"Boutique","item":"https:\/\/www.gruppoliturgico.com\/fr\/boutique\/"},{"@type":"ListItem","position":3,"name":"chemin de croix"}]},{"@type":"WebSite","@id":"https:\/\/www.gruppoliturgico.com\/es\/#website","url":"https:\/\/www.gruppoliturgico.com\/es\/","name":"Laboratorio Gruppo Liturgico","description":"Articoli Religiosi online","publisher":{"@id":"https:\/\/www.gruppoliturgico.com\/es\/#organization"},"potentialAction":[{"@type":"SearchAction","target":{"@type":"EntryPoint","urlTemplate":"https:\/\/www.gruppoliturgico.com\/es\/?s={search_term_string}"},"query-input":"required name=search_term_string"}],"inLanguage":"fr-FR"},{"@type":"Organization","@id":"https:\/\/www.gruppoliturgico.com\/es\/#organization","name":"Laboratorio Gruppo Liturgico","url":"https:\/\/www.gruppoliturgico.com\/es\/","logo":{"@type":"ImageObject","inLanguage":"fr-FR","@id":"https:\/\/www.gruppoliturgico.com\/es\/#\/schema\/logo\/image\/","url":"https:\/\/www.gruppoliturgico.com\/wp-content\/uploads\/2022\/02\/logo-laboratoriogruppoliturgico.png","contentUrl":"https:\/\/www.gruppoliturgico.com\/wp-content\/uploads\/2022\/02\/logo-laboratoriogruppoliturgico.png","width":400,"height":114,"caption":"Laboratorio Gruppo Liturgico"},"image":{"@id":"https:\/\/www.gruppoliturgico.com\/es\/#\/schema\/logo\/image\/"}}]}},"_links":{"self":[{"href":"https:\/\/www.gruppoliturgico.com\/fr\/wp-json\/wp\/v2\/product\/64922"}],"collection":[{"href":"https:\/\/www.gruppoliturgico.com\/fr\/wp-json\/wp\/v2\/product"}],"about":[{"href":"https:\/\/www.gruppoliturgico.com\/fr\/wp-json\/wp\/v2\/types\/product"}],"wp:featuredmedia":[{"embeddable":true,"href":"https:\/\/www.gruppoliturgico.com\/fr\/wp-json\/wp\/v2\/media\/133285"}],"wp:attachment":[{"href":"https:\/\/www.gruppoliturgico.com\/fr\/wp-json\/wp\/v2\/media?parent=64922"}],"wp:term":[{"taxonomy":"product_cat","embeddable":true,"href":"https:\/\/www.gruppoliturgico.com\/fr\/wp-json\/wp\/v2\/product_cat?post=64922"},{"taxonomy":"product_tag","embeddable":true,"href":"https:\/\/www.gruppoliturgico.com\/fr\/wp-json\/wp\/v2\/product_tag?post=64922"}],"curies":[{"name":"wp","href":"https:\/\/api.w.org\/{rel}","templated":true}]}}