{"id":64910,"date":"2022-05-20T00:21:33","date_gmt":"2022-05-19T22:21:39","guid":{"rendered":"https:\/\/www.gruppoliturgico.com\/prodotto\/chemin-de-croix-14\/"},"modified":"2022-10-12T16:40:47","modified_gmt":"2022-10-12T14:40:47","slug":"chemin-de-croix-14","status":"publish","type":"product","link":"https:\/\/www.gruppoliturgico.com\/fr\/produit\/chemin-de-croix-14\/","title":{"rendered":"chemin de croix"},"content":{"rendered":"<html><body><p>Grandiose ouvrage en style baroque colonial.<br>\nQuinze toile originales, enti\u00e8rement peintes \u00e0 la main, sont orn\u00e9es d\u2019un cadre en bois de c\u00e8dre sculpt\u00e9 \u00e0 la main et dor\u00e9 \u00e0 la feuille d\u2019or.<br>\nDimensions toile cm 30 x 40<br>\nCadre cm 47 x 56<br>\nLes 15 stations.<br>\nSur demande seront envoy\u00e9es des photographies de toutes les stations<\/p>\n<\/body><\/html>","protected":false},"excerpt":{"rendered":"<p>Grandiose ouvrage en style baroque colonial.<br \/>\nQuinze toile originales, enti\u00e8rement peintes \u00e0 la main, sont orn\u00e9es d&rsquo;un cadre en bois de c\u00e8dre sculpt\u00e9 \u00e0 la main et dor\u00e9 \u00e0 la feuille d&rsquo;or.<br \/>\nDimensions toile cm 30 x 40<br \/>\nCadre cm 47 x 56<br \/>\nLes 15 stations.<br \/>\nSur demande seront envoy\u00e9es des photographies de toutes les stations<\/p>\n","protected":false},"featured_media":133248,"template":"","meta":[],"product_cat":[11720],"product_tag":[],"yoast_head":"<!-- This site is optimized with the Yoast SEO plugin v20.4 - https:\/\/yoast.com\/wordpress\/plugins\/seo\/ -->\n<title>chemin de croix - chemins de croix et Laboratorio Gruppo Liturgico<\/title>\n<meta name=\"description\" content=\"Grandiose ouvrage en style baroque colonial.  Quinze toile originales, enti\u00e8rement peintes \u00e0 la main, sont orn\u00e9es d&#039;un cadre en bois de c\u00e8dre sculpt\u00e9 \u00e0 la main et dor\u00e9 \u00e0 la feuille d&#039;or.  Dimensions toile cm 30 x 40 Cadre cm 47 x 56  Les 15 stations. Sur demande seront envoy\u00e9es des photographies de toutes les stations\" \/>\n<meta name=\"robots\" content=\"index, follow, max-snippet:-1, max-image-preview:large, max-video-preview:-1\" \/>\n<link rel=\"canonical\" href=\"https:\/\/www.gruppoliturgico.com\/fr\/produit\/chemin-de-croix-14\/\" \/>\n<meta property=\"og:locale\" content=\"fr_FR\" \/>\n<meta property=\"og:type\" content=\"article\" \/>\n<meta property=\"og:title\" content=\"chemin de croix - chemins de croix et Laboratorio Gruppo Liturgico\" \/>\n<meta property=\"og:description\" content=\"Grandiose ouvrage en style baroque colonial.  Quinze toile originales, enti\u00e8rement peintes \u00e0 la main, sont orn\u00e9es d&#039;un cadre en bois de c\u00e8dre sculpt\u00e9 \u00e0 la main et dor\u00e9 \u00e0 la feuille d&#039;or.  Dimensions toile cm 30 x 40 Cadre cm 47 x 56  Les 15 stations. Sur demande seront envoy\u00e9es des photographies de toutes les stations\" \/>\n<meta property=\"og:url\" content=\"https:\/\/www.gruppoliturgico.com\/fr\/produit\/chemin-de-croix-14\/\" \/>\n<meta property=\"og:site_name\" content=\"Laboratorio Gruppo Liturgico\" \/>\n<meta property=\"article:modified_time\" content=\"2022-10-12T14:40:47+00:00\" \/>\n<meta property=\"og:image\" content=\"https:\/\/www.gruppoliturgico.com\/wp-content\/uploads\/2022\/05\/1591a.jpg\" \/>\n\t<meta property=\"og:image:width\" content=\"1241\" \/>\n\t<meta property=\"og:image:height\" content=\"1500\" \/>\n\t<meta property=\"og:image:type\" content=\"image\/jpeg\" \/>\n<meta name=\"twitter:card\" content=\"summary_large_image\" \/>\n<script type=\"application\/ld+json\" class=\"yoast-schema-graph\">{\"@context\":\"https:\/\/schema.org\",\"@graph\":[{\"@type\":\"WebPage\",\"@id\":\"https:\/\/www.gruppoliturgico.com\/fr\/produit\/chemin-de-croix-14\/\",\"url\":\"https:\/\/www.gruppoliturgico.com\/fr\/produit\/chemin-de-croix-14\/\",\"name\":\"chemin de croix - chemins de croix et Laboratorio Gruppo Liturgico\",\"isPartOf\":{\"@id\":\"https:\/\/www.gruppoliturgico.com\/es\/#website\"},\"datePublished\":\"2022-05-19T22:21:39+00:00\",\"dateModified\":\"2022-10-12T14:40:47+00:00\",\"description\":\"Grandiose ouvrage en style baroque colonial. Quinze toile originales, enti\u00e8rement peintes \u00e0 la main, sont orn\u00e9es d'un cadre en bois de c\u00e8dre sculpt\u00e9 \u00e0 la main et dor\u00e9 \u00e0 la feuille d'or. Dimensions toile cm 30 x 40 Cadre cm 47 x 56 Les 15 stations. Sur demande seront envoy\u00e9es des photographies de toutes les stations\",\"breadcrumb\":{\"@id\":\"https:\/\/www.gruppoliturgico.com\/fr\/produit\/chemin-de-croix-14\/#breadcrumb\"},\"inLanguage\":\"fr-FR\",\"potentialAction\":[{\"@type\":\"ReadAction\",\"target\":[\"https:\/\/www.gruppoliturgico.com\/fr\/produit\/chemin-de-croix-14\/\"]}]},{\"@type\":\"BreadcrumbList\",\"@id\":\"https:\/\/www.gruppoliturgico.com\/fr\/produit\/chemin-de-croix-14\/#breadcrumb\",\"itemListElement\":[{\"@type\":\"ListItem\",\"position\":1,\"name\":\"Home\",\"item\":\"https:\/\/www.gruppoliturgico.com\/fr\/\"},{\"@type\":\"ListItem\",\"position\":2,\"name\":\"Boutique\",\"item\":\"https:\/\/www.gruppoliturgico.com\/fr\/boutique\/\"},{\"@type\":\"ListItem\",\"position\":3,\"name\":\"chemin de croix\"}]},{\"@type\":\"WebSite\",\"@id\":\"https:\/\/www.gruppoliturgico.com\/es\/#website\",\"url\":\"https:\/\/www.gruppoliturgico.com\/es\/\",\"name\":\"Laboratorio Gruppo Liturgico\",\"description\":\"Articoli Religiosi online\",\"publisher\":{\"@id\":\"https:\/\/www.gruppoliturgico.com\/es\/#organization\"},\"potentialAction\":[{\"@type\":\"SearchAction\",\"target\":{\"@type\":\"EntryPoint\",\"urlTemplate\":\"https:\/\/www.gruppoliturgico.com\/es\/?s={search_term_string}\"},\"query-input\":\"required name=search_term_string\"}],\"inLanguage\":\"fr-FR\"},{\"@type\":\"Organization\",\"@id\":\"https:\/\/www.gruppoliturgico.com\/es\/#organization\",\"name\":\"Laboratorio Gruppo Liturgico\",\"url\":\"https:\/\/www.gruppoliturgico.com\/es\/\",\"logo\":{\"@type\":\"ImageObject\",\"inLanguage\":\"fr-FR\",\"@id\":\"https:\/\/www.gruppoliturgico.com\/es\/#\/schema\/logo\/image\/\",\"url\":\"https:\/\/www.gruppoliturgico.com\/wp-content\/uploads\/2022\/02\/logo-laboratoriogruppoliturgico.png\",\"contentUrl\":\"https:\/\/www.gruppoliturgico.com\/wp-content\/uploads\/2022\/02\/logo-laboratoriogruppoliturgico.png\",\"width\":400,\"height\":114,\"caption\":\"Laboratorio Gruppo Liturgico\"},\"image\":{\"@id\":\"https:\/\/www.gruppoliturgico.com\/es\/#\/schema\/logo\/image\/\"}}]}<\/script>\n<!-- \/ Yoast SEO plugin. -->","yoast_head_json":{"title":"chemin de croix - chemins de croix et Laboratorio Gruppo Liturgico","description":"Grandiose ouvrage en style baroque colonial.  Quinze toile originales, enti\u00e8rement peintes \u00e0 la main, sont orn\u00e9es d'un cadre en bois de c\u00e8dre sculpt\u00e9 \u00e0 la main et dor\u00e9 \u00e0 la feuille d'or.  Dimensions toile cm 30 x 40 Cadre cm 47 x 56  Les 15 stations. Sur demande seront envoy\u00e9es des photographies de toutes les stations","robots":{"index":"index","follow":"follow","max-snippet":"max-snippet:-1","max-image-preview":"max-image-preview:large","max-video-preview":"max-video-preview:-1"},"canonical":"https:\/\/www.gruppoliturgico.com\/fr\/produit\/chemin-de-croix-14\/","og_locale":"fr_FR","og_type":"article","og_title":"chemin de croix - chemins de croix et Laboratorio Gruppo Liturgico","og_description":"Grandiose ouvrage en style baroque colonial.  Quinze toile originales, enti\u00e8rement peintes \u00e0 la main, sont orn\u00e9es d'un cadre en bois de c\u00e8dre sculpt\u00e9 \u00e0 la main et dor\u00e9 \u00e0 la feuille d'or.  Dimensions toile cm 30 x 40 Cadre cm 47 x 56  Les 15 stations. Sur demande seront envoy\u00e9es des photographies de toutes les stations","og_url":"https:\/\/www.gruppoliturgico.com\/fr\/produit\/chemin-de-croix-14\/","og_site_name":"Laboratorio Gruppo Liturgico","article_modified_time":"2022-10-12T14:40:47+00:00","og_image":[{"width":1241,"height":1500,"url":"https:\/\/www.gruppoliturgico.com\/wp-content\/uploads\/2022\/05\/1591a.jpg","type":"image\/jpeg"}],"twitter_card":"summary_large_image","schema":{"@context":"https:\/\/schema.org","@graph":[{"@type":"WebPage","@id":"https:\/\/www.gruppoliturgico.com\/fr\/produit\/chemin-de-croix-14\/","url":"https:\/\/www.gruppoliturgico.com\/fr\/produit\/chemin-de-croix-14\/","name":"chemin de croix - chemins de croix et Laboratorio Gruppo Liturgico","isPartOf":{"@id":"https:\/\/www.gruppoliturgico.com\/es\/#website"},"datePublished":"2022-05-19T22:21:39+00:00","dateModified":"2022-10-12T14:40:47+00:00","description":"Grandiose ouvrage en style baroque colonial. Quinze toile originales, enti\u00e8rement peintes \u00e0 la main, sont orn\u00e9es d'un cadre en bois de c\u00e8dre sculpt\u00e9 \u00e0 la main et dor\u00e9 \u00e0 la feuille d'or. Dimensions toile cm 30 x 40 Cadre cm 47 x 56 Les 15 stations. Sur demande seront envoy\u00e9es des photographies de toutes les stations","breadcrumb":{"@id":"https:\/\/www.gruppoliturgico.com\/fr\/produit\/chemin-de-croix-14\/#breadcrumb"},"inLanguage":"fr-FR","potentialAction":[{"@type":"ReadAction","target":["https:\/\/www.gruppoliturgico.com\/fr\/produit\/chemin-de-croix-14\/"]}]},{"@type":"BreadcrumbList","@id":"https:\/\/www.gruppoliturgico.com\/fr\/produit\/chemin-de-croix-14\/#breadcrumb","itemListElement":[{"@type":"ListItem","position":1,"name":"Home","item":"https:\/\/www.gruppoliturgico.com\/fr\/"},{"@type":"ListItem","position":2,"name":"Boutique","item":"https:\/\/www.gruppoliturgico.com\/fr\/boutique\/"},{"@type":"ListItem","position":3,"name":"chemin de croix"}]},{"@type":"WebSite","@id":"https:\/\/www.gruppoliturgico.com\/es\/#website","url":"https:\/\/www.gruppoliturgico.com\/es\/","name":"Laboratorio Gruppo Liturgico","description":"Articoli Religiosi online","publisher":{"@id":"https:\/\/www.gruppoliturgico.com\/es\/#organization"},"potentialAction":[{"@type":"SearchAction","target":{"@type":"EntryPoint","urlTemplate":"https:\/\/www.gruppoliturgico.com\/es\/?s={search_term_string}"},"query-input":"required name=search_term_string"}],"inLanguage":"fr-FR"},{"@type":"Organization","@id":"https:\/\/www.gruppoliturgico.com\/es\/#organization","name":"Laboratorio Gruppo Liturgico","url":"https:\/\/www.gruppoliturgico.com\/es\/","logo":{"@type":"ImageObject","inLanguage":"fr-FR","@id":"https:\/\/www.gruppoliturgico.com\/es\/#\/schema\/logo\/image\/","url":"https:\/\/www.gruppoliturgico.com\/wp-content\/uploads\/2022\/02\/logo-laboratoriogruppoliturgico.png","contentUrl":"https:\/\/www.gruppoliturgico.com\/wp-content\/uploads\/2022\/02\/logo-laboratoriogruppoliturgico.png","width":400,"height":114,"caption":"Laboratorio Gruppo Liturgico"},"image":{"@id":"https:\/\/www.gruppoliturgico.com\/es\/#\/schema\/logo\/image\/"}}]}},"_links":{"self":[{"href":"https:\/\/www.gruppoliturgico.com\/fr\/wp-json\/wp\/v2\/product\/64910"}],"collection":[{"href":"https:\/\/www.gruppoliturgico.com\/fr\/wp-json\/wp\/v2\/product"}],"about":[{"href":"https:\/\/www.gruppoliturgico.com\/fr\/wp-json\/wp\/v2\/types\/product"}],"wp:featuredmedia":[{"embeddable":true,"href":"https:\/\/www.gruppoliturgico.com\/fr\/wp-json\/wp\/v2\/media\/133248"}],"wp:attachment":[{"href":"https:\/\/www.gruppoliturgico.com\/fr\/wp-json\/wp\/v2\/media?parent=64910"}],"wp:term":[{"taxonomy":"product_cat","embeddable":true,"href":"https:\/\/www.gruppoliturgico.com\/fr\/wp-json\/wp\/v2\/product_cat?post=64910"},{"taxonomy":"product_tag","embeddable":true,"href":"https:\/\/www.gruppoliturgico.com\/fr\/wp-json\/wp\/v2\/product_tag?post=64910"}],"curies":[{"name":"wp","href":"https:\/\/api.w.org\/{rel}","templated":true}]}}