{"id":64906,"date":"2022-05-20T00:21:21","date_gmt":"2022-05-19T22:21:27","guid":{"rendered":"https:\/\/www.gruppoliturgico.com\/prodotto\/tabernacle-21\/"},"modified":"2022-05-20T08:21:25","modified_gmt":"2022-05-20T06:21:25","slug":"tabernacle-21","status":"publish","type":"product","link":"https:\/\/www.gruppoliturgico.com\/fr\/produit\/tabernacle-21\/","title":{"rendered":"Tabernacle"},"content":{"rendered":"<html><body><p>En bois sculpt\u00e9 et dor\u00e9 \u00e0 la feuille d\u2019or.<br>\nLa petite porte est sculpt\u00e9e avec un symbole d\u2019\u00e9pi de bl\u00e9 stylis\u00e9.<br>\nComplet de deux petits anges agenouill\u00e9s qui soutiennent le plan o\u00f9 est fix\u00e9 le tabernacle.<\/p>\n<p>Mesures<br>\nhauteur cm 63<br>\nbase cm 65 x 33<br>\ntabernacle<br>\next\u00e9rieures cm 25 x 30 x 24<br>\nint\u00e9rieures cm 20 x 24 x 22<\/p>\n<\/body><\/html>","protected":false},"excerpt":{"rendered":"<p>En bois sculpt\u00e9 et dor\u00e9 \u00e0 la feuille d&rsquo;or.<br \/>\nLa petite porte est sculpt\u00e9e avec un symbole d&rsquo;\u00e9pi de bl\u00e9 stylis\u00e9.<br \/>\nComplet de deux petits anges agenouill\u00e9s qui soutiennent le plan o\u00f9 est fix\u00e9 le tabernacle.<\/p>\n<p>Mesures<br \/>\nhauteur cm 63<br \/>\nbase cm 65 x 33<br \/>\ntabernacle<br \/>\next\u00e9rieures cm 25 x 30 x 24<br \/>\nint\u00e9rieures cm 20 x 24 x 22<\/p>\n","protected":false},"featured_media":124388,"template":"","meta":[],"product_cat":[12076],"product_tag":[],"yoast_head":"<!-- This site is optimized with the Yoast SEO plugin v20.4 - https:\/\/yoast.com\/wordpress\/plugins\/seo\/ -->\n<title>Tabernacle - Tabernacles en bois et Laboratorio Gruppo Liturgico<\/title>\n<meta name=\"description\" content=\"En bois sculpt\u00e9 et dor\u00e9 \u00e0 la feuille d&#039;or.  La petite porte est sculpt\u00e9e avec un symbole d&#039;\u00e9pi de bl\u00e9 stylis\u00e9.  Complet de deux petits anges agenouill\u00e9s qui soutiennent le plan o\u00f9 est fix\u00e9 le tabernacle.  Mesures  hauteur cm 63 base cm 65 x 33 tabernacle ext\u00e9rieures cm 25 x 30 x 24  int\u00e9rieures cm 20 x 24 x 22\" \/>\n<meta name=\"robots\" content=\"index, follow, max-snippet:-1, max-image-preview:large, max-video-preview:-1\" \/>\n<link rel=\"canonical\" href=\"https:\/\/www.gruppoliturgico.com\/fr\/produit\/tabernacle-21\/\" \/>\n<meta property=\"og:locale\" content=\"fr_FR\" \/>\n<meta property=\"og:type\" content=\"article\" \/>\n<meta property=\"og:title\" content=\"Tabernacle - Tabernacles en bois et Laboratorio Gruppo Liturgico\" \/>\n<meta property=\"og:description\" content=\"En bois sculpt\u00e9 et dor\u00e9 \u00e0 la feuille d&#039;or.  La petite porte est sculpt\u00e9e avec un symbole d&#039;\u00e9pi de bl\u00e9 stylis\u00e9.  Complet de deux petits anges agenouill\u00e9s qui soutiennent le plan o\u00f9 est fix\u00e9 le tabernacle.  Mesures  hauteur cm 63 base cm 65 x 33 tabernacle ext\u00e9rieures cm 25 x 30 x 24  int\u00e9rieures cm 20 x 24 x 22\" \/>\n<meta property=\"og:url\" content=\"https:\/\/www.gruppoliturgico.com\/fr\/produit\/tabernacle-21\/\" \/>\n<meta property=\"og:site_name\" content=\"Laboratorio Gruppo Liturgico\" \/>\n<meta property=\"article:modified_time\" content=\"2022-05-20T06:21:25+00:00\" \/>\n<meta property=\"og:image\" content=\"https:\/\/www.gruppoliturgico.com\/wp-content\/uploads\/2022\/05\/1790.tabernacolo_0.jpg\" \/>\n\t<meta property=\"og:image:width\" content=\"1500\" \/>\n\t<meta property=\"og:image:height\" content=\"1492\" \/>\n\t<meta property=\"og:image:type\" content=\"image\/jpeg\" \/>\n<meta name=\"twitter:card\" content=\"summary_large_image\" \/>\n<script type=\"application\/ld+json\" class=\"yoast-schema-graph\">{\"@context\":\"https:\/\/schema.org\",\"@graph\":[{\"@type\":\"WebPage\",\"@id\":\"https:\/\/www.gruppoliturgico.com\/fr\/produit\/tabernacle-21\/\",\"url\":\"https:\/\/www.gruppoliturgico.com\/fr\/produit\/tabernacle-21\/\",\"name\":\"Tabernacle - Tabernacles en bois et Laboratorio Gruppo Liturgico\",\"isPartOf\":{\"@id\":\"https:\/\/www.gruppoliturgico.com\/es\/#website\"},\"datePublished\":\"2022-05-19T22:21:27+00:00\",\"dateModified\":\"2022-05-20T06:21:25+00:00\",\"description\":\"En bois sculpt\u00e9 et dor\u00e9 \u00e0 la feuille d'or. La petite porte est sculpt\u00e9e avec un symbole d'\u00e9pi de bl\u00e9 stylis\u00e9. Complet de deux petits anges agenouill\u00e9s qui soutiennent le plan o\u00f9 est fix\u00e9 le tabernacle. Mesures hauteur cm 63 base cm 65 x 33 tabernacle ext\u00e9rieures cm 25 x 30 x 24 int\u00e9rieures cm 20 x 24 x 22\",\"breadcrumb\":{\"@id\":\"https:\/\/www.gruppoliturgico.com\/fr\/produit\/tabernacle-21\/#breadcrumb\"},\"inLanguage\":\"fr-FR\",\"potentialAction\":[{\"@type\":\"ReadAction\",\"target\":[\"https:\/\/www.gruppoliturgico.com\/fr\/produit\/tabernacle-21\/\"]}]},{\"@type\":\"BreadcrumbList\",\"@id\":\"https:\/\/www.gruppoliturgico.com\/fr\/produit\/tabernacle-21\/#breadcrumb\",\"itemListElement\":[{\"@type\":\"ListItem\",\"position\":1,\"name\":\"Home\",\"item\":\"https:\/\/www.gruppoliturgico.com\/fr\/\"},{\"@type\":\"ListItem\",\"position\":2,\"name\":\"Boutique\",\"item\":\"https:\/\/www.gruppoliturgico.com\/fr\/boutique\/\"},{\"@type\":\"ListItem\",\"position\":3,\"name\":\"Tabernacle\"}]},{\"@type\":\"WebSite\",\"@id\":\"https:\/\/www.gruppoliturgico.com\/es\/#website\",\"url\":\"https:\/\/www.gruppoliturgico.com\/es\/\",\"name\":\"Laboratorio Gruppo Liturgico\",\"description\":\"Articoli Religiosi online\",\"publisher\":{\"@id\":\"https:\/\/www.gruppoliturgico.com\/es\/#organization\"},\"potentialAction\":[{\"@type\":\"SearchAction\",\"target\":{\"@type\":\"EntryPoint\",\"urlTemplate\":\"https:\/\/www.gruppoliturgico.com\/es\/?s={search_term_string}\"},\"query-input\":\"required name=search_term_string\"}],\"inLanguage\":\"fr-FR\"},{\"@type\":\"Organization\",\"@id\":\"https:\/\/www.gruppoliturgico.com\/es\/#organization\",\"name\":\"Laboratorio Gruppo Liturgico\",\"url\":\"https:\/\/www.gruppoliturgico.com\/es\/\",\"logo\":{\"@type\":\"ImageObject\",\"inLanguage\":\"fr-FR\",\"@id\":\"https:\/\/www.gruppoliturgico.com\/es\/#\/schema\/logo\/image\/\",\"url\":\"https:\/\/www.gruppoliturgico.com\/wp-content\/uploads\/2022\/02\/logo-laboratoriogruppoliturgico.png\",\"contentUrl\":\"https:\/\/www.gruppoliturgico.com\/wp-content\/uploads\/2022\/02\/logo-laboratoriogruppoliturgico.png\",\"width\":400,\"height\":114,\"caption\":\"Laboratorio Gruppo Liturgico\"},\"image\":{\"@id\":\"https:\/\/www.gruppoliturgico.com\/es\/#\/schema\/logo\/image\/\"}}]}<\/script>\n<!-- \/ Yoast SEO plugin. -->","yoast_head_json":{"title":"Tabernacle - Tabernacles en bois et Laboratorio Gruppo Liturgico","description":"En bois sculpt\u00e9 et dor\u00e9 \u00e0 la feuille d'or.  La petite porte est sculpt\u00e9e avec un symbole d'\u00e9pi de bl\u00e9 stylis\u00e9.  Complet de deux petits anges agenouill\u00e9s qui soutiennent le plan o\u00f9 est fix\u00e9 le tabernacle.  Mesures  hauteur cm 63 base cm 65 x 33 tabernacle ext\u00e9rieures cm 25 x 30 x 24  int\u00e9rieures cm 20 x 24 x 22","robots":{"index":"index","follow":"follow","max-snippet":"max-snippet:-1","max-image-preview":"max-image-preview:large","max-video-preview":"max-video-preview:-1"},"canonical":"https:\/\/www.gruppoliturgico.com\/fr\/produit\/tabernacle-21\/","og_locale":"fr_FR","og_type":"article","og_title":"Tabernacle - Tabernacles en bois et Laboratorio Gruppo Liturgico","og_description":"En bois sculpt\u00e9 et dor\u00e9 \u00e0 la feuille d'or.  La petite porte est sculpt\u00e9e avec un symbole d'\u00e9pi de bl\u00e9 stylis\u00e9.  Complet de deux petits anges agenouill\u00e9s qui soutiennent le plan o\u00f9 est fix\u00e9 le tabernacle.  Mesures  hauteur cm 63 base cm 65 x 33 tabernacle ext\u00e9rieures cm 25 x 30 x 24  int\u00e9rieures cm 20 x 24 x 22","og_url":"https:\/\/www.gruppoliturgico.com\/fr\/produit\/tabernacle-21\/","og_site_name":"Laboratorio Gruppo Liturgico","article_modified_time":"2022-05-20T06:21:25+00:00","og_image":[{"width":1500,"height":1492,"url":"https:\/\/www.gruppoliturgico.com\/wp-content\/uploads\/2022\/05\/1790.tabernacolo_0.jpg","type":"image\/jpeg"}],"twitter_card":"summary_large_image","schema":{"@context":"https:\/\/schema.org","@graph":[{"@type":"WebPage","@id":"https:\/\/www.gruppoliturgico.com\/fr\/produit\/tabernacle-21\/","url":"https:\/\/www.gruppoliturgico.com\/fr\/produit\/tabernacle-21\/","name":"Tabernacle - Tabernacles en bois et Laboratorio Gruppo Liturgico","isPartOf":{"@id":"https:\/\/www.gruppoliturgico.com\/es\/#website"},"datePublished":"2022-05-19T22:21:27+00:00","dateModified":"2022-05-20T06:21:25+00:00","description":"En bois sculpt\u00e9 et dor\u00e9 \u00e0 la feuille d'or. La petite porte est sculpt\u00e9e avec un symbole d'\u00e9pi de bl\u00e9 stylis\u00e9. Complet de deux petits anges agenouill\u00e9s qui soutiennent le plan o\u00f9 est fix\u00e9 le tabernacle. Mesures hauteur cm 63 base cm 65 x 33 tabernacle ext\u00e9rieures cm 25 x 30 x 24 int\u00e9rieures cm 20 x 24 x 22","breadcrumb":{"@id":"https:\/\/www.gruppoliturgico.com\/fr\/produit\/tabernacle-21\/#breadcrumb"},"inLanguage":"fr-FR","potentialAction":[{"@type":"ReadAction","target":["https:\/\/www.gruppoliturgico.com\/fr\/produit\/tabernacle-21\/"]}]},{"@type":"BreadcrumbList","@id":"https:\/\/www.gruppoliturgico.com\/fr\/produit\/tabernacle-21\/#breadcrumb","itemListElement":[{"@type":"ListItem","position":1,"name":"Home","item":"https:\/\/www.gruppoliturgico.com\/fr\/"},{"@type":"ListItem","position":2,"name":"Boutique","item":"https:\/\/www.gruppoliturgico.com\/fr\/boutique\/"},{"@type":"ListItem","position":3,"name":"Tabernacle"}]},{"@type":"WebSite","@id":"https:\/\/www.gruppoliturgico.com\/es\/#website","url":"https:\/\/www.gruppoliturgico.com\/es\/","name":"Laboratorio Gruppo Liturgico","description":"Articoli Religiosi online","publisher":{"@id":"https:\/\/www.gruppoliturgico.com\/es\/#organization"},"potentialAction":[{"@type":"SearchAction","target":{"@type":"EntryPoint","urlTemplate":"https:\/\/www.gruppoliturgico.com\/es\/?s={search_term_string}"},"query-input":"required name=search_term_string"}],"inLanguage":"fr-FR"},{"@type":"Organization","@id":"https:\/\/www.gruppoliturgico.com\/es\/#organization","name":"Laboratorio Gruppo Liturgico","url":"https:\/\/www.gruppoliturgico.com\/es\/","logo":{"@type":"ImageObject","inLanguage":"fr-FR","@id":"https:\/\/www.gruppoliturgico.com\/es\/#\/schema\/logo\/image\/","url":"https:\/\/www.gruppoliturgico.com\/wp-content\/uploads\/2022\/02\/logo-laboratoriogruppoliturgico.png","contentUrl":"https:\/\/www.gruppoliturgico.com\/wp-content\/uploads\/2022\/02\/logo-laboratoriogruppoliturgico.png","width":400,"height":114,"caption":"Laboratorio Gruppo Liturgico"},"image":{"@id":"https:\/\/www.gruppoliturgico.com\/es\/#\/schema\/logo\/image\/"}}]}},"_links":{"self":[{"href":"https:\/\/www.gruppoliturgico.com\/fr\/wp-json\/wp\/v2\/product\/64906"}],"collection":[{"href":"https:\/\/www.gruppoliturgico.com\/fr\/wp-json\/wp\/v2\/product"}],"about":[{"href":"https:\/\/www.gruppoliturgico.com\/fr\/wp-json\/wp\/v2\/types\/product"}],"wp:featuredmedia":[{"embeddable":true,"href":"https:\/\/www.gruppoliturgico.com\/fr\/wp-json\/wp\/v2\/media\/124388"}],"wp:attachment":[{"href":"https:\/\/www.gruppoliturgico.com\/fr\/wp-json\/wp\/v2\/media?parent=64906"}],"wp:term":[{"taxonomy":"product_cat","embeddable":true,"href":"https:\/\/www.gruppoliturgico.com\/fr\/wp-json\/wp\/v2\/product_cat?post=64906"},{"taxonomy":"product_tag","embeddable":true,"href":"https:\/\/www.gruppoliturgico.com\/fr\/wp-json\/wp\/v2\/product_tag?post=64906"}],"curies":[{"name":"wp","href":"https:\/\/api.w.org\/{rel}","templated":true}]}}