{"id":64818,"date":"2022-05-20T00:16:01","date_gmt":"2022-05-19T22:16:09","guid":{"rendered":"https:\/\/www.gruppoliturgico.com\/prodotto\/crosse-7\/"},"modified":"2022-11-11T15:24:04","modified_gmt":"2022-11-11T14:24:04","slug":"crosse-7","status":"publish","type":"product","link":"https:\/\/www.gruppoliturgico.com\/fr\/produit\/crosse-7\/","title":{"rendered":"crosse"},"content":{"rendered":"<html><body><p>Prestigieux ouvrage en laiton argent\u00e9 avec des ciselures ex\u00e9cut\u00e9es \u00e0 la main.<br>\nAvec petite statue de J\u00e9sus le Bon Pasteur en bronze fondu argent\u00e9.<br>\nHauteur cm 32.<br>\nLe b\u00e2ton mesure cm 150<br>\nComplet de petite valise pour le transport.<\/p>\n<\/body><\/html>","protected":false},"excerpt":{"rendered":"<p>Prestigieux ouvrage en laiton argent\u00e9 avec des ciselures ex\u00e9cut\u00e9es \u00e0 la main.<br \/>\nAvec petite statue de J\u00e9sus le Bon Pasteur en bronze fondu argent\u00e9.<br \/>\nHauteur cm 32.<br \/>\nLe b\u00e2ton mesure cm 150<br \/>\nComplet de petite valise pour le transport.<\/p>\n","protected":false},"featured_media":137642,"template":"","meta":[],"product_cat":[12120],"product_tag":[],"yoast_head":"<!-- This site is optimized with the Yoast SEO plugin v20.4 - https:\/\/yoast.com\/wordpress\/plugins\/seo\/ -->\n<title>crosse - crosses et Laboratorio Gruppo Liturgico<\/title>\n<meta name=\"description\" content=\"Prestigieux ouvrage en laiton argent\u00e9 avec des ciselures ex\u00e9cut\u00e9es \u00e0 la main.  Avec petite statue de J\u00e9sus le Bon Pasteur en bronze fondu argent\u00e9.  Hauteur cm 32.  Le b\u00e2ton mesure cm 150 Complet de petite valise pour le transport.\" \/>\n<meta name=\"robots\" content=\"index, follow, max-snippet:-1, max-image-preview:large, max-video-preview:-1\" \/>\n<link rel=\"canonical\" href=\"https:\/\/www.gruppoliturgico.com\/fr\/produit\/crosse-7\/\" \/>\n<meta property=\"og:locale\" content=\"fr_FR\" \/>\n<meta property=\"og:type\" content=\"article\" \/>\n<meta property=\"og:title\" content=\"crosse - crosses et Laboratorio Gruppo Liturgico\" \/>\n<meta property=\"og:description\" content=\"Prestigieux ouvrage en laiton argent\u00e9 avec des ciselures ex\u00e9cut\u00e9es \u00e0 la main.  Avec petite statue de J\u00e9sus le Bon Pasteur en bronze fondu argent\u00e9.  Hauteur cm 32.  Le b\u00e2ton mesure cm 150 Complet de petite valise pour le transport.\" \/>\n<meta property=\"og:url\" content=\"https:\/\/www.gruppoliturgico.com\/fr\/produit\/crosse-7\/\" \/>\n<meta property=\"og:site_name\" content=\"Laboratorio Gruppo Liturgico\" \/>\n<meta property=\"article:modified_time\" content=\"2022-11-11T14:24:04+00:00\" \/>\n<meta property=\"og:image\" content=\"https:\/\/www.gruppoliturgico.com\/wp-content\/uploads\/2022\/05\/pastorale2.jpg\" \/>\n\t<meta property=\"og:image:width\" content=\"992\" \/>\n\t<meta property=\"og:image:height\" content=\"2000\" \/>\n\t<meta property=\"og:image:type\" content=\"image\/jpeg\" \/>\n<meta name=\"twitter:card\" content=\"summary_large_image\" \/>\n<script type=\"application\/ld+json\" class=\"yoast-schema-graph\">{\"@context\":\"https:\/\/schema.org\",\"@graph\":[{\"@type\":\"WebPage\",\"@id\":\"https:\/\/www.gruppoliturgico.com\/fr\/produit\/crosse-7\/\",\"url\":\"https:\/\/www.gruppoliturgico.com\/fr\/produit\/crosse-7\/\",\"name\":\"crosse - crosses et Laboratorio Gruppo Liturgico\",\"isPartOf\":{\"@id\":\"https:\/\/www.gruppoliturgico.com\/es\/#website\"},\"datePublished\":\"2022-05-19T22:16:09+00:00\",\"dateModified\":\"2022-11-11T14:24:04+00:00\",\"description\":\"Prestigieux ouvrage en laiton argent\u00e9 avec des ciselures ex\u00e9cut\u00e9es \u00e0 la main. Avec petite statue de J\u00e9sus le Bon Pasteur en bronze fondu argent\u00e9. Hauteur cm 32. Le b\u00e2ton mesure cm 150 Complet de petite valise pour le transport.\",\"breadcrumb\":{\"@id\":\"https:\/\/www.gruppoliturgico.com\/fr\/produit\/crosse-7\/#breadcrumb\"},\"inLanguage\":\"fr-FR\",\"potentialAction\":[{\"@type\":\"ReadAction\",\"target\":[\"https:\/\/www.gruppoliturgico.com\/fr\/produit\/crosse-7\/\"]}]},{\"@type\":\"BreadcrumbList\",\"@id\":\"https:\/\/www.gruppoliturgico.com\/fr\/produit\/crosse-7\/#breadcrumb\",\"itemListElement\":[{\"@type\":\"ListItem\",\"position\":1,\"name\":\"Home\",\"item\":\"https:\/\/www.gruppoliturgico.com\/fr\/\"},{\"@type\":\"ListItem\",\"position\":2,\"name\":\"Boutique\",\"item\":\"https:\/\/www.gruppoliturgico.com\/fr\/boutique\/\"},{\"@type\":\"ListItem\",\"position\":3,\"name\":\"crosse\"}]},{\"@type\":\"WebSite\",\"@id\":\"https:\/\/www.gruppoliturgico.com\/es\/#website\",\"url\":\"https:\/\/www.gruppoliturgico.com\/es\/\",\"name\":\"Laboratorio Gruppo Liturgico\",\"description\":\"Articoli Religiosi online\",\"publisher\":{\"@id\":\"https:\/\/www.gruppoliturgico.com\/es\/#organization\"},\"potentialAction\":[{\"@type\":\"SearchAction\",\"target\":{\"@type\":\"EntryPoint\",\"urlTemplate\":\"https:\/\/www.gruppoliturgico.com\/es\/?s={search_term_string}\"},\"query-input\":\"required name=search_term_string\"}],\"inLanguage\":\"fr-FR\"},{\"@type\":\"Organization\",\"@id\":\"https:\/\/www.gruppoliturgico.com\/es\/#organization\",\"name\":\"Laboratorio Gruppo Liturgico\",\"url\":\"https:\/\/www.gruppoliturgico.com\/es\/\",\"logo\":{\"@type\":\"ImageObject\",\"inLanguage\":\"fr-FR\",\"@id\":\"https:\/\/www.gruppoliturgico.com\/es\/#\/schema\/logo\/image\/\",\"url\":\"https:\/\/www.gruppoliturgico.com\/wp-content\/uploads\/2022\/02\/logo-laboratoriogruppoliturgico.png\",\"contentUrl\":\"https:\/\/www.gruppoliturgico.com\/wp-content\/uploads\/2022\/02\/logo-laboratoriogruppoliturgico.png\",\"width\":400,\"height\":114,\"caption\":\"Laboratorio Gruppo Liturgico\"},\"image\":{\"@id\":\"https:\/\/www.gruppoliturgico.com\/es\/#\/schema\/logo\/image\/\"}}]}<\/script>\n<!-- \/ Yoast SEO plugin. -->","yoast_head_json":{"title":"crosse - crosses et Laboratorio Gruppo Liturgico","description":"Prestigieux ouvrage en laiton argent\u00e9 avec des ciselures ex\u00e9cut\u00e9es \u00e0 la main.  Avec petite statue de J\u00e9sus le Bon Pasteur en bronze fondu argent\u00e9.  Hauteur cm 32.  Le b\u00e2ton mesure cm 150 Complet de petite valise pour le transport.","robots":{"index":"index","follow":"follow","max-snippet":"max-snippet:-1","max-image-preview":"max-image-preview:large","max-video-preview":"max-video-preview:-1"},"canonical":"https:\/\/www.gruppoliturgico.com\/fr\/produit\/crosse-7\/","og_locale":"fr_FR","og_type":"article","og_title":"crosse - crosses et Laboratorio Gruppo Liturgico","og_description":"Prestigieux ouvrage en laiton argent\u00e9 avec des ciselures ex\u00e9cut\u00e9es \u00e0 la main.  Avec petite statue de J\u00e9sus le Bon Pasteur en bronze fondu argent\u00e9.  Hauteur cm 32.  Le b\u00e2ton mesure cm 150 Complet de petite valise pour le transport.","og_url":"https:\/\/www.gruppoliturgico.com\/fr\/produit\/crosse-7\/","og_site_name":"Laboratorio Gruppo Liturgico","article_modified_time":"2022-11-11T14:24:04+00:00","og_image":[{"width":992,"height":2000,"url":"https:\/\/www.gruppoliturgico.com\/wp-content\/uploads\/2022\/05\/pastorale2.jpg","type":"image\/jpeg"}],"twitter_card":"summary_large_image","schema":{"@context":"https:\/\/schema.org","@graph":[{"@type":"WebPage","@id":"https:\/\/www.gruppoliturgico.com\/fr\/produit\/crosse-7\/","url":"https:\/\/www.gruppoliturgico.com\/fr\/produit\/crosse-7\/","name":"crosse - crosses et Laboratorio Gruppo Liturgico","isPartOf":{"@id":"https:\/\/www.gruppoliturgico.com\/es\/#website"},"datePublished":"2022-05-19T22:16:09+00:00","dateModified":"2022-11-11T14:24:04+00:00","description":"Prestigieux ouvrage en laiton argent\u00e9 avec des ciselures ex\u00e9cut\u00e9es \u00e0 la main. Avec petite statue de J\u00e9sus le Bon Pasteur en bronze fondu argent\u00e9. Hauteur cm 32. Le b\u00e2ton mesure cm 150 Complet de petite valise pour le transport.","breadcrumb":{"@id":"https:\/\/www.gruppoliturgico.com\/fr\/produit\/crosse-7\/#breadcrumb"},"inLanguage":"fr-FR","potentialAction":[{"@type":"ReadAction","target":["https:\/\/www.gruppoliturgico.com\/fr\/produit\/crosse-7\/"]}]},{"@type":"BreadcrumbList","@id":"https:\/\/www.gruppoliturgico.com\/fr\/produit\/crosse-7\/#breadcrumb","itemListElement":[{"@type":"ListItem","position":1,"name":"Home","item":"https:\/\/www.gruppoliturgico.com\/fr\/"},{"@type":"ListItem","position":2,"name":"Boutique","item":"https:\/\/www.gruppoliturgico.com\/fr\/boutique\/"},{"@type":"ListItem","position":3,"name":"crosse"}]},{"@type":"WebSite","@id":"https:\/\/www.gruppoliturgico.com\/es\/#website","url":"https:\/\/www.gruppoliturgico.com\/es\/","name":"Laboratorio Gruppo Liturgico","description":"Articoli Religiosi online","publisher":{"@id":"https:\/\/www.gruppoliturgico.com\/es\/#organization"},"potentialAction":[{"@type":"SearchAction","target":{"@type":"EntryPoint","urlTemplate":"https:\/\/www.gruppoliturgico.com\/es\/?s={search_term_string}"},"query-input":"required name=search_term_string"}],"inLanguage":"fr-FR"},{"@type":"Organization","@id":"https:\/\/www.gruppoliturgico.com\/es\/#organization","name":"Laboratorio Gruppo Liturgico","url":"https:\/\/www.gruppoliturgico.com\/es\/","logo":{"@type":"ImageObject","inLanguage":"fr-FR","@id":"https:\/\/www.gruppoliturgico.com\/es\/#\/schema\/logo\/image\/","url":"https:\/\/www.gruppoliturgico.com\/wp-content\/uploads\/2022\/02\/logo-laboratoriogruppoliturgico.png","contentUrl":"https:\/\/www.gruppoliturgico.com\/wp-content\/uploads\/2022\/02\/logo-laboratoriogruppoliturgico.png","width":400,"height":114,"caption":"Laboratorio Gruppo Liturgico"},"image":{"@id":"https:\/\/www.gruppoliturgico.com\/es\/#\/schema\/logo\/image\/"}}]}},"_links":{"self":[{"href":"https:\/\/www.gruppoliturgico.com\/fr\/wp-json\/wp\/v2\/product\/64818"}],"collection":[{"href":"https:\/\/www.gruppoliturgico.com\/fr\/wp-json\/wp\/v2\/product"}],"about":[{"href":"https:\/\/www.gruppoliturgico.com\/fr\/wp-json\/wp\/v2\/types\/product"}],"wp:featuredmedia":[{"embeddable":true,"href":"https:\/\/www.gruppoliturgico.com\/fr\/wp-json\/wp\/v2\/media\/137642"}],"wp:attachment":[{"href":"https:\/\/www.gruppoliturgico.com\/fr\/wp-json\/wp\/v2\/media?parent=64818"}],"wp:term":[{"taxonomy":"product_cat","embeddable":true,"href":"https:\/\/www.gruppoliturgico.com\/fr\/wp-json\/wp\/v2\/product_cat?post=64818"},{"taxonomy":"product_tag","embeddable":true,"href":"https:\/\/www.gruppoliturgico.com\/fr\/wp-json\/wp\/v2\/product_tag?post=64818"}],"curies":[{"name":"wp","href":"https:\/\/api.w.org\/{rel}","templated":true}]}}