{"id":64758,"date":"2022-05-20T00:11:49","date_gmt":"2022-05-19T22:11:55","guid":{"rendered":"https:\/\/www.gruppoliturgico.com\/prodotto\/tabernacle-19\/"},"modified":"2022-10-19T17:17:47","modified_gmt":"2022-10-19T15:17:47","slug":"tabernacle-19","status":"publish","type":"product","link":"https:\/\/www.gruppoliturgico.com\/fr\/produit\/tabernacle-19\/","title":{"rendered":"tabernacle"},"content":{"rendered":"<html><body><p>Tabernacle en bois sculpt\u00e9 de style baroque du XVIIe si\u00e8cle.<br>\nLes pilastres, la moulure et les panneaux avant et lat\u00e9raux sont sculpt\u00e9s dans du bois massif.<br>\nPeinture \u00e0 la cire dans diff\u00e9rentes nuances.<br>\nMod\u00e8le \u00e0 appui.<br>\nDimensions<br>\nExt\u00e9rieures cm 60 x 50 x 32<br>\nInt\u00e9rieures cm 37 x 38 x 25<\/p>\n<\/body><\/html>","protected":false},"excerpt":{"rendered":"<p>Tabernacle en bois sculpt\u00e9 de style baroque du XVIIe si\u00e8cle.<br \/>\nLes pilastres, la moulure et les panneaux avant et lat\u00e9raux sont sculpt\u00e9s dans du bois massif.<br \/>\nPeinture \u00e0 la cire dans diff\u00e9rentes nuances.<br \/>\nMod\u00e8le \u00e0 appui.<br \/>\nDimensions<br \/>\nExt\u00e9rieures cm 60 x 50 x 32<br \/>\nInt\u00e9rieures cm 37 x 38 x 25<\/p>\n","protected":false},"featured_media":131278,"template":"","meta":[],"product_cat":[12076,12136],"product_tag":[],"yoast_head":"<!-- This site is optimized with the Yoast SEO plugin v20.4 - https:\/\/yoast.com\/wordpress\/plugins\/seo\/ -->\n<title>tabernacle - Tabernacles en bois, art 1316 et Laboratorio Gruppo Liturgico<\/title>\n<meta name=\"description\" content=\"Tabernacle en bois sculpt\u00e9 de style baroque du XVIIe si\u00e8cle. Les pilastres, la moulure et les panneaux avant et lat\u00e9raux sont sculpt\u00e9s dans du bois massif. Peinture \u00e0 la cire dans diff\u00e9rentes nuances. Mod\u00e8le \u00e0 appui. Dimensions  Ext\u00e9rieures cm 60 x 50 x 32 Int\u00e9rieures cm 37 x 38 x 25\" \/>\n<meta name=\"robots\" content=\"index, follow, max-snippet:-1, max-image-preview:large, max-video-preview:-1\" \/>\n<link rel=\"canonical\" href=\"https:\/\/www.gruppoliturgico.com\/fr\/produit\/tabernacle-19\/\" \/>\n<meta property=\"og:locale\" content=\"fr_FR\" \/>\n<meta property=\"og:type\" content=\"article\" \/>\n<meta property=\"og:title\" content=\"tabernacle - Tabernacles en bois, art 1316 et Laboratorio Gruppo Liturgico\" \/>\n<meta property=\"og:description\" content=\"Tabernacle en bois sculpt\u00e9 de style baroque du XVIIe si\u00e8cle. Les pilastres, la moulure et les panneaux avant et lat\u00e9raux sont sculpt\u00e9s dans du bois massif. Peinture \u00e0 la cire dans diff\u00e9rentes nuances. Mod\u00e8le \u00e0 appui. Dimensions  Ext\u00e9rieures cm 60 x 50 x 32 Int\u00e9rieures cm 37 x 38 x 25\" \/>\n<meta property=\"og:url\" content=\"https:\/\/www.gruppoliturgico.com\/fr\/produit\/tabernacle-19\/\" \/>\n<meta property=\"og:site_name\" content=\"Laboratorio Gruppo Liturgico\" \/>\n<meta property=\"article:modified_time\" content=\"2022-10-19T15:17:47+00:00\" \/>\n<meta property=\"og:image\" content=\"https:\/\/www.gruppoliturgico.com\/wp-content\/uploads\/2022\/05\/1320_nv-934x1024.jpg\" \/>\n\t<meta property=\"og:image:width\" content=\"934\" \/>\n\t<meta property=\"og:image:height\" content=\"1024\" \/>\n\t<meta property=\"og:image:type\" content=\"image\/jpeg\" \/>\n<meta name=\"twitter:card\" content=\"summary_large_image\" \/>\n<script type=\"application\/ld+json\" class=\"yoast-schema-graph\">{\"@context\":\"https:\/\/schema.org\",\"@graph\":[{\"@type\":\"WebPage\",\"@id\":\"https:\/\/www.gruppoliturgico.com\/fr\/produit\/tabernacle-19\/\",\"url\":\"https:\/\/www.gruppoliturgico.com\/fr\/produit\/tabernacle-19\/\",\"name\":\"tabernacle - Tabernacles en bois, art 1316 et Laboratorio Gruppo Liturgico\",\"isPartOf\":{\"@id\":\"https:\/\/www.gruppoliturgico.com\/es\/#website\"},\"datePublished\":\"2022-05-19T22:11:55+00:00\",\"dateModified\":\"2022-10-19T15:17:47+00:00\",\"description\":\"Tabernacle en bois sculpt\u00e9 de style baroque du XVIIe si\u00e8cle. Les pilastres, la moulure et les panneaux avant et lat\u00e9raux sont sculpt\u00e9s dans du bois massif. Peinture \u00e0 la cire dans diff\u00e9rentes nuances. Mod\u00e8le \u00e0 appui. Dimensions Ext\u00e9rieures cm 60 x 50 x 32 Int\u00e9rieures cm 37 x 38 x 25\",\"breadcrumb\":{\"@id\":\"https:\/\/www.gruppoliturgico.com\/fr\/produit\/tabernacle-19\/#breadcrumb\"},\"inLanguage\":\"fr-FR\",\"potentialAction\":[{\"@type\":\"ReadAction\",\"target\":[\"https:\/\/www.gruppoliturgico.com\/fr\/produit\/tabernacle-19\/\"]}]},{\"@type\":\"BreadcrumbList\",\"@id\":\"https:\/\/www.gruppoliturgico.com\/fr\/produit\/tabernacle-19\/#breadcrumb\",\"itemListElement\":[{\"@type\":\"ListItem\",\"position\":1,\"name\":\"Home\",\"item\":\"https:\/\/www.gruppoliturgico.com\/fr\/\"},{\"@type\":\"ListItem\",\"position\":2,\"name\":\"Boutique\",\"item\":\"https:\/\/www.gruppoliturgico.com\/fr\/boutique\/\"},{\"@type\":\"ListItem\",\"position\":3,\"name\":\"tabernacle\"}]},{\"@type\":\"WebSite\",\"@id\":\"https:\/\/www.gruppoliturgico.com\/es\/#website\",\"url\":\"https:\/\/www.gruppoliturgico.com\/es\/\",\"name\":\"Laboratorio Gruppo Liturgico\",\"description\":\"Articoli Religiosi online\",\"publisher\":{\"@id\":\"https:\/\/www.gruppoliturgico.com\/es\/#organization\"},\"potentialAction\":[{\"@type\":\"SearchAction\",\"target\":{\"@type\":\"EntryPoint\",\"urlTemplate\":\"https:\/\/www.gruppoliturgico.com\/es\/?s={search_term_string}\"},\"query-input\":\"required name=search_term_string\"}],\"inLanguage\":\"fr-FR\"},{\"@type\":\"Organization\",\"@id\":\"https:\/\/www.gruppoliturgico.com\/es\/#organization\",\"name\":\"Laboratorio Gruppo Liturgico\",\"url\":\"https:\/\/www.gruppoliturgico.com\/es\/\",\"logo\":{\"@type\":\"ImageObject\",\"inLanguage\":\"fr-FR\",\"@id\":\"https:\/\/www.gruppoliturgico.com\/es\/#\/schema\/logo\/image\/\",\"url\":\"https:\/\/www.gruppoliturgico.com\/wp-content\/uploads\/2022\/02\/logo-laboratoriogruppoliturgico.png\",\"contentUrl\":\"https:\/\/www.gruppoliturgico.com\/wp-content\/uploads\/2022\/02\/logo-laboratoriogruppoliturgico.png\",\"width\":400,\"height\":114,\"caption\":\"Laboratorio Gruppo Liturgico\"},\"image\":{\"@id\":\"https:\/\/www.gruppoliturgico.com\/es\/#\/schema\/logo\/image\/\"}}]}<\/script>\n<!-- \/ Yoast SEO plugin. -->","yoast_head_json":{"title":"tabernacle - Tabernacles en bois, art 1316 et Laboratorio Gruppo Liturgico","description":"Tabernacle en bois sculpt\u00e9 de style baroque du XVIIe si\u00e8cle. Les pilastres, la moulure et les panneaux avant et lat\u00e9raux sont sculpt\u00e9s dans du bois massif. Peinture \u00e0 la cire dans diff\u00e9rentes nuances. Mod\u00e8le \u00e0 appui. Dimensions  Ext\u00e9rieures cm 60 x 50 x 32 Int\u00e9rieures cm 37 x 38 x 25","robots":{"index":"index","follow":"follow","max-snippet":"max-snippet:-1","max-image-preview":"max-image-preview:large","max-video-preview":"max-video-preview:-1"},"canonical":"https:\/\/www.gruppoliturgico.com\/fr\/produit\/tabernacle-19\/","og_locale":"fr_FR","og_type":"article","og_title":"tabernacle - Tabernacles en bois, art 1316 et Laboratorio Gruppo Liturgico","og_description":"Tabernacle en bois sculpt\u00e9 de style baroque du XVIIe si\u00e8cle. Les pilastres, la moulure et les panneaux avant et lat\u00e9raux sont sculpt\u00e9s dans du bois massif. Peinture \u00e0 la cire dans diff\u00e9rentes nuances. Mod\u00e8le \u00e0 appui. Dimensions  Ext\u00e9rieures cm 60 x 50 x 32 Int\u00e9rieures cm 37 x 38 x 25","og_url":"https:\/\/www.gruppoliturgico.com\/fr\/produit\/tabernacle-19\/","og_site_name":"Laboratorio Gruppo Liturgico","article_modified_time":"2022-10-19T15:17:47+00:00","og_image":[{"width":934,"height":1024,"url":"https:\/\/www.gruppoliturgico.com\/wp-content\/uploads\/2022\/05\/1320_nv-934x1024.jpg","type":"image\/jpeg"}],"twitter_card":"summary_large_image","schema":{"@context":"https:\/\/schema.org","@graph":[{"@type":"WebPage","@id":"https:\/\/www.gruppoliturgico.com\/fr\/produit\/tabernacle-19\/","url":"https:\/\/www.gruppoliturgico.com\/fr\/produit\/tabernacle-19\/","name":"tabernacle - Tabernacles en bois, art 1316 et Laboratorio Gruppo Liturgico","isPartOf":{"@id":"https:\/\/www.gruppoliturgico.com\/es\/#website"},"datePublished":"2022-05-19T22:11:55+00:00","dateModified":"2022-10-19T15:17:47+00:00","description":"Tabernacle en bois sculpt\u00e9 de style baroque du XVIIe si\u00e8cle. Les pilastres, la moulure et les panneaux avant et lat\u00e9raux sont sculpt\u00e9s dans du bois massif. Peinture \u00e0 la cire dans diff\u00e9rentes nuances. Mod\u00e8le \u00e0 appui. Dimensions Ext\u00e9rieures cm 60 x 50 x 32 Int\u00e9rieures cm 37 x 38 x 25","breadcrumb":{"@id":"https:\/\/www.gruppoliturgico.com\/fr\/produit\/tabernacle-19\/#breadcrumb"},"inLanguage":"fr-FR","potentialAction":[{"@type":"ReadAction","target":["https:\/\/www.gruppoliturgico.com\/fr\/produit\/tabernacle-19\/"]}]},{"@type":"BreadcrumbList","@id":"https:\/\/www.gruppoliturgico.com\/fr\/produit\/tabernacle-19\/#breadcrumb","itemListElement":[{"@type":"ListItem","position":1,"name":"Home","item":"https:\/\/www.gruppoliturgico.com\/fr\/"},{"@type":"ListItem","position":2,"name":"Boutique","item":"https:\/\/www.gruppoliturgico.com\/fr\/boutique\/"},{"@type":"ListItem","position":3,"name":"tabernacle"}]},{"@type":"WebSite","@id":"https:\/\/www.gruppoliturgico.com\/es\/#website","url":"https:\/\/www.gruppoliturgico.com\/es\/","name":"Laboratorio Gruppo Liturgico","description":"Articoli Religiosi online","publisher":{"@id":"https:\/\/www.gruppoliturgico.com\/es\/#organization"},"potentialAction":[{"@type":"SearchAction","target":{"@type":"EntryPoint","urlTemplate":"https:\/\/www.gruppoliturgico.com\/es\/?s={search_term_string}"},"query-input":"required name=search_term_string"}],"inLanguage":"fr-FR"},{"@type":"Organization","@id":"https:\/\/www.gruppoliturgico.com\/es\/#organization","name":"Laboratorio Gruppo Liturgico","url":"https:\/\/www.gruppoliturgico.com\/es\/","logo":{"@type":"ImageObject","inLanguage":"fr-FR","@id":"https:\/\/www.gruppoliturgico.com\/es\/#\/schema\/logo\/image\/","url":"https:\/\/www.gruppoliturgico.com\/wp-content\/uploads\/2022\/02\/logo-laboratoriogruppoliturgico.png","contentUrl":"https:\/\/www.gruppoliturgico.com\/wp-content\/uploads\/2022\/02\/logo-laboratoriogruppoliturgico.png","width":400,"height":114,"caption":"Laboratorio Gruppo Liturgico"},"image":{"@id":"https:\/\/www.gruppoliturgico.com\/es\/#\/schema\/logo\/image\/"}}]}},"_links":{"self":[{"href":"https:\/\/www.gruppoliturgico.com\/fr\/wp-json\/wp\/v2\/product\/64758"}],"collection":[{"href":"https:\/\/www.gruppoliturgico.com\/fr\/wp-json\/wp\/v2\/product"}],"about":[{"href":"https:\/\/www.gruppoliturgico.com\/fr\/wp-json\/wp\/v2\/types\/product"}],"wp:featuredmedia":[{"embeddable":true,"href":"https:\/\/www.gruppoliturgico.com\/fr\/wp-json\/wp\/v2\/media\/131278"}],"wp:attachment":[{"href":"https:\/\/www.gruppoliturgico.com\/fr\/wp-json\/wp\/v2\/media?parent=64758"}],"wp:term":[{"taxonomy":"product_cat","embeddable":true,"href":"https:\/\/www.gruppoliturgico.com\/fr\/wp-json\/wp\/v2\/product_cat?post=64758"},{"taxonomy":"product_tag","embeddable":true,"href":"https:\/\/www.gruppoliturgico.com\/fr\/wp-json\/wp\/v2\/product_tag?post=64758"}],"curies":[{"name":"wp","href":"https:\/\/api.w.org\/{rel}","templated":true}]}}