{"id":64669,"date":"2022-05-20T00:04:12","date_gmt":"2022-05-19T22:04:19","guid":{"rendered":"https:\/\/www.gruppoliturgico.com\/prodotto\/notre-dame-de-lourdes\/"},"modified":"2022-06-02T11:54:59","modified_gmt":"2022-06-02T09:54:59","slug":"notre-dame-de-lourdes","status":"publish","type":"product","link":"https:\/\/www.gruppoliturgico.com\/fr\/produit\/notre-dame-de-lourdes\/","title":{"rendered":"Notre Dame de Lourdes"},"content":{"rendered":"<html><body><p>Statue en fibre r\u00e9sine, peinte \u00e0 la main avec des couleurs \u00e0 l\u2019huile.<br>\nMod\u00e8le avec base.<br>\nHauteurs disponibles de cm 85 \u00e0 cm 180<\/p>\n<p>D\u00e9lais de livraison en fonction de la hauteur choisie<\/p>\n<\/body><\/html>","protected":false},"excerpt":{"rendered":"<p>Statue en fibre r\u00e9sine, peinte \u00e0 la main avec des couleurs \u00e0 l&rsquo;huile.<br \/>\nMod\u00e8le avec base.<br \/>\nHauteurs disponibles de cm 85 \u00e0 cm 180<\/p>\n<p>D\u00e9lais de livraison en fonction de la hauteur choisie<\/p>\n","protected":false},"featured_media":75010,"template":"","meta":[],"product_cat":[12544],"product_tag":[],"yoast_head":"<!-- This site is optimized with the Yoast SEO plugin v20.4 - https:\/\/yoast.com\/wordpress\/plugins\/seo\/ -->\n<title>Notre Dame de Lourdes - Notre Dame de Lourdes et Laboratorio Gruppo Liturgico<\/title>\n<meta name=\"description\" content=\"Statue en fibre r\u00e9sine, peinte \u00e0 la main avec des couleurs \u00e0 l&#039;huile.  Mod\u00e8le avec base.  Hauteurs disponibles de cm 85 \u00e0 cm 180  D\u00e9lais de livraison en fonction de la hauteur choisie\" \/>\n<meta name=\"robots\" content=\"index, follow, max-snippet:-1, max-image-preview:large, max-video-preview:-1\" \/>\n<link rel=\"canonical\" href=\"https:\/\/www.gruppoliturgico.com\/fr\/produit\/notre-dame-de-lourdes\/\" \/>\n<meta property=\"og:locale\" content=\"fr_FR\" \/>\n<meta property=\"og:type\" content=\"article\" \/>\n<meta property=\"og:title\" content=\"Notre Dame de Lourdes - Notre Dame de Lourdes et Laboratorio Gruppo Liturgico\" \/>\n<meta property=\"og:description\" content=\"Statue en fibre r\u00e9sine, peinte \u00e0 la main avec des couleurs \u00e0 l&#039;huile.  Mod\u00e8le avec base.  Hauteurs disponibles de cm 85 \u00e0 cm 180  D\u00e9lais de livraison en fonction de la hauteur choisie\" \/>\n<meta property=\"og:url\" content=\"https:\/\/www.gruppoliturgico.com\/fr\/produit\/notre-dame-de-lourdes\/\" \/>\n<meta property=\"og:site_name\" content=\"Laboratorio Gruppo Liturgico\" \/>\n<meta property=\"article:modified_time\" content=\"2022-06-02T09:54:59+00:00\" \/>\n<meta property=\"og:image\" content=\"https:\/\/www.gruppoliturgico.com\/wp-content\/uploads\/2022\/05\/1215.jpg\" \/>\n\t<meta property=\"og:image:width\" content=\"657\" \/>\n\t<meta property=\"og:image:height\" content=\"1500\" \/>\n\t<meta property=\"og:image:type\" content=\"image\/jpeg\" \/>\n<meta name=\"twitter:card\" content=\"summary_large_image\" \/>\n<script type=\"application\/ld+json\" class=\"yoast-schema-graph\">{\"@context\":\"https:\/\/schema.org\",\"@graph\":[{\"@type\":\"WebPage\",\"@id\":\"https:\/\/www.gruppoliturgico.com\/fr\/produit\/notre-dame-de-lourdes\/\",\"url\":\"https:\/\/www.gruppoliturgico.com\/fr\/produit\/notre-dame-de-lourdes\/\",\"name\":\"Notre Dame de Lourdes - Notre Dame de Lourdes et Laboratorio Gruppo Liturgico\",\"isPartOf\":{\"@id\":\"https:\/\/www.gruppoliturgico.com\/es\/#website\"},\"datePublished\":\"2022-05-19T22:04:19+00:00\",\"dateModified\":\"2022-06-02T09:54:59+00:00\",\"description\":\"Statue en fibre r\u00e9sine, peinte \u00e0 la main avec des couleurs \u00e0 l'huile. Mod\u00e8le avec base. Hauteurs disponibles de cm 85 \u00e0 cm 180 D\u00e9lais de livraison en fonction de la hauteur choisie\",\"breadcrumb\":{\"@id\":\"https:\/\/www.gruppoliturgico.com\/fr\/produit\/notre-dame-de-lourdes\/#breadcrumb\"},\"inLanguage\":\"fr-FR\",\"potentialAction\":[{\"@type\":\"ReadAction\",\"target\":[\"https:\/\/www.gruppoliturgico.com\/fr\/produit\/notre-dame-de-lourdes\/\"]}]},{\"@type\":\"BreadcrumbList\",\"@id\":\"https:\/\/www.gruppoliturgico.com\/fr\/produit\/notre-dame-de-lourdes\/#breadcrumb\",\"itemListElement\":[{\"@type\":\"ListItem\",\"position\":1,\"name\":\"Home\",\"item\":\"https:\/\/www.gruppoliturgico.com\/fr\/\"},{\"@type\":\"ListItem\",\"position\":2,\"name\":\"Boutique\",\"item\":\"https:\/\/www.gruppoliturgico.com\/fr\/boutique\/\"},{\"@type\":\"ListItem\",\"position\":3,\"name\":\"Notre Dame de Lourdes\"}]},{\"@type\":\"WebSite\",\"@id\":\"https:\/\/www.gruppoliturgico.com\/es\/#website\",\"url\":\"https:\/\/www.gruppoliturgico.com\/es\/\",\"name\":\"Laboratorio Gruppo Liturgico\",\"description\":\"Articoli Religiosi online\",\"publisher\":{\"@id\":\"https:\/\/www.gruppoliturgico.com\/es\/#organization\"},\"potentialAction\":[{\"@type\":\"SearchAction\",\"target\":{\"@type\":\"EntryPoint\",\"urlTemplate\":\"https:\/\/www.gruppoliturgico.com\/es\/?s={search_term_string}\"},\"query-input\":\"required name=search_term_string\"}],\"inLanguage\":\"fr-FR\"},{\"@type\":\"Organization\",\"@id\":\"https:\/\/www.gruppoliturgico.com\/es\/#organization\",\"name\":\"Laboratorio Gruppo Liturgico\",\"url\":\"https:\/\/www.gruppoliturgico.com\/es\/\",\"logo\":{\"@type\":\"ImageObject\",\"inLanguage\":\"fr-FR\",\"@id\":\"https:\/\/www.gruppoliturgico.com\/es\/#\/schema\/logo\/image\/\",\"url\":\"https:\/\/www.gruppoliturgico.com\/wp-content\/uploads\/2022\/02\/logo-laboratoriogruppoliturgico.png\",\"contentUrl\":\"https:\/\/www.gruppoliturgico.com\/wp-content\/uploads\/2022\/02\/logo-laboratoriogruppoliturgico.png\",\"width\":400,\"height\":114,\"caption\":\"Laboratorio Gruppo Liturgico\"},\"image\":{\"@id\":\"https:\/\/www.gruppoliturgico.com\/es\/#\/schema\/logo\/image\/\"}}]}<\/script>\n<!-- \/ Yoast SEO plugin. -->","yoast_head_json":{"title":"Notre Dame de Lourdes - Notre Dame de Lourdes et Laboratorio Gruppo Liturgico","description":"Statue en fibre r\u00e9sine, peinte \u00e0 la main avec des couleurs \u00e0 l'huile.  Mod\u00e8le avec base.  Hauteurs disponibles de cm 85 \u00e0 cm 180  D\u00e9lais de livraison en fonction de la hauteur choisie","robots":{"index":"index","follow":"follow","max-snippet":"max-snippet:-1","max-image-preview":"max-image-preview:large","max-video-preview":"max-video-preview:-1"},"canonical":"https:\/\/www.gruppoliturgico.com\/fr\/produit\/notre-dame-de-lourdes\/","og_locale":"fr_FR","og_type":"article","og_title":"Notre Dame de Lourdes - Notre Dame de Lourdes et Laboratorio Gruppo Liturgico","og_description":"Statue en fibre r\u00e9sine, peinte \u00e0 la main avec des couleurs \u00e0 l'huile.  Mod\u00e8le avec base.  Hauteurs disponibles de cm 85 \u00e0 cm 180  D\u00e9lais de livraison en fonction de la hauteur choisie","og_url":"https:\/\/www.gruppoliturgico.com\/fr\/produit\/notre-dame-de-lourdes\/","og_site_name":"Laboratorio Gruppo Liturgico","article_modified_time":"2022-06-02T09:54:59+00:00","og_image":[{"width":657,"height":1500,"url":"https:\/\/www.gruppoliturgico.com\/wp-content\/uploads\/2022\/05\/1215.jpg","type":"image\/jpeg"}],"twitter_card":"summary_large_image","schema":{"@context":"https:\/\/schema.org","@graph":[{"@type":"WebPage","@id":"https:\/\/www.gruppoliturgico.com\/fr\/produit\/notre-dame-de-lourdes\/","url":"https:\/\/www.gruppoliturgico.com\/fr\/produit\/notre-dame-de-lourdes\/","name":"Notre Dame de Lourdes - Notre Dame de Lourdes et Laboratorio Gruppo Liturgico","isPartOf":{"@id":"https:\/\/www.gruppoliturgico.com\/es\/#website"},"datePublished":"2022-05-19T22:04:19+00:00","dateModified":"2022-06-02T09:54:59+00:00","description":"Statue en fibre r\u00e9sine, peinte \u00e0 la main avec des couleurs \u00e0 l'huile. Mod\u00e8le avec base. Hauteurs disponibles de cm 85 \u00e0 cm 180 D\u00e9lais de livraison en fonction de la hauteur choisie","breadcrumb":{"@id":"https:\/\/www.gruppoliturgico.com\/fr\/produit\/notre-dame-de-lourdes\/#breadcrumb"},"inLanguage":"fr-FR","potentialAction":[{"@type":"ReadAction","target":["https:\/\/www.gruppoliturgico.com\/fr\/produit\/notre-dame-de-lourdes\/"]}]},{"@type":"BreadcrumbList","@id":"https:\/\/www.gruppoliturgico.com\/fr\/produit\/notre-dame-de-lourdes\/#breadcrumb","itemListElement":[{"@type":"ListItem","position":1,"name":"Home","item":"https:\/\/www.gruppoliturgico.com\/fr\/"},{"@type":"ListItem","position":2,"name":"Boutique","item":"https:\/\/www.gruppoliturgico.com\/fr\/boutique\/"},{"@type":"ListItem","position":3,"name":"Notre Dame de Lourdes"}]},{"@type":"WebSite","@id":"https:\/\/www.gruppoliturgico.com\/es\/#website","url":"https:\/\/www.gruppoliturgico.com\/es\/","name":"Laboratorio Gruppo Liturgico","description":"Articoli Religiosi online","publisher":{"@id":"https:\/\/www.gruppoliturgico.com\/es\/#organization"},"potentialAction":[{"@type":"SearchAction","target":{"@type":"EntryPoint","urlTemplate":"https:\/\/www.gruppoliturgico.com\/es\/?s={search_term_string}"},"query-input":"required name=search_term_string"}],"inLanguage":"fr-FR"},{"@type":"Organization","@id":"https:\/\/www.gruppoliturgico.com\/es\/#organization","name":"Laboratorio Gruppo Liturgico","url":"https:\/\/www.gruppoliturgico.com\/es\/","logo":{"@type":"ImageObject","inLanguage":"fr-FR","@id":"https:\/\/www.gruppoliturgico.com\/es\/#\/schema\/logo\/image\/","url":"https:\/\/www.gruppoliturgico.com\/wp-content\/uploads\/2022\/02\/logo-laboratoriogruppoliturgico.png","contentUrl":"https:\/\/www.gruppoliturgico.com\/wp-content\/uploads\/2022\/02\/logo-laboratoriogruppoliturgico.png","width":400,"height":114,"caption":"Laboratorio Gruppo Liturgico"},"image":{"@id":"https:\/\/www.gruppoliturgico.com\/es\/#\/schema\/logo\/image\/"}}]}},"_links":{"self":[{"href":"https:\/\/www.gruppoliturgico.com\/fr\/wp-json\/wp\/v2\/product\/64669"}],"collection":[{"href":"https:\/\/www.gruppoliturgico.com\/fr\/wp-json\/wp\/v2\/product"}],"about":[{"href":"https:\/\/www.gruppoliturgico.com\/fr\/wp-json\/wp\/v2\/types\/product"}],"wp:featuredmedia":[{"embeddable":true,"href":"https:\/\/www.gruppoliturgico.com\/fr\/wp-json\/wp\/v2\/media\/75010"}],"wp:attachment":[{"href":"https:\/\/www.gruppoliturgico.com\/fr\/wp-json\/wp\/v2\/media?parent=64669"}],"wp:term":[{"taxonomy":"product_cat","embeddable":true,"href":"https:\/\/www.gruppoliturgico.com\/fr\/wp-json\/wp\/v2\/product_cat?post=64669"},{"taxonomy":"product_tag","embeddable":true,"href":"https:\/\/www.gruppoliturgico.com\/fr\/wp-json\/wp\/v2\/product_tag?post=64669"}],"curies":[{"name":"wp","href":"https:\/\/api.w.org\/{rel}","templated":true}]}}