{"id":64661,"date":"2022-05-20T00:03:39","date_gmt":"2022-05-19T22:03:48","guid":{"rendered":"https:\/\/www.gruppoliturgico.com\/prodotto\/colonne-9\/"},"modified":"2023-01-24T14:51:10","modified_gmt":"2023-01-24T13:51:10","slug":"colonne-9","status":"publish","type":"product","link":"https:\/\/www.gruppoliturgico.com\/fr\/produit\/colonne-9\/","title":{"rendered":"colonne"},"content":{"rendered":"<html><body><p>Colonne de support de statue enti\u00e8rement en bois massif.<br>\nAvec chapiteau sculpt\u00e9 sur quatre faces et dor\u00e9 \u00e0 la feuille d\u2019or.<br>\nHauteur 90 cm<br>\nSocle 35 x 35 cm<br>\nSurface d\u2019appui 32 x 32 cm ou sur demande.<\/p>\n<\/body><\/html>","protected":false},"excerpt":{"rendered":"<p>Colonne de support de statue enti\u00e8rement en bois massif.<br \/>\nAvec chapiteau sculpt\u00e9 sur quatre faces et dor\u00e9 \u00e0 la feuille d&rsquo;or.<br \/>\nHauteur 90 cm<br \/>\nSocle 35 x 35 cm<br \/>\nSurface d&rsquo;appui 32 x 32 cm ou sur demande.<\/p>\n","protected":false},"featured_media":131246,"template":"","meta":[],"product_cat":[12132,15263],"product_tag":[],"yoast_head":"<!-- This site is optimized with the Yoast SEO plugin v20.4 - https:\/\/yoast.com\/wordpress\/plugins\/seo\/ -->\n<title>colonne - art 688, Colonnes soutien statue ou tabernacle et Laboratorio Gruppo Liturgico<\/title>\n<meta name=\"description\" content=\"Colonne de support de statue enti\u00e8rement en bois massif. Avec chapiteau sculpt\u00e9 sur quatre faces et dor\u00e9 \u00e0 la feuille d&#039;or. Hauteur 90 cm Socle 35 x 35 cm Surface d&#039;appui 32 x 32 cm ou sur demande.\" \/>\n<meta name=\"robots\" content=\"index, follow, max-snippet:-1, max-image-preview:large, max-video-preview:-1\" \/>\n<link rel=\"canonical\" href=\"https:\/\/www.gruppoliturgico.com\/fr\/produit\/colonne-9\/\" \/>\n<meta property=\"og:locale\" content=\"fr_FR\" \/>\n<meta property=\"og:type\" content=\"article\" \/>\n<meta property=\"og:title\" content=\"colonne - art 688, Colonnes soutien statue ou tabernacle et Laboratorio Gruppo Liturgico\" \/>\n<meta property=\"og:description\" content=\"Colonne de support de statue enti\u00e8rement en bois massif. Avec chapiteau sculpt\u00e9 sur quatre faces et dor\u00e9 \u00e0 la feuille d&#039;or. Hauteur 90 cm Socle 35 x 35 cm Surface d&#039;appui 32 x 32 cm ou sur demande.\" \/>\n<meta property=\"og:url\" content=\"https:\/\/www.gruppoliturgico.com\/fr\/produit\/colonne-9\/\" \/>\n<meta property=\"og:site_name\" content=\"Laboratorio Gruppo Liturgico\" \/>\n<meta property=\"article:modified_time\" content=\"2023-01-24T13:51:10+00:00\" \/>\n<meta property=\"og:image\" content=\"https:\/\/www.gruppoliturgico.com\/wp-content\/uploads\/2022\/05\/69920colonna.jpg\" \/>\n\t<meta property=\"og:image:width\" content=\"632\" \/>\n\t<meta property=\"og:image:height\" content=\"1500\" \/>\n\t<meta property=\"og:image:type\" content=\"image\/jpeg\" \/>\n<meta name=\"twitter:card\" content=\"summary_large_image\" \/>\n<script type=\"application\/ld+json\" class=\"yoast-schema-graph\">{\"@context\":\"https:\/\/schema.org\",\"@graph\":[{\"@type\":\"WebPage\",\"@id\":\"https:\/\/www.gruppoliturgico.com\/fr\/produit\/colonne-9\/\",\"url\":\"https:\/\/www.gruppoliturgico.com\/fr\/produit\/colonne-9\/\",\"name\":\"colonne - art 688, Colonnes soutien statue ou tabernacle et Laboratorio Gruppo Liturgico\",\"isPartOf\":{\"@id\":\"https:\/\/www.gruppoliturgico.com\/es\/#website\"},\"datePublished\":\"2022-05-19T22:03:48+00:00\",\"dateModified\":\"2023-01-24T13:51:10+00:00\",\"description\":\"Colonne de support de statue enti\u00e8rement en bois massif. Avec chapiteau sculpt\u00e9 sur quatre faces et dor\u00e9 \u00e0 la feuille d'or. Hauteur 90 cm Socle 35 x 35 cm Surface d'appui 32 x 32 cm ou sur demande.\",\"breadcrumb\":{\"@id\":\"https:\/\/www.gruppoliturgico.com\/fr\/produit\/colonne-9\/#breadcrumb\"},\"inLanguage\":\"fr-FR\",\"potentialAction\":[{\"@type\":\"ReadAction\",\"target\":[\"https:\/\/www.gruppoliturgico.com\/fr\/produit\/colonne-9\/\"]}]},{\"@type\":\"BreadcrumbList\",\"@id\":\"https:\/\/www.gruppoliturgico.com\/fr\/produit\/colonne-9\/#breadcrumb\",\"itemListElement\":[{\"@type\":\"ListItem\",\"position\":1,\"name\":\"Home\",\"item\":\"https:\/\/www.gruppoliturgico.com\/fr\/\"},{\"@type\":\"ListItem\",\"position\":2,\"name\":\"Boutique\",\"item\":\"https:\/\/www.gruppoliturgico.com\/fr\/boutique\/\"},{\"@type\":\"ListItem\",\"position\":3,\"name\":\"colonne\"}]},{\"@type\":\"WebSite\",\"@id\":\"https:\/\/www.gruppoliturgico.com\/es\/#website\",\"url\":\"https:\/\/www.gruppoliturgico.com\/es\/\",\"name\":\"Laboratorio Gruppo Liturgico\",\"description\":\"Articoli Religiosi online\",\"publisher\":{\"@id\":\"https:\/\/www.gruppoliturgico.com\/es\/#organization\"},\"potentialAction\":[{\"@type\":\"SearchAction\",\"target\":{\"@type\":\"EntryPoint\",\"urlTemplate\":\"https:\/\/www.gruppoliturgico.com\/es\/?s={search_term_string}\"},\"query-input\":\"required name=search_term_string\"}],\"inLanguage\":\"fr-FR\"},{\"@type\":\"Organization\",\"@id\":\"https:\/\/www.gruppoliturgico.com\/es\/#organization\",\"name\":\"Laboratorio Gruppo Liturgico\",\"url\":\"https:\/\/www.gruppoliturgico.com\/es\/\",\"logo\":{\"@type\":\"ImageObject\",\"inLanguage\":\"fr-FR\",\"@id\":\"https:\/\/www.gruppoliturgico.com\/es\/#\/schema\/logo\/image\/\",\"url\":\"https:\/\/www.gruppoliturgico.com\/wp-content\/uploads\/2022\/02\/logo-laboratoriogruppoliturgico.png\",\"contentUrl\":\"https:\/\/www.gruppoliturgico.com\/wp-content\/uploads\/2022\/02\/logo-laboratoriogruppoliturgico.png\",\"width\":400,\"height\":114,\"caption\":\"Laboratorio Gruppo Liturgico\"},\"image\":{\"@id\":\"https:\/\/www.gruppoliturgico.com\/es\/#\/schema\/logo\/image\/\"}}]}<\/script>\n<!-- \/ Yoast SEO plugin. -->","yoast_head_json":{"title":"colonne - art 688, Colonnes soutien statue ou tabernacle et Laboratorio Gruppo Liturgico","description":"Colonne de support de statue enti\u00e8rement en bois massif. Avec chapiteau sculpt\u00e9 sur quatre faces et dor\u00e9 \u00e0 la feuille d'or. Hauteur 90 cm Socle 35 x 35 cm Surface d'appui 32 x 32 cm ou sur demande.","robots":{"index":"index","follow":"follow","max-snippet":"max-snippet:-1","max-image-preview":"max-image-preview:large","max-video-preview":"max-video-preview:-1"},"canonical":"https:\/\/www.gruppoliturgico.com\/fr\/produit\/colonne-9\/","og_locale":"fr_FR","og_type":"article","og_title":"colonne - art 688, Colonnes soutien statue ou tabernacle et Laboratorio Gruppo Liturgico","og_description":"Colonne de support de statue enti\u00e8rement en bois massif. Avec chapiteau sculpt\u00e9 sur quatre faces et dor\u00e9 \u00e0 la feuille d'or. Hauteur 90 cm Socle 35 x 35 cm Surface d'appui 32 x 32 cm ou sur demande.","og_url":"https:\/\/www.gruppoliturgico.com\/fr\/produit\/colonne-9\/","og_site_name":"Laboratorio Gruppo Liturgico","article_modified_time":"2023-01-24T13:51:10+00:00","og_image":[{"width":632,"height":1500,"url":"https:\/\/www.gruppoliturgico.com\/wp-content\/uploads\/2022\/05\/69920colonna.jpg","type":"image\/jpeg"}],"twitter_card":"summary_large_image","schema":{"@context":"https:\/\/schema.org","@graph":[{"@type":"WebPage","@id":"https:\/\/www.gruppoliturgico.com\/fr\/produit\/colonne-9\/","url":"https:\/\/www.gruppoliturgico.com\/fr\/produit\/colonne-9\/","name":"colonne - art 688, Colonnes soutien statue ou tabernacle et Laboratorio Gruppo Liturgico","isPartOf":{"@id":"https:\/\/www.gruppoliturgico.com\/es\/#website"},"datePublished":"2022-05-19T22:03:48+00:00","dateModified":"2023-01-24T13:51:10+00:00","description":"Colonne de support de statue enti\u00e8rement en bois massif. Avec chapiteau sculpt\u00e9 sur quatre faces et dor\u00e9 \u00e0 la feuille d'or. Hauteur 90 cm Socle 35 x 35 cm Surface d'appui 32 x 32 cm ou sur demande.","breadcrumb":{"@id":"https:\/\/www.gruppoliturgico.com\/fr\/produit\/colonne-9\/#breadcrumb"},"inLanguage":"fr-FR","potentialAction":[{"@type":"ReadAction","target":["https:\/\/www.gruppoliturgico.com\/fr\/produit\/colonne-9\/"]}]},{"@type":"BreadcrumbList","@id":"https:\/\/www.gruppoliturgico.com\/fr\/produit\/colonne-9\/#breadcrumb","itemListElement":[{"@type":"ListItem","position":1,"name":"Home","item":"https:\/\/www.gruppoliturgico.com\/fr\/"},{"@type":"ListItem","position":2,"name":"Boutique","item":"https:\/\/www.gruppoliturgico.com\/fr\/boutique\/"},{"@type":"ListItem","position":3,"name":"colonne"}]},{"@type":"WebSite","@id":"https:\/\/www.gruppoliturgico.com\/es\/#website","url":"https:\/\/www.gruppoliturgico.com\/es\/","name":"Laboratorio Gruppo Liturgico","description":"Articoli Religiosi online","publisher":{"@id":"https:\/\/www.gruppoliturgico.com\/es\/#organization"},"potentialAction":[{"@type":"SearchAction","target":{"@type":"EntryPoint","urlTemplate":"https:\/\/www.gruppoliturgico.com\/es\/?s={search_term_string}"},"query-input":"required name=search_term_string"}],"inLanguage":"fr-FR"},{"@type":"Organization","@id":"https:\/\/www.gruppoliturgico.com\/es\/#organization","name":"Laboratorio Gruppo Liturgico","url":"https:\/\/www.gruppoliturgico.com\/es\/","logo":{"@type":"ImageObject","inLanguage":"fr-FR","@id":"https:\/\/www.gruppoliturgico.com\/es\/#\/schema\/logo\/image\/","url":"https:\/\/www.gruppoliturgico.com\/wp-content\/uploads\/2022\/02\/logo-laboratoriogruppoliturgico.png","contentUrl":"https:\/\/www.gruppoliturgico.com\/wp-content\/uploads\/2022\/02\/logo-laboratoriogruppoliturgico.png","width":400,"height":114,"caption":"Laboratorio Gruppo Liturgico"},"image":{"@id":"https:\/\/www.gruppoliturgico.com\/es\/#\/schema\/logo\/image\/"}}]}},"_links":{"self":[{"href":"https:\/\/www.gruppoliturgico.com\/fr\/wp-json\/wp\/v2\/product\/64661"}],"collection":[{"href":"https:\/\/www.gruppoliturgico.com\/fr\/wp-json\/wp\/v2\/product"}],"about":[{"href":"https:\/\/www.gruppoliturgico.com\/fr\/wp-json\/wp\/v2\/types\/product"}],"wp:featuredmedia":[{"embeddable":true,"href":"https:\/\/www.gruppoliturgico.com\/fr\/wp-json\/wp\/v2\/media\/131246"}],"wp:attachment":[{"href":"https:\/\/www.gruppoliturgico.com\/fr\/wp-json\/wp\/v2\/media?parent=64661"}],"wp:term":[{"taxonomy":"product_cat","embeddable":true,"href":"https:\/\/www.gruppoliturgico.com\/fr\/wp-json\/wp\/v2\/product_cat?post=64661"},{"taxonomy":"product_tag","embeddable":true,"href":"https:\/\/www.gruppoliturgico.com\/fr\/wp-json\/wp\/v2\/product_tag?post=64661"}],"curies":[{"name":"wp","href":"https:\/\/api.w.org\/{rel}","templated":true}]}}