{"id":64649,"date":"2022-05-20T00:02:35","date_gmt":"2022-05-19T22:02:45","guid":{"rendered":"https:\/\/www.gruppoliturgico.com\/prodotto\/vierge-miraculeuse\/"},"modified":"2022-06-02T11:54:36","modified_gmt":"2022-06-02T09:54:36","slug":"vierge-miraculeuse","status":"publish","type":"product","link":"https:\/\/www.gruppoliturgico.com\/fr\/produit\/vierge-miraculeuse\/","title":{"rendered":"Vierge Miraculeuse"},"content":{"rendered":"<html><body><p>Statue en compos\u00e9 de polyester et r\u00e9sine indiqu\u00e9 pour l\u2019ext\u00e9rieur.<br>\nYeux en cristal.<br>\nMod\u00e8le avec base. <\/p>\n<\/body><\/html>","protected":false},"excerpt":{"rendered":"<p>Statue en compos\u00e9 de polyester et r\u00e9sine indiqu\u00e9 pour l&rsquo;ext\u00e9rieur.<br \/>\nYeux en cristal.<br \/>\nMod\u00e8le avec base. <\/p>\n","protected":false},"featured_media":74990,"template":"","meta":[],"product_cat":[12528],"product_tag":[],"yoast_head":"<!-- This site is optimized with the Yoast SEO plugin v20.4 - https:\/\/yoast.com\/wordpress\/plugins\/seo\/ -->\n<title>Vierge Miraculeuse - Vierge Miraculeuse et Laboratorio Gruppo Liturgico<\/title>\n<meta name=\"description\" content=\"Statue en compos\u00e9 de polyester et r\u00e9sine indiqu\u00e9 pour l&#039;ext\u00e9rieur.  Yeux en cristal. Mod\u00e8le avec base.\" \/>\n<meta name=\"robots\" content=\"index, follow, max-snippet:-1, max-image-preview:large, max-video-preview:-1\" \/>\n<link rel=\"canonical\" href=\"https:\/\/www.gruppoliturgico.com\/fr\/produit\/vierge-miraculeuse\/\" \/>\n<meta property=\"og:locale\" content=\"fr_FR\" \/>\n<meta property=\"og:type\" content=\"article\" \/>\n<meta property=\"og:title\" content=\"Vierge Miraculeuse - Vierge Miraculeuse et Laboratorio Gruppo Liturgico\" \/>\n<meta property=\"og:description\" content=\"Statue en compos\u00e9 de polyester et r\u00e9sine indiqu\u00e9 pour l&#039;ext\u00e9rieur.  Yeux en cristal. Mod\u00e8le avec base.\" \/>\n<meta property=\"og:url\" content=\"https:\/\/www.gruppoliturgico.com\/fr\/produit\/vierge-miraculeuse\/\" \/>\n<meta property=\"og:site_name\" content=\"Laboratorio Gruppo Liturgico\" \/>\n<meta property=\"article:modified_time\" content=\"2022-06-02T09:54:36+00:00\" \/>\n<meta property=\"og:image\" content=\"https:\/\/www.gruppoliturgico.com\/wp-content\/uploads\/2022\/05\/395.scont_.jpg\" \/>\n\t<meta property=\"og:image:width\" content=\"702\" \/>\n\t<meta property=\"og:image:height\" content=\"1500\" \/>\n\t<meta property=\"og:image:type\" content=\"image\/jpeg\" \/>\n<meta name=\"twitter:card\" content=\"summary_large_image\" \/>\n<script type=\"application\/ld+json\" class=\"yoast-schema-graph\">{\"@context\":\"https:\/\/schema.org\",\"@graph\":[{\"@type\":\"WebPage\",\"@id\":\"https:\/\/www.gruppoliturgico.com\/fr\/produit\/vierge-miraculeuse\/\",\"url\":\"https:\/\/www.gruppoliturgico.com\/fr\/produit\/vierge-miraculeuse\/\",\"name\":\"Vierge Miraculeuse - Vierge Miraculeuse et Laboratorio Gruppo Liturgico\",\"isPartOf\":{\"@id\":\"https:\/\/www.gruppoliturgico.com\/es\/#website\"},\"datePublished\":\"2022-05-19T22:02:45+00:00\",\"dateModified\":\"2022-06-02T09:54:36+00:00\",\"description\":\"Statue en compos\u00e9 de polyester et r\u00e9sine indiqu\u00e9 pour l'ext\u00e9rieur. Yeux en cristal. Mod\u00e8le avec base.\",\"breadcrumb\":{\"@id\":\"https:\/\/www.gruppoliturgico.com\/fr\/produit\/vierge-miraculeuse\/#breadcrumb\"},\"inLanguage\":\"fr-FR\",\"potentialAction\":[{\"@type\":\"ReadAction\",\"target\":[\"https:\/\/www.gruppoliturgico.com\/fr\/produit\/vierge-miraculeuse\/\"]}]},{\"@type\":\"BreadcrumbList\",\"@id\":\"https:\/\/www.gruppoliturgico.com\/fr\/produit\/vierge-miraculeuse\/#breadcrumb\",\"itemListElement\":[{\"@type\":\"ListItem\",\"position\":1,\"name\":\"Home\",\"item\":\"https:\/\/www.gruppoliturgico.com\/fr\/\"},{\"@type\":\"ListItem\",\"position\":2,\"name\":\"Boutique\",\"item\":\"https:\/\/www.gruppoliturgico.com\/fr\/boutique\/\"},{\"@type\":\"ListItem\",\"position\":3,\"name\":\"Vierge Miraculeuse\"}]},{\"@type\":\"WebSite\",\"@id\":\"https:\/\/www.gruppoliturgico.com\/es\/#website\",\"url\":\"https:\/\/www.gruppoliturgico.com\/es\/\",\"name\":\"Laboratorio Gruppo Liturgico\",\"description\":\"Articoli Religiosi online\",\"publisher\":{\"@id\":\"https:\/\/www.gruppoliturgico.com\/es\/#organization\"},\"potentialAction\":[{\"@type\":\"SearchAction\",\"target\":{\"@type\":\"EntryPoint\",\"urlTemplate\":\"https:\/\/www.gruppoliturgico.com\/es\/?s={search_term_string}\"},\"query-input\":\"required name=search_term_string\"}],\"inLanguage\":\"fr-FR\"},{\"@type\":\"Organization\",\"@id\":\"https:\/\/www.gruppoliturgico.com\/es\/#organization\",\"name\":\"Laboratorio Gruppo Liturgico\",\"url\":\"https:\/\/www.gruppoliturgico.com\/es\/\",\"logo\":{\"@type\":\"ImageObject\",\"inLanguage\":\"fr-FR\",\"@id\":\"https:\/\/www.gruppoliturgico.com\/es\/#\/schema\/logo\/image\/\",\"url\":\"https:\/\/www.gruppoliturgico.com\/wp-content\/uploads\/2022\/02\/logo-laboratoriogruppoliturgico.png\",\"contentUrl\":\"https:\/\/www.gruppoliturgico.com\/wp-content\/uploads\/2022\/02\/logo-laboratoriogruppoliturgico.png\",\"width\":400,\"height\":114,\"caption\":\"Laboratorio Gruppo Liturgico\"},\"image\":{\"@id\":\"https:\/\/www.gruppoliturgico.com\/es\/#\/schema\/logo\/image\/\"}}]}<\/script>\n<!-- \/ Yoast SEO plugin. -->","yoast_head_json":{"title":"Vierge Miraculeuse - Vierge Miraculeuse et Laboratorio Gruppo Liturgico","description":"Statue en compos\u00e9 de polyester et r\u00e9sine indiqu\u00e9 pour l'ext\u00e9rieur.  Yeux en cristal. Mod\u00e8le avec base.","robots":{"index":"index","follow":"follow","max-snippet":"max-snippet:-1","max-image-preview":"max-image-preview:large","max-video-preview":"max-video-preview:-1"},"canonical":"https:\/\/www.gruppoliturgico.com\/fr\/produit\/vierge-miraculeuse\/","og_locale":"fr_FR","og_type":"article","og_title":"Vierge Miraculeuse - Vierge Miraculeuse et Laboratorio Gruppo Liturgico","og_description":"Statue en compos\u00e9 de polyester et r\u00e9sine indiqu\u00e9 pour l'ext\u00e9rieur.  Yeux en cristal. Mod\u00e8le avec base.","og_url":"https:\/\/www.gruppoliturgico.com\/fr\/produit\/vierge-miraculeuse\/","og_site_name":"Laboratorio Gruppo Liturgico","article_modified_time":"2022-06-02T09:54:36+00:00","og_image":[{"width":702,"height":1500,"url":"https:\/\/www.gruppoliturgico.com\/wp-content\/uploads\/2022\/05\/395.scont_.jpg","type":"image\/jpeg"}],"twitter_card":"summary_large_image","schema":{"@context":"https:\/\/schema.org","@graph":[{"@type":"WebPage","@id":"https:\/\/www.gruppoliturgico.com\/fr\/produit\/vierge-miraculeuse\/","url":"https:\/\/www.gruppoliturgico.com\/fr\/produit\/vierge-miraculeuse\/","name":"Vierge Miraculeuse - Vierge Miraculeuse et Laboratorio Gruppo Liturgico","isPartOf":{"@id":"https:\/\/www.gruppoliturgico.com\/es\/#website"},"datePublished":"2022-05-19T22:02:45+00:00","dateModified":"2022-06-02T09:54:36+00:00","description":"Statue en compos\u00e9 de polyester et r\u00e9sine indiqu\u00e9 pour l'ext\u00e9rieur. Yeux en cristal. Mod\u00e8le avec base.","breadcrumb":{"@id":"https:\/\/www.gruppoliturgico.com\/fr\/produit\/vierge-miraculeuse\/#breadcrumb"},"inLanguage":"fr-FR","potentialAction":[{"@type":"ReadAction","target":["https:\/\/www.gruppoliturgico.com\/fr\/produit\/vierge-miraculeuse\/"]}]},{"@type":"BreadcrumbList","@id":"https:\/\/www.gruppoliturgico.com\/fr\/produit\/vierge-miraculeuse\/#breadcrumb","itemListElement":[{"@type":"ListItem","position":1,"name":"Home","item":"https:\/\/www.gruppoliturgico.com\/fr\/"},{"@type":"ListItem","position":2,"name":"Boutique","item":"https:\/\/www.gruppoliturgico.com\/fr\/boutique\/"},{"@type":"ListItem","position":3,"name":"Vierge Miraculeuse"}]},{"@type":"WebSite","@id":"https:\/\/www.gruppoliturgico.com\/es\/#website","url":"https:\/\/www.gruppoliturgico.com\/es\/","name":"Laboratorio Gruppo Liturgico","description":"Articoli Religiosi online","publisher":{"@id":"https:\/\/www.gruppoliturgico.com\/es\/#organization"},"potentialAction":[{"@type":"SearchAction","target":{"@type":"EntryPoint","urlTemplate":"https:\/\/www.gruppoliturgico.com\/es\/?s={search_term_string}"},"query-input":"required name=search_term_string"}],"inLanguage":"fr-FR"},{"@type":"Organization","@id":"https:\/\/www.gruppoliturgico.com\/es\/#organization","name":"Laboratorio Gruppo Liturgico","url":"https:\/\/www.gruppoliturgico.com\/es\/","logo":{"@type":"ImageObject","inLanguage":"fr-FR","@id":"https:\/\/www.gruppoliturgico.com\/es\/#\/schema\/logo\/image\/","url":"https:\/\/www.gruppoliturgico.com\/wp-content\/uploads\/2022\/02\/logo-laboratoriogruppoliturgico.png","contentUrl":"https:\/\/www.gruppoliturgico.com\/wp-content\/uploads\/2022\/02\/logo-laboratoriogruppoliturgico.png","width":400,"height":114,"caption":"Laboratorio Gruppo Liturgico"},"image":{"@id":"https:\/\/www.gruppoliturgico.com\/es\/#\/schema\/logo\/image\/"}}]}},"_links":{"self":[{"href":"https:\/\/www.gruppoliturgico.com\/fr\/wp-json\/wp\/v2\/product\/64649"}],"collection":[{"href":"https:\/\/www.gruppoliturgico.com\/fr\/wp-json\/wp\/v2\/product"}],"about":[{"href":"https:\/\/www.gruppoliturgico.com\/fr\/wp-json\/wp\/v2\/types\/product"}],"wp:featuredmedia":[{"embeddable":true,"href":"https:\/\/www.gruppoliturgico.com\/fr\/wp-json\/wp\/v2\/media\/74990"}],"wp:attachment":[{"href":"https:\/\/www.gruppoliturgico.com\/fr\/wp-json\/wp\/v2\/media?parent=64649"}],"wp:term":[{"taxonomy":"product_cat","embeddable":true,"href":"https:\/\/www.gruppoliturgico.com\/fr\/wp-json\/wp\/v2\/product_cat?post=64649"},{"taxonomy":"product_tag","embeddable":true,"href":"https:\/\/www.gruppoliturgico.com\/fr\/wp-json\/wp\/v2\/product_tag?post=64649"}],"curies":[{"name":"wp","href":"https:\/\/api.w.org\/{rel}","templated":true}]}}