{"id":64637,"date":"2022-05-20T00:01:25","date_gmt":"2022-05-19T22:01:39","guid":{"rendered":"https:\/\/www.gruppoliturgico.com\/prodotto\/christ-ressuscite-4\/"},"modified":"2022-06-02T11:53:54","modified_gmt":"2022-06-02T09:53:54","slug":"christ-ressuscite-4","status":"publish","type":"product","link":"https:\/\/www.gruppoliturgico.com\/fr\/produit\/christ-ressuscite-4\/","title":{"rendered":"Christ Ressuscit\u00e9"},"content":{"rendered":"<html><body><p>Statue en r\u00e9sine, peinte \u00e0 la main avec des couleurs \u00e0 l\u2019huile.<br>\nMod\u00e8le \u00e0 la base.<br>\nEn hauteur 165 cm la statue est en fibre r\u00e9sine.<br>\nHauteurs disponibles de cm 85 \u00e0 cm 165<\/p>\n<p>D\u00e9lais de livraison en fonction de la hauteur choisie<\/p>\n<\/body><\/html>","protected":false},"excerpt":{"rendered":"<p>Statue en r\u00e9sine, peinte \u00e0 la main avec des couleurs \u00e0 l&rsquo;huile.<br \/>\nMod\u00e8le \u00e0 la base.<br \/>\nEn hauteur 165 cm la statue est en fibre r\u00e9sine.<br \/>\nHauteurs disponibles de cm 85 \u00e0 cm 165<\/p>\n<p>D\u00e9lais de livraison en fonction de la hauteur choisie<\/p>\n","protected":false},"featured_media":133700,"template":"","meta":[],"product_cat":[12548],"product_tag":[],"yoast_head":"<!-- This site is optimized with the Yoast SEO plugin v20.4 - https:\/\/yoast.com\/wordpress\/plugins\/seo\/ -->\n<title>Christ Ressuscit\u00e9 - Christ Ressuscit\u00e9 et Laboratorio Gruppo Liturgico<\/title>\n<meta name=\"description\" content=\"Statue en r\u00e9sine, peinte \u00e0 la main avec des couleurs \u00e0 l&#039;huile.  Mod\u00e8le \u00e0 la base. En hauteur 165 cm la statue est en fibre r\u00e9sine. Hauteurs disponibles de cm 85 \u00e0 cm 165  D\u00e9lais de livraison en fonction de la hauteur choisie\" \/>\n<meta name=\"robots\" content=\"index, follow, max-snippet:-1, max-image-preview:large, max-video-preview:-1\" \/>\n<link rel=\"canonical\" href=\"https:\/\/www.gruppoliturgico.com\/fr\/produit\/christ-ressuscite-4\/\" \/>\n<meta property=\"og:locale\" content=\"fr_FR\" \/>\n<meta property=\"og:type\" content=\"article\" \/>\n<meta property=\"og:title\" content=\"Christ Ressuscit\u00e9 - Christ Ressuscit\u00e9 et Laboratorio Gruppo Liturgico\" \/>\n<meta property=\"og:description\" content=\"Statue en r\u00e9sine, peinte \u00e0 la main avec des couleurs \u00e0 l&#039;huile.  Mod\u00e8le \u00e0 la base. En hauteur 165 cm la statue est en fibre r\u00e9sine. Hauteurs disponibles de cm 85 \u00e0 cm 165  D\u00e9lais de livraison en fonction de la hauteur choisie\" \/>\n<meta property=\"og:url\" content=\"https:\/\/www.gruppoliturgico.com\/fr\/produit\/christ-ressuscite-4\/\" \/>\n<meta property=\"og:site_name\" content=\"Laboratorio Gruppo Liturgico\" \/>\n<meta property=\"article:modified_time\" content=\"2022-06-02T09:53:54+00:00\" \/>\n<meta property=\"og:image\" content=\"https:\/\/www.gruppoliturgico.com\/wp-content\/uploads\/2022\/05\/384.jpg\" \/>\n\t<meta property=\"og:image:width\" content=\"786\" \/>\n\t<meta property=\"og:image:height\" content=\"1500\" \/>\n\t<meta property=\"og:image:type\" content=\"image\/jpeg\" \/>\n<meta name=\"twitter:card\" content=\"summary_large_image\" \/>\n<script type=\"application\/ld+json\" class=\"yoast-schema-graph\">{\"@context\":\"https:\/\/schema.org\",\"@graph\":[{\"@type\":\"WebPage\",\"@id\":\"https:\/\/www.gruppoliturgico.com\/fr\/produit\/christ-ressuscite-4\/\",\"url\":\"https:\/\/www.gruppoliturgico.com\/fr\/produit\/christ-ressuscite-4\/\",\"name\":\"Christ Ressuscit\u00e9 - Christ Ressuscit\u00e9 et Laboratorio Gruppo Liturgico\",\"isPartOf\":{\"@id\":\"https:\/\/www.gruppoliturgico.com\/es\/#website\"},\"datePublished\":\"2022-05-19T22:01:39+00:00\",\"dateModified\":\"2022-06-02T09:53:54+00:00\",\"description\":\"Statue en r\u00e9sine, peinte \u00e0 la main avec des couleurs \u00e0 l'huile. Mod\u00e8le \u00e0 la base. En hauteur 165 cm la statue est en fibre r\u00e9sine. Hauteurs disponibles de cm 85 \u00e0 cm 165 D\u00e9lais de livraison en fonction de la hauteur choisie\",\"breadcrumb\":{\"@id\":\"https:\/\/www.gruppoliturgico.com\/fr\/produit\/christ-ressuscite-4\/#breadcrumb\"},\"inLanguage\":\"fr-FR\",\"potentialAction\":[{\"@type\":\"ReadAction\",\"target\":[\"https:\/\/www.gruppoliturgico.com\/fr\/produit\/christ-ressuscite-4\/\"]}]},{\"@type\":\"BreadcrumbList\",\"@id\":\"https:\/\/www.gruppoliturgico.com\/fr\/produit\/christ-ressuscite-4\/#breadcrumb\",\"itemListElement\":[{\"@type\":\"ListItem\",\"position\":1,\"name\":\"Home\",\"item\":\"https:\/\/www.gruppoliturgico.com\/fr\/\"},{\"@type\":\"ListItem\",\"position\":2,\"name\":\"Boutique\",\"item\":\"https:\/\/www.gruppoliturgico.com\/fr\/boutique\/\"},{\"@type\":\"ListItem\",\"position\":3,\"name\":\"Christ Ressuscit\u00e9\"}]},{\"@type\":\"WebSite\",\"@id\":\"https:\/\/www.gruppoliturgico.com\/es\/#website\",\"url\":\"https:\/\/www.gruppoliturgico.com\/es\/\",\"name\":\"Laboratorio Gruppo Liturgico\",\"description\":\"Articoli Religiosi online\",\"publisher\":{\"@id\":\"https:\/\/www.gruppoliturgico.com\/es\/#organization\"},\"potentialAction\":[{\"@type\":\"SearchAction\",\"target\":{\"@type\":\"EntryPoint\",\"urlTemplate\":\"https:\/\/www.gruppoliturgico.com\/es\/?s={search_term_string}\"},\"query-input\":\"required name=search_term_string\"}],\"inLanguage\":\"fr-FR\"},{\"@type\":\"Organization\",\"@id\":\"https:\/\/www.gruppoliturgico.com\/es\/#organization\",\"name\":\"Laboratorio Gruppo Liturgico\",\"url\":\"https:\/\/www.gruppoliturgico.com\/es\/\",\"logo\":{\"@type\":\"ImageObject\",\"inLanguage\":\"fr-FR\",\"@id\":\"https:\/\/www.gruppoliturgico.com\/es\/#\/schema\/logo\/image\/\",\"url\":\"https:\/\/www.gruppoliturgico.com\/wp-content\/uploads\/2022\/02\/logo-laboratoriogruppoliturgico.png\",\"contentUrl\":\"https:\/\/www.gruppoliturgico.com\/wp-content\/uploads\/2022\/02\/logo-laboratoriogruppoliturgico.png\",\"width\":400,\"height\":114,\"caption\":\"Laboratorio Gruppo Liturgico\"},\"image\":{\"@id\":\"https:\/\/www.gruppoliturgico.com\/es\/#\/schema\/logo\/image\/\"}}]}<\/script>\n<!-- \/ Yoast SEO plugin. -->","yoast_head_json":{"title":"Christ Ressuscit\u00e9 - Christ Ressuscit\u00e9 et Laboratorio Gruppo Liturgico","description":"Statue en r\u00e9sine, peinte \u00e0 la main avec des couleurs \u00e0 l'huile.  Mod\u00e8le \u00e0 la base. En hauteur 165 cm la statue est en fibre r\u00e9sine. Hauteurs disponibles de cm 85 \u00e0 cm 165  D\u00e9lais de livraison en fonction de la hauteur choisie","robots":{"index":"index","follow":"follow","max-snippet":"max-snippet:-1","max-image-preview":"max-image-preview:large","max-video-preview":"max-video-preview:-1"},"canonical":"https:\/\/www.gruppoliturgico.com\/fr\/produit\/christ-ressuscite-4\/","og_locale":"fr_FR","og_type":"article","og_title":"Christ Ressuscit\u00e9 - Christ Ressuscit\u00e9 et Laboratorio Gruppo Liturgico","og_description":"Statue en r\u00e9sine, peinte \u00e0 la main avec des couleurs \u00e0 l'huile.  Mod\u00e8le \u00e0 la base. En hauteur 165 cm la statue est en fibre r\u00e9sine. Hauteurs disponibles de cm 85 \u00e0 cm 165  D\u00e9lais de livraison en fonction de la hauteur choisie","og_url":"https:\/\/www.gruppoliturgico.com\/fr\/produit\/christ-ressuscite-4\/","og_site_name":"Laboratorio Gruppo Liturgico","article_modified_time":"2022-06-02T09:53:54+00:00","og_image":[{"width":786,"height":1500,"url":"https:\/\/www.gruppoliturgico.com\/wp-content\/uploads\/2022\/05\/384.jpg","type":"image\/jpeg"}],"twitter_card":"summary_large_image","schema":{"@context":"https:\/\/schema.org","@graph":[{"@type":"WebPage","@id":"https:\/\/www.gruppoliturgico.com\/fr\/produit\/christ-ressuscite-4\/","url":"https:\/\/www.gruppoliturgico.com\/fr\/produit\/christ-ressuscite-4\/","name":"Christ Ressuscit\u00e9 - Christ Ressuscit\u00e9 et Laboratorio Gruppo Liturgico","isPartOf":{"@id":"https:\/\/www.gruppoliturgico.com\/es\/#website"},"datePublished":"2022-05-19T22:01:39+00:00","dateModified":"2022-06-02T09:53:54+00:00","description":"Statue en r\u00e9sine, peinte \u00e0 la main avec des couleurs \u00e0 l'huile. Mod\u00e8le \u00e0 la base. En hauteur 165 cm la statue est en fibre r\u00e9sine. Hauteurs disponibles de cm 85 \u00e0 cm 165 D\u00e9lais de livraison en fonction de la hauteur choisie","breadcrumb":{"@id":"https:\/\/www.gruppoliturgico.com\/fr\/produit\/christ-ressuscite-4\/#breadcrumb"},"inLanguage":"fr-FR","potentialAction":[{"@type":"ReadAction","target":["https:\/\/www.gruppoliturgico.com\/fr\/produit\/christ-ressuscite-4\/"]}]},{"@type":"BreadcrumbList","@id":"https:\/\/www.gruppoliturgico.com\/fr\/produit\/christ-ressuscite-4\/#breadcrumb","itemListElement":[{"@type":"ListItem","position":1,"name":"Home","item":"https:\/\/www.gruppoliturgico.com\/fr\/"},{"@type":"ListItem","position":2,"name":"Boutique","item":"https:\/\/www.gruppoliturgico.com\/fr\/boutique\/"},{"@type":"ListItem","position":3,"name":"Christ Ressuscit\u00e9"}]},{"@type":"WebSite","@id":"https:\/\/www.gruppoliturgico.com\/es\/#website","url":"https:\/\/www.gruppoliturgico.com\/es\/","name":"Laboratorio Gruppo Liturgico","description":"Articoli Religiosi online","publisher":{"@id":"https:\/\/www.gruppoliturgico.com\/es\/#organization"},"potentialAction":[{"@type":"SearchAction","target":{"@type":"EntryPoint","urlTemplate":"https:\/\/www.gruppoliturgico.com\/es\/?s={search_term_string}"},"query-input":"required name=search_term_string"}],"inLanguage":"fr-FR"},{"@type":"Organization","@id":"https:\/\/www.gruppoliturgico.com\/es\/#organization","name":"Laboratorio Gruppo Liturgico","url":"https:\/\/www.gruppoliturgico.com\/es\/","logo":{"@type":"ImageObject","inLanguage":"fr-FR","@id":"https:\/\/www.gruppoliturgico.com\/es\/#\/schema\/logo\/image\/","url":"https:\/\/www.gruppoliturgico.com\/wp-content\/uploads\/2022\/02\/logo-laboratoriogruppoliturgico.png","contentUrl":"https:\/\/www.gruppoliturgico.com\/wp-content\/uploads\/2022\/02\/logo-laboratoriogruppoliturgico.png","width":400,"height":114,"caption":"Laboratorio Gruppo Liturgico"},"image":{"@id":"https:\/\/www.gruppoliturgico.com\/es\/#\/schema\/logo\/image\/"}}]}},"_links":{"self":[{"href":"https:\/\/www.gruppoliturgico.com\/fr\/wp-json\/wp\/v2\/product\/64637"}],"collection":[{"href":"https:\/\/www.gruppoliturgico.com\/fr\/wp-json\/wp\/v2\/product"}],"about":[{"href":"https:\/\/www.gruppoliturgico.com\/fr\/wp-json\/wp\/v2\/types\/product"}],"wp:featuredmedia":[{"embeddable":true,"href":"https:\/\/www.gruppoliturgico.com\/fr\/wp-json\/wp\/v2\/media\/133700"}],"wp:attachment":[{"href":"https:\/\/www.gruppoliturgico.com\/fr\/wp-json\/wp\/v2\/media?parent=64637"}],"wp:term":[{"taxonomy":"product_cat","embeddable":true,"href":"https:\/\/www.gruppoliturgico.com\/fr\/wp-json\/wp\/v2\/product_cat?post=64637"},{"taxonomy":"product_tag","embeddable":true,"href":"https:\/\/www.gruppoliturgico.com\/fr\/wp-json\/wp\/v2\/product_tag?post=64637"}],"curies":[{"name":"wp","href":"https:\/\/api.w.org\/{rel}","templated":true}]}}