{"id":64621,"date":"2022-05-19T23:59:56","date_gmt":"2022-05-19T22:00:01","guid":{"rendered":"https:\/\/www.gruppoliturgico.com\/prodotto\/christ-redempteur-2\/"},"modified":"2022-10-28T16:45:56","modified_gmt":"2022-10-28T14:45:56","slug":"christ-redempteur-2","status":"publish","type":"product","link":"https:\/\/www.gruppoliturgico.com\/fr\/produit\/christ-redempteur-2\/","title":{"rendered":"Christ R\u00e9dempteur"},"content":{"rendered":"<html><body><p>Sculpt\u00e9 en bois de tilleul et peint \u00e0 la main, il a beaucoup de finitions en or.<br>\nCet ouvrage r\u00e9alis\u00e9 en exclusivit\u00e9 dans nos laboratoires suscite un sens de majest\u00e9.<br>\nVersion \u00e0 accrocher au mur ou avec le socle de votre choix.<br>\nHauteur cm 135 <\/p>\n<\/body><\/html>","protected":false},"excerpt":{"rendered":"<p>Sculpt\u00e9 en bois de tilleul et peint \u00e0 la main, il a beaucoup de finitions en or.<br \/>\nCet ouvrage r\u00e9alis\u00e9 en exclusivit\u00e9 dans nos laboratoires suscite un sens de majest\u00e9.<br \/>\nVersion \u00e0 accrocher au mur ou avec le socle de votre choix.<br \/>\nHauteur cm 135 <\/p>\n","protected":false},"featured_media":134182,"template":"","meta":[],"product_cat":[12388],"product_tag":[],"yoast_head":"<!-- This site is optimized with the Yoast SEO plugin v20.4 - https:\/\/yoast.com\/wordpress\/plugins\/seo\/ -->\n<title>Christ R\u00e9dempteur - Jesus et Laboratorio Gruppo Liturgico<\/title>\n<meta name=\"description\" content=\"Sculpt\u00e9 en bois de tilleul et peint \u00e0 la main, il a beaucoup de finitions en or.  Cet ouvrage r\u00e9alis\u00e9 en exclusivit\u00e9 dans nos laboratoires suscite un sens de majest\u00e9.  Version \u00e0 accrocher au mur ou avec le socle de votre choix. Hauteur cm 135\" \/>\n<meta name=\"robots\" content=\"index, follow, max-snippet:-1, max-image-preview:large, max-video-preview:-1\" \/>\n<link rel=\"canonical\" href=\"https:\/\/www.gruppoliturgico.com\/fr\/produit\/christ-redempteur-2\/\" \/>\n<meta property=\"og:locale\" content=\"fr_FR\" \/>\n<meta property=\"og:type\" content=\"article\" \/>\n<meta property=\"og:title\" content=\"Christ R\u00e9dempteur - Jesus et Laboratorio Gruppo Liturgico\" \/>\n<meta property=\"og:description\" content=\"Sculpt\u00e9 en bois de tilleul et peint \u00e0 la main, il a beaucoup de finitions en or.  Cet ouvrage r\u00e9alis\u00e9 en exclusivit\u00e9 dans nos laboratoires suscite un sens de majest\u00e9.  Version \u00e0 accrocher au mur ou avec le socle de votre choix. Hauteur cm 135\" \/>\n<meta property=\"og:url\" content=\"https:\/\/www.gruppoliturgico.com\/fr\/produit\/christ-redempteur-2\/\" \/>\n<meta property=\"og:site_name\" content=\"Laboratorio Gruppo Liturgico\" \/>\n<meta property=\"article:modified_time\" content=\"2022-10-28T14:45:56+00:00\" \/>\n<meta property=\"og:image\" content=\"https:\/\/www.gruppoliturgico.com\/wp-content\/uploads\/2022\/05\/135.jpg\" \/>\n\t<meta property=\"og:image:width\" content=\"994\" \/>\n\t<meta property=\"og:image:height\" content=\"1500\" \/>\n\t<meta property=\"og:image:type\" content=\"image\/jpeg\" \/>\n<meta name=\"twitter:card\" content=\"summary_large_image\" \/>\n<script type=\"application\/ld+json\" class=\"yoast-schema-graph\">{\"@context\":\"https:\/\/schema.org\",\"@graph\":[{\"@type\":\"WebPage\",\"@id\":\"https:\/\/www.gruppoliturgico.com\/fr\/produit\/christ-redempteur-2\/\",\"url\":\"https:\/\/www.gruppoliturgico.com\/fr\/produit\/christ-redempteur-2\/\",\"name\":\"Christ R\u00e9dempteur - Jesus et Laboratorio Gruppo Liturgico\",\"isPartOf\":{\"@id\":\"https:\/\/www.gruppoliturgico.com\/es\/#website\"},\"datePublished\":\"2022-05-19T22:00:01+00:00\",\"dateModified\":\"2022-10-28T14:45:56+00:00\",\"description\":\"Sculpt\u00e9 en bois de tilleul et peint \u00e0 la main, il a beaucoup de finitions en or. Cet ouvrage r\u00e9alis\u00e9 en exclusivit\u00e9 dans nos laboratoires suscite un sens de majest\u00e9. Version \u00e0 accrocher au mur ou avec le socle de votre choix. Hauteur cm 135\",\"breadcrumb\":{\"@id\":\"https:\/\/www.gruppoliturgico.com\/fr\/produit\/christ-redempteur-2\/#breadcrumb\"},\"inLanguage\":\"fr-FR\",\"potentialAction\":[{\"@type\":\"ReadAction\",\"target\":[\"https:\/\/www.gruppoliturgico.com\/fr\/produit\/christ-redempteur-2\/\"]}]},{\"@type\":\"BreadcrumbList\",\"@id\":\"https:\/\/www.gruppoliturgico.com\/fr\/produit\/christ-redempteur-2\/#breadcrumb\",\"itemListElement\":[{\"@type\":\"ListItem\",\"position\":1,\"name\":\"Home\",\"item\":\"https:\/\/www.gruppoliturgico.com\/fr\/\"},{\"@type\":\"ListItem\",\"position\":2,\"name\":\"Boutique\",\"item\":\"https:\/\/www.gruppoliturgico.com\/fr\/boutique\/\"},{\"@type\":\"ListItem\",\"position\":3,\"name\":\"Christ R\u00e9dempteur\"}]},{\"@type\":\"WebSite\",\"@id\":\"https:\/\/www.gruppoliturgico.com\/es\/#website\",\"url\":\"https:\/\/www.gruppoliturgico.com\/es\/\",\"name\":\"Laboratorio Gruppo Liturgico\",\"description\":\"Articoli Religiosi online\",\"publisher\":{\"@id\":\"https:\/\/www.gruppoliturgico.com\/es\/#organization\"},\"potentialAction\":[{\"@type\":\"SearchAction\",\"target\":{\"@type\":\"EntryPoint\",\"urlTemplate\":\"https:\/\/www.gruppoliturgico.com\/es\/?s={search_term_string}\"},\"query-input\":\"required name=search_term_string\"}],\"inLanguage\":\"fr-FR\"},{\"@type\":\"Organization\",\"@id\":\"https:\/\/www.gruppoliturgico.com\/es\/#organization\",\"name\":\"Laboratorio Gruppo Liturgico\",\"url\":\"https:\/\/www.gruppoliturgico.com\/es\/\",\"logo\":{\"@type\":\"ImageObject\",\"inLanguage\":\"fr-FR\",\"@id\":\"https:\/\/www.gruppoliturgico.com\/es\/#\/schema\/logo\/image\/\",\"url\":\"https:\/\/www.gruppoliturgico.com\/wp-content\/uploads\/2022\/02\/logo-laboratoriogruppoliturgico.png\",\"contentUrl\":\"https:\/\/www.gruppoliturgico.com\/wp-content\/uploads\/2022\/02\/logo-laboratoriogruppoliturgico.png\",\"width\":400,\"height\":114,\"caption\":\"Laboratorio Gruppo Liturgico\"},\"image\":{\"@id\":\"https:\/\/www.gruppoliturgico.com\/es\/#\/schema\/logo\/image\/\"}}]}<\/script>\n<!-- \/ Yoast SEO plugin. -->","yoast_head_json":{"title":"Christ R\u00e9dempteur - Jesus et Laboratorio Gruppo Liturgico","description":"Sculpt\u00e9 en bois de tilleul et peint \u00e0 la main, il a beaucoup de finitions en or.  Cet ouvrage r\u00e9alis\u00e9 en exclusivit\u00e9 dans nos laboratoires suscite un sens de majest\u00e9.  Version \u00e0 accrocher au mur ou avec le socle de votre choix. Hauteur cm 135","robots":{"index":"index","follow":"follow","max-snippet":"max-snippet:-1","max-image-preview":"max-image-preview:large","max-video-preview":"max-video-preview:-1"},"canonical":"https:\/\/www.gruppoliturgico.com\/fr\/produit\/christ-redempteur-2\/","og_locale":"fr_FR","og_type":"article","og_title":"Christ R\u00e9dempteur - Jesus et Laboratorio Gruppo Liturgico","og_description":"Sculpt\u00e9 en bois de tilleul et peint \u00e0 la main, il a beaucoup de finitions en or.  Cet ouvrage r\u00e9alis\u00e9 en exclusivit\u00e9 dans nos laboratoires suscite un sens de majest\u00e9.  Version \u00e0 accrocher au mur ou avec le socle de votre choix. Hauteur cm 135","og_url":"https:\/\/www.gruppoliturgico.com\/fr\/produit\/christ-redempteur-2\/","og_site_name":"Laboratorio Gruppo Liturgico","article_modified_time":"2022-10-28T14:45:56+00:00","og_image":[{"width":994,"height":1500,"url":"https:\/\/www.gruppoliturgico.com\/wp-content\/uploads\/2022\/05\/135.jpg","type":"image\/jpeg"}],"twitter_card":"summary_large_image","schema":{"@context":"https:\/\/schema.org","@graph":[{"@type":"WebPage","@id":"https:\/\/www.gruppoliturgico.com\/fr\/produit\/christ-redempteur-2\/","url":"https:\/\/www.gruppoliturgico.com\/fr\/produit\/christ-redempteur-2\/","name":"Christ R\u00e9dempteur - Jesus et Laboratorio Gruppo Liturgico","isPartOf":{"@id":"https:\/\/www.gruppoliturgico.com\/es\/#website"},"datePublished":"2022-05-19T22:00:01+00:00","dateModified":"2022-10-28T14:45:56+00:00","description":"Sculpt\u00e9 en bois de tilleul et peint \u00e0 la main, il a beaucoup de finitions en or. Cet ouvrage r\u00e9alis\u00e9 en exclusivit\u00e9 dans nos laboratoires suscite un sens de majest\u00e9. Version \u00e0 accrocher au mur ou avec le socle de votre choix. Hauteur cm 135","breadcrumb":{"@id":"https:\/\/www.gruppoliturgico.com\/fr\/produit\/christ-redempteur-2\/#breadcrumb"},"inLanguage":"fr-FR","potentialAction":[{"@type":"ReadAction","target":["https:\/\/www.gruppoliturgico.com\/fr\/produit\/christ-redempteur-2\/"]}]},{"@type":"BreadcrumbList","@id":"https:\/\/www.gruppoliturgico.com\/fr\/produit\/christ-redempteur-2\/#breadcrumb","itemListElement":[{"@type":"ListItem","position":1,"name":"Home","item":"https:\/\/www.gruppoliturgico.com\/fr\/"},{"@type":"ListItem","position":2,"name":"Boutique","item":"https:\/\/www.gruppoliturgico.com\/fr\/boutique\/"},{"@type":"ListItem","position":3,"name":"Christ R\u00e9dempteur"}]},{"@type":"WebSite","@id":"https:\/\/www.gruppoliturgico.com\/es\/#website","url":"https:\/\/www.gruppoliturgico.com\/es\/","name":"Laboratorio Gruppo Liturgico","description":"Articoli Religiosi online","publisher":{"@id":"https:\/\/www.gruppoliturgico.com\/es\/#organization"},"potentialAction":[{"@type":"SearchAction","target":{"@type":"EntryPoint","urlTemplate":"https:\/\/www.gruppoliturgico.com\/es\/?s={search_term_string}"},"query-input":"required name=search_term_string"}],"inLanguage":"fr-FR"},{"@type":"Organization","@id":"https:\/\/www.gruppoliturgico.com\/es\/#organization","name":"Laboratorio Gruppo Liturgico","url":"https:\/\/www.gruppoliturgico.com\/es\/","logo":{"@type":"ImageObject","inLanguage":"fr-FR","@id":"https:\/\/www.gruppoliturgico.com\/es\/#\/schema\/logo\/image\/","url":"https:\/\/www.gruppoliturgico.com\/wp-content\/uploads\/2022\/02\/logo-laboratoriogruppoliturgico.png","contentUrl":"https:\/\/www.gruppoliturgico.com\/wp-content\/uploads\/2022\/02\/logo-laboratoriogruppoliturgico.png","width":400,"height":114,"caption":"Laboratorio Gruppo Liturgico"},"image":{"@id":"https:\/\/www.gruppoliturgico.com\/es\/#\/schema\/logo\/image\/"}}]}},"_links":{"self":[{"href":"https:\/\/www.gruppoliturgico.com\/fr\/wp-json\/wp\/v2\/product\/64621"}],"collection":[{"href":"https:\/\/www.gruppoliturgico.com\/fr\/wp-json\/wp\/v2\/product"}],"about":[{"href":"https:\/\/www.gruppoliturgico.com\/fr\/wp-json\/wp\/v2\/types\/product"}],"wp:featuredmedia":[{"embeddable":true,"href":"https:\/\/www.gruppoliturgico.com\/fr\/wp-json\/wp\/v2\/media\/134182"}],"wp:attachment":[{"href":"https:\/\/www.gruppoliturgico.com\/fr\/wp-json\/wp\/v2\/media?parent=64621"}],"wp:term":[{"taxonomy":"product_cat","embeddable":true,"href":"https:\/\/www.gruppoliturgico.com\/fr\/wp-json\/wp\/v2\/product_cat?post=64621"},{"taxonomy":"product_tag","embeddable":true,"href":"https:\/\/www.gruppoliturgico.com\/fr\/wp-json\/wp\/v2\/product_tag?post=64621"}],"curies":[{"name":"wp","href":"https:\/\/api.w.org\/{rel}","templated":true}]}}