{"id":64513,"date":"2022-05-19T23:53:52","date_gmt":"2022-05-19T21:53:56","guid":{"rendered":"https:\/\/www.gruppoliturgico.com\/prodotto\/chasuble-dore-2\/"},"modified":"2022-05-20T08:05:32","modified_gmt":"2022-05-20T06:05:32","slug":"chasuble-dore-2","status":"publish","type":"product","link":"https:\/\/www.gruppoliturgico.com\/fr\/produit\/chasuble-dore-2\/","title":{"rendered":"chasuble dor\u00e9"},"content":{"rendered":"<html><body><p>En tissu brocart or.<br>\nLe tr\u00e8s riche galon, \u00e9gale sur la partie arri\u00e8re, est un entrelacement baroque ex\u00e9cut\u00e9 avec de pr\u00e9cieux fils en or sur un tissu en velours allemand pourpre.<br>\nEnti\u00e8rement bord\u00e9 en or.<\/p>\n<\/body><\/html>","protected":false},"excerpt":{"rendered":"<p>En tissu brocart or.<br \/>\nLe tr\u00e8s riche galon, \u00e9gale sur la partie arri\u00e8re, est un entrelacement baroque ex\u00e9cut\u00e9 avec de pr\u00e9cieux fils en or sur un tissu en velours allemand pourpre.<br \/>\nEnti\u00e8rement bord\u00e9 en or.<\/p>\n","protected":false},"featured_media":129034,"template":"","meta":[],"product_cat":[12248],"product_tag":[],"yoast_head":"<!-- This site is optimized with the Yoast SEO plugin v20.4 - https:\/\/yoast.com\/wordpress\/plugins\/seo\/ -->\n<title>chasuble dor\u00e9 - broderie traditionnelles et Laboratorio Gruppo Liturgico<\/title>\n<meta name=\"description\" content=\"En tissu brocart or. Le tr\u00e8s riche galon, \u00e9gale sur la partie arri\u00e8re, est un entrelacement baroque ex\u00e9cut\u00e9 avec de pr\u00e9cieux fils en or sur un tissu en velours allemand pourpre.  Enti\u00e8rement bord\u00e9 en or.\" \/>\n<meta name=\"robots\" content=\"index, follow, max-snippet:-1, max-image-preview:large, max-video-preview:-1\" \/>\n<link rel=\"canonical\" href=\"https:\/\/www.gruppoliturgico.com\/fr\/produit\/chasuble-dore-2\/\" \/>\n<meta property=\"og:locale\" content=\"fr_FR\" \/>\n<meta property=\"og:type\" content=\"article\" \/>\n<meta property=\"og:title\" content=\"chasuble dor\u00e9 - broderie traditionnelles et Laboratorio Gruppo Liturgico\" \/>\n<meta property=\"og:description\" content=\"En tissu brocart or. Le tr\u00e8s riche galon, \u00e9gale sur la partie arri\u00e8re, est un entrelacement baroque ex\u00e9cut\u00e9 avec de pr\u00e9cieux fils en or sur un tissu en velours allemand pourpre.  Enti\u00e8rement bord\u00e9 en or.\" \/>\n<meta property=\"og:url\" content=\"https:\/\/www.gruppoliturgico.com\/fr\/produit\/chasuble-dore-2\/\" \/>\n<meta property=\"og:site_name\" content=\"Laboratorio Gruppo Liturgico\" \/>\n<meta property=\"article:modified_time\" content=\"2022-05-20T06:05:32+00:00\" \/>\n<meta property=\"og:image\" content=\"https:\/\/www.gruppoliturgico.com\/wp-content\/uploads\/2022\/05\/281-oro_inPixio-663x1024.jpg\" \/>\n\t<meta property=\"og:image:width\" content=\"663\" \/>\n\t<meta property=\"og:image:height\" content=\"1024\" \/>\n\t<meta property=\"og:image:type\" content=\"image\/jpeg\" \/>\n<meta name=\"twitter:card\" content=\"summary_large_image\" \/>\n<script type=\"application\/ld+json\" class=\"yoast-schema-graph\">{\"@context\":\"https:\/\/schema.org\",\"@graph\":[{\"@type\":\"WebPage\",\"@id\":\"https:\/\/www.gruppoliturgico.com\/fr\/produit\/chasuble-dore-2\/\",\"url\":\"https:\/\/www.gruppoliturgico.com\/fr\/produit\/chasuble-dore-2\/\",\"name\":\"chasuble dor\u00e9 - broderie traditionnelles et Laboratorio Gruppo Liturgico\",\"isPartOf\":{\"@id\":\"https:\/\/www.gruppoliturgico.com\/es\/#website\"},\"datePublished\":\"2022-05-19T21:53:56+00:00\",\"dateModified\":\"2022-05-20T06:05:32+00:00\",\"description\":\"En tissu brocart or. Le tr\u00e8s riche galon, \u00e9gale sur la partie arri\u00e8re, est un entrelacement baroque ex\u00e9cut\u00e9 avec de pr\u00e9cieux fils en or sur un tissu en velours allemand pourpre. Enti\u00e8rement bord\u00e9 en or.\",\"breadcrumb\":{\"@id\":\"https:\/\/www.gruppoliturgico.com\/fr\/produit\/chasuble-dore-2\/#breadcrumb\"},\"inLanguage\":\"fr-FR\",\"potentialAction\":[{\"@type\":\"ReadAction\",\"target\":[\"https:\/\/www.gruppoliturgico.com\/fr\/produit\/chasuble-dore-2\/\"]}]},{\"@type\":\"BreadcrumbList\",\"@id\":\"https:\/\/www.gruppoliturgico.com\/fr\/produit\/chasuble-dore-2\/#breadcrumb\",\"itemListElement\":[{\"@type\":\"ListItem\",\"position\":1,\"name\":\"Home\",\"item\":\"https:\/\/www.gruppoliturgico.com\/fr\/\"},{\"@type\":\"ListItem\",\"position\":2,\"name\":\"Boutique\",\"item\":\"https:\/\/www.gruppoliturgico.com\/fr\/boutique\/\"},{\"@type\":\"ListItem\",\"position\":3,\"name\":\"chasuble dor\u00e9\"}]},{\"@type\":\"WebSite\",\"@id\":\"https:\/\/www.gruppoliturgico.com\/es\/#website\",\"url\":\"https:\/\/www.gruppoliturgico.com\/es\/\",\"name\":\"Laboratorio Gruppo Liturgico\",\"description\":\"Articoli Religiosi online\",\"publisher\":{\"@id\":\"https:\/\/www.gruppoliturgico.com\/es\/#organization\"},\"potentialAction\":[{\"@type\":\"SearchAction\",\"target\":{\"@type\":\"EntryPoint\",\"urlTemplate\":\"https:\/\/www.gruppoliturgico.com\/es\/?s={search_term_string}\"},\"query-input\":\"required name=search_term_string\"}],\"inLanguage\":\"fr-FR\"},{\"@type\":\"Organization\",\"@id\":\"https:\/\/www.gruppoliturgico.com\/es\/#organization\",\"name\":\"Laboratorio Gruppo Liturgico\",\"url\":\"https:\/\/www.gruppoliturgico.com\/es\/\",\"logo\":{\"@type\":\"ImageObject\",\"inLanguage\":\"fr-FR\",\"@id\":\"https:\/\/www.gruppoliturgico.com\/es\/#\/schema\/logo\/image\/\",\"url\":\"https:\/\/www.gruppoliturgico.com\/wp-content\/uploads\/2022\/02\/logo-laboratoriogruppoliturgico.png\",\"contentUrl\":\"https:\/\/www.gruppoliturgico.com\/wp-content\/uploads\/2022\/02\/logo-laboratoriogruppoliturgico.png\",\"width\":400,\"height\":114,\"caption\":\"Laboratorio Gruppo Liturgico\"},\"image\":{\"@id\":\"https:\/\/www.gruppoliturgico.com\/es\/#\/schema\/logo\/image\/\"}}]}<\/script>\n<!-- \/ Yoast SEO plugin. -->","yoast_head_json":{"title":"chasuble dor\u00e9 - broderie traditionnelles et Laboratorio Gruppo Liturgico","description":"En tissu brocart or. Le tr\u00e8s riche galon, \u00e9gale sur la partie arri\u00e8re, est un entrelacement baroque ex\u00e9cut\u00e9 avec de pr\u00e9cieux fils en or sur un tissu en velours allemand pourpre.  Enti\u00e8rement bord\u00e9 en or.","robots":{"index":"index","follow":"follow","max-snippet":"max-snippet:-1","max-image-preview":"max-image-preview:large","max-video-preview":"max-video-preview:-1"},"canonical":"https:\/\/www.gruppoliturgico.com\/fr\/produit\/chasuble-dore-2\/","og_locale":"fr_FR","og_type":"article","og_title":"chasuble dor\u00e9 - broderie traditionnelles et Laboratorio Gruppo Liturgico","og_description":"En tissu brocart or. Le tr\u00e8s riche galon, \u00e9gale sur la partie arri\u00e8re, est un entrelacement baroque ex\u00e9cut\u00e9 avec de pr\u00e9cieux fils en or sur un tissu en velours allemand pourpre.  Enti\u00e8rement bord\u00e9 en or.","og_url":"https:\/\/www.gruppoliturgico.com\/fr\/produit\/chasuble-dore-2\/","og_site_name":"Laboratorio Gruppo Liturgico","article_modified_time":"2022-05-20T06:05:32+00:00","og_image":[{"width":663,"height":1024,"url":"https:\/\/www.gruppoliturgico.com\/wp-content\/uploads\/2022\/05\/281-oro_inPixio-663x1024.jpg","type":"image\/jpeg"}],"twitter_card":"summary_large_image","schema":{"@context":"https:\/\/schema.org","@graph":[{"@type":"WebPage","@id":"https:\/\/www.gruppoliturgico.com\/fr\/produit\/chasuble-dore-2\/","url":"https:\/\/www.gruppoliturgico.com\/fr\/produit\/chasuble-dore-2\/","name":"chasuble dor\u00e9 - broderie traditionnelles et Laboratorio Gruppo Liturgico","isPartOf":{"@id":"https:\/\/www.gruppoliturgico.com\/es\/#website"},"datePublished":"2022-05-19T21:53:56+00:00","dateModified":"2022-05-20T06:05:32+00:00","description":"En tissu brocart or. Le tr\u00e8s riche galon, \u00e9gale sur la partie arri\u00e8re, est un entrelacement baroque ex\u00e9cut\u00e9 avec de pr\u00e9cieux fils en or sur un tissu en velours allemand pourpre. Enti\u00e8rement bord\u00e9 en or.","breadcrumb":{"@id":"https:\/\/www.gruppoliturgico.com\/fr\/produit\/chasuble-dore-2\/#breadcrumb"},"inLanguage":"fr-FR","potentialAction":[{"@type":"ReadAction","target":["https:\/\/www.gruppoliturgico.com\/fr\/produit\/chasuble-dore-2\/"]}]},{"@type":"BreadcrumbList","@id":"https:\/\/www.gruppoliturgico.com\/fr\/produit\/chasuble-dore-2\/#breadcrumb","itemListElement":[{"@type":"ListItem","position":1,"name":"Home","item":"https:\/\/www.gruppoliturgico.com\/fr\/"},{"@type":"ListItem","position":2,"name":"Boutique","item":"https:\/\/www.gruppoliturgico.com\/fr\/boutique\/"},{"@type":"ListItem","position":3,"name":"chasuble dor\u00e9"}]},{"@type":"WebSite","@id":"https:\/\/www.gruppoliturgico.com\/es\/#website","url":"https:\/\/www.gruppoliturgico.com\/es\/","name":"Laboratorio Gruppo Liturgico","description":"Articoli Religiosi online","publisher":{"@id":"https:\/\/www.gruppoliturgico.com\/es\/#organization"},"potentialAction":[{"@type":"SearchAction","target":{"@type":"EntryPoint","urlTemplate":"https:\/\/www.gruppoliturgico.com\/es\/?s={search_term_string}"},"query-input":"required name=search_term_string"}],"inLanguage":"fr-FR"},{"@type":"Organization","@id":"https:\/\/www.gruppoliturgico.com\/es\/#organization","name":"Laboratorio Gruppo Liturgico","url":"https:\/\/www.gruppoliturgico.com\/es\/","logo":{"@type":"ImageObject","inLanguage":"fr-FR","@id":"https:\/\/www.gruppoliturgico.com\/es\/#\/schema\/logo\/image\/","url":"https:\/\/www.gruppoliturgico.com\/wp-content\/uploads\/2022\/02\/logo-laboratoriogruppoliturgico.png","contentUrl":"https:\/\/www.gruppoliturgico.com\/wp-content\/uploads\/2022\/02\/logo-laboratoriogruppoliturgico.png","width":400,"height":114,"caption":"Laboratorio Gruppo Liturgico"},"image":{"@id":"https:\/\/www.gruppoliturgico.com\/es\/#\/schema\/logo\/image\/"}}]}},"_links":{"self":[{"href":"https:\/\/www.gruppoliturgico.com\/fr\/wp-json\/wp\/v2\/product\/64513"}],"collection":[{"href":"https:\/\/www.gruppoliturgico.com\/fr\/wp-json\/wp\/v2\/product"}],"about":[{"href":"https:\/\/www.gruppoliturgico.com\/fr\/wp-json\/wp\/v2\/types\/product"}],"wp:featuredmedia":[{"embeddable":true,"href":"https:\/\/www.gruppoliturgico.com\/fr\/wp-json\/wp\/v2\/media\/129034"}],"wp:attachment":[{"href":"https:\/\/www.gruppoliturgico.com\/fr\/wp-json\/wp\/v2\/media?parent=64513"}],"wp:term":[{"taxonomy":"product_cat","embeddable":true,"href":"https:\/\/www.gruppoliturgico.com\/fr\/wp-json\/wp\/v2\/product_cat?post=64513"},{"taxonomy":"product_tag","embeddable":true,"href":"https:\/\/www.gruppoliturgico.com\/fr\/wp-json\/wp\/v2\/product_tag?post=64513"}],"curies":[{"name":"wp","href":"https:\/\/api.w.org\/{rel}","templated":true}]}}