{"id":64461,"date":"2022-05-19T23:51:32","date_gmt":"2022-05-19T21:51:36","guid":{"rendered":"https:\/\/www.gruppoliturgico.com\/prodotto\/crucifix-en-bois-9\/"},"modified":"2022-11-04T11:05:03","modified_gmt":"2022-11-04T10:05:03","slug":"crucifix-en-bois-9","status":"publish","type":"product","link":"https:\/\/www.gruppoliturgico.com\/fr\/produit\/crucifix-en-bois-9\/","title":{"rendered":"crucifix"},"content":{"rendered":"<html><body><p>Le corps de J\u00e9sus Crucifix est en bois sculpt\u00e9 peint \u00e0 la main, avec quelques \u00e9l\u00e9ments dor\u00e9s \u00e0 la feuille d\u2019or.<br>\nCroix en style baroque aux encoignures moulur\u00e9es, laqu\u00e9es et dor\u00e9es.<br>\nDimensions<br>\nCorps en bois sculpt\u00e9 cm 75<br>\nCroix cm 155<\/p>\n<\/body><\/html>","protected":false},"excerpt":{"rendered":"<p>Le corps de J\u00e9sus Crucifix est en bois sculpt\u00e9 peint \u00e0 la main, avec quelques \u00e9l\u00e9ments dor\u00e9s \u00e0 la feuille d&rsquo;or.<br \/>\nCroix en style baroque aux encoignures moulur\u00e9es, laqu\u00e9es et dor\u00e9es.<br \/>\nDimensions<br \/>\nCorps en bois sculpt\u00e9 cm 75<br \/>\nCroix cm 155<\/p>\n","protected":false},"featured_media":134824,"template":"","meta":[],"product_cat":[11592],"product_tag":[],"yoast_head":"<!-- This site is optimized with the Yoast SEO plugin v20.4 - https:\/\/yoast.com\/wordpress\/plugins\/seo\/ -->\n<title>crucifix - crucifix en bois sculpt\u00e9 et Laboratorio Gruppo Liturgico<\/title>\n<meta name=\"description\" content=\"Le corps de J\u00e9sus Crucifix est en bois sculpt\u00e9 peint \u00e0 la main, avec quelques \u00e9l\u00e9ments dor\u00e9s \u00e0 la feuille d&#039;or. Croix en style baroque aux encoignures moulur\u00e9es, laqu\u00e9es et dor\u00e9es. Dimensions Corps en bois sculpt\u00e9 cm 75 Croix cm 155\" \/>\n<meta name=\"robots\" content=\"index, follow, max-snippet:-1, max-image-preview:large, max-video-preview:-1\" \/>\n<link rel=\"canonical\" href=\"https:\/\/www.gruppoliturgico.com\/fr\/produit\/crucifix-en-bois-9\/\" \/>\n<meta property=\"og:locale\" content=\"fr_FR\" \/>\n<meta property=\"og:type\" content=\"article\" \/>\n<meta property=\"og:title\" content=\"crucifix - crucifix en bois sculpt\u00e9 et Laboratorio Gruppo Liturgico\" \/>\n<meta property=\"og:description\" content=\"Le corps de J\u00e9sus Crucifix est en bois sculpt\u00e9 peint \u00e0 la main, avec quelques \u00e9l\u00e9ments dor\u00e9s \u00e0 la feuille d&#039;or. Croix en style baroque aux encoignures moulur\u00e9es, laqu\u00e9es et dor\u00e9es. Dimensions Corps en bois sculpt\u00e9 cm 75 Croix cm 155\" \/>\n<meta property=\"og:url\" content=\"https:\/\/www.gruppoliturgico.com\/fr\/produit\/crucifix-en-bois-9\/\" \/>\n<meta property=\"og:site_name\" content=\"Laboratorio Gruppo Liturgico\" \/>\n<meta property=\"article:modified_time\" content=\"2022-11-04T10:05:03+00:00\" \/>\n<meta property=\"og:image\" content=\"https:\/\/www.gruppoliturgico.com\/wp-content\/uploads\/2022\/05\/662-nv-rit.jpg\" \/>\n\t<meta property=\"og:image:width\" content=\"1081\" \/>\n\t<meta property=\"og:image:height\" content=\"2000\" \/>\n\t<meta property=\"og:image:type\" content=\"image\/jpeg\" \/>\n<meta name=\"twitter:card\" content=\"summary_large_image\" \/>\n<script type=\"application\/ld+json\" class=\"yoast-schema-graph\">{\"@context\":\"https:\/\/schema.org\",\"@graph\":[{\"@type\":\"WebPage\",\"@id\":\"https:\/\/www.gruppoliturgico.com\/fr\/produit\/crucifix-en-bois-9\/\",\"url\":\"https:\/\/www.gruppoliturgico.com\/fr\/produit\/crucifix-en-bois-9\/\",\"name\":\"crucifix - crucifix en bois sculpt\u00e9 et Laboratorio Gruppo Liturgico\",\"isPartOf\":{\"@id\":\"https:\/\/www.gruppoliturgico.com\/es\/#website\"},\"datePublished\":\"2022-05-19T21:51:36+00:00\",\"dateModified\":\"2022-11-04T10:05:03+00:00\",\"description\":\"Le corps de J\u00e9sus Crucifix est en bois sculpt\u00e9 peint \u00e0 la main, avec quelques \u00e9l\u00e9ments dor\u00e9s \u00e0 la feuille d'or. Croix en style baroque aux encoignures moulur\u00e9es, laqu\u00e9es et dor\u00e9es. Dimensions Corps en bois sculpt\u00e9 cm 75 Croix cm 155\",\"breadcrumb\":{\"@id\":\"https:\/\/www.gruppoliturgico.com\/fr\/produit\/crucifix-en-bois-9\/#breadcrumb\"},\"inLanguage\":\"fr-FR\",\"potentialAction\":[{\"@type\":\"ReadAction\",\"target\":[\"https:\/\/www.gruppoliturgico.com\/fr\/produit\/crucifix-en-bois-9\/\"]}]},{\"@type\":\"BreadcrumbList\",\"@id\":\"https:\/\/www.gruppoliturgico.com\/fr\/produit\/crucifix-en-bois-9\/#breadcrumb\",\"itemListElement\":[{\"@type\":\"ListItem\",\"position\":1,\"name\":\"Home\",\"item\":\"https:\/\/www.gruppoliturgico.com\/fr\/\"},{\"@type\":\"ListItem\",\"position\":2,\"name\":\"Boutique\",\"item\":\"https:\/\/www.gruppoliturgico.com\/fr\/boutique\/\"},{\"@type\":\"ListItem\",\"position\":3,\"name\":\"crucifix\"}]},{\"@type\":\"WebSite\",\"@id\":\"https:\/\/www.gruppoliturgico.com\/es\/#website\",\"url\":\"https:\/\/www.gruppoliturgico.com\/es\/\",\"name\":\"Laboratorio Gruppo Liturgico\",\"description\":\"Articoli Religiosi online\",\"publisher\":{\"@id\":\"https:\/\/www.gruppoliturgico.com\/es\/#organization\"},\"potentialAction\":[{\"@type\":\"SearchAction\",\"target\":{\"@type\":\"EntryPoint\",\"urlTemplate\":\"https:\/\/www.gruppoliturgico.com\/es\/?s={search_term_string}\"},\"query-input\":\"required name=search_term_string\"}],\"inLanguage\":\"fr-FR\"},{\"@type\":\"Organization\",\"@id\":\"https:\/\/www.gruppoliturgico.com\/es\/#organization\",\"name\":\"Laboratorio Gruppo Liturgico\",\"url\":\"https:\/\/www.gruppoliturgico.com\/es\/\",\"logo\":{\"@type\":\"ImageObject\",\"inLanguage\":\"fr-FR\",\"@id\":\"https:\/\/www.gruppoliturgico.com\/es\/#\/schema\/logo\/image\/\",\"url\":\"https:\/\/www.gruppoliturgico.com\/wp-content\/uploads\/2022\/02\/logo-laboratoriogruppoliturgico.png\",\"contentUrl\":\"https:\/\/www.gruppoliturgico.com\/wp-content\/uploads\/2022\/02\/logo-laboratoriogruppoliturgico.png\",\"width\":400,\"height\":114,\"caption\":\"Laboratorio Gruppo Liturgico\"},\"image\":{\"@id\":\"https:\/\/www.gruppoliturgico.com\/es\/#\/schema\/logo\/image\/\"}}]}<\/script>\n<!-- \/ Yoast SEO plugin. -->","yoast_head_json":{"title":"crucifix - crucifix en bois sculpt\u00e9 et Laboratorio Gruppo Liturgico","description":"Le corps de J\u00e9sus Crucifix est en bois sculpt\u00e9 peint \u00e0 la main, avec quelques \u00e9l\u00e9ments dor\u00e9s \u00e0 la feuille d'or. Croix en style baroque aux encoignures moulur\u00e9es, laqu\u00e9es et dor\u00e9es. Dimensions Corps en bois sculpt\u00e9 cm 75 Croix cm 155","robots":{"index":"index","follow":"follow","max-snippet":"max-snippet:-1","max-image-preview":"max-image-preview:large","max-video-preview":"max-video-preview:-1"},"canonical":"https:\/\/www.gruppoliturgico.com\/fr\/produit\/crucifix-en-bois-9\/","og_locale":"fr_FR","og_type":"article","og_title":"crucifix - crucifix en bois sculpt\u00e9 et Laboratorio Gruppo Liturgico","og_description":"Le corps de J\u00e9sus Crucifix est en bois sculpt\u00e9 peint \u00e0 la main, avec quelques \u00e9l\u00e9ments dor\u00e9s \u00e0 la feuille d'or. Croix en style baroque aux encoignures moulur\u00e9es, laqu\u00e9es et dor\u00e9es. Dimensions Corps en bois sculpt\u00e9 cm 75 Croix cm 155","og_url":"https:\/\/www.gruppoliturgico.com\/fr\/produit\/crucifix-en-bois-9\/","og_site_name":"Laboratorio Gruppo Liturgico","article_modified_time":"2022-11-04T10:05:03+00:00","og_image":[{"width":1081,"height":2000,"url":"https:\/\/www.gruppoliturgico.com\/wp-content\/uploads\/2022\/05\/662-nv-rit.jpg","type":"image\/jpeg"}],"twitter_card":"summary_large_image","schema":{"@context":"https:\/\/schema.org","@graph":[{"@type":"WebPage","@id":"https:\/\/www.gruppoliturgico.com\/fr\/produit\/crucifix-en-bois-9\/","url":"https:\/\/www.gruppoliturgico.com\/fr\/produit\/crucifix-en-bois-9\/","name":"crucifix - crucifix en bois sculpt\u00e9 et Laboratorio Gruppo Liturgico","isPartOf":{"@id":"https:\/\/www.gruppoliturgico.com\/es\/#website"},"datePublished":"2022-05-19T21:51:36+00:00","dateModified":"2022-11-04T10:05:03+00:00","description":"Le corps de J\u00e9sus Crucifix est en bois sculpt\u00e9 peint \u00e0 la main, avec quelques \u00e9l\u00e9ments dor\u00e9s \u00e0 la feuille d'or. Croix en style baroque aux encoignures moulur\u00e9es, laqu\u00e9es et dor\u00e9es. Dimensions Corps en bois sculpt\u00e9 cm 75 Croix cm 155","breadcrumb":{"@id":"https:\/\/www.gruppoliturgico.com\/fr\/produit\/crucifix-en-bois-9\/#breadcrumb"},"inLanguage":"fr-FR","potentialAction":[{"@type":"ReadAction","target":["https:\/\/www.gruppoliturgico.com\/fr\/produit\/crucifix-en-bois-9\/"]}]},{"@type":"BreadcrumbList","@id":"https:\/\/www.gruppoliturgico.com\/fr\/produit\/crucifix-en-bois-9\/#breadcrumb","itemListElement":[{"@type":"ListItem","position":1,"name":"Home","item":"https:\/\/www.gruppoliturgico.com\/fr\/"},{"@type":"ListItem","position":2,"name":"Boutique","item":"https:\/\/www.gruppoliturgico.com\/fr\/boutique\/"},{"@type":"ListItem","position":3,"name":"crucifix"}]},{"@type":"WebSite","@id":"https:\/\/www.gruppoliturgico.com\/es\/#website","url":"https:\/\/www.gruppoliturgico.com\/es\/","name":"Laboratorio Gruppo Liturgico","description":"Articoli Religiosi online","publisher":{"@id":"https:\/\/www.gruppoliturgico.com\/es\/#organization"},"potentialAction":[{"@type":"SearchAction","target":{"@type":"EntryPoint","urlTemplate":"https:\/\/www.gruppoliturgico.com\/es\/?s={search_term_string}"},"query-input":"required name=search_term_string"}],"inLanguage":"fr-FR"},{"@type":"Organization","@id":"https:\/\/www.gruppoliturgico.com\/es\/#organization","name":"Laboratorio Gruppo Liturgico","url":"https:\/\/www.gruppoliturgico.com\/es\/","logo":{"@type":"ImageObject","inLanguage":"fr-FR","@id":"https:\/\/www.gruppoliturgico.com\/es\/#\/schema\/logo\/image\/","url":"https:\/\/www.gruppoliturgico.com\/wp-content\/uploads\/2022\/02\/logo-laboratoriogruppoliturgico.png","contentUrl":"https:\/\/www.gruppoliturgico.com\/wp-content\/uploads\/2022\/02\/logo-laboratoriogruppoliturgico.png","width":400,"height":114,"caption":"Laboratorio Gruppo Liturgico"},"image":{"@id":"https:\/\/www.gruppoliturgico.com\/es\/#\/schema\/logo\/image\/"}}]}},"_links":{"self":[{"href":"https:\/\/www.gruppoliturgico.com\/fr\/wp-json\/wp\/v2\/product\/64461"}],"collection":[{"href":"https:\/\/www.gruppoliturgico.com\/fr\/wp-json\/wp\/v2\/product"}],"about":[{"href":"https:\/\/www.gruppoliturgico.com\/fr\/wp-json\/wp\/v2\/types\/product"}],"wp:featuredmedia":[{"embeddable":true,"href":"https:\/\/www.gruppoliturgico.com\/fr\/wp-json\/wp\/v2\/media\/134824"}],"wp:attachment":[{"href":"https:\/\/www.gruppoliturgico.com\/fr\/wp-json\/wp\/v2\/media?parent=64461"}],"wp:term":[{"taxonomy":"product_cat","embeddable":true,"href":"https:\/\/www.gruppoliturgico.com\/fr\/wp-json\/wp\/v2\/product_cat?post=64461"},{"taxonomy":"product_tag","embeddable":true,"href":"https:\/\/www.gruppoliturgico.com\/fr\/wp-json\/wp\/v2\/product_tag?post=64461"}],"curies":[{"name":"wp","href":"https:\/\/api.w.org\/{rel}","templated":true}]}}