{"id":64433,"date":"2022-05-19T23:50:16","date_gmt":"2022-05-19T21:50:21","guid":{"rendered":"https:\/\/www.gruppoliturgico.com\/prodotto\/crucifix-en-bois-2\/"},"modified":"2022-08-10T11:31:57","modified_gmt":"2022-08-10T09:31:57","slug":"crucifix-en-bois-2","status":"publish","type":"product","link":"https:\/\/www.gruppoliturgico.com\/fr\/produit\/crucifix-en-bois-2\/","title":{"rendered":"crucifix"},"content":{"rendered":"<html><body><p>Le corps de J\u00e9sus Crucifix est en bois peint, avec quelques \u00e9l\u00e9ments dor\u00e9s.<br>\nIndiqu\u00e9 pour l\u2019office du Vendredi Saint.<br>\nPrix comprenant la croix.<\/p>\n<p>Dimensions<br>\nCorps en bois sculpt\u00e9 cm 40<br>\nCroix cm 80<\/p>\n<\/body><\/html>","protected":false},"excerpt":{"rendered":"<p>Le corps de J\u00e9sus Crucifix est en bois peint, avec quelques \u00e9l\u00e9ments dor\u00e9s.<br \/>\nIndiqu\u00e9 pour l&rsquo;office du Vendredi Saint.<br \/>\nPrix comprenant la croix.<\/p>\n<p>Dimensions<br \/>\nCorps en bois sculpt\u00e9 cm 40<br \/>\nCroix cm 80<\/p>\n","protected":false},"featured_media":134812,"template":"","meta":[],"product_cat":[11592],"product_tag":[],"yoast_head":"<!-- This site is optimized with the Yoast SEO plugin v20.4 - https:\/\/yoast.com\/wordpress\/plugins\/seo\/ -->\n<title>crucifix - crucifix en bois sculpt\u00e9 et Laboratorio Gruppo Liturgico<\/title>\n<meta name=\"description\" content=\"Le corps de J\u00e9sus Crucifix est en bois peint, avec quelques \u00e9l\u00e9ments dor\u00e9s. Indiqu\u00e9 pour l&#039;office du Vendredi Saint. Prix comprenant la croix.  Dimensions Corps en bois sculpt\u00e9 cm 40 Croix cm 80\" \/>\n<meta name=\"robots\" content=\"index, follow, max-snippet:-1, max-image-preview:large, max-video-preview:-1\" \/>\n<link rel=\"canonical\" href=\"https:\/\/www.gruppoliturgico.com\/fr\/produit\/crucifix-en-bois-2\/\" \/>\n<meta property=\"og:locale\" content=\"fr_FR\" \/>\n<meta property=\"og:type\" content=\"article\" \/>\n<meta property=\"og:title\" content=\"crucifix - crucifix en bois sculpt\u00e9 et Laboratorio Gruppo Liturgico\" \/>\n<meta property=\"og:description\" content=\"Le corps de J\u00e9sus Crucifix est en bois peint, avec quelques \u00e9l\u00e9ments dor\u00e9s. Indiqu\u00e9 pour l&#039;office du Vendredi Saint. Prix comprenant la croix.  Dimensions Corps en bois sculpt\u00e9 cm 40 Croix cm 80\" \/>\n<meta property=\"og:url\" content=\"https:\/\/www.gruppoliturgico.com\/fr\/produit\/crucifix-en-bois-2\/\" \/>\n<meta property=\"og:site_name\" content=\"Laboratorio Gruppo Liturgico\" \/>\n<meta property=\"article:modified_time\" content=\"2022-08-10T09:31:57+00:00\" \/>\n<meta property=\"og:image\" content=\"https:\/\/www.gruppoliturgico.com\/wp-content\/uploads\/2022\/05\/249820-20572_1.jpg\" \/>\n\t<meta property=\"og:image:width\" content=\"1045\" \/>\n\t<meta property=\"og:image:height\" content=\"1500\" \/>\n\t<meta property=\"og:image:type\" content=\"image\/jpeg\" \/>\n<meta name=\"twitter:card\" content=\"summary_large_image\" \/>\n<script type=\"application\/ld+json\" class=\"yoast-schema-graph\">{\"@context\":\"https:\/\/schema.org\",\"@graph\":[{\"@type\":\"WebPage\",\"@id\":\"https:\/\/www.gruppoliturgico.com\/fr\/produit\/crucifix-en-bois-2\/\",\"url\":\"https:\/\/www.gruppoliturgico.com\/fr\/produit\/crucifix-en-bois-2\/\",\"name\":\"crucifix - crucifix en bois sculpt\u00e9 et Laboratorio Gruppo Liturgico\",\"isPartOf\":{\"@id\":\"https:\/\/www.gruppoliturgico.com\/es\/#website\"},\"datePublished\":\"2022-05-19T21:50:21+00:00\",\"dateModified\":\"2022-08-10T09:31:57+00:00\",\"description\":\"Le corps de J\u00e9sus Crucifix est en bois peint, avec quelques \u00e9l\u00e9ments dor\u00e9s. Indiqu\u00e9 pour l'office du Vendredi Saint. Prix comprenant la croix. Dimensions Corps en bois sculpt\u00e9 cm 40 Croix cm 80\",\"breadcrumb\":{\"@id\":\"https:\/\/www.gruppoliturgico.com\/fr\/produit\/crucifix-en-bois-2\/#breadcrumb\"},\"inLanguage\":\"fr-FR\",\"potentialAction\":[{\"@type\":\"ReadAction\",\"target\":[\"https:\/\/www.gruppoliturgico.com\/fr\/produit\/crucifix-en-bois-2\/\"]}]},{\"@type\":\"BreadcrumbList\",\"@id\":\"https:\/\/www.gruppoliturgico.com\/fr\/produit\/crucifix-en-bois-2\/#breadcrumb\",\"itemListElement\":[{\"@type\":\"ListItem\",\"position\":1,\"name\":\"Home\",\"item\":\"https:\/\/www.gruppoliturgico.com\/fr\/\"},{\"@type\":\"ListItem\",\"position\":2,\"name\":\"Boutique\",\"item\":\"https:\/\/www.gruppoliturgico.com\/fr\/boutique\/\"},{\"@type\":\"ListItem\",\"position\":3,\"name\":\"crucifix\"}]},{\"@type\":\"WebSite\",\"@id\":\"https:\/\/www.gruppoliturgico.com\/es\/#website\",\"url\":\"https:\/\/www.gruppoliturgico.com\/es\/\",\"name\":\"Laboratorio Gruppo Liturgico\",\"description\":\"Articoli Religiosi online\",\"publisher\":{\"@id\":\"https:\/\/www.gruppoliturgico.com\/es\/#organization\"},\"potentialAction\":[{\"@type\":\"SearchAction\",\"target\":{\"@type\":\"EntryPoint\",\"urlTemplate\":\"https:\/\/www.gruppoliturgico.com\/es\/?s={search_term_string}\"},\"query-input\":\"required name=search_term_string\"}],\"inLanguage\":\"fr-FR\"},{\"@type\":\"Organization\",\"@id\":\"https:\/\/www.gruppoliturgico.com\/es\/#organization\",\"name\":\"Laboratorio Gruppo Liturgico\",\"url\":\"https:\/\/www.gruppoliturgico.com\/es\/\",\"logo\":{\"@type\":\"ImageObject\",\"inLanguage\":\"fr-FR\",\"@id\":\"https:\/\/www.gruppoliturgico.com\/es\/#\/schema\/logo\/image\/\",\"url\":\"https:\/\/www.gruppoliturgico.com\/wp-content\/uploads\/2022\/02\/logo-laboratoriogruppoliturgico.png\",\"contentUrl\":\"https:\/\/www.gruppoliturgico.com\/wp-content\/uploads\/2022\/02\/logo-laboratoriogruppoliturgico.png\",\"width\":400,\"height\":114,\"caption\":\"Laboratorio Gruppo Liturgico\"},\"image\":{\"@id\":\"https:\/\/www.gruppoliturgico.com\/es\/#\/schema\/logo\/image\/\"}}]}<\/script>\n<!-- \/ Yoast SEO plugin. -->","yoast_head_json":{"title":"crucifix - crucifix en bois sculpt\u00e9 et Laboratorio Gruppo Liturgico","description":"Le corps de J\u00e9sus Crucifix est en bois peint, avec quelques \u00e9l\u00e9ments dor\u00e9s. Indiqu\u00e9 pour l'office du Vendredi Saint. Prix comprenant la croix.  Dimensions Corps en bois sculpt\u00e9 cm 40 Croix cm 80","robots":{"index":"index","follow":"follow","max-snippet":"max-snippet:-1","max-image-preview":"max-image-preview:large","max-video-preview":"max-video-preview:-1"},"canonical":"https:\/\/www.gruppoliturgico.com\/fr\/produit\/crucifix-en-bois-2\/","og_locale":"fr_FR","og_type":"article","og_title":"crucifix - crucifix en bois sculpt\u00e9 et Laboratorio Gruppo Liturgico","og_description":"Le corps de J\u00e9sus Crucifix est en bois peint, avec quelques \u00e9l\u00e9ments dor\u00e9s. Indiqu\u00e9 pour l'office du Vendredi Saint. Prix comprenant la croix.  Dimensions Corps en bois sculpt\u00e9 cm 40 Croix cm 80","og_url":"https:\/\/www.gruppoliturgico.com\/fr\/produit\/crucifix-en-bois-2\/","og_site_name":"Laboratorio Gruppo Liturgico","article_modified_time":"2022-08-10T09:31:57+00:00","og_image":[{"width":1045,"height":1500,"url":"https:\/\/www.gruppoliturgico.com\/wp-content\/uploads\/2022\/05\/249820-20572_1.jpg","type":"image\/jpeg"}],"twitter_card":"summary_large_image","schema":{"@context":"https:\/\/schema.org","@graph":[{"@type":"WebPage","@id":"https:\/\/www.gruppoliturgico.com\/fr\/produit\/crucifix-en-bois-2\/","url":"https:\/\/www.gruppoliturgico.com\/fr\/produit\/crucifix-en-bois-2\/","name":"crucifix - crucifix en bois sculpt\u00e9 et Laboratorio Gruppo Liturgico","isPartOf":{"@id":"https:\/\/www.gruppoliturgico.com\/es\/#website"},"datePublished":"2022-05-19T21:50:21+00:00","dateModified":"2022-08-10T09:31:57+00:00","description":"Le corps de J\u00e9sus Crucifix est en bois peint, avec quelques \u00e9l\u00e9ments dor\u00e9s. Indiqu\u00e9 pour l'office du Vendredi Saint. Prix comprenant la croix. Dimensions Corps en bois sculpt\u00e9 cm 40 Croix cm 80","breadcrumb":{"@id":"https:\/\/www.gruppoliturgico.com\/fr\/produit\/crucifix-en-bois-2\/#breadcrumb"},"inLanguage":"fr-FR","potentialAction":[{"@type":"ReadAction","target":["https:\/\/www.gruppoliturgico.com\/fr\/produit\/crucifix-en-bois-2\/"]}]},{"@type":"BreadcrumbList","@id":"https:\/\/www.gruppoliturgico.com\/fr\/produit\/crucifix-en-bois-2\/#breadcrumb","itemListElement":[{"@type":"ListItem","position":1,"name":"Home","item":"https:\/\/www.gruppoliturgico.com\/fr\/"},{"@type":"ListItem","position":2,"name":"Boutique","item":"https:\/\/www.gruppoliturgico.com\/fr\/boutique\/"},{"@type":"ListItem","position":3,"name":"crucifix"}]},{"@type":"WebSite","@id":"https:\/\/www.gruppoliturgico.com\/es\/#website","url":"https:\/\/www.gruppoliturgico.com\/es\/","name":"Laboratorio Gruppo Liturgico","description":"Articoli Religiosi online","publisher":{"@id":"https:\/\/www.gruppoliturgico.com\/es\/#organization"},"potentialAction":[{"@type":"SearchAction","target":{"@type":"EntryPoint","urlTemplate":"https:\/\/www.gruppoliturgico.com\/es\/?s={search_term_string}"},"query-input":"required name=search_term_string"}],"inLanguage":"fr-FR"},{"@type":"Organization","@id":"https:\/\/www.gruppoliturgico.com\/es\/#organization","name":"Laboratorio Gruppo Liturgico","url":"https:\/\/www.gruppoliturgico.com\/es\/","logo":{"@type":"ImageObject","inLanguage":"fr-FR","@id":"https:\/\/www.gruppoliturgico.com\/es\/#\/schema\/logo\/image\/","url":"https:\/\/www.gruppoliturgico.com\/wp-content\/uploads\/2022\/02\/logo-laboratoriogruppoliturgico.png","contentUrl":"https:\/\/www.gruppoliturgico.com\/wp-content\/uploads\/2022\/02\/logo-laboratoriogruppoliturgico.png","width":400,"height":114,"caption":"Laboratorio Gruppo Liturgico"},"image":{"@id":"https:\/\/www.gruppoliturgico.com\/es\/#\/schema\/logo\/image\/"}}]}},"_links":{"self":[{"href":"https:\/\/www.gruppoliturgico.com\/fr\/wp-json\/wp\/v2\/product\/64433"}],"collection":[{"href":"https:\/\/www.gruppoliturgico.com\/fr\/wp-json\/wp\/v2\/product"}],"about":[{"href":"https:\/\/www.gruppoliturgico.com\/fr\/wp-json\/wp\/v2\/types\/product"}],"wp:featuredmedia":[{"embeddable":true,"href":"https:\/\/www.gruppoliturgico.com\/fr\/wp-json\/wp\/v2\/media\/134812"}],"wp:attachment":[{"href":"https:\/\/www.gruppoliturgico.com\/fr\/wp-json\/wp\/v2\/media?parent=64433"}],"wp:term":[{"taxonomy":"product_cat","embeddable":true,"href":"https:\/\/www.gruppoliturgico.com\/fr\/wp-json\/wp\/v2\/product_cat?post=64433"},{"taxonomy":"product_tag","embeddable":true,"href":"https:\/\/www.gruppoliturgico.com\/fr\/wp-json\/wp\/v2\/product_tag?post=64433"}],"curies":[{"name":"wp","href":"https:\/\/api.w.org\/{rel}","templated":true}]}}