{"id":64417,"date":"2022-05-19T23:49:33","date_gmt":"2022-05-19T21:49:37","guid":{"rendered":"https:\/\/www.gruppoliturgico.com\/prodotto\/christ-redempteur\/"},"modified":"2022-05-20T08:01:30","modified_gmt":"2022-05-20T06:01:30","slug":"christ-redempteur","status":"publish","type":"product","link":"https:\/\/www.gruppoliturgico.com\/fr\/produit\/christ-redempteur\/","title":{"rendered":"Christ R\u00e9dempteur"},"content":{"rendered":"<html><body><p>Christ R\u00e9dempteur de l\u2019homme et Glorieux.<br>\nC\u2019est un ouvrage en bois de grande valeur artistique et de grandes dimensions.<br>\nLe Corps de Christ, de cm 150, en bois patin\u00e9, se d\u00e9tache sur l\u2019imposante aur\u00e9ole, toujours en bois, sculpt\u00e9e et dor\u00e9e \u00e0 la feuille d\u2019or.<br>\nOuvrage complet, dimensions cm 170 x 95.<br>\nPrix comprenant l\u2019aur\u00e9ole.<\/p>\n<\/body><\/html>","protected":false},"excerpt":{"rendered":"<p>Christ R\u00e9dempteur de l&rsquo;homme et Glorieux.<br \/>\nC&rsquo;est un ouvrage en bois de grande valeur artistique et de grandes dimensions.<br \/>\nLe Corps de Christ, de cm 150, en bois patin\u00e9, se d\u00e9tache sur l&rsquo;imposante aur\u00e9ole, toujours en bois, sculpt\u00e9e et dor\u00e9e \u00e0 la feuille d&rsquo;or.<br \/>\nOuvrage complet, dimensions cm 170 x 95.<br \/>\nPrix comprenant l&rsquo;aur\u00e9ole.<\/p>\n","protected":false},"featured_media":134174,"template":"","meta":[],"product_cat":[12388],"product_tag":[15289],"yoast_head":"<!-- This site is optimized with the Yoast SEO plugin v20.4 - https:\/\/yoast.com\/wordpress\/plugins\/seo\/ -->\n<title>Christ R\u00e9dempteur - Jesus et Laboratorio Gruppo Liturgico<\/title>\n<meta name=\"description\" content=\"Christ R\u00e9dempteur de l&#039;homme et Glorieux.  C&#039;est un ouvrage en bois de grande valeur artistique et de grandes dimensions.  Le Corps de Christ, de cm 150, en bois patin\u00e9, se d\u00e9tache sur l&#039;imposante aur\u00e9ole, toujours en bois, sculpt\u00e9e et dor\u00e9e \u00e0 la feuille d&#039;or.  Ouvrage complet, dimensions cm 170 x 95.  Prix comprenant l&#039;aur\u00e9ole.\" \/>\n<meta name=\"robots\" content=\"index, follow, max-snippet:-1, max-image-preview:large, max-video-preview:-1\" \/>\n<link rel=\"canonical\" href=\"https:\/\/www.gruppoliturgico.com\/fr\/produit\/christ-redempteur\/\" \/>\n<meta property=\"og:locale\" content=\"fr_FR\" \/>\n<meta property=\"og:type\" content=\"article\" \/>\n<meta property=\"og:title\" content=\"Christ R\u00e9dempteur - Jesus et Laboratorio Gruppo Liturgico\" \/>\n<meta property=\"og:description\" content=\"Christ R\u00e9dempteur de l&#039;homme et Glorieux.  C&#039;est un ouvrage en bois de grande valeur artistique et de grandes dimensions.  Le Corps de Christ, de cm 150, en bois patin\u00e9, se d\u00e9tache sur l&#039;imposante aur\u00e9ole, toujours en bois, sculpt\u00e9e et dor\u00e9e \u00e0 la feuille d&#039;or.  Ouvrage complet, dimensions cm 170 x 95.  Prix comprenant l&#039;aur\u00e9ole.\" \/>\n<meta property=\"og:url\" content=\"https:\/\/www.gruppoliturgico.com\/fr\/produit\/christ-redempteur\/\" \/>\n<meta property=\"og:site_name\" content=\"Laboratorio Gruppo Liturgico\" \/>\n<meta property=\"article:modified_time\" content=\"2022-05-20T06:01:30+00:00\" \/>\n<meta property=\"og:image\" content=\"https:\/\/www.gruppoliturgico.com\/wp-content\/uploads\/2022\/05\/1158.jpg\" \/>\n\t<meta property=\"og:image:width\" content=\"844\" \/>\n\t<meta property=\"og:image:height\" content=\"1500\" \/>\n\t<meta property=\"og:image:type\" content=\"image\/jpeg\" \/>\n<meta name=\"twitter:card\" content=\"summary_large_image\" \/>\n<script type=\"application\/ld+json\" class=\"yoast-schema-graph\">{\"@context\":\"https:\/\/schema.org\",\"@graph\":[{\"@type\":\"WebPage\",\"@id\":\"https:\/\/www.gruppoliturgico.com\/fr\/produit\/christ-redempteur\/\",\"url\":\"https:\/\/www.gruppoliturgico.com\/fr\/produit\/christ-redempteur\/\",\"name\":\"Christ R\u00e9dempteur - Jesus et Laboratorio Gruppo Liturgico\",\"isPartOf\":{\"@id\":\"https:\/\/www.gruppoliturgico.com\/es\/#website\"},\"datePublished\":\"2022-05-19T21:49:37+00:00\",\"dateModified\":\"2022-05-20T06:01:30+00:00\",\"description\":\"Christ R\u00e9dempteur de l'homme et Glorieux. C'est un ouvrage en bois de grande valeur artistique et de grandes dimensions. Le Corps de Christ, de cm 150, en bois patin\u00e9, se d\u00e9tache sur l'imposante aur\u00e9ole, toujours en bois, sculpt\u00e9e et dor\u00e9e \u00e0 la feuille d'or. Ouvrage complet, dimensions cm 170 x 95. Prix comprenant l'aur\u00e9ole.\",\"breadcrumb\":{\"@id\":\"https:\/\/www.gruppoliturgico.com\/fr\/produit\/christ-redempteur\/#breadcrumb\"},\"inLanguage\":\"fr-FR\",\"potentialAction\":[{\"@type\":\"ReadAction\",\"target\":[\"https:\/\/www.gruppoliturgico.com\/fr\/produit\/christ-redempteur\/\"]}]},{\"@type\":\"BreadcrumbList\",\"@id\":\"https:\/\/www.gruppoliturgico.com\/fr\/produit\/christ-redempteur\/#breadcrumb\",\"itemListElement\":[{\"@type\":\"ListItem\",\"position\":1,\"name\":\"Home\",\"item\":\"https:\/\/www.gruppoliturgico.com\/fr\/\"},{\"@type\":\"ListItem\",\"position\":2,\"name\":\"Boutique\",\"item\":\"https:\/\/www.gruppoliturgico.com\/fr\/boutique\/\"},{\"@type\":\"ListItem\",\"position\":3,\"name\":\"Christ R\u00e9dempteur\"}]},{\"@type\":\"WebSite\",\"@id\":\"https:\/\/www.gruppoliturgico.com\/es\/#website\",\"url\":\"https:\/\/www.gruppoliturgico.com\/es\/\",\"name\":\"Laboratorio Gruppo Liturgico\",\"description\":\"Articoli Religiosi online\",\"publisher\":{\"@id\":\"https:\/\/www.gruppoliturgico.com\/es\/#organization\"},\"potentialAction\":[{\"@type\":\"SearchAction\",\"target\":{\"@type\":\"EntryPoint\",\"urlTemplate\":\"https:\/\/www.gruppoliturgico.com\/es\/?s={search_term_string}\"},\"query-input\":\"required name=search_term_string\"}],\"inLanguage\":\"fr-FR\"},{\"@type\":\"Organization\",\"@id\":\"https:\/\/www.gruppoliturgico.com\/es\/#organization\",\"name\":\"Laboratorio Gruppo Liturgico\",\"url\":\"https:\/\/www.gruppoliturgico.com\/es\/\",\"logo\":{\"@type\":\"ImageObject\",\"inLanguage\":\"fr-FR\",\"@id\":\"https:\/\/www.gruppoliturgico.com\/es\/#\/schema\/logo\/image\/\",\"url\":\"https:\/\/www.gruppoliturgico.com\/wp-content\/uploads\/2022\/02\/logo-laboratoriogruppoliturgico.png\",\"contentUrl\":\"https:\/\/www.gruppoliturgico.com\/wp-content\/uploads\/2022\/02\/logo-laboratoriogruppoliturgico.png\",\"width\":400,\"height\":114,\"caption\":\"Laboratorio Gruppo Liturgico\"},\"image\":{\"@id\":\"https:\/\/www.gruppoliturgico.com\/es\/#\/schema\/logo\/image\/\"}}]}<\/script>\n<!-- \/ Yoast SEO plugin. -->","yoast_head_json":{"title":"Christ R\u00e9dempteur - Jesus et Laboratorio Gruppo Liturgico","description":"Christ R\u00e9dempteur de l'homme et Glorieux.  C'est un ouvrage en bois de grande valeur artistique et de grandes dimensions.  Le Corps de Christ, de cm 150, en bois patin\u00e9, se d\u00e9tache sur l'imposante aur\u00e9ole, toujours en bois, sculpt\u00e9e et dor\u00e9e \u00e0 la feuille d'or.  Ouvrage complet, dimensions cm 170 x 95.  Prix comprenant l'aur\u00e9ole.","robots":{"index":"index","follow":"follow","max-snippet":"max-snippet:-1","max-image-preview":"max-image-preview:large","max-video-preview":"max-video-preview:-1"},"canonical":"https:\/\/www.gruppoliturgico.com\/fr\/produit\/christ-redempteur\/","og_locale":"fr_FR","og_type":"article","og_title":"Christ R\u00e9dempteur - Jesus et Laboratorio Gruppo Liturgico","og_description":"Christ R\u00e9dempteur de l'homme et Glorieux.  C'est un ouvrage en bois de grande valeur artistique et de grandes dimensions.  Le Corps de Christ, de cm 150, en bois patin\u00e9, se d\u00e9tache sur l'imposante aur\u00e9ole, toujours en bois, sculpt\u00e9e et dor\u00e9e \u00e0 la feuille d'or.  Ouvrage complet, dimensions cm 170 x 95.  Prix comprenant l'aur\u00e9ole.","og_url":"https:\/\/www.gruppoliturgico.com\/fr\/produit\/christ-redempteur\/","og_site_name":"Laboratorio Gruppo Liturgico","article_modified_time":"2022-05-20T06:01:30+00:00","og_image":[{"width":844,"height":1500,"url":"https:\/\/www.gruppoliturgico.com\/wp-content\/uploads\/2022\/05\/1158.jpg","type":"image\/jpeg"}],"twitter_card":"summary_large_image","schema":{"@context":"https:\/\/schema.org","@graph":[{"@type":"WebPage","@id":"https:\/\/www.gruppoliturgico.com\/fr\/produit\/christ-redempteur\/","url":"https:\/\/www.gruppoliturgico.com\/fr\/produit\/christ-redempteur\/","name":"Christ R\u00e9dempteur - Jesus et Laboratorio Gruppo Liturgico","isPartOf":{"@id":"https:\/\/www.gruppoliturgico.com\/es\/#website"},"datePublished":"2022-05-19T21:49:37+00:00","dateModified":"2022-05-20T06:01:30+00:00","description":"Christ R\u00e9dempteur de l'homme et Glorieux. C'est un ouvrage en bois de grande valeur artistique et de grandes dimensions. Le Corps de Christ, de cm 150, en bois patin\u00e9, se d\u00e9tache sur l'imposante aur\u00e9ole, toujours en bois, sculpt\u00e9e et dor\u00e9e \u00e0 la feuille d'or. Ouvrage complet, dimensions cm 170 x 95. Prix comprenant l'aur\u00e9ole.","breadcrumb":{"@id":"https:\/\/www.gruppoliturgico.com\/fr\/produit\/christ-redempteur\/#breadcrumb"},"inLanguage":"fr-FR","potentialAction":[{"@type":"ReadAction","target":["https:\/\/www.gruppoliturgico.com\/fr\/produit\/christ-redempteur\/"]}]},{"@type":"BreadcrumbList","@id":"https:\/\/www.gruppoliturgico.com\/fr\/produit\/christ-redempteur\/#breadcrumb","itemListElement":[{"@type":"ListItem","position":1,"name":"Home","item":"https:\/\/www.gruppoliturgico.com\/fr\/"},{"@type":"ListItem","position":2,"name":"Boutique","item":"https:\/\/www.gruppoliturgico.com\/fr\/boutique\/"},{"@type":"ListItem","position":3,"name":"Christ R\u00e9dempteur"}]},{"@type":"WebSite","@id":"https:\/\/www.gruppoliturgico.com\/es\/#website","url":"https:\/\/www.gruppoliturgico.com\/es\/","name":"Laboratorio Gruppo Liturgico","description":"Articoli Religiosi online","publisher":{"@id":"https:\/\/www.gruppoliturgico.com\/es\/#organization"},"potentialAction":[{"@type":"SearchAction","target":{"@type":"EntryPoint","urlTemplate":"https:\/\/www.gruppoliturgico.com\/es\/?s={search_term_string}"},"query-input":"required name=search_term_string"}],"inLanguage":"fr-FR"},{"@type":"Organization","@id":"https:\/\/www.gruppoliturgico.com\/es\/#organization","name":"Laboratorio Gruppo Liturgico","url":"https:\/\/www.gruppoliturgico.com\/es\/","logo":{"@type":"ImageObject","inLanguage":"fr-FR","@id":"https:\/\/www.gruppoliturgico.com\/es\/#\/schema\/logo\/image\/","url":"https:\/\/www.gruppoliturgico.com\/wp-content\/uploads\/2022\/02\/logo-laboratoriogruppoliturgico.png","contentUrl":"https:\/\/www.gruppoliturgico.com\/wp-content\/uploads\/2022\/02\/logo-laboratoriogruppoliturgico.png","width":400,"height":114,"caption":"Laboratorio Gruppo Liturgico"},"image":{"@id":"https:\/\/www.gruppoliturgico.com\/es\/#\/schema\/logo\/image\/"}}]}},"_links":{"self":[{"href":"https:\/\/www.gruppoliturgico.com\/fr\/wp-json\/wp\/v2\/product\/64417"}],"collection":[{"href":"https:\/\/www.gruppoliturgico.com\/fr\/wp-json\/wp\/v2\/product"}],"about":[{"href":"https:\/\/www.gruppoliturgico.com\/fr\/wp-json\/wp\/v2\/types\/product"}],"wp:featuredmedia":[{"embeddable":true,"href":"https:\/\/www.gruppoliturgico.com\/fr\/wp-json\/wp\/v2\/media\/134174"}],"wp:attachment":[{"href":"https:\/\/www.gruppoliturgico.com\/fr\/wp-json\/wp\/v2\/media?parent=64417"}],"wp:term":[{"taxonomy":"product_cat","embeddable":true,"href":"https:\/\/www.gruppoliturgico.com\/fr\/wp-json\/wp\/v2\/product_cat?post=64417"},{"taxonomy":"product_tag","embeddable":true,"href":"https:\/\/www.gruppoliturgico.com\/fr\/wp-json\/wp\/v2\/product_tag?post=64417"}],"curies":[{"name":"wp","href":"https:\/\/api.w.org\/{rel}","templated":true}]}}