{"id":64413,"date":"2022-05-19T23:49:23","date_gmt":"2022-05-19T21:49:28","guid":{"rendered":"https:\/\/www.gruppoliturgico.com\/prodotto\/christ-ressuscite\/"},"modified":"2022-05-20T08:01:20","modified_gmt":"2022-05-20T06:01:20","slug":"christ-ressuscite","status":"publish","type":"product","link":"https:\/\/www.gruppoliturgico.com\/fr\/produit\/christ-ressuscite\/","title":{"rendered":"Christ Ressuscit\u00e9"},"content":{"rendered":"<html><body><p>Christ Glorieux, ouvrage en bois compl\u00e8tement grav\u00e9 \u00e0 la main.<br>\nLe Corps de Christ, en style Baroque, bien s\u2019assortit \u00e0 la croix de genre d\u00e9cid\u00e9ment moderne avec dorure \u00e0 la feuille d\u2019or. <\/p>\n<p>Dimensions<br>\nCorps de Christ cm 125<br>\nCroix cm 160 <\/p>\n<\/body><\/html>","protected":false},"excerpt":{"rendered":"<p>Christ Glorieux, ouvrage en bois compl\u00e8tement grav\u00e9 \u00e0 la main.<br \/>\nLe Corps de Christ, en style Baroque, bien s&rsquo;assortit \u00e0 la croix de genre d\u00e9cid\u00e9ment moderne avec dorure \u00e0 la feuille d&rsquo;or. <\/p>\n<p>Dimensions<br \/>\nCorps de Christ cm 125<br \/>\nCroix cm 160 <\/p>\n","protected":false},"featured_media":134165,"template":"","meta":[],"product_cat":[12388],"product_tag":[15289],"yoast_head":"<!-- This site is optimized with the Yoast SEO plugin v20.4 - https:\/\/yoast.com\/wordpress\/plugins\/seo\/ -->\n<title>Christ Ressuscit\u00e9 - Jesus et Laboratorio Gruppo Liturgico<\/title>\n<meta name=\"description\" content=\"Christ Glorieux, ouvrage en bois compl\u00e8tement grav\u00e9 \u00e0 la main.  Le Corps de Christ, en style Baroque, bien s&#039;assortit \u00e0 la croix de genre d\u00e9cid\u00e9ment moderne avec dorure \u00e0 la feuille d&#039;or.   Dimensions Corps de Christ cm 125 Croix cm 160\" \/>\n<meta name=\"robots\" content=\"index, follow, max-snippet:-1, max-image-preview:large, max-video-preview:-1\" \/>\n<link rel=\"canonical\" href=\"https:\/\/www.gruppoliturgico.com\/fr\/produit\/christ-ressuscite\/\" \/>\n<meta property=\"og:locale\" content=\"fr_FR\" \/>\n<meta property=\"og:type\" content=\"article\" \/>\n<meta property=\"og:title\" content=\"Christ Ressuscit\u00e9 - Jesus et Laboratorio Gruppo Liturgico\" \/>\n<meta property=\"og:description\" content=\"Christ Glorieux, ouvrage en bois compl\u00e8tement grav\u00e9 \u00e0 la main.  Le Corps de Christ, en style Baroque, bien s&#039;assortit \u00e0 la croix de genre d\u00e9cid\u00e9ment moderne avec dorure \u00e0 la feuille d&#039;or.   Dimensions Corps de Christ cm 125 Croix cm 160\" \/>\n<meta property=\"og:url\" content=\"https:\/\/www.gruppoliturgico.com\/fr\/produit\/christ-ressuscite\/\" \/>\n<meta property=\"og:site_name\" content=\"Laboratorio Gruppo Liturgico\" \/>\n<meta property=\"article:modified_time\" content=\"2022-05-20T06:01:20+00:00\" \/>\n<meta property=\"og:image\" content=\"https:\/\/www.gruppoliturgico.com\/wp-content\/uploads\/2022\/05\/983_0.jpg\" \/>\n\t<meta property=\"og:image:width\" content=\"792\" \/>\n\t<meta property=\"og:image:height\" content=\"1500\" \/>\n\t<meta property=\"og:image:type\" content=\"image\/jpeg\" \/>\n<meta name=\"twitter:card\" content=\"summary_large_image\" \/>\n<script type=\"application\/ld+json\" class=\"yoast-schema-graph\">{\"@context\":\"https:\/\/schema.org\",\"@graph\":[{\"@type\":\"WebPage\",\"@id\":\"https:\/\/www.gruppoliturgico.com\/fr\/produit\/christ-ressuscite\/\",\"url\":\"https:\/\/www.gruppoliturgico.com\/fr\/produit\/christ-ressuscite\/\",\"name\":\"Christ Ressuscit\u00e9 - Jesus et Laboratorio Gruppo Liturgico\",\"isPartOf\":{\"@id\":\"https:\/\/www.gruppoliturgico.com\/es\/#website\"},\"datePublished\":\"2022-05-19T21:49:28+00:00\",\"dateModified\":\"2022-05-20T06:01:20+00:00\",\"description\":\"Christ Glorieux, ouvrage en bois compl\u00e8tement grav\u00e9 \u00e0 la main. Le Corps de Christ, en style Baroque, bien s'assortit \u00e0 la croix de genre d\u00e9cid\u00e9ment moderne avec dorure \u00e0 la feuille d'or. Dimensions Corps de Christ cm 125 Croix cm 160\",\"breadcrumb\":{\"@id\":\"https:\/\/www.gruppoliturgico.com\/fr\/produit\/christ-ressuscite\/#breadcrumb\"},\"inLanguage\":\"fr-FR\",\"potentialAction\":[{\"@type\":\"ReadAction\",\"target\":[\"https:\/\/www.gruppoliturgico.com\/fr\/produit\/christ-ressuscite\/\"]}]},{\"@type\":\"BreadcrumbList\",\"@id\":\"https:\/\/www.gruppoliturgico.com\/fr\/produit\/christ-ressuscite\/#breadcrumb\",\"itemListElement\":[{\"@type\":\"ListItem\",\"position\":1,\"name\":\"Home\",\"item\":\"https:\/\/www.gruppoliturgico.com\/fr\/\"},{\"@type\":\"ListItem\",\"position\":2,\"name\":\"Boutique\",\"item\":\"https:\/\/www.gruppoliturgico.com\/fr\/boutique\/\"},{\"@type\":\"ListItem\",\"position\":3,\"name\":\"Christ Ressuscit\u00e9\"}]},{\"@type\":\"WebSite\",\"@id\":\"https:\/\/www.gruppoliturgico.com\/es\/#website\",\"url\":\"https:\/\/www.gruppoliturgico.com\/es\/\",\"name\":\"Laboratorio Gruppo Liturgico\",\"description\":\"Articoli Religiosi online\",\"publisher\":{\"@id\":\"https:\/\/www.gruppoliturgico.com\/es\/#organization\"},\"potentialAction\":[{\"@type\":\"SearchAction\",\"target\":{\"@type\":\"EntryPoint\",\"urlTemplate\":\"https:\/\/www.gruppoliturgico.com\/es\/?s={search_term_string}\"},\"query-input\":\"required name=search_term_string\"}],\"inLanguage\":\"fr-FR\"},{\"@type\":\"Organization\",\"@id\":\"https:\/\/www.gruppoliturgico.com\/es\/#organization\",\"name\":\"Laboratorio Gruppo Liturgico\",\"url\":\"https:\/\/www.gruppoliturgico.com\/es\/\",\"logo\":{\"@type\":\"ImageObject\",\"inLanguage\":\"fr-FR\",\"@id\":\"https:\/\/www.gruppoliturgico.com\/es\/#\/schema\/logo\/image\/\",\"url\":\"https:\/\/www.gruppoliturgico.com\/wp-content\/uploads\/2022\/02\/logo-laboratoriogruppoliturgico.png\",\"contentUrl\":\"https:\/\/www.gruppoliturgico.com\/wp-content\/uploads\/2022\/02\/logo-laboratoriogruppoliturgico.png\",\"width\":400,\"height\":114,\"caption\":\"Laboratorio Gruppo Liturgico\"},\"image\":{\"@id\":\"https:\/\/www.gruppoliturgico.com\/es\/#\/schema\/logo\/image\/\"}}]}<\/script>\n<!-- \/ Yoast SEO plugin. -->","yoast_head_json":{"title":"Christ Ressuscit\u00e9 - Jesus et Laboratorio Gruppo Liturgico","description":"Christ Glorieux, ouvrage en bois compl\u00e8tement grav\u00e9 \u00e0 la main.  Le Corps de Christ, en style Baroque, bien s'assortit \u00e0 la croix de genre d\u00e9cid\u00e9ment moderne avec dorure \u00e0 la feuille d'or.   Dimensions Corps de Christ cm 125 Croix cm 160","robots":{"index":"index","follow":"follow","max-snippet":"max-snippet:-1","max-image-preview":"max-image-preview:large","max-video-preview":"max-video-preview:-1"},"canonical":"https:\/\/www.gruppoliturgico.com\/fr\/produit\/christ-ressuscite\/","og_locale":"fr_FR","og_type":"article","og_title":"Christ Ressuscit\u00e9 - Jesus et Laboratorio Gruppo Liturgico","og_description":"Christ Glorieux, ouvrage en bois compl\u00e8tement grav\u00e9 \u00e0 la main.  Le Corps de Christ, en style Baroque, bien s'assortit \u00e0 la croix de genre d\u00e9cid\u00e9ment moderne avec dorure \u00e0 la feuille d'or.   Dimensions Corps de Christ cm 125 Croix cm 160","og_url":"https:\/\/www.gruppoliturgico.com\/fr\/produit\/christ-ressuscite\/","og_site_name":"Laboratorio Gruppo Liturgico","article_modified_time":"2022-05-20T06:01:20+00:00","og_image":[{"width":792,"height":1500,"url":"https:\/\/www.gruppoliturgico.com\/wp-content\/uploads\/2022\/05\/983_0.jpg","type":"image\/jpeg"}],"twitter_card":"summary_large_image","schema":{"@context":"https:\/\/schema.org","@graph":[{"@type":"WebPage","@id":"https:\/\/www.gruppoliturgico.com\/fr\/produit\/christ-ressuscite\/","url":"https:\/\/www.gruppoliturgico.com\/fr\/produit\/christ-ressuscite\/","name":"Christ Ressuscit\u00e9 - Jesus et Laboratorio Gruppo Liturgico","isPartOf":{"@id":"https:\/\/www.gruppoliturgico.com\/es\/#website"},"datePublished":"2022-05-19T21:49:28+00:00","dateModified":"2022-05-20T06:01:20+00:00","description":"Christ Glorieux, ouvrage en bois compl\u00e8tement grav\u00e9 \u00e0 la main. Le Corps de Christ, en style Baroque, bien s'assortit \u00e0 la croix de genre d\u00e9cid\u00e9ment moderne avec dorure \u00e0 la feuille d'or. Dimensions Corps de Christ cm 125 Croix cm 160","breadcrumb":{"@id":"https:\/\/www.gruppoliturgico.com\/fr\/produit\/christ-ressuscite\/#breadcrumb"},"inLanguage":"fr-FR","potentialAction":[{"@type":"ReadAction","target":["https:\/\/www.gruppoliturgico.com\/fr\/produit\/christ-ressuscite\/"]}]},{"@type":"BreadcrumbList","@id":"https:\/\/www.gruppoliturgico.com\/fr\/produit\/christ-ressuscite\/#breadcrumb","itemListElement":[{"@type":"ListItem","position":1,"name":"Home","item":"https:\/\/www.gruppoliturgico.com\/fr\/"},{"@type":"ListItem","position":2,"name":"Boutique","item":"https:\/\/www.gruppoliturgico.com\/fr\/boutique\/"},{"@type":"ListItem","position":3,"name":"Christ Ressuscit\u00e9"}]},{"@type":"WebSite","@id":"https:\/\/www.gruppoliturgico.com\/es\/#website","url":"https:\/\/www.gruppoliturgico.com\/es\/","name":"Laboratorio Gruppo Liturgico","description":"Articoli Religiosi online","publisher":{"@id":"https:\/\/www.gruppoliturgico.com\/es\/#organization"},"potentialAction":[{"@type":"SearchAction","target":{"@type":"EntryPoint","urlTemplate":"https:\/\/www.gruppoliturgico.com\/es\/?s={search_term_string}"},"query-input":"required name=search_term_string"}],"inLanguage":"fr-FR"},{"@type":"Organization","@id":"https:\/\/www.gruppoliturgico.com\/es\/#organization","name":"Laboratorio Gruppo Liturgico","url":"https:\/\/www.gruppoliturgico.com\/es\/","logo":{"@type":"ImageObject","inLanguage":"fr-FR","@id":"https:\/\/www.gruppoliturgico.com\/es\/#\/schema\/logo\/image\/","url":"https:\/\/www.gruppoliturgico.com\/wp-content\/uploads\/2022\/02\/logo-laboratoriogruppoliturgico.png","contentUrl":"https:\/\/www.gruppoliturgico.com\/wp-content\/uploads\/2022\/02\/logo-laboratoriogruppoliturgico.png","width":400,"height":114,"caption":"Laboratorio Gruppo Liturgico"},"image":{"@id":"https:\/\/www.gruppoliturgico.com\/es\/#\/schema\/logo\/image\/"}}]}},"_links":{"self":[{"href":"https:\/\/www.gruppoliturgico.com\/fr\/wp-json\/wp\/v2\/product\/64413"}],"collection":[{"href":"https:\/\/www.gruppoliturgico.com\/fr\/wp-json\/wp\/v2\/product"}],"about":[{"href":"https:\/\/www.gruppoliturgico.com\/fr\/wp-json\/wp\/v2\/types\/product"}],"wp:featuredmedia":[{"embeddable":true,"href":"https:\/\/www.gruppoliturgico.com\/fr\/wp-json\/wp\/v2\/media\/134165"}],"wp:attachment":[{"href":"https:\/\/www.gruppoliturgico.com\/fr\/wp-json\/wp\/v2\/media?parent=64413"}],"wp:term":[{"taxonomy":"product_cat","embeddable":true,"href":"https:\/\/www.gruppoliturgico.com\/fr\/wp-json\/wp\/v2\/product_cat?post=64413"},{"taxonomy":"product_tag","embeddable":true,"href":"https:\/\/www.gruppoliturgico.com\/fr\/wp-json\/wp\/v2\/product_tag?post=64413"}],"curies":[{"name":"wp","href":"https:\/\/api.w.org\/{rel}","templated":true}]}}