{"id":64393,"date":"2022-05-19T23:48:34","date_gmt":"2022-05-19T21:48:39","guid":{"rendered":"https:\/\/www.gruppoliturgico.com\/prodotto\/banniere-brodee-et-peint-a-la-main\/"},"modified":"2022-09-02T11:57:44","modified_gmt":"2022-09-02T09:57:44","slug":"banniere-brodee-et-peint-a-la-main","status":"publish","type":"product","link":"https:\/\/www.gruppoliturgico.com\/fr\/produit\/banniere-brodee-et-peint-a-la-main\/","title":{"rendered":"banni\u00e8re brod\u00e9e et peint \u00e0 la main"},"content":{"rendered":"<html><body><p>banni\u00e8re brod\u00e9e avec image peinte \u00e0 la main avec couleurs ind\u00e9l\u00e9biles.<br>\nSujet propos\u00e9 par le client.<br>\nConfectionn\u00e9 avec tissu en pure laine l\u00e9g\u00e8re et anti-pli, brod\u00e9 avec fils en or et soie.<br>\nDimensions cm 140 x 70.<\/p>\n<p>PROPOSITION EXCEPTIONNELLE<br>\nbanni\u00e8re brod\u00e9e, avec image (choisie par le client) et lettrage peint \u00e0 la main.<br>\nComplet avec ampe et lance, traverse complete de deux pommeaux dor\u00e9s, valise.<\/p>\n<p>PRIX SP\u00c9CIAL<br>\ninformations requises<\/p>\n<\/body><\/html>","protected":false},"excerpt":{"rendered":"<p>banni\u00e8re brod\u00e9e avec image peinte \u00e0 la main avec couleurs ind\u00e9l\u00e9biles.<br \/>\nSujet propos\u00e9 par le client.<br \/>\nConfectionn\u00e9 avec tissu en pure laine l\u00e9g\u00e8re et anti-pli, brod\u00e9 avec fils en or et soie.<br \/>\nDimensions cm 140 x 70.<\/p>\n<p>PROPOSITION EXCEPTIONNELLE<br \/>\nbanni\u00e8re brod\u00e9e, avec image (choisie par le client) et lettrage peint \u00e0 la main.<br \/>\nComplet avec ampe et lance, traverse complete de deux pommeaux dor\u00e9s, valise.<\/p>\n<p>PRIX SP\u00c9CIAL<br \/>\ninformations requises<\/p>\n","protected":false},"featured_media":74734,"template":"","meta":[],"product_cat":[11792],"product_tag":[],"yoast_head":"<!-- This site is optimized with the Yoast SEO plugin v20.4 - https:\/\/yoast.com\/wordpress\/plugins\/seo\/ -->\n<title>banni\u00e8re brod\u00e9e et peint \u00e0 la main - banni\u00e8res de procession et accessoires et Laboratorio Gruppo Liturgico<\/title>\n<meta name=\"description\" content=\"banni\u00e8re brod\u00e9e avec image peinte \u00e0 la main avec couleurs ind\u00e9l\u00e9biles.  Sujet propos\u00e9 par le client.  Confectionn\u00e9 avec tissu en pure laine l\u00e9g\u00e8re et anti-pli, brod\u00e9 avec fils en or et soie. Dimensions cm 140 x 70.  PROPOSITION EXCEPTIONNELLE banni\u00e8re brod\u00e9e, avec image (choisie par le client) et lettrage peint \u00e0 la main. Complet avec ampe et lance, traverse complete de deux pommeaux dor\u00e9s, valise.  PRIX SP\u00c9CIAL  informations requises\" \/>\n<meta name=\"robots\" content=\"index, follow, max-snippet:-1, max-image-preview:large, max-video-preview:-1\" \/>\n<link rel=\"canonical\" href=\"https:\/\/www.gruppoliturgico.com\/fr\/produit\/banniere-brodee-et-peint-a-la-main\/\" \/>\n<meta property=\"og:locale\" content=\"fr_FR\" \/>\n<meta property=\"og:type\" content=\"article\" \/>\n<meta property=\"og:title\" content=\"banni\u00e8re brod\u00e9e et peint \u00e0 la main - banni\u00e8res de procession et accessoires et Laboratorio Gruppo Liturgico\" \/>\n<meta property=\"og:description\" content=\"banni\u00e8re brod\u00e9e avec image peinte \u00e0 la main avec couleurs ind\u00e9l\u00e9biles.  Sujet propos\u00e9 par le client.  Confectionn\u00e9 avec tissu en pure laine l\u00e9g\u00e8re et anti-pli, brod\u00e9 avec fils en or et soie. Dimensions cm 140 x 70.  PROPOSITION EXCEPTIONNELLE banni\u00e8re brod\u00e9e, avec image (choisie par le client) et lettrage peint \u00e0 la main. Complet avec ampe et lance, traverse complete de deux pommeaux dor\u00e9s, valise.  PRIX SP\u00c9CIAL  informations requises\" \/>\n<meta property=\"og:url\" content=\"https:\/\/www.gruppoliturgico.com\/fr\/produit\/banniere-brodee-et-peint-a-la-main\/\" \/>\n<meta property=\"og:site_name\" content=\"Laboratorio Gruppo Liturgico\" \/>\n<meta property=\"article:modified_time\" content=\"2022-09-02T09:57:44+00:00\" \/>\n<meta property=\"og:image\" content=\"https:\/\/www.gruppoliturgico.com\/wp-content\/uploads\/2022\/05\/1335.RITAGLIO.jpg\" \/>\n\t<meta property=\"og:image:width\" content=\"960\" \/>\n\t<meta property=\"og:image:height\" content=\"1500\" \/>\n\t<meta property=\"og:image:type\" content=\"image\/jpeg\" \/>\n<meta name=\"twitter:card\" content=\"summary_large_image\" \/>\n<script type=\"application\/ld+json\" class=\"yoast-schema-graph\">{\"@context\":\"https:\/\/schema.org\",\"@graph\":[{\"@type\":\"WebPage\",\"@id\":\"https:\/\/www.gruppoliturgico.com\/fr\/produit\/banniere-brodee-et-peint-a-la-main\/\",\"url\":\"https:\/\/www.gruppoliturgico.com\/fr\/produit\/banniere-brodee-et-peint-a-la-main\/\",\"name\":\"banni\u00e8re brod\u00e9e et peint \u00e0 la main - banni\u00e8res de procession et accessoires et Laboratorio Gruppo Liturgico\",\"isPartOf\":{\"@id\":\"https:\/\/www.gruppoliturgico.com\/es\/#website\"},\"datePublished\":\"2022-05-19T21:48:39+00:00\",\"dateModified\":\"2022-09-02T09:57:44+00:00\",\"description\":\"banni\u00e8re brod\u00e9e avec image peinte \u00e0 la main avec couleurs ind\u00e9l\u00e9biles. Sujet propos\u00e9 par le client. Confectionn\u00e9 avec tissu en pure laine l\u00e9g\u00e8re et anti-pli, brod\u00e9 avec fils en or et soie. Dimensions cm 140 x 70. PROPOSITION EXCEPTIONNELLE banni\u00e8re brod\u00e9e, avec image (choisie par le client) et lettrage peint \u00e0 la main. Complet avec ampe et lance, traverse complete de deux pommeaux dor\u00e9s, valise. PRIX SP\u00c9CIAL informations requises\",\"breadcrumb\":{\"@id\":\"https:\/\/www.gruppoliturgico.com\/fr\/produit\/banniere-brodee-et-peint-a-la-main\/#breadcrumb\"},\"inLanguage\":\"fr-FR\",\"potentialAction\":[{\"@type\":\"ReadAction\",\"target\":[\"https:\/\/www.gruppoliturgico.com\/fr\/produit\/banniere-brodee-et-peint-a-la-main\/\"]}]},{\"@type\":\"BreadcrumbList\",\"@id\":\"https:\/\/www.gruppoliturgico.com\/fr\/produit\/banniere-brodee-et-peint-a-la-main\/#breadcrumb\",\"itemListElement\":[{\"@type\":\"ListItem\",\"position\":1,\"name\":\"Home\",\"item\":\"https:\/\/www.gruppoliturgico.com\/fr\/\"},{\"@type\":\"ListItem\",\"position\":2,\"name\":\"Boutique\",\"item\":\"https:\/\/www.gruppoliturgico.com\/fr\/boutique\/\"},{\"@type\":\"ListItem\",\"position\":3,\"name\":\"banni\u00e8re brod\u00e9e et peint \u00e0 la main\"}]},{\"@type\":\"WebSite\",\"@id\":\"https:\/\/www.gruppoliturgico.com\/es\/#website\",\"url\":\"https:\/\/www.gruppoliturgico.com\/es\/\",\"name\":\"Laboratorio Gruppo Liturgico\",\"description\":\"Articoli Religiosi online\",\"publisher\":{\"@id\":\"https:\/\/www.gruppoliturgico.com\/es\/#organization\"},\"potentialAction\":[{\"@type\":\"SearchAction\",\"target\":{\"@type\":\"EntryPoint\",\"urlTemplate\":\"https:\/\/www.gruppoliturgico.com\/es\/?s={search_term_string}\"},\"query-input\":\"required name=search_term_string\"}],\"inLanguage\":\"fr-FR\"},{\"@type\":\"Organization\",\"@id\":\"https:\/\/www.gruppoliturgico.com\/es\/#organization\",\"name\":\"Laboratorio Gruppo Liturgico\",\"url\":\"https:\/\/www.gruppoliturgico.com\/es\/\",\"logo\":{\"@type\":\"ImageObject\",\"inLanguage\":\"fr-FR\",\"@id\":\"https:\/\/www.gruppoliturgico.com\/es\/#\/schema\/logo\/image\/\",\"url\":\"https:\/\/www.gruppoliturgico.com\/wp-content\/uploads\/2022\/02\/logo-laboratoriogruppoliturgico.png\",\"contentUrl\":\"https:\/\/www.gruppoliturgico.com\/wp-content\/uploads\/2022\/02\/logo-laboratoriogruppoliturgico.png\",\"width\":400,\"height\":114,\"caption\":\"Laboratorio Gruppo Liturgico\"},\"image\":{\"@id\":\"https:\/\/www.gruppoliturgico.com\/es\/#\/schema\/logo\/image\/\"}}]}<\/script>\n<!-- \/ Yoast SEO plugin. -->","yoast_head_json":{"title":"banni\u00e8re brod\u00e9e et peint \u00e0 la main - banni\u00e8res de procession et accessoires et Laboratorio Gruppo Liturgico","description":"banni\u00e8re brod\u00e9e avec image peinte \u00e0 la main avec couleurs ind\u00e9l\u00e9biles.  Sujet propos\u00e9 par le client.  Confectionn\u00e9 avec tissu en pure laine l\u00e9g\u00e8re et anti-pli, brod\u00e9 avec fils en or et soie. Dimensions cm 140 x 70.  PROPOSITION EXCEPTIONNELLE banni\u00e8re brod\u00e9e, avec image (choisie par le client) et lettrage peint \u00e0 la main. Complet avec ampe et lance, traverse complete de deux pommeaux dor\u00e9s, valise.  PRIX SP\u00c9CIAL  informations requises","robots":{"index":"index","follow":"follow","max-snippet":"max-snippet:-1","max-image-preview":"max-image-preview:large","max-video-preview":"max-video-preview:-1"},"canonical":"https:\/\/www.gruppoliturgico.com\/fr\/produit\/banniere-brodee-et-peint-a-la-main\/","og_locale":"fr_FR","og_type":"article","og_title":"banni\u00e8re brod\u00e9e et peint \u00e0 la main - banni\u00e8res de procession et accessoires et Laboratorio Gruppo Liturgico","og_description":"banni\u00e8re brod\u00e9e avec image peinte \u00e0 la main avec couleurs ind\u00e9l\u00e9biles.  Sujet propos\u00e9 par le client.  Confectionn\u00e9 avec tissu en pure laine l\u00e9g\u00e8re et anti-pli, brod\u00e9 avec fils en or et soie. Dimensions cm 140 x 70.  PROPOSITION EXCEPTIONNELLE banni\u00e8re brod\u00e9e, avec image (choisie par le client) et lettrage peint \u00e0 la main. Complet avec ampe et lance, traverse complete de deux pommeaux dor\u00e9s, valise.  PRIX SP\u00c9CIAL  informations requises","og_url":"https:\/\/www.gruppoliturgico.com\/fr\/produit\/banniere-brodee-et-peint-a-la-main\/","og_site_name":"Laboratorio Gruppo Liturgico","article_modified_time":"2022-09-02T09:57:44+00:00","og_image":[{"width":960,"height":1500,"url":"https:\/\/www.gruppoliturgico.com\/wp-content\/uploads\/2022\/05\/1335.RITAGLIO.jpg","type":"image\/jpeg"}],"twitter_card":"summary_large_image","schema":{"@context":"https:\/\/schema.org","@graph":[{"@type":"WebPage","@id":"https:\/\/www.gruppoliturgico.com\/fr\/produit\/banniere-brodee-et-peint-a-la-main\/","url":"https:\/\/www.gruppoliturgico.com\/fr\/produit\/banniere-brodee-et-peint-a-la-main\/","name":"banni\u00e8re brod\u00e9e et peint \u00e0 la main - banni\u00e8res de procession et accessoires et Laboratorio Gruppo Liturgico","isPartOf":{"@id":"https:\/\/www.gruppoliturgico.com\/es\/#website"},"datePublished":"2022-05-19T21:48:39+00:00","dateModified":"2022-09-02T09:57:44+00:00","description":"banni\u00e8re brod\u00e9e avec image peinte \u00e0 la main avec couleurs ind\u00e9l\u00e9biles. Sujet propos\u00e9 par le client. Confectionn\u00e9 avec tissu en pure laine l\u00e9g\u00e8re et anti-pli, brod\u00e9 avec fils en or et soie. Dimensions cm 140 x 70. PROPOSITION EXCEPTIONNELLE banni\u00e8re brod\u00e9e, avec image (choisie par le client) et lettrage peint \u00e0 la main. Complet avec ampe et lance, traverse complete de deux pommeaux dor\u00e9s, valise. PRIX SP\u00c9CIAL informations requises","breadcrumb":{"@id":"https:\/\/www.gruppoliturgico.com\/fr\/produit\/banniere-brodee-et-peint-a-la-main\/#breadcrumb"},"inLanguage":"fr-FR","potentialAction":[{"@type":"ReadAction","target":["https:\/\/www.gruppoliturgico.com\/fr\/produit\/banniere-brodee-et-peint-a-la-main\/"]}]},{"@type":"BreadcrumbList","@id":"https:\/\/www.gruppoliturgico.com\/fr\/produit\/banniere-brodee-et-peint-a-la-main\/#breadcrumb","itemListElement":[{"@type":"ListItem","position":1,"name":"Home","item":"https:\/\/www.gruppoliturgico.com\/fr\/"},{"@type":"ListItem","position":2,"name":"Boutique","item":"https:\/\/www.gruppoliturgico.com\/fr\/boutique\/"},{"@type":"ListItem","position":3,"name":"banni\u00e8re brod\u00e9e et peint \u00e0 la main"}]},{"@type":"WebSite","@id":"https:\/\/www.gruppoliturgico.com\/es\/#website","url":"https:\/\/www.gruppoliturgico.com\/es\/","name":"Laboratorio Gruppo Liturgico","description":"Articoli Religiosi online","publisher":{"@id":"https:\/\/www.gruppoliturgico.com\/es\/#organization"},"potentialAction":[{"@type":"SearchAction","target":{"@type":"EntryPoint","urlTemplate":"https:\/\/www.gruppoliturgico.com\/es\/?s={search_term_string}"},"query-input":"required name=search_term_string"}],"inLanguage":"fr-FR"},{"@type":"Organization","@id":"https:\/\/www.gruppoliturgico.com\/es\/#organization","name":"Laboratorio Gruppo Liturgico","url":"https:\/\/www.gruppoliturgico.com\/es\/","logo":{"@type":"ImageObject","inLanguage":"fr-FR","@id":"https:\/\/www.gruppoliturgico.com\/es\/#\/schema\/logo\/image\/","url":"https:\/\/www.gruppoliturgico.com\/wp-content\/uploads\/2022\/02\/logo-laboratoriogruppoliturgico.png","contentUrl":"https:\/\/www.gruppoliturgico.com\/wp-content\/uploads\/2022\/02\/logo-laboratoriogruppoliturgico.png","width":400,"height":114,"caption":"Laboratorio Gruppo Liturgico"},"image":{"@id":"https:\/\/www.gruppoliturgico.com\/es\/#\/schema\/logo\/image\/"}}]}},"_links":{"self":[{"href":"https:\/\/www.gruppoliturgico.com\/fr\/wp-json\/wp\/v2\/product\/64393"}],"collection":[{"href":"https:\/\/www.gruppoliturgico.com\/fr\/wp-json\/wp\/v2\/product"}],"about":[{"href":"https:\/\/www.gruppoliturgico.com\/fr\/wp-json\/wp\/v2\/types\/product"}],"wp:featuredmedia":[{"embeddable":true,"href":"https:\/\/www.gruppoliturgico.com\/fr\/wp-json\/wp\/v2\/media\/74734"}],"wp:attachment":[{"href":"https:\/\/www.gruppoliturgico.com\/fr\/wp-json\/wp\/v2\/media?parent=64393"}],"wp:term":[{"taxonomy":"product_cat","embeddable":true,"href":"https:\/\/www.gruppoliturgico.com\/fr\/wp-json\/wp\/v2\/product_cat?post=64393"},{"taxonomy":"product_tag","embeddable":true,"href":"https:\/\/www.gruppoliturgico.com\/fr\/wp-json\/wp\/v2\/product_tag?post=64393"}],"curies":[{"name":"wp","href":"https:\/\/api.w.org\/{rel}","templated":true}]}}