{"id":64337,"date":"2022-05-19T23:46:12","date_gmt":"2022-05-19T21:46:17","guid":{"rendered":"https:\/\/www.gruppoliturgico.com\/prodotto\/couronne-imperiale\/"},"modified":"2022-11-03T16:40:05","modified_gmt":"2022-11-03T15:40:05","slug":"couronne-imperiale","status":"publish","type":"product","link":"https:\/\/www.gruppoliturgico.com\/fr\/produit\/couronne-imperiale\/","title":{"rendered":"couronne imp\u00e9riale"},"content":{"rendered":"<html><body><p>Couronne imp\u00e9riale en m\u00e9tal dor\u00e9.<br>\nIndiqu\u00e9e pour orner toutes les statues.<br>\nIl s\u2019agit d\u2019 ex\u00e9cutions artisanales en filigrane dor\u00e9.<br>\nEnrichies de pierres dures ornementales.<br>\nDiam\u00e8tres disponibles de cm 8 \u00e0 cm 18.<\/p>\n<\/body><\/html>","protected":false},"excerpt":{"rendered":"<p>Couronne imp\u00e9riale en m\u00e9tal dor\u00e9.<br \/>\nIndiqu\u00e9e pour orner toutes les statues.<br \/>\nIl s&rsquo;agit d&rsquo; ex\u00e9cutions artisanales en filigrane dor\u00e9.<br \/>\nEnrichies de pierres dures ornementales.<br \/>\nDiam\u00e8tres disponibles de cm 8 \u00e0 cm 18.<\/p>\n","protected":false},"featured_media":74678,"template":"","meta":[],"product_cat":[11928],"product_tag":[],"yoast_head":"<!-- This site is optimized with the Yoast SEO plugin v20.4 - https:\/\/yoast.com\/wordpress\/plugins\/seo\/ -->\n<title>couronne imp\u00e9riale - couronnes et aur\u00e9oles pour statues et Laboratorio Gruppo Liturgico<\/title>\n<meta name=\"description\" content=\"Couronne imp\u00e9riale en m\u00e9tal dor\u00e9.  Indiqu\u00e9e pour orner toutes les statues.  Il s&#039;agit d&#039; ex\u00e9cutions artisanales en filigrane dor\u00e9.  Enrichies de pierres dures ornementales.  Diam\u00e8tres disponibles de cm 8 \u00e0 cm 18.\" \/>\n<meta name=\"robots\" content=\"index, follow, max-snippet:-1, max-image-preview:large, max-video-preview:-1\" \/>\n<link rel=\"canonical\" href=\"https:\/\/www.gruppoliturgico.com\/fr\/produit\/couronne-imperiale\/\" \/>\n<meta property=\"og:locale\" content=\"fr_FR\" \/>\n<meta property=\"og:type\" content=\"article\" \/>\n<meta property=\"og:title\" content=\"couronne imp\u00e9riale - couronnes et aur\u00e9oles pour statues et Laboratorio Gruppo Liturgico\" \/>\n<meta property=\"og:description\" content=\"Couronne imp\u00e9riale en m\u00e9tal dor\u00e9.  Indiqu\u00e9e pour orner toutes les statues.  Il s&#039;agit d&#039; ex\u00e9cutions artisanales en filigrane dor\u00e9.  Enrichies de pierres dures ornementales.  Diam\u00e8tres disponibles de cm 8 \u00e0 cm 18.\" \/>\n<meta property=\"og:url\" content=\"https:\/\/www.gruppoliturgico.com\/fr\/produit\/couronne-imperiale\/\" \/>\n<meta property=\"og:site_name\" content=\"Laboratorio Gruppo Liturgico\" \/>\n<meta property=\"article:modified_time\" content=\"2022-11-03T15:40:05+00:00\" \/>\n<meta property=\"og:image\" content=\"https:\/\/www.gruppoliturgico.com\/wp-content\/uploads\/2022\/05\/3070_0.jpg\" \/>\n\t<meta property=\"og:image:width\" content=\"1332\" \/>\n\t<meta property=\"og:image:height\" content=\"1500\" \/>\n\t<meta property=\"og:image:type\" content=\"image\/jpeg\" \/>\n<meta name=\"twitter:card\" content=\"summary_large_image\" \/>\n<script type=\"application\/ld+json\" class=\"yoast-schema-graph\">{\"@context\":\"https:\/\/schema.org\",\"@graph\":[{\"@type\":\"WebPage\",\"@id\":\"https:\/\/www.gruppoliturgico.com\/fr\/produit\/couronne-imperiale\/\",\"url\":\"https:\/\/www.gruppoliturgico.com\/fr\/produit\/couronne-imperiale\/\",\"name\":\"couronne imp\u00e9riale - couronnes et aur\u00e9oles pour statues et Laboratorio Gruppo Liturgico\",\"isPartOf\":{\"@id\":\"https:\/\/www.gruppoliturgico.com\/es\/#website\"},\"datePublished\":\"2022-05-19T21:46:17+00:00\",\"dateModified\":\"2022-11-03T15:40:05+00:00\",\"description\":\"Couronne imp\u00e9riale en m\u00e9tal dor\u00e9. Indiqu\u00e9e pour orner toutes les statues. Il s'agit d' ex\u00e9cutions artisanales en filigrane dor\u00e9. Enrichies de pierres dures ornementales. Diam\u00e8tres disponibles de cm 8 \u00e0 cm 18.\",\"breadcrumb\":{\"@id\":\"https:\/\/www.gruppoliturgico.com\/fr\/produit\/couronne-imperiale\/#breadcrumb\"},\"inLanguage\":\"fr-FR\",\"potentialAction\":[{\"@type\":\"ReadAction\",\"target\":[\"https:\/\/www.gruppoliturgico.com\/fr\/produit\/couronne-imperiale\/\"]}]},{\"@type\":\"BreadcrumbList\",\"@id\":\"https:\/\/www.gruppoliturgico.com\/fr\/produit\/couronne-imperiale\/#breadcrumb\",\"itemListElement\":[{\"@type\":\"ListItem\",\"position\":1,\"name\":\"Home\",\"item\":\"https:\/\/www.gruppoliturgico.com\/fr\/\"},{\"@type\":\"ListItem\",\"position\":2,\"name\":\"Boutique\",\"item\":\"https:\/\/www.gruppoliturgico.com\/fr\/boutique\/\"},{\"@type\":\"ListItem\",\"position\":3,\"name\":\"couronne imp\u00e9riale\"}]},{\"@type\":\"WebSite\",\"@id\":\"https:\/\/www.gruppoliturgico.com\/es\/#website\",\"url\":\"https:\/\/www.gruppoliturgico.com\/es\/\",\"name\":\"Laboratorio Gruppo Liturgico\",\"description\":\"Articoli Religiosi online\",\"publisher\":{\"@id\":\"https:\/\/www.gruppoliturgico.com\/es\/#organization\"},\"potentialAction\":[{\"@type\":\"SearchAction\",\"target\":{\"@type\":\"EntryPoint\",\"urlTemplate\":\"https:\/\/www.gruppoliturgico.com\/es\/?s={search_term_string}\"},\"query-input\":\"required name=search_term_string\"}],\"inLanguage\":\"fr-FR\"},{\"@type\":\"Organization\",\"@id\":\"https:\/\/www.gruppoliturgico.com\/es\/#organization\",\"name\":\"Laboratorio Gruppo Liturgico\",\"url\":\"https:\/\/www.gruppoliturgico.com\/es\/\",\"logo\":{\"@type\":\"ImageObject\",\"inLanguage\":\"fr-FR\",\"@id\":\"https:\/\/www.gruppoliturgico.com\/es\/#\/schema\/logo\/image\/\",\"url\":\"https:\/\/www.gruppoliturgico.com\/wp-content\/uploads\/2022\/02\/logo-laboratoriogruppoliturgico.png\",\"contentUrl\":\"https:\/\/www.gruppoliturgico.com\/wp-content\/uploads\/2022\/02\/logo-laboratoriogruppoliturgico.png\",\"width\":400,\"height\":114,\"caption\":\"Laboratorio Gruppo Liturgico\"},\"image\":{\"@id\":\"https:\/\/www.gruppoliturgico.com\/es\/#\/schema\/logo\/image\/\"}}]}<\/script>\n<!-- \/ Yoast SEO plugin. -->","yoast_head_json":{"title":"couronne imp\u00e9riale - couronnes et aur\u00e9oles pour statues et Laboratorio Gruppo Liturgico","description":"Couronne imp\u00e9riale en m\u00e9tal dor\u00e9.  Indiqu\u00e9e pour orner toutes les statues.  Il s'agit d' ex\u00e9cutions artisanales en filigrane dor\u00e9.  Enrichies de pierres dures ornementales.  Diam\u00e8tres disponibles de cm 8 \u00e0 cm 18.","robots":{"index":"index","follow":"follow","max-snippet":"max-snippet:-1","max-image-preview":"max-image-preview:large","max-video-preview":"max-video-preview:-1"},"canonical":"https:\/\/www.gruppoliturgico.com\/fr\/produit\/couronne-imperiale\/","og_locale":"fr_FR","og_type":"article","og_title":"couronne imp\u00e9riale - couronnes et aur\u00e9oles pour statues et Laboratorio Gruppo Liturgico","og_description":"Couronne imp\u00e9riale en m\u00e9tal dor\u00e9.  Indiqu\u00e9e pour orner toutes les statues.  Il s'agit d' ex\u00e9cutions artisanales en filigrane dor\u00e9.  Enrichies de pierres dures ornementales.  Diam\u00e8tres disponibles de cm 8 \u00e0 cm 18.","og_url":"https:\/\/www.gruppoliturgico.com\/fr\/produit\/couronne-imperiale\/","og_site_name":"Laboratorio Gruppo Liturgico","article_modified_time":"2022-11-03T15:40:05+00:00","og_image":[{"width":1332,"height":1500,"url":"https:\/\/www.gruppoliturgico.com\/wp-content\/uploads\/2022\/05\/3070_0.jpg","type":"image\/jpeg"}],"twitter_card":"summary_large_image","schema":{"@context":"https:\/\/schema.org","@graph":[{"@type":"WebPage","@id":"https:\/\/www.gruppoliturgico.com\/fr\/produit\/couronne-imperiale\/","url":"https:\/\/www.gruppoliturgico.com\/fr\/produit\/couronne-imperiale\/","name":"couronne imp\u00e9riale - couronnes et aur\u00e9oles pour statues et Laboratorio Gruppo Liturgico","isPartOf":{"@id":"https:\/\/www.gruppoliturgico.com\/es\/#website"},"datePublished":"2022-05-19T21:46:17+00:00","dateModified":"2022-11-03T15:40:05+00:00","description":"Couronne imp\u00e9riale en m\u00e9tal dor\u00e9. Indiqu\u00e9e pour orner toutes les statues. Il s'agit d' ex\u00e9cutions artisanales en filigrane dor\u00e9. Enrichies de pierres dures ornementales. Diam\u00e8tres disponibles de cm 8 \u00e0 cm 18.","breadcrumb":{"@id":"https:\/\/www.gruppoliturgico.com\/fr\/produit\/couronne-imperiale\/#breadcrumb"},"inLanguage":"fr-FR","potentialAction":[{"@type":"ReadAction","target":["https:\/\/www.gruppoliturgico.com\/fr\/produit\/couronne-imperiale\/"]}]},{"@type":"BreadcrumbList","@id":"https:\/\/www.gruppoliturgico.com\/fr\/produit\/couronne-imperiale\/#breadcrumb","itemListElement":[{"@type":"ListItem","position":1,"name":"Home","item":"https:\/\/www.gruppoliturgico.com\/fr\/"},{"@type":"ListItem","position":2,"name":"Boutique","item":"https:\/\/www.gruppoliturgico.com\/fr\/boutique\/"},{"@type":"ListItem","position":3,"name":"couronne imp\u00e9riale"}]},{"@type":"WebSite","@id":"https:\/\/www.gruppoliturgico.com\/es\/#website","url":"https:\/\/www.gruppoliturgico.com\/es\/","name":"Laboratorio Gruppo Liturgico","description":"Articoli Religiosi online","publisher":{"@id":"https:\/\/www.gruppoliturgico.com\/es\/#organization"},"potentialAction":[{"@type":"SearchAction","target":{"@type":"EntryPoint","urlTemplate":"https:\/\/www.gruppoliturgico.com\/es\/?s={search_term_string}"},"query-input":"required name=search_term_string"}],"inLanguage":"fr-FR"},{"@type":"Organization","@id":"https:\/\/www.gruppoliturgico.com\/es\/#organization","name":"Laboratorio Gruppo Liturgico","url":"https:\/\/www.gruppoliturgico.com\/es\/","logo":{"@type":"ImageObject","inLanguage":"fr-FR","@id":"https:\/\/www.gruppoliturgico.com\/es\/#\/schema\/logo\/image\/","url":"https:\/\/www.gruppoliturgico.com\/wp-content\/uploads\/2022\/02\/logo-laboratoriogruppoliturgico.png","contentUrl":"https:\/\/www.gruppoliturgico.com\/wp-content\/uploads\/2022\/02\/logo-laboratoriogruppoliturgico.png","width":400,"height":114,"caption":"Laboratorio Gruppo Liturgico"},"image":{"@id":"https:\/\/www.gruppoliturgico.com\/es\/#\/schema\/logo\/image\/"}}]}},"_links":{"self":[{"href":"https:\/\/www.gruppoliturgico.com\/fr\/wp-json\/wp\/v2\/product\/64337"}],"collection":[{"href":"https:\/\/www.gruppoliturgico.com\/fr\/wp-json\/wp\/v2\/product"}],"about":[{"href":"https:\/\/www.gruppoliturgico.com\/fr\/wp-json\/wp\/v2\/types\/product"}],"wp:featuredmedia":[{"embeddable":true,"href":"https:\/\/www.gruppoliturgico.com\/fr\/wp-json\/wp\/v2\/media\/74678"}],"wp:attachment":[{"href":"https:\/\/www.gruppoliturgico.com\/fr\/wp-json\/wp\/v2\/media?parent=64337"}],"wp:term":[{"taxonomy":"product_cat","embeddable":true,"href":"https:\/\/www.gruppoliturgico.com\/fr\/wp-json\/wp\/v2\/product_cat?post=64337"},{"taxonomy":"product_tag","embeddable":true,"href":"https:\/\/www.gruppoliturgico.com\/fr\/wp-json\/wp\/v2\/product_tag?post=64337"}],"curies":[{"name":"wp","href":"https:\/\/api.w.org\/{rel}","templated":true}]}}