{"id":64321,"date":"2022-05-19T23:45:18","date_gmt":"2022-05-19T21:45:23","guid":{"rendered":"https:\/\/www.gruppoliturgico.com\/prodotto\/chasuble-christ-ressuscite\/"},"modified":"2022-05-20T07:57:42","modified_gmt":"2022-05-20T05:57:42","slug":"chasuble-christ-ressuscite","status":"publish","type":"product","link":"https:\/\/www.gruppoliturgico.com\/fr\/produit\/chasuble-christ-ressuscite\/","title":{"rendered":"chasuble \u00ab\u00a0Christ Ressuscit\u00e9\u00a0\u00bb"},"content":{"rendered":"<html><body><p>Confectionn\u00e9e dans un tissu de pure laine tr\u00e8s l\u00e9ger.<br>\nSur le devant est repr\u00e9sent\u00e9e la R\u00e9surrection de J\u00e9sus.<br>\nSur le dos est peinte une croix stylis\u00e9e avec des rameaux d\u2019olivier.<br>\nOuvrage peint \u00e0 la main avec des couleurs ind\u00e9l\u00e9biles.<\/p>\n<\/body><\/html>","protected":false},"excerpt":{"rendered":"<p>Confectionn\u00e9e dans un tissu de pure laine tr\u00e8s l\u00e9ger.<br \/>\nSur le devant est repr\u00e9sent\u00e9e la R\u00e9surrection de J\u00e9sus.<br \/>\nSur le dos est peinte une croix stylis\u00e9e avec des rameaux d&rsquo;olivier.<br \/>\nOuvrage peint \u00e0 la main avec des couleurs ind\u00e9l\u00e9biles.<\/p>\n","protected":false},"featured_media":128923,"template":"","meta":[],"product_cat":[12244],"product_tag":[],"yoast_head":"<!-- This site is optimized with the Yoast SEO plugin v20.4 - https:\/\/yoast.com\/wordpress\/plugins\/seo\/ -->\n<title>chasuble &quot;Christ Ressuscit\u00e9&quot; - solennelles et Laboratorio Gruppo Liturgico<\/title>\n<meta name=\"description\" content=\"Confectionn\u00e9e dans un tissu de pure laine tr\u00e8s l\u00e9ger.  Sur le devant est repr\u00e9sent\u00e9e la R\u00e9surrection de J\u00e9sus.  Sur le dos est peinte une croix stylis\u00e9e avec des rameaux d&#039;olivier.  Ouvrage peint \u00e0 la main avec des couleurs ind\u00e9l\u00e9biles.\" \/>\n<meta name=\"robots\" content=\"index, follow, max-snippet:-1, max-image-preview:large, max-video-preview:-1\" \/>\n<link rel=\"canonical\" href=\"https:\/\/www.gruppoliturgico.com\/fr\/produit\/chasuble-christ-ressuscite\/\" \/>\n<meta property=\"og:locale\" content=\"fr_FR\" \/>\n<meta property=\"og:type\" content=\"article\" \/>\n<meta property=\"og:title\" content=\"chasuble &quot;Christ Ressuscit\u00e9&quot; - solennelles et Laboratorio Gruppo Liturgico\" \/>\n<meta property=\"og:description\" content=\"Confectionn\u00e9e dans un tissu de pure laine tr\u00e8s l\u00e9ger.  Sur le devant est repr\u00e9sent\u00e9e la R\u00e9surrection de J\u00e9sus.  Sur le dos est peinte une croix stylis\u00e9e avec des rameaux d&#039;olivier.  Ouvrage peint \u00e0 la main avec des couleurs ind\u00e9l\u00e9biles.\" \/>\n<meta property=\"og:url\" content=\"https:\/\/www.gruppoliturgico.com\/fr\/produit\/chasuble-christ-ressuscite\/\" \/>\n<meta property=\"og:site_name\" content=\"Laboratorio Gruppo Liturgico\" \/>\n<meta property=\"article:modified_time\" content=\"2022-05-20T05:57:42+00:00\" \/>\n<meta property=\"og:image\" content=\"https:\/\/www.gruppoliturgico.com\/wp-content\/uploads\/2022\/05\/1220.jpg\" \/>\n\t<meta property=\"og:image:width\" content=\"1151\" \/>\n\t<meta property=\"og:image:height\" content=\"1500\" \/>\n\t<meta property=\"og:image:type\" content=\"image\/jpeg\" \/>\n<meta name=\"twitter:card\" content=\"summary_large_image\" \/>\n<script type=\"application\/ld+json\" class=\"yoast-schema-graph\">{\"@context\":\"https:\/\/schema.org\",\"@graph\":[{\"@type\":\"WebPage\",\"@id\":\"https:\/\/www.gruppoliturgico.com\/fr\/produit\/chasuble-christ-ressuscite\/\",\"url\":\"https:\/\/www.gruppoliturgico.com\/fr\/produit\/chasuble-christ-ressuscite\/\",\"name\":\"chasuble \\\"Christ Ressuscit\u00e9\\\" - solennelles et Laboratorio Gruppo Liturgico\",\"isPartOf\":{\"@id\":\"https:\/\/www.gruppoliturgico.com\/es\/#website\"},\"datePublished\":\"2022-05-19T21:45:23+00:00\",\"dateModified\":\"2022-05-20T05:57:42+00:00\",\"description\":\"Confectionn\u00e9e dans un tissu de pure laine tr\u00e8s l\u00e9ger. Sur le devant est repr\u00e9sent\u00e9e la R\u00e9surrection de J\u00e9sus. Sur le dos est peinte une croix stylis\u00e9e avec des rameaux d'olivier. Ouvrage peint \u00e0 la main avec des couleurs ind\u00e9l\u00e9biles.\",\"breadcrumb\":{\"@id\":\"https:\/\/www.gruppoliturgico.com\/fr\/produit\/chasuble-christ-ressuscite\/#breadcrumb\"},\"inLanguage\":\"fr-FR\",\"potentialAction\":[{\"@type\":\"ReadAction\",\"target\":[\"https:\/\/www.gruppoliturgico.com\/fr\/produit\/chasuble-christ-ressuscite\/\"]}]},{\"@type\":\"BreadcrumbList\",\"@id\":\"https:\/\/www.gruppoliturgico.com\/fr\/produit\/chasuble-christ-ressuscite\/#breadcrumb\",\"itemListElement\":[{\"@type\":\"ListItem\",\"position\":1,\"name\":\"Home\",\"item\":\"https:\/\/www.gruppoliturgico.com\/fr\/\"},{\"@type\":\"ListItem\",\"position\":2,\"name\":\"Boutique\",\"item\":\"https:\/\/www.gruppoliturgico.com\/fr\/boutique\/\"},{\"@type\":\"ListItem\",\"position\":3,\"name\":\"chasuble \u00ab\u00a0Christ Ressuscit\u00e9\u00a0\u00bb\"}]},{\"@type\":\"WebSite\",\"@id\":\"https:\/\/www.gruppoliturgico.com\/es\/#website\",\"url\":\"https:\/\/www.gruppoliturgico.com\/es\/\",\"name\":\"Laboratorio Gruppo Liturgico\",\"description\":\"Articoli Religiosi online\",\"publisher\":{\"@id\":\"https:\/\/www.gruppoliturgico.com\/es\/#organization\"},\"potentialAction\":[{\"@type\":\"SearchAction\",\"target\":{\"@type\":\"EntryPoint\",\"urlTemplate\":\"https:\/\/www.gruppoliturgico.com\/es\/?s={search_term_string}\"},\"query-input\":\"required name=search_term_string\"}],\"inLanguage\":\"fr-FR\"},{\"@type\":\"Organization\",\"@id\":\"https:\/\/www.gruppoliturgico.com\/es\/#organization\",\"name\":\"Laboratorio Gruppo Liturgico\",\"url\":\"https:\/\/www.gruppoliturgico.com\/es\/\",\"logo\":{\"@type\":\"ImageObject\",\"inLanguage\":\"fr-FR\",\"@id\":\"https:\/\/www.gruppoliturgico.com\/es\/#\/schema\/logo\/image\/\",\"url\":\"https:\/\/www.gruppoliturgico.com\/wp-content\/uploads\/2022\/02\/logo-laboratoriogruppoliturgico.png\",\"contentUrl\":\"https:\/\/www.gruppoliturgico.com\/wp-content\/uploads\/2022\/02\/logo-laboratoriogruppoliturgico.png\",\"width\":400,\"height\":114,\"caption\":\"Laboratorio Gruppo Liturgico\"},\"image\":{\"@id\":\"https:\/\/www.gruppoliturgico.com\/es\/#\/schema\/logo\/image\/\"}}]}<\/script>\n<!-- \/ Yoast SEO plugin. -->","yoast_head_json":{"title":"chasuble \"Christ Ressuscit\u00e9\" - solennelles et Laboratorio Gruppo Liturgico","description":"Confectionn\u00e9e dans un tissu de pure laine tr\u00e8s l\u00e9ger.  Sur le devant est repr\u00e9sent\u00e9e la R\u00e9surrection de J\u00e9sus.  Sur le dos est peinte une croix stylis\u00e9e avec des rameaux d'olivier.  Ouvrage peint \u00e0 la main avec des couleurs ind\u00e9l\u00e9biles.","robots":{"index":"index","follow":"follow","max-snippet":"max-snippet:-1","max-image-preview":"max-image-preview:large","max-video-preview":"max-video-preview:-1"},"canonical":"https:\/\/www.gruppoliturgico.com\/fr\/produit\/chasuble-christ-ressuscite\/","og_locale":"fr_FR","og_type":"article","og_title":"chasuble \"Christ Ressuscit\u00e9\" - solennelles et Laboratorio Gruppo Liturgico","og_description":"Confectionn\u00e9e dans un tissu de pure laine tr\u00e8s l\u00e9ger.  Sur le devant est repr\u00e9sent\u00e9e la R\u00e9surrection de J\u00e9sus.  Sur le dos est peinte une croix stylis\u00e9e avec des rameaux d'olivier.  Ouvrage peint \u00e0 la main avec des couleurs ind\u00e9l\u00e9biles.","og_url":"https:\/\/www.gruppoliturgico.com\/fr\/produit\/chasuble-christ-ressuscite\/","og_site_name":"Laboratorio Gruppo Liturgico","article_modified_time":"2022-05-20T05:57:42+00:00","og_image":[{"width":1151,"height":1500,"url":"https:\/\/www.gruppoliturgico.com\/wp-content\/uploads\/2022\/05\/1220.jpg","type":"image\/jpeg"}],"twitter_card":"summary_large_image","schema":{"@context":"https:\/\/schema.org","@graph":[{"@type":"WebPage","@id":"https:\/\/www.gruppoliturgico.com\/fr\/produit\/chasuble-christ-ressuscite\/","url":"https:\/\/www.gruppoliturgico.com\/fr\/produit\/chasuble-christ-ressuscite\/","name":"chasuble \"Christ Ressuscit\u00e9\" - solennelles et Laboratorio Gruppo Liturgico","isPartOf":{"@id":"https:\/\/www.gruppoliturgico.com\/es\/#website"},"datePublished":"2022-05-19T21:45:23+00:00","dateModified":"2022-05-20T05:57:42+00:00","description":"Confectionn\u00e9e dans un tissu de pure laine tr\u00e8s l\u00e9ger. Sur le devant est repr\u00e9sent\u00e9e la R\u00e9surrection de J\u00e9sus. Sur le dos est peinte une croix stylis\u00e9e avec des rameaux d'olivier. Ouvrage peint \u00e0 la main avec des couleurs ind\u00e9l\u00e9biles.","breadcrumb":{"@id":"https:\/\/www.gruppoliturgico.com\/fr\/produit\/chasuble-christ-ressuscite\/#breadcrumb"},"inLanguage":"fr-FR","potentialAction":[{"@type":"ReadAction","target":["https:\/\/www.gruppoliturgico.com\/fr\/produit\/chasuble-christ-ressuscite\/"]}]},{"@type":"BreadcrumbList","@id":"https:\/\/www.gruppoliturgico.com\/fr\/produit\/chasuble-christ-ressuscite\/#breadcrumb","itemListElement":[{"@type":"ListItem","position":1,"name":"Home","item":"https:\/\/www.gruppoliturgico.com\/fr\/"},{"@type":"ListItem","position":2,"name":"Boutique","item":"https:\/\/www.gruppoliturgico.com\/fr\/boutique\/"},{"@type":"ListItem","position":3,"name":"chasuble \u00ab\u00a0Christ Ressuscit\u00e9\u00a0\u00bb"}]},{"@type":"WebSite","@id":"https:\/\/www.gruppoliturgico.com\/es\/#website","url":"https:\/\/www.gruppoliturgico.com\/es\/","name":"Laboratorio Gruppo Liturgico","description":"Articoli Religiosi online","publisher":{"@id":"https:\/\/www.gruppoliturgico.com\/es\/#organization"},"potentialAction":[{"@type":"SearchAction","target":{"@type":"EntryPoint","urlTemplate":"https:\/\/www.gruppoliturgico.com\/es\/?s={search_term_string}"},"query-input":"required name=search_term_string"}],"inLanguage":"fr-FR"},{"@type":"Organization","@id":"https:\/\/www.gruppoliturgico.com\/es\/#organization","name":"Laboratorio Gruppo Liturgico","url":"https:\/\/www.gruppoliturgico.com\/es\/","logo":{"@type":"ImageObject","inLanguage":"fr-FR","@id":"https:\/\/www.gruppoliturgico.com\/es\/#\/schema\/logo\/image\/","url":"https:\/\/www.gruppoliturgico.com\/wp-content\/uploads\/2022\/02\/logo-laboratoriogruppoliturgico.png","contentUrl":"https:\/\/www.gruppoliturgico.com\/wp-content\/uploads\/2022\/02\/logo-laboratoriogruppoliturgico.png","width":400,"height":114,"caption":"Laboratorio Gruppo Liturgico"},"image":{"@id":"https:\/\/www.gruppoliturgico.com\/es\/#\/schema\/logo\/image\/"}}]}},"_links":{"self":[{"href":"https:\/\/www.gruppoliturgico.com\/fr\/wp-json\/wp\/v2\/product\/64321"}],"collection":[{"href":"https:\/\/www.gruppoliturgico.com\/fr\/wp-json\/wp\/v2\/product"}],"about":[{"href":"https:\/\/www.gruppoliturgico.com\/fr\/wp-json\/wp\/v2\/types\/product"}],"wp:featuredmedia":[{"embeddable":true,"href":"https:\/\/www.gruppoliturgico.com\/fr\/wp-json\/wp\/v2\/media\/128923"}],"wp:attachment":[{"href":"https:\/\/www.gruppoliturgico.com\/fr\/wp-json\/wp\/v2\/media?parent=64321"}],"wp:term":[{"taxonomy":"product_cat","embeddable":true,"href":"https:\/\/www.gruppoliturgico.com\/fr\/wp-json\/wp\/v2\/product_cat?post=64321"},{"taxonomy":"product_tag","embeddable":true,"href":"https:\/\/www.gruppoliturgico.com\/fr\/wp-json\/wp\/v2\/product_tag?post=64321"}],"curies":[{"name":"wp","href":"https:\/\/api.w.org\/{rel}","templated":true}]}}