{"id":64309,"date":"2022-05-19T23:44:41","date_gmt":"2022-05-19T21:44:47","guid":{"rendered":"https:\/\/www.gruppoliturgico.com\/prodotto\/chasuble-peinta-a-la-main\/"},"modified":"2022-09-13T10:55:30","modified_gmt":"2022-09-13T08:55:30","slug":"chasuble-peinta-a-la-main","status":"publish","type":"product","link":"https:\/\/www.gruppoliturgico.com\/fr\/produit\/chasuble-peinta-a-la-main\/","title":{"rendered":"chasuble peinte \u00e0 la main"},"content":{"rendered":"<html><body><p>Confectionn\u00e9e en pure laine blanche et l\u00e9g\u00e8re.<br>\nSur le devant une grande et d\u00e9licate repr\u00e9sentation de la S.te Vierge avec l\u2019 Enfant.<br>\nCompl\u00e8te la d\u00e9coration un ornement baroque avec des lis qui se r\u00e9p\u00e8te dans le dos.<\/p>\n<\/body><\/html>","protected":false},"excerpt":{"rendered":"<p>Confectionn\u00e9e en pure laine blanche et l\u00e9g\u00e8re.<br \/>\nSur le devant une grande et d\u00e9licate repr\u00e9sentation de la S.te Vierge avec l&rsquo; Enfant.<br \/>\nCompl\u00e8te la d\u00e9coration un ornement baroque avec des lis qui se r\u00e9p\u00e8te dans le dos.<\/p>\n","protected":false},"featured_media":129485,"template":"","meta":[],"product_cat":[12264],"product_tag":[15301],"yoast_head":"<!-- This site is optimized with the Yoast SEO plugin v20.4 - https:\/\/yoast.com\/wordpress\/plugins\/seo\/ -->\n<title>chasuble peinte \u00e0 la main - mariales et Laboratorio Gruppo Liturgico<\/title>\n<meta name=\"description\" content=\"Confectionn\u00e9e en pure laine blanche et l\u00e9g\u00e8re. Sur le devant une grande et d\u00e9licate repr\u00e9sentation de la S.te Vierge avec l&#039; Enfant. Compl\u00e8te la d\u00e9coration un ornement baroque avec des lis qui se r\u00e9p\u00e8te dans le dos.\" \/>\n<meta name=\"robots\" content=\"index, follow, max-snippet:-1, max-image-preview:large, max-video-preview:-1\" \/>\n<link rel=\"canonical\" href=\"https:\/\/www.gruppoliturgico.com\/fr\/produit\/chasuble-peinta-a-la-main\/\" \/>\n<meta property=\"og:locale\" content=\"fr_FR\" \/>\n<meta property=\"og:type\" content=\"article\" \/>\n<meta property=\"og:title\" content=\"chasuble peinte \u00e0 la main - mariales et Laboratorio Gruppo Liturgico\" \/>\n<meta property=\"og:description\" content=\"Confectionn\u00e9e en pure laine blanche et l\u00e9g\u00e8re. Sur le devant une grande et d\u00e9licate repr\u00e9sentation de la S.te Vierge avec l&#039; Enfant. Compl\u00e8te la d\u00e9coration un ornement baroque avec des lis qui se r\u00e9p\u00e8te dans le dos.\" \/>\n<meta property=\"og:url\" content=\"https:\/\/www.gruppoliturgico.com\/fr\/produit\/chasuble-peinta-a-la-main\/\" \/>\n<meta property=\"og:site_name\" content=\"Laboratorio Gruppo Liturgico\" \/>\n<meta property=\"article:modified_time\" content=\"2022-09-13T08:55:30+00:00\" \/>\n<meta property=\"og:image\" content=\"https:\/\/www.gruppoliturgico.com\/wp-content\/uploads\/2022\/05\/1221.jpg\" \/>\n\t<meta property=\"og:image:width\" content=\"1199\" \/>\n\t<meta property=\"og:image:height\" content=\"1500\" \/>\n\t<meta property=\"og:image:type\" content=\"image\/jpeg\" \/>\n<meta name=\"twitter:card\" content=\"summary_large_image\" \/>\n<script type=\"application\/ld+json\" class=\"yoast-schema-graph\">{\"@context\":\"https:\/\/schema.org\",\"@graph\":[{\"@type\":\"WebPage\",\"@id\":\"https:\/\/www.gruppoliturgico.com\/fr\/produit\/chasuble-peinta-a-la-main\/\",\"url\":\"https:\/\/www.gruppoliturgico.com\/fr\/produit\/chasuble-peinta-a-la-main\/\",\"name\":\"chasuble peinte \u00e0 la main - mariales et Laboratorio Gruppo Liturgico\",\"isPartOf\":{\"@id\":\"https:\/\/www.gruppoliturgico.com\/es\/#website\"},\"datePublished\":\"2022-05-19T21:44:47+00:00\",\"dateModified\":\"2022-09-13T08:55:30+00:00\",\"description\":\"Confectionn\u00e9e en pure laine blanche et l\u00e9g\u00e8re. Sur le devant une grande et d\u00e9licate repr\u00e9sentation de la S.te Vierge avec l' Enfant. Compl\u00e8te la d\u00e9coration un ornement baroque avec des lis qui se r\u00e9p\u00e8te dans le dos.\",\"breadcrumb\":{\"@id\":\"https:\/\/www.gruppoliturgico.com\/fr\/produit\/chasuble-peinta-a-la-main\/#breadcrumb\"},\"inLanguage\":\"fr-FR\",\"potentialAction\":[{\"@type\":\"ReadAction\",\"target\":[\"https:\/\/www.gruppoliturgico.com\/fr\/produit\/chasuble-peinta-a-la-main\/\"]}]},{\"@type\":\"BreadcrumbList\",\"@id\":\"https:\/\/www.gruppoliturgico.com\/fr\/produit\/chasuble-peinta-a-la-main\/#breadcrumb\",\"itemListElement\":[{\"@type\":\"ListItem\",\"position\":1,\"name\":\"Home\",\"item\":\"https:\/\/www.gruppoliturgico.com\/fr\/\"},{\"@type\":\"ListItem\",\"position\":2,\"name\":\"Boutique\",\"item\":\"https:\/\/www.gruppoliturgico.com\/fr\/boutique\/\"},{\"@type\":\"ListItem\",\"position\":3,\"name\":\"chasuble peinte \u00e0 la main\"}]},{\"@type\":\"WebSite\",\"@id\":\"https:\/\/www.gruppoliturgico.com\/es\/#website\",\"url\":\"https:\/\/www.gruppoliturgico.com\/es\/\",\"name\":\"Laboratorio Gruppo Liturgico\",\"description\":\"Articoli Religiosi online\",\"publisher\":{\"@id\":\"https:\/\/www.gruppoliturgico.com\/es\/#organization\"},\"potentialAction\":[{\"@type\":\"SearchAction\",\"target\":{\"@type\":\"EntryPoint\",\"urlTemplate\":\"https:\/\/www.gruppoliturgico.com\/es\/?s={search_term_string}\"},\"query-input\":\"required name=search_term_string\"}],\"inLanguage\":\"fr-FR\"},{\"@type\":\"Organization\",\"@id\":\"https:\/\/www.gruppoliturgico.com\/es\/#organization\",\"name\":\"Laboratorio Gruppo Liturgico\",\"url\":\"https:\/\/www.gruppoliturgico.com\/es\/\",\"logo\":{\"@type\":\"ImageObject\",\"inLanguage\":\"fr-FR\",\"@id\":\"https:\/\/www.gruppoliturgico.com\/es\/#\/schema\/logo\/image\/\",\"url\":\"https:\/\/www.gruppoliturgico.com\/wp-content\/uploads\/2022\/02\/logo-laboratoriogruppoliturgico.png\",\"contentUrl\":\"https:\/\/www.gruppoliturgico.com\/wp-content\/uploads\/2022\/02\/logo-laboratoriogruppoliturgico.png\",\"width\":400,\"height\":114,\"caption\":\"Laboratorio Gruppo Liturgico\"},\"image\":{\"@id\":\"https:\/\/www.gruppoliturgico.com\/es\/#\/schema\/logo\/image\/\"}}]}<\/script>\n<!-- \/ Yoast SEO plugin. -->","yoast_head_json":{"title":"chasuble peinte \u00e0 la main - mariales et Laboratorio Gruppo Liturgico","description":"Confectionn\u00e9e en pure laine blanche et l\u00e9g\u00e8re. Sur le devant une grande et d\u00e9licate repr\u00e9sentation de la S.te Vierge avec l' Enfant. Compl\u00e8te la d\u00e9coration un ornement baroque avec des lis qui se r\u00e9p\u00e8te dans le dos.","robots":{"index":"index","follow":"follow","max-snippet":"max-snippet:-1","max-image-preview":"max-image-preview:large","max-video-preview":"max-video-preview:-1"},"canonical":"https:\/\/www.gruppoliturgico.com\/fr\/produit\/chasuble-peinta-a-la-main\/","og_locale":"fr_FR","og_type":"article","og_title":"chasuble peinte \u00e0 la main - mariales et Laboratorio Gruppo Liturgico","og_description":"Confectionn\u00e9e en pure laine blanche et l\u00e9g\u00e8re. Sur le devant une grande et d\u00e9licate repr\u00e9sentation de la S.te Vierge avec l' Enfant. Compl\u00e8te la d\u00e9coration un ornement baroque avec des lis qui se r\u00e9p\u00e8te dans le dos.","og_url":"https:\/\/www.gruppoliturgico.com\/fr\/produit\/chasuble-peinta-a-la-main\/","og_site_name":"Laboratorio Gruppo Liturgico","article_modified_time":"2022-09-13T08:55:30+00:00","og_image":[{"width":1199,"height":1500,"url":"https:\/\/www.gruppoliturgico.com\/wp-content\/uploads\/2022\/05\/1221.jpg","type":"image\/jpeg"}],"twitter_card":"summary_large_image","schema":{"@context":"https:\/\/schema.org","@graph":[{"@type":"WebPage","@id":"https:\/\/www.gruppoliturgico.com\/fr\/produit\/chasuble-peinta-a-la-main\/","url":"https:\/\/www.gruppoliturgico.com\/fr\/produit\/chasuble-peinta-a-la-main\/","name":"chasuble peinte \u00e0 la main - mariales et Laboratorio Gruppo Liturgico","isPartOf":{"@id":"https:\/\/www.gruppoliturgico.com\/es\/#website"},"datePublished":"2022-05-19T21:44:47+00:00","dateModified":"2022-09-13T08:55:30+00:00","description":"Confectionn\u00e9e en pure laine blanche et l\u00e9g\u00e8re. Sur le devant une grande et d\u00e9licate repr\u00e9sentation de la S.te Vierge avec l' Enfant. Compl\u00e8te la d\u00e9coration un ornement baroque avec des lis qui se r\u00e9p\u00e8te dans le dos.","breadcrumb":{"@id":"https:\/\/www.gruppoliturgico.com\/fr\/produit\/chasuble-peinta-a-la-main\/#breadcrumb"},"inLanguage":"fr-FR","potentialAction":[{"@type":"ReadAction","target":["https:\/\/www.gruppoliturgico.com\/fr\/produit\/chasuble-peinta-a-la-main\/"]}]},{"@type":"BreadcrumbList","@id":"https:\/\/www.gruppoliturgico.com\/fr\/produit\/chasuble-peinta-a-la-main\/#breadcrumb","itemListElement":[{"@type":"ListItem","position":1,"name":"Home","item":"https:\/\/www.gruppoliturgico.com\/fr\/"},{"@type":"ListItem","position":2,"name":"Boutique","item":"https:\/\/www.gruppoliturgico.com\/fr\/boutique\/"},{"@type":"ListItem","position":3,"name":"chasuble peinte \u00e0 la main"}]},{"@type":"WebSite","@id":"https:\/\/www.gruppoliturgico.com\/es\/#website","url":"https:\/\/www.gruppoliturgico.com\/es\/","name":"Laboratorio Gruppo Liturgico","description":"Articoli Religiosi online","publisher":{"@id":"https:\/\/www.gruppoliturgico.com\/es\/#organization"},"potentialAction":[{"@type":"SearchAction","target":{"@type":"EntryPoint","urlTemplate":"https:\/\/www.gruppoliturgico.com\/es\/?s={search_term_string}"},"query-input":"required name=search_term_string"}],"inLanguage":"fr-FR"},{"@type":"Organization","@id":"https:\/\/www.gruppoliturgico.com\/es\/#organization","name":"Laboratorio Gruppo Liturgico","url":"https:\/\/www.gruppoliturgico.com\/es\/","logo":{"@type":"ImageObject","inLanguage":"fr-FR","@id":"https:\/\/www.gruppoliturgico.com\/es\/#\/schema\/logo\/image\/","url":"https:\/\/www.gruppoliturgico.com\/wp-content\/uploads\/2022\/02\/logo-laboratoriogruppoliturgico.png","contentUrl":"https:\/\/www.gruppoliturgico.com\/wp-content\/uploads\/2022\/02\/logo-laboratoriogruppoliturgico.png","width":400,"height":114,"caption":"Laboratorio Gruppo Liturgico"},"image":{"@id":"https:\/\/www.gruppoliturgico.com\/es\/#\/schema\/logo\/image\/"}}]}},"_links":{"self":[{"href":"https:\/\/www.gruppoliturgico.com\/fr\/wp-json\/wp\/v2\/product\/64309"}],"collection":[{"href":"https:\/\/www.gruppoliturgico.com\/fr\/wp-json\/wp\/v2\/product"}],"about":[{"href":"https:\/\/www.gruppoliturgico.com\/fr\/wp-json\/wp\/v2\/types\/product"}],"wp:featuredmedia":[{"embeddable":true,"href":"https:\/\/www.gruppoliturgico.com\/fr\/wp-json\/wp\/v2\/media\/129485"}],"wp:attachment":[{"href":"https:\/\/www.gruppoliturgico.com\/fr\/wp-json\/wp\/v2\/media?parent=64309"}],"wp:term":[{"taxonomy":"product_cat","embeddable":true,"href":"https:\/\/www.gruppoliturgico.com\/fr\/wp-json\/wp\/v2\/product_cat?post=64309"},{"taxonomy":"product_tag","embeddable":true,"href":"https:\/\/www.gruppoliturgico.com\/fr\/wp-json\/wp\/v2\/product_tag?post=64309"}],"curies":[{"name":"wp","href":"https:\/\/api.w.org\/{rel}","templated":true}]}}