{"id":64257,"date":"2022-05-19T23:42:00","date_gmt":"2022-05-19T21:42:29","guid":{"rendered":"https:\/\/www.gruppoliturgico.com\/prodotto\/chasuble-10\/"},"modified":"2024-06-24T15:50:23","modified_gmt":"2024-06-24T13:50:23","slug":"chasuble-10","status":"publish","type":"product","link":"https:\/\/www.gruppoliturgico.com\/fr\/produit\/chasuble-10\/","title":{"rendered":"chasuble"},"content":{"rendered":"<html><body><p>Chasuble avec un scapulaire, r\u00e9alis\u00e9 \u00e0 travers un d\u00e9licat travail au m\u00e9tier, qui repr\u00e9sente des symboles eucharistiques.<br>\nLe scapulaire peut simplement \u00eatre retir\u00e9 pour \u00eatre adapt\u00e9 \u00e0 une autre chasuble.<br>\nDisponible dans les coloris Liturgiques.<\/p>\n<p>\u00a0<\/p>\n<p>Sur demande, nous pouvons \u00e9galement fournir le scapulaire seul sans la chasuble.<br>\nRenseignez-vous \u00e0 l\u2019adresse suivante : <a href=\"&#x6d;&#97;i&#x6c;&#x74;&#111;:&#x69;&#x6e;&#102;o&#x40;&#103;r&#x75;&#x70;&#112;o&#x6c;&#x69;&#116;u&#x72;&#103;&#105;&#x63;&#x6f;&#46;c&#x6f;&#x6d;\">&#x69;&#x6e;&#x66;&#x6f;&#64;&#103;&#114;up&#x70;&#x6f;&#x6c;&#x69;&#x74;&#117;&#114;&#103;ic&#x6f;&#x2e;&#x63;&#x6f;&#x6d;<\/a><\/p>\n<\/body><\/html>","protected":false},"excerpt":{"rendered":"<p>Chasuble avec un scapulaire, r\u00e9alis\u00e9 \u00e0 travers un d\u00e9licat travail au m\u00e9tier, qui repr\u00e9sente des symboles eucharistiques.<br \/>\nLe scapulaire peut simplement \u00eatre retir\u00e9 pour \u00eatre adapt\u00e9 \u00e0 une autre chasuble.<br \/>\nDisponible dans les coloris Liturgiques.<\/p>\n<p>&nbsp;<\/p>\n<p>Sur demande, nous pouvons \u00e9galement fournir le scapulaire seul sans la chasuble.<br \/>\nRenseignez-vous \u00e0 l&rsquo;adresse suivante : <a href=\"&#x6d;&#x61;&#x69;&#x6c;&#x74;&#x6f;&#58;&#105;&#110;&#102;o&#64;gr&#x75;&#x70;&#x70;&#x6f;&#x6c;&#x69;&#116;&#117;&#114;&#103;&#105;co&#46;&#x63;&#x6f;&#x6d;\">&#x69;n&#x66;&#111;&#x40;&#103;&#x72;&#x75;p&#x70;&#111;&#x6c;&#105;&#x74;&#117;r&#x67;&#105;&#x63;&#111;&#x2e;&#99;o&#x6d;<\/a><\/p>\n","protected":false},"featured_media":129119,"template":"","meta":[],"product_cat":[12256],"product_tag":[],"yoast_head":"<!-- This site is optimized with the Yoast SEO plugin v20.4 - https:\/\/yoast.com\/wordpress\/plugins\/seo\/ -->\n<title>chasuble - broderie au m\u00e9tier et Laboratorio Gruppo Liturgico<\/title>\n<meta name=\"description\" content=\"Chasuble avec un scapulaire, r\u00e9alis\u00e9 \u00e0 travers un d\u00e9licat travail au m\u00e9tier, qui repr\u00e9sente des symboles eucharistiques. Le scapulaire peut simplement \u00eatre retir\u00e9 pour \u00eatre adapt\u00e9 \u00e0 une autre chasuble. Disponible dans les coloris Liturgiques.  &nbsp;  Sur demande, nous pouvons \u00e9galement fournir le scapulaire seul sans la chasuble. Renseignez-vous \u00e0 l&#039;adresse suivante : info@gruppoliturgico.com\" \/>\n<meta name=\"robots\" content=\"index, follow, max-snippet:-1, max-image-preview:large, max-video-preview:-1\" \/>\n<link rel=\"canonical\" href=\"https:\/\/www.gruppoliturgico.com\/fr\/produit\/chasuble-10\/\" \/>\n<meta property=\"og:locale\" content=\"fr_FR\" \/>\n<meta property=\"og:type\" content=\"article\" \/>\n<meta property=\"og:title\" content=\"chasuble - broderie au m\u00e9tier et Laboratorio Gruppo Liturgico\" \/>\n<meta property=\"og:description\" content=\"Chasuble avec un scapulaire, r\u00e9alis\u00e9 \u00e0 travers un d\u00e9licat travail au m\u00e9tier, qui repr\u00e9sente des symboles eucharistiques. Le scapulaire peut simplement \u00eatre retir\u00e9 pour \u00eatre adapt\u00e9 \u00e0 une autre chasuble. Disponible dans les coloris Liturgiques.  &nbsp;  Sur demande, nous pouvons \u00e9galement fournir le scapulaire seul sans la chasuble. Renseignez-vous \u00e0 l&#039;adresse suivante : info@gruppoliturgico.com\" \/>\n<meta property=\"og:url\" content=\"https:\/\/www.gruppoliturgico.com\/fr\/produit\/chasuble-10\/\" \/>\n<meta property=\"og:site_name\" content=\"Laboratorio Gruppo Liturgico\" \/>\n<meta property=\"article:modified_time\" content=\"2024-06-24T13:50:23+00:00\" \/>\n<meta property=\"og:image\" content=\"https:\/\/www.gruppoliturgico.com\/wp-content\/uploads\/2022\/05\/1640.jpg\" \/>\n\t<meta property=\"og:image:width\" content=\"1169\" \/>\n\t<meta property=\"og:image:height\" content=\"1500\" \/>\n\t<meta property=\"og:image:type\" content=\"image\/jpeg\" \/>\n<meta name=\"twitter:card\" content=\"summary_large_image\" \/>\n<script type=\"application\/ld+json\" class=\"yoast-schema-graph\">{\"@context\":\"https:\/\/schema.org\",\"@graph\":[{\"@type\":\"WebPage\",\"@id\":\"https:\/\/www.gruppoliturgico.com\/fr\/produit\/chasuble-10\/\",\"url\":\"https:\/\/www.gruppoliturgico.com\/fr\/produit\/chasuble-10\/\",\"name\":\"chasuble - broderie au m\u00e9tier et Laboratorio Gruppo Liturgico\",\"isPartOf\":{\"@id\":\"https:\/\/www.gruppoliturgico.com\/es\/#website\"},\"datePublished\":\"2022-05-19T21:42:29+00:00\",\"dateModified\":\"2024-06-24T13:50:23+00:00\",\"description\":\"Chasuble avec un scapulaire, r\u00e9alis\u00e9 \u00e0 travers un d\u00e9licat travail au m\u00e9tier, qui repr\u00e9sente des symboles eucharistiques. Le scapulaire peut simplement \u00eatre retir\u00e9 pour \u00eatre adapt\u00e9 \u00e0 une autre chasuble. Disponible dans les coloris Liturgiques. &nbsp; Sur demande, nous pouvons \u00e9galement fournir le scapulaire seul sans la chasuble. Renseignez-vous \u00e0 l'adresse suivante : info@gruppoliturgico.com\",\"breadcrumb\":{\"@id\":\"https:\/\/www.gruppoliturgico.com\/fr\/produit\/chasuble-10\/#breadcrumb\"},\"inLanguage\":\"fr-FR\",\"potentialAction\":[{\"@type\":\"ReadAction\",\"target\":[\"https:\/\/www.gruppoliturgico.com\/fr\/produit\/chasuble-10\/\"]}]},{\"@type\":\"BreadcrumbList\",\"@id\":\"https:\/\/www.gruppoliturgico.com\/fr\/produit\/chasuble-10\/#breadcrumb\",\"itemListElement\":[{\"@type\":\"ListItem\",\"position\":1,\"name\":\"Home\",\"item\":\"https:\/\/www.gruppoliturgico.com\/fr\/\"},{\"@type\":\"ListItem\",\"position\":2,\"name\":\"Boutique\",\"item\":\"https:\/\/www.gruppoliturgico.com\/fr\/boutique\/\"},{\"@type\":\"ListItem\",\"position\":3,\"name\":\"chasuble\"}]},{\"@type\":\"WebSite\",\"@id\":\"https:\/\/www.gruppoliturgico.com\/es\/#website\",\"url\":\"https:\/\/www.gruppoliturgico.com\/es\/\",\"name\":\"Laboratorio Gruppo Liturgico\",\"description\":\"Articoli Religiosi online\",\"publisher\":{\"@id\":\"https:\/\/www.gruppoliturgico.com\/es\/#organization\"},\"potentialAction\":[{\"@type\":\"SearchAction\",\"target\":{\"@type\":\"EntryPoint\",\"urlTemplate\":\"https:\/\/www.gruppoliturgico.com\/es\/?s={search_term_string}\"},\"query-input\":\"required name=search_term_string\"}],\"inLanguage\":\"fr-FR\"},{\"@type\":\"Organization\",\"@id\":\"https:\/\/www.gruppoliturgico.com\/es\/#organization\",\"name\":\"Laboratorio Gruppo Liturgico\",\"url\":\"https:\/\/www.gruppoliturgico.com\/es\/\",\"logo\":{\"@type\":\"ImageObject\",\"inLanguage\":\"fr-FR\",\"@id\":\"https:\/\/www.gruppoliturgico.com\/es\/#\/schema\/logo\/image\/\",\"url\":\"https:\/\/www.gruppoliturgico.com\/wp-content\/uploads\/2022\/02\/logo-laboratoriogruppoliturgico.png\",\"contentUrl\":\"https:\/\/www.gruppoliturgico.com\/wp-content\/uploads\/2022\/02\/logo-laboratoriogruppoliturgico.png\",\"width\":400,\"height\":114,\"caption\":\"Laboratorio Gruppo Liturgico\"},\"image\":{\"@id\":\"https:\/\/www.gruppoliturgico.com\/es\/#\/schema\/logo\/image\/\"}}]}<\/script>\n<!-- \/ Yoast SEO plugin. -->","yoast_head_json":{"title":"chasuble - broderie au m\u00e9tier et Laboratorio Gruppo Liturgico","description":"Chasuble avec un scapulaire, r\u00e9alis\u00e9 \u00e0 travers un d\u00e9licat travail au m\u00e9tier, qui repr\u00e9sente des symboles eucharistiques. Le scapulaire peut simplement \u00eatre retir\u00e9 pour \u00eatre adapt\u00e9 \u00e0 une autre chasuble. Disponible dans les coloris Liturgiques.  &nbsp;  Sur demande, nous pouvons \u00e9galement fournir le scapulaire seul sans la chasuble. Renseignez-vous \u00e0 l'adresse suivante : info@gruppoliturgico.com","robots":{"index":"index","follow":"follow","max-snippet":"max-snippet:-1","max-image-preview":"max-image-preview:large","max-video-preview":"max-video-preview:-1"},"canonical":"https:\/\/www.gruppoliturgico.com\/fr\/produit\/chasuble-10\/","og_locale":"fr_FR","og_type":"article","og_title":"chasuble - broderie au m\u00e9tier et Laboratorio Gruppo Liturgico","og_description":"Chasuble avec un scapulaire, r\u00e9alis\u00e9 \u00e0 travers un d\u00e9licat travail au m\u00e9tier, qui repr\u00e9sente des symboles eucharistiques. Le scapulaire peut simplement \u00eatre retir\u00e9 pour \u00eatre adapt\u00e9 \u00e0 une autre chasuble. Disponible dans les coloris Liturgiques.  &nbsp;  Sur demande, nous pouvons \u00e9galement fournir le scapulaire seul sans la chasuble. Renseignez-vous \u00e0 l'adresse suivante : info@gruppoliturgico.com","og_url":"https:\/\/www.gruppoliturgico.com\/fr\/produit\/chasuble-10\/","og_site_name":"Laboratorio Gruppo Liturgico","article_modified_time":"2024-06-24T13:50:23+00:00","og_image":[{"width":1169,"height":1500,"url":"https:\/\/www.gruppoliturgico.com\/wp-content\/uploads\/2022\/05\/1640.jpg","type":"image\/jpeg"}],"twitter_card":"summary_large_image","schema":{"@context":"https:\/\/schema.org","@graph":[{"@type":"WebPage","@id":"https:\/\/www.gruppoliturgico.com\/fr\/produit\/chasuble-10\/","url":"https:\/\/www.gruppoliturgico.com\/fr\/produit\/chasuble-10\/","name":"chasuble - broderie au m\u00e9tier et Laboratorio Gruppo Liturgico","isPartOf":{"@id":"https:\/\/www.gruppoliturgico.com\/es\/#website"},"datePublished":"2022-05-19T21:42:29+00:00","dateModified":"2024-06-24T13:50:23+00:00","description":"Chasuble avec un scapulaire, r\u00e9alis\u00e9 \u00e0 travers un d\u00e9licat travail au m\u00e9tier, qui repr\u00e9sente des symboles eucharistiques. Le scapulaire peut simplement \u00eatre retir\u00e9 pour \u00eatre adapt\u00e9 \u00e0 une autre chasuble. Disponible dans les coloris Liturgiques. &nbsp; Sur demande, nous pouvons \u00e9galement fournir le scapulaire seul sans la chasuble. Renseignez-vous \u00e0 l'adresse suivante : info@gruppoliturgico.com","breadcrumb":{"@id":"https:\/\/www.gruppoliturgico.com\/fr\/produit\/chasuble-10\/#breadcrumb"},"inLanguage":"fr-FR","potentialAction":[{"@type":"ReadAction","target":["https:\/\/www.gruppoliturgico.com\/fr\/produit\/chasuble-10\/"]}]},{"@type":"BreadcrumbList","@id":"https:\/\/www.gruppoliturgico.com\/fr\/produit\/chasuble-10\/#breadcrumb","itemListElement":[{"@type":"ListItem","position":1,"name":"Home","item":"https:\/\/www.gruppoliturgico.com\/fr\/"},{"@type":"ListItem","position":2,"name":"Boutique","item":"https:\/\/www.gruppoliturgico.com\/fr\/boutique\/"},{"@type":"ListItem","position":3,"name":"chasuble"}]},{"@type":"WebSite","@id":"https:\/\/www.gruppoliturgico.com\/es\/#website","url":"https:\/\/www.gruppoliturgico.com\/es\/","name":"Laboratorio Gruppo Liturgico","description":"Articoli Religiosi online","publisher":{"@id":"https:\/\/www.gruppoliturgico.com\/es\/#organization"},"potentialAction":[{"@type":"SearchAction","target":{"@type":"EntryPoint","urlTemplate":"https:\/\/www.gruppoliturgico.com\/es\/?s={search_term_string}"},"query-input":"required name=search_term_string"}],"inLanguage":"fr-FR"},{"@type":"Organization","@id":"https:\/\/www.gruppoliturgico.com\/es\/#organization","name":"Laboratorio Gruppo Liturgico","url":"https:\/\/www.gruppoliturgico.com\/es\/","logo":{"@type":"ImageObject","inLanguage":"fr-FR","@id":"https:\/\/www.gruppoliturgico.com\/es\/#\/schema\/logo\/image\/","url":"https:\/\/www.gruppoliturgico.com\/wp-content\/uploads\/2022\/02\/logo-laboratoriogruppoliturgico.png","contentUrl":"https:\/\/www.gruppoliturgico.com\/wp-content\/uploads\/2022\/02\/logo-laboratoriogruppoliturgico.png","width":400,"height":114,"caption":"Laboratorio Gruppo Liturgico"},"image":{"@id":"https:\/\/www.gruppoliturgico.com\/es\/#\/schema\/logo\/image\/"}}]}},"_links":{"self":[{"href":"https:\/\/www.gruppoliturgico.com\/fr\/wp-json\/wp\/v2\/product\/64257"}],"collection":[{"href":"https:\/\/www.gruppoliturgico.com\/fr\/wp-json\/wp\/v2\/product"}],"about":[{"href":"https:\/\/www.gruppoliturgico.com\/fr\/wp-json\/wp\/v2\/types\/product"}],"wp:featuredmedia":[{"embeddable":true,"href":"https:\/\/www.gruppoliturgico.com\/fr\/wp-json\/wp\/v2\/media\/129119"}],"wp:attachment":[{"href":"https:\/\/www.gruppoliturgico.com\/fr\/wp-json\/wp\/v2\/media?parent=64257"}],"wp:term":[{"taxonomy":"product_cat","embeddable":true,"href":"https:\/\/www.gruppoliturgico.com\/fr\/wp-json\/wp\/v2\/product_cat?post=64257"},{"taxonomy":"product_tag","embeddable":true,"href":"https:\/\/www.gruppoliturgico.com\/fr\/wp-json\/wp\/v2\/product_tag?post=64257"}],"curies":[{"name":"wp","href":"https:\/\/api.w.org\/{rel}","templated":true}]}}