{"id":64209,"date":"2022-05-19T23:40:02","date_gmt":"2022-05-19T21:40:09","guid":{"rendered":"https:\/\/www.gruppoliturgico.com\/prodotto\/etole-a-trois-bandes\/"},"modified":"2022-08-23T11:01:40","modified_gmt":"2022-08-23T09:01:40","slug":"etole-a-trois-bandes","status":"publish","type":"product","link":"https:\/\/www.gruppoliturgico.com\/fr\/produit\/etole-a-trois-bandes\/","title":{"rendered":"\u00e9tole a trois bandes"},"content":{"rendered":"<html><body><p>Etole a trois bandes confectionn\u00e9e en tissu brocart or et violet.<br>\nL\u2019accouplement de ces deux couleurs permet de remplacer tous les coloris liturgiques.<br>\nAvec application d\u2019un haut bord et avec une haute frange en or.<\/p>\n<\/body><\/html>","protected":false},"excerpt":{"rendered":"<p>Etole a trois bandes confectionn\u00e9e en tissu brocart or et violet.<br \/>\nL&rsquo;accouplement de ces deux couleurs permet de remplacer tous les coloris liturgiques.<br \/>\nAvec application d&rsquo;un haut bord et avec une haute frange en or.<\/p>\n","protected":false},"featured_media":136616,"template":"","meta":[],"product_cat":[12308],"product_tag":[],"yoast_head":"<!-- This site is optimized with the Yoast SEO plugin v20.4 - https:\/\/yoast.com\/wordpress\/plugins\/seo\/ -->\n<title>\u00e9tole a trois bandes - \u00e9toles double face et Laboratorio Gruppo Liturgico<\/title>\n<meta name=\"description\" content=\"Etole a trois bandes confectionn\u00e9e en tissu brocart or et violet. L&#039;accouplement de ces deux couleurs permet de remplacer tous les coloris liturgiques. Avec application d&#039;un haut bord et avec une haute frange en or.\" \/>\n<meta name=\"robots\" content=\"index, follow, max-snippet:-1, max-image-preview:large, max-video-preview:-1\" \/>\n<link rel=\"canonical\" href=\"https:\/\/www.gruppoliturgico.com\/fr\/produit\/etole-a-trois-bandes\/\" \/>\n<meta property=\"og:locale\" content=\"fr_FR\" \/>\n<meta property=\"og:type\" content=\"article\" \/>\n<meta property=\"og:title\" content=\"\u00e9tole a trois bandes - \u00e9toles double face et Laboratorio Gruppo Liturgico\" \/>\n<meta property=\"og:description\" content=\"Etole a trois bandes confectionn\u00e9e en tissu brocart or et violet. L&#039;accouplement de ces deux couleurs permet de remplacer tous les coloris liturgiques. Avec application d&#039;un haut bord et avec une haute frange en or.\" \/>\n<meta property=\"og:url\" content=\"https:\/\/www.gruppoliturgico.com\/fr\/produit\/etole-a-trois-bandes\/\" \/>\n<meta property=\"og:site_name\" content=\"Laboratorio Gruppo Liturgico\" \/>\n<meta property=\"article:modified_time\" content=\"2022-08-23T09:01:40+00:00\" \/>\n<meta property=\"og:image\" content=\"https:\/\/www.gruppoliturgico.com\/wp-content\/uploads\/2022\/05\/676-nv.jpg\" \/>\n\t<meta property=\"og:image:width\" content=\"756\" \/>\n\t<meta property=\"og:image:height\" content=\"1600\" \/>\n\t<meta property=\"og:image:type\" content=\"image\/jpeg\" \/>\n<meta name=\"twitter:card\" content=\"summary_large_image\" \/>\n<meta name=\"twitter:label1\" content=\"Dur\u00e9e de lecture estim\u00e9e\" \/>\n\t<meta name=\"twitter:data1\" content=\"1 minute\" \/>\n<script type=\"application\/ld+json\" class=\"yoast-schema-graph\">{\"@context\":\"https:\/\/schema.org\",\"@graph\":[{\"@type\":\"WebPage\",\"@id\":\"https:\/\/www.gruppoliturgico.com\/fr\/produit\/etole-a-trois-bandes\/\",\"url\":\"https:\/\/www.gruppoliturgico.com\/fr\/produit\/etole-a-trois-bandes\/\",\"name\":\"\u00e9tole a trois bandes - \u00e9toles double face et Laboratorio Gruppo Liturgico\",\"isPartOf\":{\"@id\":\"https:\/\/www.gruppoliturgico.com\/es\/#website\"},\"datePublished\":\"2022-05-19T21:40:09+00:00\",\"dateModified\":\"2022-08-23T09:01:40+00:00\",\"description\":\"Etole a trois bandes confectionn\u00e9e en tissu brocart or et violet. L'accouplement de ces deux couleurs permet de remplacer tous les coloris liturgiques. Avec application d'un haut bord et avec une haute frange en or.\",\"breadcrumb\":{\"@id\":\"https:\/\/www.gruppoliturgico.com\/fr\/produit\/etole-a-trois-bandes\/#breadcrumb\"},\"inLanguage\":\"fr-FR\",\"potentialAction\":[{\"@type\":\"ReadAction\",\"target\":[\"https:\/\/www.gruppoliturgico.com\/fr\/produit\/etole-a-trois-bandes\/\"]}]},{\"@type\":\"BreadcrumbList\",\"@id\":\"https:\/\/www.gruppoliturgico.com\/fr\/produit\/etole-a-trois-bandes\/#breadcrumb\",\"itemListElement\":[{\"@type\":\"ListItem\",\"position\":1,\"name\":\"Home\",\"item\":\"https:\/\/www.gruppoliturgico.com\/fr\/\"},{\"@type\":\"ListItem\",\"position\":2,\"name\":\"Boutique\",\"item\":\"https:\/\/www.gruppoliturgico.com\/fr\/boutique\/\"},{\"@type\":\"ListItem\",\"position\":3,\"name\":\"\u00e9tole a trois bandes\"}]},{\"@type\":\"WebSite\",\"@id\":\"https:\/\/www.gruppoliturgico.com\/es\/#website\",\"url\":\"https:\/\/www.gruppoliturgico.com\/es\/\",\"name\":\"Laboratorio Gruppo Liturgico\",\"description\":\"Articoli Religiosi online\",\"publisher\":{\"@id\":\"https:\/\/www.gruppoliturgico.com\/es\/#organization\"},\"potentialAction\":[{\"@type\":\"SearchAction\",\"target\":{\"@type\":\"EntryPoint\",\"urlTemplate\":\"https:\/\/www.gruppoliturgico.com\/es\/?s={search_term_string}\"},\"query-input\":\"required name=search_term_string\"}],\"inLanguage\":\"fr-FR\"},{\"@type\":\"Organization\",\"@id\":\"https:\/\/www.gruppoliturgico.com\/es\/#organization\",\"name\":\"Laboratorio Gruppo Liturgico\",\"url\":\"https:\/\/www.gruppoliturgico.com\/es\/\",\"logo\":{\"@type\":\"ImageObject\",\"inLanguage\":\"fr-FR\",\"@id\":\"https:\/\/www.gruppoliturgico.com\/es\/#\/schema\/logo\/image\/\",\"url\":\"https:\/\/www.gruppoliturgico.com\/wp-content\/uploads\/2022\/02\/logo-laboratoriogruppoliturgico.png\",\"contentUrl\":\"https:\/\/www.gruppoliturgico.com\/wp-content\/uploads\/2022\/02\/logo-laboratoriogruppoliturgico.png\",\"width\":400,\"height\":114,\"caption\":\"Laboratorio Gruppo Liturgico\"},\"image\":{\"@id\":\"https:\/\/www.gruppoliturgico.com\/es\/#\/schema\/logo\/image\/\"}}]}<\/script>\n<!-- \/ Yoast SEO plugin. -->","yoast_head_json":{"title":"\u00e9tole a trois bandes - \u00e9toles double face et Laboratorio Gruppo Liturgico","description":"Etole a trois bandes confectionn\u00e9e en tissu brocart or et violet. L'accouplement de ces deux couleurs permet de remplacer tous les coloris liturgiques. Avec application d'un haut bord et avec une haute frange en or.","robots":{"index":"index","follow":"follow","max-snippet":"max-snippet:-1","max-image-preview":"max-image-preview:large","max-video-preview":"max-video-preview:-1"},"canonical":"https:\/\/www.gruppoliturgico.com\/fr\/produit\/etole-a-trois-bandes\/","og_locale":"fr_FR","og_type":"article","og_title":"\u00e9tole a trois bandes - \u00e9toles double face et Laboratorio Gruppo Liturgico","og_description":"Etole a trois bandes confectionn\u00e9e en tissu brocart or et violet. L'accouplement de ces deux couleurs permet de remplacer tous les coloris liturgiques. Avec application d'un haut bord et avec une haute frange en or.","og_url":"https:\/\/www.gruppoliturgico.com\/fr\/produit\/etole-a-trois-bandes\/","og_site_name":"Laboratorio Gruppo Liturgico","article_modified_time":"2022-08-23T09:01:40+00:00","og_image":[{"width":756,"height":1600,"url":"https:\/\/www.gruppoliturgico.com\/wp-content\/uploads\/2022\/05\/676-nv.jpg","type":"image\/jpeg"}],"twitter_card":"summary_large_image","twitter_misc":{"Dur\u00e9e de lecture estim\u00e9e":"1 minute"},"schema":{"@context":"https:\/\/schema.org","@graph":[{"@type":"WebPage","@id":"https:\/\/www.gruppoliturgico.com\/fr\/produit\/etole-a-trois-bandes\/","url":"https:\/\/www.gruppoliturgico.com\/fr\/produit\/etole-a-trois-bandes\/","name":"\u00e9tole a trois bandes - \u00e9toles double face et Laboratorio Gruppo Liturgico","isPartOf":{"@id":"https:\/\/www.gruppoliturgico.com\/es\/#website"},"datePublished":"2022-05-19T21:40:09+00:00","dateModified":"2022-08-23T09:01:40+00:00","description":"Etole a trois bandes confectionn\u00e9e en tissu brocart or et violet. L'accouplement de ces deux couleurs permet de remplacer tous les coloris liturgiques. Avec application d'un haut bord et avec une haute frange en or.","breadcrumb":{"@id":"https:\/\/www.gruppoliturgico.com\/fr\/produit\/etole-a-trois-bandes\/#breadcrumb"},"inLanguage":"fr-FR","potentialAction":[{"@type":"ReadAction","target":["https:\/\/www.gruppoliturgico.com\/fr\/produit\/etole-a-trois-bandes\/"]}]},{"@type":"BreadcrumbList","@id":"https:\/\/www.gruppoliturgico.com\/fr\/produit\/etole-a-trois-bandes\/#breadcrumb","itemListElement":[{"@type":"ListItem","position":1,"name":"Home","item":"https:\/\/www.gruppoliturgico.com\/fr\/"},{"@type":"ListItem","position":2,"name":"Boutique","item":"https:\/\/www.gruppoliturgico.com\/fr\/boutique\/"},{"@type":"ListItem","position":3,"name":"\u00e9tole a trois bandes"}]},{"@type":"WebSite","@id":"https:\/\/www.gruppoliturgico.com\/es\/#website","url":"https:\/\/www.gruppoliturgico.com\/es\/","name":"Laboratorio Gruppo Liturgico","description":"Articoli Religiosi online","publisher":{"@id":"https:\/\/www.gruppoliturgico.com\/es\/#organization"},"potentialAction":[{"@type":"SearchAction","target":{"@type":"EntryPoint","urlTemplate":"https:\/\/www.gruppoliturgico.com\/es\/?s={search_term_string}"},"query-input":"required name=search_term_string"}],"inLanguage":"fr-FR"},{"@type":"Organization","@id":"https:\/\/www.gruppoliturgico.com\/es\/#organization","name":"Laboratorio Gruppo Liturgico","url":"https:\/\/www.gruppoliturgico.com\/es\/","logo":{"@type":"ImageObject","inLanguage":"fr-FR","@id":"https:\/\/www.gruppoliturgico.com\/es\/#\/schema\/logo\/image\/","url":"https:\/\/www.gruppoliturgico.com\/wp-content\/uploads\/2022\/02\/logo-laboratoriogruppoliturgico.png","contentUrl":"https:\/\/www.gruppoliturgico.com\/wp-content\/uploads\/2022\/02\/logo-laboratoriogruppoliturgico.png","width":400,"height":114,"caption":"Laboratorio Gruppo Liturgico"},"image":{"@id":"https:\/\/www.gruppoliturgico.com\/es\/#\/schema\/logo\/image\/"}}]}},"_links":{"self":[{"href":"https:\/\/www.gruppoliturgico.com\/fr\/wp-json\/wp\/v2\/product\/64209"}],"collection":[{"href":"https:\/\/www.gruppoliturgico.com\/fr\/wp-json\/wp\/v2\/product"}],"about":[{"href":"https:\/\/www.gruppoliturgico.com\/fr\/wp-json\/wp\/v2\/types\/product"}],"wp:featuredmedia":[{"embeddable":true,"href":"https:\/\/www.gruppoliturgico.com\/fr\/wp-json\/wp\/v2\/media\/136616"}],"wp:attachment":[{"href":"https:\/\/www.gruppoliturgico.com\/fr\/wp-json\/wp\/v2\/media?parent=64209"}],"wp:term":[{"taxonomy":"product_cat","embeddable":true,"href":"https:\/\/www.gruppoliturgico.com\/fr\/wp-json\/wp\/v2\/product_cat?post=64209"},{"taxonomy":"product_tag","embeddable":true,"href":"https:\/\/www.gruppoliturgico.com\/fr\/wp-json\/wp\/v2\/product_tag?post=64209"}],"curies":[{"name":"wp","href":"https:\/\/api.w.org\/{rel}","templated":true}]}}