{"id":64169,"date":"2022-05-19T23:38:16","date_gmt":"2022-05-19T21:38:21","guid":{"rendered":"https:\/\/www.gruppoliturgico.com\/prodotto\/enfants-jesus-dans-la-mangeoire\/"},"modified":"2022-11-07T15:08:10","modified_gmt":"2022-11-07T14:08:10","slug":"enfants-jesus-dans-la-mangeoire","status":"publish","type":"product","link":"https:\/\/www.gruppoliturgico.com\/fr\/produit\/enfants-jesus-dans-la-mangeoire\/","title":{"rendered":"Enfants J\u00e9sus dans la mangeoire"},"content":{"rendered":"<html><body><p>L\u2019Enfant J\u00e9sus en fibre r\u00e9sine aux yeux de cristal, est plac\u00e9 dans le berceau en forme de mangeoire.<br>\nLa d\u00e9coration est faite \u00e0 la main avec des couleurs ind\u00e9l\u00e9biles \u00e9galement adapt\u00e9es au placement en ext\u00e9rieur.<br>\nDimensions<br>\nEnfant J\u00e9sus cm 58<br>\nMangeoire cm 100 x 75 x 40<\/p>\n<\/body><\/html>","protected":false},"excerpt":{"rendered":"<p>L&rsquo;Enfant J\u00e9sus en fibre r\u00e9sine aux yeux de cristal, est plac\u00e9 dans le berceau en forme de mangeoire.<br \/>\nLa d\u00e9coration est faite \u00e0 la main avec des couleurs ind\u00e9l\u00e9biles \u00e9galement adapt\u00e9es au placement en ext\u00e9rieur.<br \/>\nDimensions<br \/>\nEnfant J\u00e9sus cm 58<br \/>\nMangeoire cm 100 x 75 x 40<\/p>\n","protected":false},"featured_media":74510,"template":"","meta":[],"product_cat":[12356],"product_tag":[],"yoast_head":"<!-- This site is optimized with the Yoast SEO plugin v20.4 - https:\/\/yoast.com\/wordpress\/plugins\/seo\/ -->\n<title>Enfants J\u00e9sus dans la mangeoire - ensemble de No\u00ebl cm 160 et Laboratorio Gruppo Liturgico<\/title>\n<meta name=\"description\" content=\"L&#039;Enfant J\u00e9sus en fibre r\u00e9sine aux yeux de cristal, est plac\u00e9 dans le berceau en forme de mangeoire.  La d\u00e9coration est faite \u00e0 la main avec des couleurs ind\u00e9l\u00e9biles \u00e9galement adapt\u00e9es au placement en ext\u00e9rieur. Dimensions Enfant J\u00e9sus cm 58 Mangeoire cm 100 x 75 x 40\" \/>\n<meta name=\"robots\" content=\"index, follow, max-snippet:-1, max-image-preview:large, max-video-preview:-1\" \/>\n<link rel=\"canonical\" href=\"https:\/\/www.gruppoliturgico.com\/fr\/produit\/enfants-jesus-dans-la-mangeoire\/\" \/>\n<meta property=\"og:locale\" content=\"fr_FR\" \/>\n<meta property=\"og:type\" content=\"article\" \/>\n<meta property=\"og:title\" content=\"Enfants J\u00e9sus dans la mangeoire - ensemble de No\u00ebl cm 160 et Laboratorio Gruppo Liturgico\" \/>\n<meta property=\"og:description\" content=\"L&#039;Enfant J\u00e9sus en fibre r\u00e9sine aux yeux de cristal, est plac\u00e9 dans le berceau en forme de mangeoire.  La d\u00e9coration est faite \u00e0 la main avec des couleurs ind\u00e9l\u00e9biles \u00e9galement adapt\u00e9es au placement en ext\u00e9rieur. Dimensions Enfant J\u00e9sus cm 58 Mangeoire cm 100 x 75 x 40\" \/>\n<meta property=\"og:url\" content=\"https:\/\/www.gruppoliturgico.com\/fr\/produit\/enfants-jesus-dans-la-mangeoire\/\" \/>\n<meta property=\"og:site_name\" content=\"Laboratorio Gruppo Liturgico\" \/>\n<meta property=\"article:modified_time\" content=\"2022-11-07T14:08:10+00:00\" \/>\n<meta property=\"og:image\" content=\"https:\/\/www.gruppoliturgico.com\/wp-content\/uploads\/2022\/05\/1531-Bambino20e20culla.jpg\" \/>\n\t<meta property=\"og:image:width\" content=\"1500\" \/>\n\t<meta property=\"og:image:height\" content=\"1410\" \/>\n\t<meta property=\"og:image:type\" content=\"image\/jpeg\" \/>\n<meta name=\"twitter:card\" content=\"summary_large_image\" \/>\n<script type=\"application\/ld+json\" class=\"yoast-schema-graph\">{\"@context\":\"https:\/\/schema.org\",\"@graph\":[{\"@type\":\"WebPage\",\"@id\":\"https:\/\/www.gruppoliturgico.com\/fr\/produit\/enfants-jesus-dans-la-mangeoire\/\",\"url\":\"https:\/\/www.gruppoliturgico.com\/fr\/produit\/enfants-jesus-dans-la-mangeoire\/\",\"name\":\"Enfants J\u00e9sus dans la mangeoire - ensemble de No\u00ebl cm 160 et Laboratorio Gruppo Liturgico\",\"isPartOf\":{\"@id\":\"https:\/\/www.gruppoliturgico.com\/es\/#website\"},\"datePublished\":\"2022-05-19T21:38:21+00:00\",\"dateModified\":\"2022-11-07T14:08:10+00:00\",\"description\":\"L'Enfant J\u00e9sus en fibre r\u00e9sine aux yeux de cristal, est plac\u00e9 dans le berceau en forme de mangeoire. La d\u00e9coration est faite \u00e0 la main avec des couleurs ind\u00e9l\u00e9biles \u00e9galement adapt\u00e9es au placement en ext\u00e9rieur. Dimensions Enfant J\u00e9sus cm 58 Mangeoire cm 100 x 75 x 40\",\"breadcrumb\":{\"@id\":\"https:\/\/www.gruppoliturgico.com\/fr\/produit\/enfants-jesus-dans-la-mangeoire\/#breadcrumb\"},\"inLanguage\":\"fr-FR\",\"potentialAction\":[{\"@type\":\"ReadAction\",\"target\":[\"https:\/\/www.gruppoliturgico.com\/fr\/produit\/enfants-jesus-dans-la-mangeoire\/\"]}]},{\"@type\":\"BreadcrumbList\",\"@id\":\"https:\/\/www.gruppoliturgico.com\/fr\/produit\/enfants-jesus-dans-la-mangeoire\/#breadcrumb\",\"itemListElement\":[{\"@type\":\"ListItem\",\"position\":1,\"name\":\"Home\",\"item\":\"https:\/\/www.gruppoliturgico.com\/fr\/\"},{\"@type\":\"ListItem\",\"position\":2,\"name\":\"Boutique\",\"item\":\"https:\/\/www.gruppoliturgico.com\/fr\/boutique\/\"},{\"@type\":\"ListItem\",\"position\":3,\"name\":\"Enfants J\u00e9sus dans la mangeoire\"}]},{\"@type\":\"WebSite\",\"@id\":\"https:\/\/www.gruppoliturgico.com\/es\/#website\",\"url\":\"https:\/\/www.gruppoliturgico.com\/es\/\",\"name\":\"Laboratorio Gruppo Liturgico\",\"description\":\"Articoli Religiosi online\",\"publisher\":{\"@id\":\"https:\/\/www.gruppoliturgico.com\/es\/#organization\"},\"potentialAction\":[{\"@type\":\"SearchAction\",\"target\":{\"@type\":\"EntryPoint\",\"urlTemplate\":\"https:\/\/www.gruppoliturgico.com\/es\/?s={search_term_string}\"},\"query-input\":\"required name=search_term_string\"}],\"inLanguage\":\"fr-FR\"},{\"@type\":\"Organization\",\"@id\":\"https:\/\/www.gruppoliturgico.com\/es\/#organization\",\"name\":\"Laboratorio Gruppo Liturgico\",\"url\":\"https:\/\/www.gruppoliturgico.com\/es\/\",\"logo\":{\"@type\":\"ImageObject\",\"inLanguage\":\"fr-FR\",\"@id\":\"https:\/\/www.gruppoliturgico.com\/es\/#\/schema\/logo\/image\/\",\"url\":\"https:\/\/www.gruppoliturgico.com\/wp-content\/uploads\/2022\/02\/logo-laboratoriogruppoliturgico.png\",\"contentUrl\":\"https:\/\/www.gruppoliturgico.com\/wp-content\/uploads\/2022\/02\/logo-laboratoriogruppoliturgico.png\",\"width\":400,\"height\":114,\"caption\":\"Laboratorio Gruppo Liturgico\"},\"image\":{\"@id\":\"https:\/\/www.gruppoliturgico.com\/es\/#\/schema\/logo\/image\/\"}}]}<\/script>\n<!-- \/ Yoast SEO plugin. -->","yoast_head_json":{"title":"Enfants J\u00e9sus dans la mangeoire - ensemble de No\u00ebl cm 160 et Laboratorio Gruppo Liturgico","description":"L'Enfant J\u00e9sus en fibre r\u00e9sine aux yeux de cristal, est plac\u00e9 dans le berceau en forme de mangeoire.  La d\u00e9coration est faite \u00e0 la main avec des couleurs ind\u00e9l\u00e9biles \u00e9galement adapt\u00e9es au placement en ext\u00e9rieur. Dimensions Enfant J\u00e9sus cm 58 Mangeoire cm 100 x 75 x 40","robots":{"index":"index","follow":"follow","max-snippet":"max-snippet:-1","max-image-preview":"max-image-preview:large","max-video-preview":"max-video-preview:-1"},"canonical":"https:\/\/www.gruppoliturgico.com\/fr\/produit\/enfants-jesus-dans-la-mangeoire\/","og_locale":"fr_FR","og_type":"article","og_title":"Enfants J\u00e9sus dans la mangeoire - ensemble de No\u00ebl cm 160 et Laboratorio Gruppo Liturgico","og_description":"L'Enfant J\u00e9sus en fibre r\u00e9sine aux yeux de cristal, est plac\u00e9 dans le berceau en forme de mangeoire.  La d\u00e9coration est faite \u00e0 la main avec des couleurs ind\u00e9l\u00e9biles \u00e9galement adapt\u00e9es au placement en ext\u00e9rieur. Dimensions Enfant J\u00e9sus cm 58 Mangeoire cm 100 x 75 x 40","og_url":"https:\/\/www.gruppoliturgico.com\/fr\/produit\/enfants-jesus-dans-la-mangeoire\/","og_site_name":"Laboratorio Gruppo Liturgico","article_modified_time":"2022-11-07T14:08:10+00:00","og_image":[{"width":1500,"height":1410,"url":"https:\/\/www.gruppoliturgico.com\/wp-content\/uploads\/2022\/05\/1531-Bambino20e20culla.jpg","type":"image\/jpeg"}],"twitter_card":"summary_large_image","schema":{"@context":"https:\/\/schema.org","@graph":[{"@type":"WebPage","@id":"https:\/\/www.gruppoliturgico.com\/fr\/produit\/enfants-jesus-dans-la-mangeoire\/","url":"https:\/\/www.gruppoliturgico.com\/fr\/produit\/enfants-jesus-dans-la-mangeoire\/","name":"Enfants J\u00e9sus dans la mangeoire - ensemble de No\u00ebl cm 160 et Laboratorio Gruppo Liturgico","isPartOf":{"@id":"https:\/\/www.gruppoliturgico.com\/es\/#website"},"datePublished":"2022-05-19T21:38:21+00:00","dateModified":"2022-11-07T14:08:10+00:00","description":"L'Enfant J\u00e9sus en fibre r\u00e9sine aux yeux de cristal, est plac\u00e9 dans le berceau en forme de mangeoire. La d\u00e9coration est faite \u00e0 la main avec des couleurs ind\u00e9l\u00e9biles \u00e9galement adapt\u00e9es au placement en ext\u00e9rieur. Dimensions Enfant J\u00e9sus cm 58 Mangeoire cm 100 x 75 x 40","breadcrumb":{"@id":"https:\/\/www.gruppoliturgico.com\/fr\/produit\/enfants-jesus-dans-la-mangeoire\/#breadcrumb"},"inLanguage":"fr-FR","potentialAction":[{"@type":"ReadAction","target":["https:\/\/www.gruppoliturgico.com\/fr\/produit\/enfants-jesus-dans-la-mangeoire\/"]}]},{"@type":"BreadcrumbList","@id":"https:\/\/www.gruppoliturgico.com\/fr\/produit\/enfants-jesus-dans-la-mangeoire\/#breadcrumb","itemListElement":[{"@type":"ListItem","position":1,"name":"Home","item":"https:\/\/www.gruppoliturgico.com\/fr\/"},{"@type":"ListItem","position":2,"name":"Boutique","item":"https:\/\/www.gruppoliturgico.com\/fr\/boutique\/"},{"@type":"ListItem","position":3,"name":"Enfants J\u00e9sus dans la mangeoire"}]},{"@type":"WebSite","@id":"https:\/\/www.gruppoliturgico.com\/es\/#website","url":"https:\/\/www.gruppoliturgico.com\/es\/","name":"Laboratorio Gruppo Liturgico","description":"Articoli Religiosi online","publisher":{"@id":"https:\/\/www.gruppoliturgico.com\/es\/#organization"},"potentialAction":[{"@type":"SearchAction","target":{"@type":"EntryPoint","urlTemplate":"https:\/\/www.gruppoliturgico.com\/es\/?s={search_term_string}"},"query-input":"required name=search_term_string"}],"inLanguage":"fr-FR"},{"@type":"Organization","@id":"https:\/\/www.gruppoliturgico.com\/es\/#organization","name":"Laboratorio Gruppo Liturgico","url":"https:\/\/www.gruppoliturgico.com\/es\/","logo":{"@type":"ImageObject","inLanguage":"fr-FR","@id":"https:\/\/www.gruppoliturgico.com\/es\/#\/schema\/logo\/image\/","url":"https:\/\/www.gruppoliturgico.com\/wp-content\/uploads\/2022\/02\/logo-laboratoriogruppoliturgico.png","contentUrl":"https:\/\/www.gruppoliturgico.com\/wp-content\/uploads\/2022\/02\/logo-laboratoriogruppoliturgico.png","width":400,"height":114,"caption":"Laboratorio Gruppo Liturgico"},"image":{"@id":"https:\/\/www.gruppoliturgico.com\/es\/#\/schema\/logo\/image\/"}}]}},"_links":{"self":[{"href":"https:\/\/www.gruppoliturgico.com\/fr\/wp-json\/wp\/v2\/product\/64169"}],"collection":[{"href":"https:\/\/www.gruppoliturgico.com\/fr\/wp-json\/wp\/v2\/product"}],"about":[{"href":"https:\/\/www.gruppoliturgico.com\/fr\/wp-json\/wp\/v2\/types\/product"}],"wp:featuredmedia":[{"embeddable":true,"href":"https:\/\/www.gruppoliturgico.com\/fr\/wp-json\/wp\/v2\/media\/74510"}],"wp:attachment":[{"href":"https:\/\/www.gruppoliturgico.com\/fr\/wp-json\/wp\/v2\/media?parent=64169"}],"wp:term":[{"taxonomy":"product_cat","embeddable":true,"href":"https:\/\/www.gruppoliturgico.com\/fr\/wp-json\/wp\/v2\/product_cat?post=64169"},{"taxonomy":"product_tag","embeddable":true,"href":"https:\/\/www.gruppoliturgico.com\/fr\/wp-json\/wp\/v2\/product_tag?post=64169"}],"curies":[{"name":"wp","href":"https:\/\/api.w.org\/{rel}","templated":true}]}}