{"id":64157,"date":"2022-05-19T23:37:46","date_gmt":"2022-05-19T21:37:50","guid":{"rendered":"https:\/\/www.gruppoliturgico.com\/prodotto\/etole-de-diacre-3\/"},"modified":"2022-08-26T11:14:09","modified_gmt":"2022-08-26T09:14:09","slug":"etole-de-diacre-3","status":"publish","type":"product","link":"https:\/\/www.gruppoliturgico.com\/fr\/produit\/etole-de-diacre-3\/","title":{"rendered":"\u00e9tole de diacre"},"content":{"rendered":"<html><body><p>Etole de diacre en tissu polyester avec deux diff\u00e9rentes broderies.<br>\nSur un c\u00f4t\u00e9 une croix avec des \u00e9pis de bl\u00e9, sur l\u2019autre un entrelacement tr\u00e8s soign\u00e9 d\u2019\u00e9pis de bl\u00e9 et des grappes de raisin.<br>\nDisponible dans les coloris liturgiques.<\/p>\n<\/body><\/html>","protected":false},"excerpt":{"rendered":"<p>Etole de diacre en tissu polyester avec deux diff\u00e9rentes broderies.<br \/>\nSur un c\u00f4t\u00e9 une croix avec des \u00e9pis de bl\u00e9, sur l&rsquo;autre un entrelacement tr\u00e8s soign\u00e9 d&rsquo;\u00e9pis de bl\u00e9 et des grappes de raisin.<br \/>\nDisponible dans les coloris liturgiques.<\/p>\n","protected":false},"featured_media":130498,"template":"","meta":[],"product_cat":[12320],"product_tag":[],"yoast_head":"<!-- This site is optimized with the Yoast SEO plugin v20.4 - https:\/\/yoast.com\/wordpress\/plugins\/seo\/ -->\n<title>\u00e9tole de diacre - \u00e9toles de diacre et Laboratorio Gruppo Liturgico<\/title>\n<meta name=\"description\" content=\"Etole de diacre en tissu polyester avec deux diff\u00e9rentes broderies. Sur un c\u00f4t\u00e9 une croix avec des \u00e9pis de bl\u00e9, sur l&#039;autre un entrelacement tr\u00e8s soign\u00e9 d&#039;\u00e9pis de bl\u00e9 et des grappes de raisin. Disponible dans les coloris liturgiques.\" \/>\n<meta name=\"robots\" content=\"index, follow, max-snippet:-1, max-image-preview:large, max-video-preview:-1\" \/>\n<link rel=\"canonical\" href=\"https:\/\/www.gruppoliturgico.com\/fr\/produit\/etole-de-diacre-3\/\" \/>\n<meta property=\"og:locale\" content=\"fr_FR\" \/>\n<meta property=\"og:type\" content=\"article\" \/>\n<meta property=\"og:title\" content=\"\u00e9tole de diacre - \u00e9toles de diacre et Laboratorio Gruppo Liturgico\" \/>\n<meta property=\"og:description\" content=\"Etole de diacre en tissu polyester avec deux diff\u00e9rentes broderies. Sur un c\u00f4t\u00e9 une croix avec des \u00e9pis de bl\u00e9, sur l&#039;autre un entrelacement tr\u00e8s soign\u00e9 d&#039;\u00e9pis de bl\u00e9 et des grappes de raisin. Disponible dans les coloris liturgiques.\" \/>\n<meta property=\"og:url\" content=\"https:\/\/www.gruppoliturgico.com\/fr\/produit\/etole-de-diacre-3\/\" \/>\n<meta property=\"og:site_name\" content=\"Laboratorio Gruppo Liturgico\" \/>\n<meta property=\"article:modified_time\" content=\"2022-08-26T09:14:09+00:00\" \/>\n<meta property=\"og:image\" content=\"https:\/\/www.gruppoliturgico.com\/wp-content\/uploads\/2022\/05\/438.jpg\" \/>\n\t<meta property=\"og:image:width\" content=\"1500\" \/>\n\t<meta property=\"og:image:height\" content=\"982\" \/>\n\t<meta property=\"og:image:type\" content=\"image\/jpeg\" \/>\n<meta name=\"twitter:card\" content=\"summary_large_image\" \/>\n<script type=\"application\/ld+json\" class=\"yoast-schema-graph\">{\"@context\":\"https:\/\/schema.org\",\"@graph\":[{\"@type\":\"WebPage\",\"@id\":\"https:\/\/www.gruppoliturgico.com\/fr\/produit\/etole-de-diacre-3\/\",\"url\":\"https:\/\/www.gruppoliturgico.com\/fr\/produit\/etole-de-diacre-3\/\",\"name\":\"\u00e9tole de diacre - \u00e9toles de diacre et Laboratorio Gruppo Liturgico\",\"isPartOf\":{\"@id\":\"https:\/\/www.gruppoliturgico.com\/es\/#website\"},\"datePublished\":\"2022-05-19T21:37:50+00:00\",\"dateModified\":\"2022-08-26T09:14:09+00:00\",\"description\":\"Etole de diacre en tissu polyester avec deux diff\u00e9rentes broderies. Sur un c\u00f4t\u00e9 une croix avec des \u00e9pis de bl\u00e9, sur l'autre un entrelacement tr\u00e8s soign\u00e9 d'\u00e9pis de bl\u00e9 et des grappes de raisin. Disponible dans les coloris liturgiques.\",\"breadcrumb\":{\"@id\":\"https:\/\/www.gruppoliturgico.com\/fr\/produit\/etole-de-diacre-3\/#breadcrumb\"},\"inLanguage\":\"fr-FR\",\"potentialAction\":[{\"@type\":\"ReadAction\",\"target\":[\"https:\/\/www.gruppoliturgico.com\/fr\/produit\/etole-de-diacre-3\/\"]}]},{\"@type\":\"BreadcrumbList\",\"@id\":\"https:\/\/www.gruppoliturgico.com\/fr\/produit\/etole-de-diacre-3\/#breadcrumb\",\"itemListElement\":[{\"@type\":\"ListItem\",\"position\":1,\"name\":\"Home\",\"item\":\"https:\/\/www.gruppoliturgico.com\/fr\/\"},{\"@type\":\"ListItem\",\"position\":2,\"name\":\"Boutique\",\"item\":\"https:\/\/www.gruppoliturgico.com\/fr\/boutique\/\"},{\"@type\":\"ListItem\",\"position\":3,\"name\":\"\u00e9tole de diacre\"}]},{\"@type\":\"WebSite\",\"@id\":\"https:\/\/www.gruppoliturgico.com\/es\/#website\",\"url\":\"https:\/\/www.gruppoliturgico.com\/es\/\",\"name\":\"Laboratorio Gruppo Liturgico\",\"description\":\"Articoli Religiosi online\",\"publisher\":{\"@id\":\"https:\/\/www.gruppoliturgico.com\/es\/#organization\"},\"potentialAction\":[{\"@type\":\"SearchAction\",\"target\":{\"@type\":\"EntryPoint\",\"urlTemplate\":\"https:\/\/www.gruppoliturgico.com\/es\/?s={search_term_string}\"},\"query-input\":\"required name=search_term_string\"}],\"inLanguage\":\"fr-FR\"},{\"@type\":\"Organization\",\"@id\":\"https:\/\/www.gruppoliturgico.com\/es\/#organization\",\"name\":\"Laboratorio Gruppo Liturgico\",\"url\":\"https:\/\/www.gruppoliturgico.com\/es\/\",\"logo\":{\"@type\":\"ImageObject\",\"inLanguage\":\"fr-FR\",\"@id\":\"https:\/\/www.gruppoliturgico.com\/es\/#\/schema\/logo\/image\/\",\"url\":\"https:\/\/www.gruppoliturgico.com\/wp-content\/uploads\/2022\/02\/logo-laboratoriogruppoliturgico.png\",\"contentUrl\":\"https:\/\/www.gruppoliturgico.com\/wp-content\/uploads\/2022\/02\/logo-laboratoriogruppoliturgico.png\",\"width\":400,\"height\":114,\"caption\":\"Laboratorio Gruppo Liturgico\"},\"image\":{\"@id\":\"https:\/\/www.gruppoliturgico.com\/es\/#\/schema\/logo\/image\/\"}}]}<\/script>\n<!-- \/ Yoast SEO plugin. -->","yoast_head_json":{"title":"\u00e9tole de diacre - \u00e9toles de diacre et Laboratorio Gruppo Liturgico","description":"Etole de diacre en tissu polyester avec deux diff\u00e9rentes broderies. Sur un c\u00f4t\u00e9 une croix avec des \u00e9pis de bl\u00e9, sur l'autre un entrelacement tr\u00e8s soign\u00e9 d'\u00e9pis de bl\u00e9 et des grappes de raisin. Disponible dans les coloris liturgiques.","robots":{"index":"index","follow":"follow","max-snippet":"max-snippet:-1","max-image-preview":"max-image-preview:large","max-video-preview":"max-video-preview:-1"},"canonical":"https:\/\/www.gruppoliturgico.com\/fr\/produit\/etole-de-diacre-3\/","og_locale":"fr_FR","og_type":"article","og_title":"\u00e9tole de diacre - \u00e9toles de diacre et Laboratorio Gruppo Liturgico","og_description":"Etole de diacre en tissu polyester avec deux diff\u00e9rentes broderies. Sur un c\u00f4t\u00e9 une croix avec des \u00e9pis de bl\u00e9, sur l'autre un entrelacement tr\u00e8s soign\u00e9 d'\u00e9pis de bl\u00e9 et des grappes de raisin. Disponible dans les coloris liturgiques.","og_url":"https:\/\/www.gruppoliturgico.com\/fr\/produit\/etole-de-diacre-3\/","og_site_name":"Laboratorio Gruppo Liturgico","article_modified_time":"2022-08-26T09:14:09+00:00","og_image":[{"width":1500,"height":982,"url":"https:\/\/www.gruppoliturgico.com\/wp-content\/uploads\/2022\/05\/438.jpg","type":"image\/jpeg"}],"twitter_card":"summary_large_image","schema":{"@context":"https:\/\/schema.org","@graph":[{"@type":"WebPage","@id":"https:\/\/www.gruppoliturgico.com\/fr\/produit\/etole-de-diacre-3\/","url":"https:\/\/www.gruppoliturgico.com\/fr\/produit\/etole-de-diacre-3\/","name":"\u00e9tole de diacre - \u00e9toles de diacre et Laboratorio Gruppo Liturgico","isPartOf":{"@id":"https:\/\/www.gruppoliturgico.com\/es\/#website"},"datePublished":"2022-05-19T21:37:50+00:00","dateModified":"2022-08-26T09:14:09+00:00","description":"Etole de diacre en tissu polyester avec deux diff\u00e9rentes broderies. Sur un c\u00f4t\u00e9 une croix avec des \u00e9pis de bl\u00e9, sur l'autre un entrelacement tr\u00e8s soign\u00e9 d'\u00e9pis de bl\u00e9 et des grappes de raisin. Disponible dans les coloris liturgiques.","breadcrumb":{"@id":"https:\/\/www.gruppoliturgico.com\/fr\/produit\/etole-de-diacre-3\/#breadcrumb"},"inLanguage":"fr-FR","potentialAction":[{"@type":"ReadAction","target":["https:\/\/www.gruppoliturgico.com\/fr\/produit\/etole-de-diacre-3\/"]}]},{"@type":"BreadcrumbList","@id":"https:\/\/www.gruppoliturgico.com\/fr\/produit\/etole-de-diacre-3\/#breadcrumb","itemListElement":[{"@type":"ListItem","position":1,"name":"Home","item":"https:\/\/www.gruppoliturgico.com\/fr\/"},{"@type":"ListItem","position":2,"name":"Boutique","item":"https:\/\/www.gruppoliturgico.com\/fr\/boutique\/"},{"@type":"ListItem","position":3,"name":"\u00e9tole de diacre"}]},{"@type":"WebSite","@id":"https:\/\/www.gruppoliturgico.com\/es\/#website","url":"https:\/\/www.gruppoliturgico.com\/es\/","name":"Laboratorio Gruppo Liturgico","description":"Articoli Religiosi online","publisher":{"@id":"https:\/\/www.gruppoliturgico.com\/es\/#organization"},"potentialAction":[{"@type":"SearchAction","target":{"@type":"EntryPoint","urlTemplate":"https:\/\/www.gruppoliturgico.com\/es\/?s={search_term_string}"},"query-input":"required name=search_term_string"}],"inLanguage":"fr-FR"},{"@type":"Organization","@id":"https:\/\/www.gruppoliturgico.com\/es\/#organization","name":"Laboratorio Gruppo Liturgico","url":"https:\/\/www.gruppoliturgico.com\/es\/","logo":{"@type":"ImageObject","inLanguage":"fr-FR","@id":"https:\/\/www.gruppoliturgico.com\/es\/#\/schema\/logo\/image\/","url":"https:\/\/www.gruppoliturgico.com\/wp-content\/uploads\/2022\/02\/logo-laboratoriogruppoliturgico.png","contentUrl":"https:\/\/www.gruppoliturgico.com\/wp-content\/uploads\/2022\/02\/logo-laboratoriogruppoliturgico.png","width":400,"height":114,"caption":"Laboratorio Gruppo Liturgico"},"image":{"@id":"https:\/\/www.gruppoliturgico.com\/es\/#\/schema\/logo\/image\/"}}]}},"_links":{"self":[{"href":"https:\/\/www.gruppoliturgico.com\/fr\/wp-json\/wp\/v2\/product\/64157"}],"collection":[{"href":"https:\/\/www.gruppoliturgico.com\/fr\/wp-json\/wp\/v2\/product"}],"about":[{"href":"https:\/\/www.gruppoliturgico.com\/fr\/wp-json\/wp\/v2\/types\/product"}],"wp:featuredmedia":[{"embeddable":true,"href":"https:\/\/www.gruppoliturgico.com\/fr\/wp-json\/wp\/v2\/media\/130498"}],"wp:attachment":[{"href":"https:\/\/www.gruppoliturgico.com\/fr\/wp-json\/wp\/v2\/media?parent=64157"}],"wp:term":[{"taxonomy":"product_cat","embeddable":true,"href":"https:\/\/www.gruppoliturgico.com\/fr\/wp-json\/wp\/v2\/product_cat?post=64157"},{"taxonomy":"product_tag","embeddable":true,"href":"https:\/\/www.gruppoliturgico.com\/fr\/wp-json\/wp\/v2\/product_tag?post=64157"}],"curies":[{"name":"wp","href":"https:\/\/api.w.org\/{rel}","templated":true}]}}