{"id":64141,"date":"2022-05-19T23:37:05","date_gmt":"2022-05-19T21:37:10","guid":{"rendered":"https:\/\/www.gruppoliturgico.com\/prodotto\/chape-7\/"},"modified":"2022-09-15T16:47:35","modified_gmt":"2022-09-15T14:47:35","slug":"chape-7","status":"publish","type":"product","link":"https:\/\/www.gruppoliturgico.com\/fr\/produit\/chape-7\/","title":{"rendered":"chape"},"content":{"rendered":"<html><body><p>Chape en tissu de laine m\u00e9lang\u00e9e.<br>\nLes broderies sont ex\u00e9cut\u00e9es directement dans le tissu\u00a0 avec des fils de soie et d\u2019or.<br>\nFinitions avec passementerie et franges.<br>\nCompl\u00e8te d\u2019\u00e9tole.<br>\nIl est disponible en couleur violet.<\/p>\n<\/body><\/html>","protected":false},"excerpt":{"rendered":"<p>Chape en tissu de laine m\u00e9lang\u00e9e.<br \/>\nLes broderies sont ex\u00e9cut\u00e9es directement dans le tissu\u00a0 avec des fils de soie et d&rsquo;or.<br \/>\nFinitions avec passementerie et franges.<br \/>\nCompl\u00e8te d\u2019\u00e9tole.<br \/>\nIl est disponible en couleur violet.<\/p>\n","protected":false},"featured_media":130311,"template":"","meta":[],"product_cat":[12288],"product_tag":[15337],"yoast_head":"<!-- This site is optimized with the Yoast SEO plugin v20.4 - https:\/\/yoast.com\/wordpress\/plugins\/seo\/ -->\n<title>chape - chapes et Laboratorio Gruppo Liturgico<\/title>\n<meta name=\"description\" content=\"Chape en tissu de laine m\u00e9lang\u00e9e. Les broderies sont ex\u00e9cut\u00e9es directement dans le tissu\u00a0 avec des fils de soie et d&#039;or. Finitions avec passementerie et franges. Compl\u00e8te d\u2019\u00e9tole. Il est disponible en couleur violet.\" \/>\n<meta name=\"robots\" content=\"index, follow, max-snippet:-1, max-image-preview:large, max-video-preview:-1\" \/>\n<link rel=\"canonical\" href=\"https:\/\/www.gruppoliturgico.com\/fr\/produit\/chape-7\/\" \/>\n<meta property=\"og:locale\" content=\"fr_FR\" \/>\n<meta property=\"og:type\" content=\"article\" \/>\n<meta property=\"og:title\" content=\"chape - chapes et Laboratorio Gruppo Liturgico\" \/>\n<meta property=\"og:description\" content=\"Chape en tissu de laine m\u00e9lang\u00e9e. Les broderies sont ex\u00e9cut\u00e9es directement dans le tissu\u00a0 avec des fils de soie et d&#039;or. Finitions avec passementerie et franges. Compl\u00e8te d\u2019\u00e9tole. Il est disponible en couleur violet.\" \/>\n<meta property=\"og:url\" content=\"https:\/\/www.gruppoliturgico.com\/fr\/produit\/chape-7\/\" \/>\n<meta property=\"og:site_name\" content=\"Laboratorio Gruppo Liturgico\" \/>\n<meta property=\"article:modified_time\" content=\"2022-09-15T14:47:35+00:00\" \/>\n<meta property=\"og:image\" content=\"https:\/\/www.gruppoliturgico.com\/wp-content\/uploads\/2022\/05\/cid_FE3DFC75-6EE4-405A-B4D8-8D258E7969C6.jpg\" \/>\n\t<meta property=\"og:image:width\" content=\"1084\" \/>\n\t<meta property=\"og:image:height\" content=\"1500\" \/>\n\t<meta property=\"og:image:type\" content=\"image\/jpeg\" \/>\n<meta name=\"twitter:card\" content=\"summary_large_image\" \/>\n<meta name=\"twitter:label1\" content=\"Dur\u00e9e de lecture estim\u00e9e\" \/>\n\t<meta name=\"twitter:data1\" content=\"1 minute\" \/>\n<script type=\"application\/ld+json\" class=\"yoast-schema-graph\">{\"@context\":\"https:\/\/schema.org\",\"@graph\":[{\"@type\":\"WebPage\",\"@id\":\"https:\/\/www.gruppoliturgico.com\/fr\/produit\/chape-7\/\",\"url\":\"https:\/\/www.gruppoliturgico.com\/fr\/produit\/chape-7\/\",\"name\":\"chape - chapes et Laboratorio Gruppo Liturgico\",\"isPartOf\":{\"@id\":\"https:\/\/www.gruppoliturgico.com\/es\/#website\"},\"datePublished\":\"2022-05-19T21:37:10+00:00\",\"dateModified\":\"2022-09-15T14:47:35+00:00\",\"description\":\"Chape en tissu de laine m\u00e9lang\u00e9e. Les broderies sont ex\u00e9cut\u00e9es directement dans le tissu\u00a0 avec des fils de soie et d'or. Finitions avec passementerie et franges. Compl\u00e8te d\u2019\u00e9tole. Il est disponible en couleur violet.\",\"breadcrumb\":{\"@id\":\"https:\/\/www.gruppoliturgico.com\/fr\/produit\/chape-7\/#breadcrumb\"},\"inLanguage\":\"fr-FR\",\"potentialAction\":[{\"@type\":\"ReadAction\",\"target\":[\"https:\/\/www.gruppoliturgico.com\/fr\/produit\/chape-7\/\"]}]},{\"@type\":\"BreadcrumbList\",\"@id\":\"https:\/\/www.gruppoliturgico.com\/fr\/produit\/chape-7\/#breadcrumb\",\"itemListElement\":[{\"@type\":\"ListItem\",\"position\":1,\"name\":\"Home\",\"item\":\"https:\/\/www.gruppoliturgico.com\/fr\/\"},{\"@type\":\"ListItem\",\"position\":2,\"name\":\"Boutique\",\"item\":\"https:\/\/www.gruppoliturgico.com\/fr\/boutique\/\"},{\"@type\":\"ListItem\",\"position\":3,\"name\":\"chape\"}]},{\"@type\":\"WebSite\",\"@id\":\"https:\/\/www.gruppoliturgico.com\/es\/#website\",\"url\":\"https:\/\/www.gruppoliturgico.com\/es\/\",\"name\":\"Laboratorio Gruppo Liturgico\",\"description\":\"Articoli Religiosi online\",\"publisher\":{\"@id\":\"https:\/\/www.gruppoliturgico.com\/es\/#organization\"},\"potentialAction\":[{\"@type\":\"SearchAction\",\"target\":{\"@type\":\"EntryPoint\",\"urlTemplate\":\"https:\/\/www.gruppoliturgico.com\/es\/?s={search_term_string}\"},\"query-input\":\"required name=search_term_string\"}],\"inLanguage\":\"fr-FR\"},{\"@type\":\"Organization\",\"@id\":\"https:\/\/www.gruppoliturgico.com\/es\/#organization\",\"name\":\"Laboratorio Gruppo Liturgico\",\"url\":\"https:\/\/www.gruppoliturgico.com\/es\/\",\"logo\":{\"@type\":\"ImageObject\",\"inLanguage\":\"fr-FR\",\"@id\":\"https:\/\/www.gruppoliturgico.com\/es\/#\/schema\/logo\/image\/\",\"url\":\"https:\/\/www.gruppoliturgico.com\/wp-content\/uploads\/2022\/02\/logo-laboratoriogruppoliturgico.png\",\"contentUrl\":\"https:\/\/www.gruppoliturgico.com\/wp-content\/uploads\/2022\/02\/logo-laboratoriogruppoliturgico.png\",\"width\":400,\"height\":114,\"caption\":\"Laboratorio Gruppo Liturgico\"},\"image\":{\"@id\":\"https:\/\/www.gruppoliturgico.com\/es\/#\/schema\/logo\/image\/\"}}]}<\/script>\n<!-- \/ Yoast SEO plugin. -->","yoast_head_json":{"title":"chape - chapes et Laboratorio Gruppo Liturgico","description":"Chape en tissu de laine m\u00e9lang\u00e9e. Les broderies sont ex\u00e9cut\u00e9es directement dans le tissu\u00a0 avec des fils de soie et d'or. Finitions avec passementerie et franges. Compl\u00e8te d\u2019\u00e9tole. Il est disponible en couleur violet.","robots":{"index":"index","follow":"follow","max-snippet":"max-snippet:-1","max-image-preview":"max-image-preview:large","max-video-preview":"max-video-preview:-1"},"canonical":"https:\/\/www.gruppoliturgico.com\/fr\/produit\/chape-7\/","og_locale":"fr_FR","og_type":"article","og_title":"chape - chapes et Laboratorio Gruppo Liturgico","og_description":"Chape en tissu de laine m\u00e9lang\u00e9e. Les broderies sont ex\u00e9cut\u00e9es directement dans le tissu\u00a0 avec des fils de soie et d'or. Finitions avec passementerie et franges. Compl\u00e8te d\u2019\u00e9tole. Il est disponible en couleur violet.","og_url":"https:\/\/www.gruppoliturgico.com\/fr\/produit\/chape-7\/","og_site_name":"Laboratorio Gruppo Liturgico","article_modified_time":"2022-09-15T14:47:35+00:00","og_image":[{"width":1084,"height":1500,"url":"https:\/\/www.gruppoliturgico.com\/wp-content\/uploads\/2022\/05\/cid_FE3DFC75-6EE4-405A-B4D8-8D258E7969C6.jpg","type":"image\/jpeg"}],"twitter_card":"summary_large_image","twitter_misc":{"Dur\u00e9e de lecture estim\u00e9e":"1 minute"},"schema":{"@context":"https:\/\/schema.org","@graph":[{"@type":"WebPage","@id":"https:\/\/www.gruppoliturgico.com\/fr\/produit\/chape-7\/","url":"https:\/\/www.gruppoliturgico.com\/fr\/produit\/chape-7\/","name":"chape - chapes et Laboratorio Gruppo Liturgico","isPartOf":{"@id":"https:\/\/www.gruppoliturgico.com\/es\/#website"},"datePublished":"2022-05-19T21:37:10+00:00","dateModified":"2022-09-15T14:47:35+00:00","description":"Chape en tissu de laine m\u00e9lang\u00e9e. Les broderies sont ex\u00e9cut\u00e9es directement dans le tissu\u00a0 avec des fils de soie et d'or. Finitions avec passementerie et franges. Compl\u00e8te d\u2019\u00e9tole. Il est disponible en couleur violet.","breadcrumb":{"@id":"https:\/\/www.gruppoliturgico.com\/fr\/produit\/chape-7\/#breadcrumb"},"inLanguage":"fr-FR","potentialAction":[{"@type":"ReadAction","target":["https:\/\/www.gruppoliturgico.com\/fr\/produit\/chape-7\/"]}]},{"@type":"BreadcrumbList","@id":"https:\/\/www.gruppoliturgico.com\/fr\/produit\/chape-7\/#breadcrumb","itemListElement":[{"@type":"ListItem","position":1,"name":"Home","item":"https:\/\/www.gruppoliturgico.com\/fr\/"},{"@type":"ListItem","position":2,"name":"Boutique","item":"https:\/\/www.gruppoliturgico.com\/fr\/boutique\/"},{"@type":"ListItem","position":3,"name":"chape"}]},{"@type":"WebSite","@id":"https:\/\/www.gruppoliturgico.com\/es\/#website","url":"https:\/\/www.gruppoliturgico.com\/es\/","name":"Laboratorio Gruppo Liturgico","description":"Articoli Religiosi online","publisher":{"@id":"https:\/\/www.gruppoliturgico.com\/es\/#organization"},"potentialAction":[{"@type":"SearchAction","target":{"@type":"EntryPoint","urlTemplate":"https:\/\/www.gruppoliturgico.com\/es\/?s={search_term_string}"},"query-input":"required name=search_term_string"}],"inLanguage":"fr-FR"},{"@type":"Organization","@id":"https:\/\/www.gruppoliturgico.com\/es\/#organization","name":"Laboratorio Gruppo Liturgico","url":"https:\/\/www.gruppoliturgico.com\/es\/","logo":{"@type":"ImageObject","inLanguage":"fr-FR","@id":"https:\/\/www.gruppoliturgico.com\/es\/#\/schema\/logo\/image\/","url":"https:\/\/www.gruppoliturgico.com\/wp-content\/uploads\/2022\/02\/logo-laboratoriogruppoliturgico.png","contentUrl":"https:\/\/www.gruppoliturgico.com\/wp-content\/uploads\/2022\/02\/logo-laboratoriogruppoliturgico.png","width":400,"height":114,"caption":"Laboratorio Gruppo Liturgico"},"image":{"@id":"https:\/\/www.gruppoliturgico.com\/es\/#\/schema\/logo\/image\/"}}]}},"_links":{"self":[{"href":"https:\/\/www.gruppoliturgico.com\/fr\/wp-json\/wp\/v2\/product\/64141"}],"collection":[{"href":"https:\/\/www.gruppoliturgico.com\/fr\/wp-json\/wp\/v2\/product"}],"about":[{"href":"https:\/\/www.gruppoliturgico.com\/fr\/wp-json\/wp\/v2\/types\/product"}],"wp:featuredmedia":[{"embeddable":true,"href":"https:\/\/www.gruppoliturgico.com\/fr\/wp-json\/wp\/v2\/media\/130311"}],"wp:attachment":[{"href":"https:\/\/www.gruppoliturgico.com\/fr\/wp-json\/wp\/v2\/media?parent=64141"}],"wp:term":[{"taxonomy":"product_cat","embeddable":true,"href":"https:\/\/www.gruppoliturgico.com\/fr\/wp-json\/wp\/v2\/product_cat?post=64141"},{"taxonomy":"product_tag","embeddable":true,"href":"https:\/\/www.gruppoliturgico.com\/fr\/wp-json\/wp\/v2\/product_tag?post=64141"}],"curies":[{"name":"wp","href":"https:\/\/api.w.org\/{rel}","templated":true}]}}