{"id":64121,"date":"2022-05-19T23:36:00","date_gmt":"2022-05-19T21:36:21","guid":{"rendered":"https:\/\/www.gruppoliturgico.com\/prodotto\/chape-2\/"},"modified":"2024-01-14T11:36:20","modified_gmt":"2024-01-14T10:36:20","slug":"chape-2","status":"publish","type":"product","link":"https:\/\/www.gruppoliturgico.com\/fr\/produit\/chape-2\/","title":{"rendered":"chape"},"content":{"rendered":"<html><body><p>Chape confectionn\u00e9e en tissu de laine m\u00e9lang\u00e9e.<br>\nUn riche et d\u00e9licat entrelacement de fleurs et de volutes dor\u00e9es, avec des teintes qui changent selon la couleur liturgique choisie, se propose dans toute la longueur et sur le bouclier.<br>\nBord\u00e9e de passementerie dor\u00e9e, finie avec une haute frange dor\u00e9e.<\/p>\n<\/body><\/html>","protected":false},"excerpt":{"rendered":"<p>Chape confectionn\u00e9e en tissu de laine m\u00e9lang\u00e9e.<br \/>\nUn riche et d\u00e9licat entrelacement de fleurs et de volutes dor\u00e9es, avec des teintes qui changent selon la couleur liturgique choisie, se propose dans toute la longueur et sur le bouclier.<br \/>\nBord\u00e9e de passementerie dor\u00e9e, finie avec une haute frange dor\u00e9e.<\/p>\n","protected":false},"featured_media":130348,"template":"","meta":[],"product_cat":[12288],"product_tag":[15337],"yoast_head":"<!-- This site is optimized with the Yoast SEO plugin v20.4 - https:\/\/yoast.com\/wordpress\/plugins\/seo\/ -->\n<title>chape - chapes et Laboratorio Gruppo Liturgico<\/title>\n<meta name=\"description\" content=\"Chape confectionn\u00e9e en tissu de laine m\u00e9lang\u00e9e. Un riche et d\u00e9licat entrelacement de fleurs et de volutes dor\u00e9es, avec des teintes qui changent selon la couleur liturgique choisie, se propose dans toute la longueur et sur le bouclier. Bord\u00e9e de passementerie dor\u00e9e, finie avec une haute frange dor\u00e9e.\" \/>\n<meta name=\"robots\" content=\"index, follow, max-snippet:-1, max-image-preview:large, max-video-preview:-1\" \/>\n<link rel=\"canonical\" href=\"https:\/\/www.gruppoliturgico.com\/fr\/produit\/chape-2\/\" \/>\n<meta property=\"og:locale\" content=\"fr_FR\" \/>\n<meta property=\"og:type\" content=\"article\" \/>\n<meta property=\"og:title\" content=\"chape - chapes et Laboratorio Gruppo Liturgico\" \/>\n<meta property=\"og:description\" content=\"Chape confectionn\u00e9e en tissu de laine m\u00e9lang\u00e9e. Un riche et d\u00e9licat entrelacement de fleurs et de volutes dor\u00e9es, avec des teintes qui changent selon la couleur liturgique choisie, se propose dans toute la longueur et sur le bouclier. Bord\u00e9e de passementerie dor\u00e9e, finie avec une haute frange dor\u00e9e.\" \/>\n<meta property=\"og:url\" content=\"https:\/\/www.gruppoliturgico.com\/fr\/produit\/chape-2\/\" \/>\n<meta property=\"og:site_name\" content=\"Laboratorio Gruppo Liturgico\" \/>\n<meta property=\"article:modified_time\" content=\"2024-01-14T10:36:20+00:00\" \/>\n<meta property=\"og:image\" content=\"https:\/\/www.gruppoliturgico.com\/wp-content\/uploads\/2022\/09\/248.vi_.jpg\" \/>\n\t<meta property=\"og:image:width\" content=\"1089\" \/>\n\t<meta property=\"og:image:height\" content=\"1500\" \/>\n\t<meta property=\"og:image:type\" content=\"image\/jpeg\" \/>\n<meta name=\"twitter:card\" content=\"summary_large_image\" \/>\n<meta name=\"twitter:label1\" content=\"Dur\u00e9e de lecture estim\u00e9e\" \/>\n\t<meta name=\"twitter:data1\" content=\"1 minute\" \/>\n<script type=\"application\/ld+json\" class=\"yoast-schema-graph\">{\"@context\":\"https:\/\/schema.org\",\"@graph\":[{\"@type\":\"WebPage\",\"@id\":\"https:\/\/www.gruppoliturgico.com\/fr\/produit\/chape-2\/\",\"url\":\"https:\/\/www.gruppoliturgico.com\/fr\/produit\/chape-2\/\",\"name\":\"chape - chapes et Laboratorio Gruppo Liturgico\",\"isPartOf\":{\"@id\":\"https:\/\/www.gruppoliturgico.com\/es\/#website\"},\"datePublished\":\"2022-05-19T21:36:21+00:00\",\"dateModified\":\"2024-01-14T10:36:20+00:00\",\"description\":\"Chape confectionn\u00e9e en tissu de laine m\u00e9lang\u00e9e. Un riche et d\u00e9licat entrelacement de fleurs et de volutes dor\u00e9es, avec des teintes qui changent selon la couleur liturgique choisie, se propose dans toute la longueur et sur le bouclier. Bord\u00e9e de passementerie dor\u00e9e, finie avec une haute frange dor\u00e9e.\",\"breadcrumb\":{\"@id\":\"https:\/\/www.gruppoliturgico.com\/fr\/produit\/chape-2\/#breadcrumb\"},\"inLanguage\":\"fr-FR\",\"potentialAction\":[{\"@type\":\"ReadAction\",\"target\":[\"https:\/\/www.gruppoliturgico.com\/fr\/produit\/chape-2\/\"]}]},{\"@type\":\"BreadcrumbList\",\"@id\":\"https:\/\/www.gruppoliturgico.com\/fr\/produit\/chape-2\/#breadcrumb\",\"itemListElement\":[{\"@type\":\"ListItem\",\"position\":1,\"name\":\"Home\",\"item\":\"https:\/\/www.gruppoliturgico.com\/fr\/\"},{\"@type\":\"ListItem\",\"position\":2,\"name\":\"Boutique\",\"item\":\"https:\/\/www.gruppoliturgico.com\/fr\/boutique\/\"},{\"@type\":\"ListItem\",\"position\":3,\"name\":\"chape\"}]},{\"@type\":\"WebSite\",\"@id\":\"https:\/\/www.gruppoliturgico.com\/es\/#website\",\"url\":\"https:\/\/www.gruppoliturgico.com\/es\/\",\"name\":\"Laboratorio Gruppo Liturgico\",\"description\":\"Articoli Religiosi online\",\"publisher\":{\"@id\":\"https:\/\/www.gruppoliturgico.com\/es\/#organization\"},\"potentialAction\":[{\"@type\":\"SearchAction\",\"target\":{\"@type\":\"EntryPoint\",\"urlTemplate\":\"https:\/\/www.gruppoliturgico.com\/es\/?s={search_term_string}\"},\"query-input\":\"required name=search_term_string\"}],\"inLanguage\":\"fr-FR\"},{\"@type\":\"Organization\",\"@id\":\"https:\/\/www.gruppoliturgico.com\/es\/#organization\",\"name\":\"Laboratorio Gruppo Liturgico\",\"url\":\"https:\/\/www.gruppoliturgico.com\/es\/\",\"logo\":{\"@type\":\"ImageObject\",\"inLanguage\":\"fr-FR\",\"@id\":\"https:\/\/www.gruppoliturgico.com\/es\/#\/schema\/logo\/image\/\",\"url\":\"https:\/\/www.gruppoliturgico.com\/wp-content\/uploads\/2022\/02\/logo-laboratoriogruppoliturgico.png\",\"contentUrl\":\"https:\/\/www.gruppoliturgico.com\/wp-content\/uploads\/2022\/02\/logo-laboratoriogruppoliturgico.png\",\"width\":400,\"height\":114,\"caption\":\"Laboratorio Gruppo Liturgico\"},\"image\":{\"@id\":\"https:\/\/www.gruppoliturgico.com\/es\/#\/schema\/logo\/image\/\"}}]}<\/script>\n<!-- \/ Yoast SEO plugin. -->","yoast_head_json":{"title":"chape - chapes et Laboratorio Gruppo Liturgico","description":"Chape confectionn\u00e9e en tissu de laine m\u00e9lang\u00e9e. Un riche et d\u00e9licat entrelacement de fleurs et de volutes dor\u00e9es, avec des teintes qui changent selon la couleur liturgique choisie, se propose dans toute la longueur et sur le bouclier. Bord\u00e9e de passementerie dor\u00e9e, finie avec une haute frange dor\u00e9e.","robots":{"index":"index","follow":"follow","max-snippet":"max-snippet:-1","max-image-preview":"max-image-preview:large","max-video-preview":"max-video-preview:-1"},"canonical":"https:\/\/www.gruppoliturgico.com\/fr\/produit\/chape-2\/","og_locale":"fr_FR","og_type":"article","og_title":"chape - chapes et Laboratorio Gruppo Liturgico","og_description":"Chape confectionn\u00e9e en tissu de laine m\u00e9lang\u00e9e. Un riche et d\u00e9licat entrelacement de fleurs et de volutes dor\u00e9es, avec des teintes qui changent selon la couleur liturgique choisie, se propose dans toute la longueur et sur le bouclier. Bord\u00e9e de passementerie dor\u00e9e, finie avec une haute frange dor\u00e9e.","og_url":"https:\/\/www.gruppoliturgico.com\/fr\/produit\/chape-2\/","og_site_name":"Laboratorio Gruppo Liturgico","article_modified_time":"2024-01-14T10:36:20+00:00","og_image":[{"width":1089,"height":1500,"url":"https:\/\/www.gruppoliturgico.com\/wp-content\/uploads\/2022\/09\/248.vi_.jpg","type":"image\/jpeg"}],"twitter_card":"summary_large_image","twitter_misc":{"Dur\u00e9e de lecture estim\u00e9e":"1 minute"},"schema":{"@context":"https:\/\/schema.org","@graph":[{"@type":"WebPage","@id":"https:\/\/www.gruppoliturgico.com\/fr\/produit\/chape-2\/","url":"https:\/\/www.gruppoliturgico.com\/fr\/produit\/chape-2\/","name":"chape - chapes et Laboratorio Gruppo Liturgico","isPartOf":{"@id":"https:\/\/www.gruppoliturgico.com\/es\/#website"},"datePublished":"2022-05-19T21:36:21+00:00","dateModified":"2024-01-14T10:36:20+00:00","description":"Chape confectionn\u00e9e en tissu de laine m\u00e9lang\u00e9e. Un riche et d\u00e9licat entrelacement de fleurs et de volutes dor\u00e9es, avec des teintes qui changent selon la couleur liturgique choisie, se propose dans toute la longueur et sur le bouclier. Bord\u00e9e de passementerie dor\u00e9e, finie avec une haute frange dor\u00e9e.","breadcrumb":{"@id":"https:\/\/www.gruppoliturgico.com\/fr\/produit\/chape-2\/#breadcrumb"},"inLanguage":"fr-FR","potentialAction":[{"@type":"ReadAction","target":["https:\/\/www.gruppoliturgico.com\/fr\/produit\/chape-2\/"]}]},{"@type":"BreadcrumbList","@id":"https:\/\/www.gruppoliturgico.com\/fr\/produit\/chape-2\/#breadcrumb","itemListElement":[{"@type":"ListItem","position":1,"name":"Home","item":"https:\/\/www.gruppoliturgico.com\/fr\/"},{"@type":"ListItem","position":2,"name":"Boutique","item":"https:\/\/www.gruppoliturgico.com\/fr\/boutique\/"},{"@type":"ListItem","position":3,"name":"chape"}]},{"@type":"WebSite","@id":"https:\/\/www.gruppoliturgico.com\/es\/#website","url":"https:\/\/www.gruppoliturgico.com\/es\/","name":"Laboratorio Gruppo Liturgico","description":"Articoli Religiosi online","publisher":{"@id":"https:\/\/www.gruppoliturgico.com\/es\/#organization"},"potentialAction":[{"@type":"SearchAction","target":{"@type":"EntryPoint","urlTemplate":"https:\/\/www.gruppoliturgico.com\/es\/?s={search_term_string}"},"query-input":"required name=search_term_string"}],"inLanguage":"fr-FR"},{"@type":"Organization","@id":"https:\/\/www.gruppoliturgico.com\/es\/#organization","name":"Laboratorio Gruppo Liturgico","url":"https:\/\/www.gruppoliturgico.com\/es\/","logo":{"@type":"ImageObject","inLanguage":"fr-FR","@id":"https:\/\/www.gruppoliturgico.com\/es\/#\/schema\/logo\/image\/","url":"https:\/\/www.gruppoliturgico.com\/wp-content\/uploads\/2022\/02\/logo-laboratoriogruppoliturgico.png","contentUrl":"https:\/\/www.gruppoliturgico.com\/wp-content\/uploads\/2022\/02\/logo-laboratoriogruppoliturgico.png","width":400,"height":114,"caption":"Laboratorio Gruppo Liturgico"},"image":{"@id":"https:\/\/www.gruppoliturgico.com\/es\/#\/schema\/logo\/image\/"}}]}},"_links":{"self":[{"href":"https:\/\/www.gruppoliturgico.com\/fr\/wp-json\/wp\/v2\/product\/64121"}],"collection":[{"href":"https:\/\/www.gruppoliturgico.com\/fr\/wp-json\/wp\/v2\/product"}],"about":[{"href":"https:\/\/www.gruppoliturgico.com\/fr\/wp-json\/wp\/v2\/types\/product"}],"wp:featuredmedia":[{"embeddable":true,"href":"https:\/\/www.gruppoliturgico.com\/fr\/wp-json\/wp\/v2\/media\/130348"}],"wp:attachment":[{"href":"https:\/\/www.gruppoliturgico.com\/fr\/wp-json\/wp\/v2\/media?parent=64121"}],"wp:term":[{"taxonomy":"product_cat","embeddable":true,"href":"https:\/\/www.gruppoliturgico.com\/fr\/wp-json\/wp\/v2\/product_cat?post=64121"},{"taxonomy":"product_tag","embeddable":true,"href":"https:\/\/www.gruppoliturgico.com\/fr\/wp-json\/wp\/v2\/product_tag?post=64121"}],"curies":[{"name":"wp","href":"https:\/\/api.w.org\/{rel}","templated":true}]}}