{"id":64085,"date":"2022-05-19T23:34:00","date_gmt":"2022-05-19T21:34:50","guid":{"rendered":"https:\/\/www.gruppoliturgico.com\/prodotto\/chasuble-4\/"},"modified":"2022-06-15T15:46:41","modified_gmt":"2022-06-15T13:46:41","slug":"chasuble-4","status":"publish","type":"product","link":"https:\/\/www.gruppoliturgico.com\/fr\/produit\/chasuble-4\/","title":{"rendered":"chasuble"},"content":{"rendered":"<html><body><p>Confectionn\u00e9e en tissu souple et l\u00e9ger de pure laine.<br>\nRemarquables les ic\u00f4nes enti\u00e8rement brod\u00e9es avec des fils d\u2019or et de soie.<br>\nLes deux panneaux les plus grands, repr\u00e9sentant la Crucifixion et la R\u00e9surrection, sont propos\u00e9s sur le devant et sur le dos, tandis que le m\u00e9daillon central sur le devant repr\u00e9sente \u00ab\u00a0La C\u00e8ne\u00a0\u00bb et sur le dos deux anges en vol.<br>\nLes broderies se caract\u00e9risent pour les diff\u00e9rentes nuances chromatiques pour s\u2019harmoniser plus facilement avec la couleur liturgique choisie.<br>\nDisponible dans les 4 coloris Liturgiques.<\/p>\n<\/body><\/html>","protected":false},"excerpt":{"rendered":"<p>Confectionn\u00e9e en tissu souple et l\u00e9ger de pure laine.<br \/>\nRemarquables les ic\u00f4nes enti\u00e8rement brod\u00e9es avec des fils d&rsquo;or et de soie.<br \/>\nLes deux panneaux les plus grands, repr\u00e9sentant la Crucifixion et la R\u00e9surrection, sont propos\u00e9s sur le devant et sur le dos, tandis que le m\u00e9daillon central sur le devant repr\u00e9sente \u00ab\u00a0La C\u00e8ne\u00a0\u00bb et sur le dos deux anges en vol.<br \/>\nLes broderies se caract\u00e9risent pour les diff\u00e9rentes nuances chromatiques pour s&rsquo;harmoniser plus facilement avec la couleur liturgique choisie.<br \/>\nDisponible dans les 4 coloris Liturgiques.<\/p>\n","protected":false},"featured_media":128858,"template":"","meta":[],"product_cat":[12244],"product_tag":[],"yoast_head":"<!-- This site is optimized with the Yoast SEO plugin v20.4 - https:\/\/yoast.com\/wordpress\/plugins\/seo\/ -->\n<title>chasuble - solennelles et Laboratorio Gruppo Liturgico<\/title>\n<meta name=\"description\" content=\"Confectionn\u00e9e en tissu souple et l\u00e9ger de pure laine. Remarquables les ic\u00f4nes enti\u00e8rement brod\u00e9es avec des fils d&#039;or et de soie. Les deux panneaux les plus grands, repr\u00e9sentant la Crucifixion et la R\u00e9surrection, sont propos\u00e9s sur le devant et sur le dos, tandis que le m\u00e9daillon central sur le devant repr\u00e9sente &quot;La C\u00e8ne&quot; et sur le dos deux anges en vol. Les broderies se caract\u00e9risent pour les diff\u00e9rentes nuances chromatiques pour s&#039;harmoniser plus facilement avec la couleur liturgique choisie. Disponible dans les 4 coloris Liturgiques.\" \/>\n<meta name=\"robots\" content=\"index, follow, max-snippet:-1, max-image-preview:large, max-video-preview:-1\" \/>\n<link rel=\"canonical\" href=\"https:\/\/www.gruppoliturgico.com\/fr\/produit\/chasuble-4\/\" \/>\n<meta property=\"og:locale\" content=\"fr_FR\" \/>\n<meta property=\"og:type\" content=\"article\" \/>\n<meta property=\"og:title\" content=\"chasuble - solennelles et Laboratorio Gruppo Liturgico\" \/>\n<meta property=\"og:description\" content=\"Confectionn\u00e9e en tissu souple et l\u00e9ger de pure laine. Remarquables les ic\u00f4nes enti\u00e8rement brod\u00e9es avec des fils d&#039;or et de soie. Les deux panneaux les plus grands, repr\u00e9sentant la Crucifixion et la R\u00e9surrection, sont propos\u00e9s sur le devant et sur le dos, tandis que le m\u00e9daillon central sur le devant repr\u00e9sente &quot;La C\u00e8ne&quot; et sur le dos deux anges en vol. Les broderies se caract\u00e9risent pour les diff\u00e9rentes nuances chromatiques pour s&#039;harmoniser plus facilement avec la couleur liturgique choisie. Disponible dans les 4 coloris Liturgiques.\" \/>\n<meta property=\"og:url\" content=\"https:\/\/www.gruppoliturgico.com\/fr\/produit\/chasuble-4\/\" \/>\n<meta property=\"og:site_name\" content=\"Laboratorio Gruppo Liturgico\" \/>\n<meta property=\"article:modified_time\" content=\"2022-06-15T13:46:41+00:00\" \/>\n<meta property=\"og:image\" content=\"https:\/\/www.gruppoliturgico.com\/wp-content\/uploads\/2022\/09\/938-bianco.jpg\" \/>\n\t<meta property=\"og:image:width\" content=\"1194\" \/>\n\t<meta property=\"og:image:height\" content=\"1500\" \/>\n\t<meta property=\"og:image:type\" content=\"image\/jpeg\" \/>\n<meta name=\"twitter:card\" content=\"summary_large_image\" \/>\n<script type=\"application\/ld+json\" class=\"yoast-schema-graph\">{\"@context\":\"https:\/\/schema.org\",\"@graph\":[{\"@type\":\"WebPage\",\"@id\":\"https:\/\/www.gruppoliturgico.com\/fr\/produit\/chasuble-4\/\",\"url\":\"https:\/\/www.gruppoliturgico.com\/fr\/produit\/chasuble-4\/\",\"name\":\"chasuble - solennelles et Laboratorio Gruppo Liturgico\",\"isPartOf\":{\"@id\":\"https:\/\/www.gruppoliturgico.com\/es\/#website\"},\"datePublished\":\"2022-05-19T21:34:50+00:00\",\"dateModified\":\"2022-06-15T13:46:41+00:00\",\"description\":\"Confectionn\u00e9e en tissu souple et l\u00e9ger de pure laine. Remarquables les ic\u00f4nes enti\u00e8rement brod\u00e9es avec des fils d'or et de soie. Les deux panneaux les plus grands, repr\u00e9sentant la Crucifixion et la R\u00e9surrection, sont propos\u00e9s sur le devant et sur le dos, tandis que le m\u00e9daillon central sur le devant repr\u00e9sente \\\"La C\u00e8ne\\\" et sur le dos deux anges en vol. Les broderies se caract\u00e9risent pour les diff\u00e9rentes nuances chromatiques pour s'harmoniser plus facilement avec la couleur liturgique choisie. Disponible dans les 4 coloris Liturgiques.\",\"breadcrumb\":{\"@id\":\"https:\/\/www.gruppoliturgico.com\/fr\/produit\/chasuble-4\/#breadcrumb\"},\"inLanguage\":\"fr-FR\",\"potentialAction\":[{\"@type\":\"ReadAction\",\"target\":[\"https:\/\/www.gruppoliturgico.com\/fr\/produit\/chasuble-4\/\"]}]},{\"@type\":\"BreadcrumbList\",\"@id\":\"https:\/\/www.gruppoliturgico.com\/fr\/produit\/chasuble-4\/#breadcrumb\",\"itemListElement\":[{\"@type\":\"ListItem\",\"position\":1,\"name\":\"Home\",\"item\":\"https:\/\/www.gruppoliturgico.com\/fr\/\"},{\"@type\":\"ListItem\",\"position\":2,\"name\":\"Boutique\",\"item\":\"https:\/\/www.gruppoliturgico.com\/fr\/boutique\/\"},{\"@type\":\"ListItem\",\"position\":3,\"name\":\"chasuble\"}]},{\"@type\":\"WebSite\",\"@id\":\"https:\/\/www.gruppoliturgico.com\/es\/#website\",\"url\":\"https:\/\/www.gruppoliturgico.com\/es\/\",\"name\":\"Laboratorio Gruppo Liturgico\",\"description\":\"Articoli Religiosi online\",\"publisher\":{\"@id\":\"https:\/\/www.gruppoliturgico.com\/es\/#organization\"},\"potentialAction\":[{\"@type\":\"SearchAction\",\"target\":{\"@type\":\"EntryPoint\",\"urlTemplate\":\"https:\/\/www.gruppoliturgico.com\/es\/?s={search_term_string}\"},\"query-input\":\"required name=search_term_string\"}],\"inLanguage\":\"fr-FR\"},{\"@type\":\"Organization\",\"@id\":\"https:\/\/www.gruppoliturgico.com\/es\/#organization\",\"name\":\"Laboratorio Gruppo Liturgico\",\"url\":\"https:\/\/www.gruppoliturgico.com\/es\/\",\"logo\":{\"@type\":\"ImageObject\",\"inLanguage\":\"fr-FR\",\"@id\":\"https:\/\/www.gruppoliturgico.com\/es\/#\/schema\/logo\/image\/\",\"url\":\"https:\/\/www.gruppoliturgico.com\/wp-content\/uploads\/2022\/02\/logo-laboratoriogruppoliturgico.png\",\"contentUrl\":\"https:\/\/www.gruppoliturgico.com\/wp-content\/uploads\/2022\/02\/logo-laboratoriogruppoliturgico.png\",\"width\":400,\"height\":114,\"caption\":\"Laboratorio Gruppo Liturgico\"},\"image\":{\"@id\":\"https:\/\/www.gruppoliturgico.com\/es\/#\/schema\/logo\/image\/\"}}]}<\/script>\n<!-- \/ Yoast SEO plugin. -->","yoast_head_json":{"title":"chasuble - solennelles et Laboratorio Gruppo Liturgico","description":"Confectionn\u00e9e en tissu souple et l\u00e9ger de pure laine. Remarquables les ic\u00f4nes enti\u00e8rement brod\u00e9es avec des fils d'or et de soie. Les deux panneaux les plus grands, repr\u00e9sentant la Crucifixion et la R\u00e9surrection, sont propos\u00e9s sur le devant et sur le dos, tandis que le m\u00e9daillon central sur le devant repr\u00e9sente \"La C\u00e8ne\" et sur le dos deux anges en vol. Les broderies se caract\u00e9risent pour les diff\u00e9rentes nuances chromatiques pour s'harmoniser plus facilement avec la couleur liturgique choisie. Disponible dans les 4 coloris Liturgiques.","robots":{"index":"index","follow":"follow","max-snippet":"max-snippet:-1","max-image-preview":"max-image-preview:large","max-video-preview":"max-video-preview:-1"},"canonical":"https:\/\/www.gruppoliturgico.com\/fr\/produit\/chasuble-4\/","og_locale":"fr_FR","og_type":"article","og_title":"chasuble - solennelles et Laboratorio Gruppo Liturgico","og_description":"Confectionn\u00e9e en tissu souple et l\u00e9ger de pure laine. Remarquables les ic\u00f4nes enti\u00e8rement brod\u00e9es avec des fils d'or et de soie. Les deux panneaux les plus grands, repr\u00e9sentant la Crucifixion et la R\u00e9surrection, sont propos\u00e9s sur le devant et sur le dos, tandis que le m\u00e9daillon central sur le devant repr\u00e9sente \"La C\u00e8ne\" et sur le dos deux anges en vol. Les broderies se caract\u00e9risent pour les diff\u00e9rentes nuances chromatiques pour s'harmoniser plus facilement avec la couleur liturgique choisie. Disponible dans les 4 coloris Liturgiques.","og_url":"https:\/\/www.gruppoliturgico.com\/fr\/produit\/chasuble-4\/","og_site_name":"Laboratorio Gruppo Liturgico","article_modified_time":"2022-06-15T13:46:41+00:00","og_image":[{"width":1194,"height":1500,"url":"https:\/\/www.gruppoliturgico.com\/wp-content\/uploads\/2022\/09\/938-bianco.jpg","type":"image\/jpeg"}],"twitter_card":"summary_large_image","schema":{"@context":"https:\/\/schema.org","@graph":[{"@type":"WebPage","@id":"https:\/\/www.gruppoliturgico.com\/fr\/produit\/chasuble-4\/","url":"https:\/\/www.gruppoliturgico.com\/fr\/produit\/chasuble-4\/","name":"chasuble - solennelles et Laboratorio Gruppo Liturgico","isPartOf":{"@id":"https:\/\/www.gruppoliturgico.com\/es\/#website"},"datePublished":"2022-05-19T21:34:50+00:00","dateModified":"2022-06-15T13:46:41+00:00","description":"Confectionn\u00e9e en tissu souple et l\u00e9ger de pure laine. Remarquables les ic\u00f4nes enti\u00e8rement brod\u00e9es avec des fils d'or et de soie. Les deux panneaux les plus grands, repr\u00e9sentant la Crucifixion et la R\u00e9surrection, sont propos\u00e9s sur le devant et sur le dos, tandis que le m\u00e9daillon central sur le devant repr\u00e9sente \"La C\u00e8ne\" et sur le dos deux anges en vol. Les broderies se caract\u00e9risent pour les diff\u00e9rentes nuances chromatiques pour s'harmoniser plus facilement avec la couleur liturgique choisie. Disponible dans les 4 coloris Liturgiques.","breadcrumb":{"@id":"https:\/\/www.gruppoliturgico.com\/fr\/produit\/chasuble-4\/#breadcrumb"},"inLanguage":"fr-FR","potentialAction":[{"@type":"ReadAction","target":["https:\/\/www.gruppoliturgico.com\/fr\/produit\/chasuble-4\/"]}]},{"@type":"BreadcrumbList","@id":"https:\/\/www.gruppoliturgico.com\/fr\/produit\/chasuble-4\/#breadcrumb","itemListElement":[{"@type":"ListItem","position":1,"name":"Home","item":"https:\/\/www.gruppoliturgico.com\/fr\/"},{"@type":"ListItem","position":2,"name":"Boutique","item":"https:\/\/www.gruppoliturgico.com\/fr\/boutique\/"},{"@type":"ListItem","position":3,"name":"chasuble"}]},{"@type":"WebSite","@id":"https:\/\/www.gruppoliturgico.com\/es\/#website","url":"https:\/\/www.gruppoliturgico.com\/es\/","name":"Laboratorio Gruppo Liturgico","description":"Articoli Religiosi online","publisher":{"@id":"https:\/\/www.gruppoliturgico.com\/es\/#organization"},"potentialAction":[{"@type":"SearchAction","target":{"@type":"EntryPoint","urlTemplate":"https:\/\/www.gruppoliturgico.com\/es\/?s={search_term_string}"},"query-input":"required name=search_term_string"}],"inLanguage":"fr-FR"},{"@type":"Organization","@id":"https:\/\/www.gruppoliturgico.com\/es\/#organization","name":"Laboratorio Gruppo Liturgico","url":"https:\/\/www.gruppoliturgico.com\/es\/","logo":{"@type":"ImageObject","inLanguage":"fr-FR","@id":"https:\/\/www.gruppoliturgico.com\/es\/#\/schema\/logo\/image\/","url":"https:\/\/www.gruppoliturgico.com\/wp-content\/uploads\/2022\/02\/logo-laboratoriogruppoliturgico.png","contentUrl":"https:\/\/www.gruppoliturgico.com\/wp-content\/uploads\/2022\/02\/logo-laboratoriogruppoliturgico.png","width":400,"height":114,"caption":"Laboratorio Gruppo Liturgico"},"image":{"@id":"https:\/\/www.gruppoliturgico.com\/es\/#\/schema\/logo\/image\/"}}]}},"_links":{"self":[{"href":"https:\/\/www.gruppoliturgico.com\/fr\/wp-json\/wp\/v2\/product\/64085"}],"collection":[{"href":"https:\/\/www.gruppoliturgico.com\/fr\/wp-json\/wp\/v2\/product"}],"about":[{"href":"https:\/\/www.gruppoliturgico.com\/fr\/wp-json\/wp\/v2\/types\/product"}],"wp:featuredmedia":[{"embeddable":true,"href":"https:\/\/www.gruppoliturgico.com\/fr\/wp-json\/wp\/v2\/media\/128858"}],"wp:attachment":[{"href":"https:\/\/www.gruppoliturgico.com\/fr\/wp-json\/wp\/v2\/media?parent=64085"}],"wp:term":[{"taxonomy":"product_cat","embeddable":true,"href":"https:\/\/www.gruppoliturgico.com\/fr\/wp-json\/wp\/v2\/product_cat?post=64085"},{"taxonomy":"product_tag","embeddable":true,"href":"https:\/\/www.gruppoliturgico.com\/fr\/wp-json\/wp\/v2\/product_tag?post=64085"}],"curies":[{"name":"wp","href":"https:\/\/api.w.org\/{rel}","templated":true}]}}