{"id":64077,"date":"2022-05-19T23:34:24","date_gmt":"2022-05-19T21:34:29","guid":{"rendered":"https:\/\/www.gruppoliturgico.com\/prodotto\/chasuble-jesus\/"},"modified":"2022-05-20T07:48:18","modified_gmt":"2022-05-20T05:48:18","slug":"chasuble-jesus","status":"publish","type":"product","link":"https:\/\/www.gruppoliturgico.com\/fr\/produit\/chasuble-jesus\/","title":{"rendered":"Chasuble J\u00e9sus"},"content":{"rendered":"<html><body><p>Confectionn\u00e9e dans un riche tissu blanc lam\u00e9 en or, tr\u00e8s l\u00e9ger et tr\u00e8s \u00e9l\u00e9gant.<br>\nRemarquables les ic\u00f4nes enti\u00e8rement brod\u00e9es avec des fils d\u2019or et de soie.<br>\nLes deux panneaux les plus grands, repr\u00e9sentant la Crucifixion et la R\u00e9surrection, sont propos\u00e9s sur le devant et sur le dos, tandis que le m\u00e9daillon central sur le devant repr\u00e9sente \u00ab\u00a0La C\u00e8ne\u00a0\u00bb et sur le dos deux anges en vol. <\/p>\n<\/body><\/html>","protected":false},"excerpt":{"rendered":"<p>Confectionn\u00e9e dans un riche tissu blanc lam\u00e9 en or, tr\u00e8s l\u00e9ger et tr\u00e8s \u00e9l\u00e9gant.<br \/>\nRemarquables les ic\u00f4nes enti\u00e8rement brod\u00e9es avec des fils d&rsquo;or et de soie.<br \/>\nLes deux panneaux les plus grands, repr\u00e9sentant la Crucifixion et la R\u00e9surrection, sont propos\u00e9s sur le devant et sur le dos, tandis que le m\u00e9daillon central sur le devant repr\u00e9sente \u00ab\u00a0La C\u00e8ne\u00a0\u00bb et sur le dos deux anges en vol. <\/p>\n","protected":false},"featured_media":128981,"template":"","meta":[],"product_cat":[12244],"product_tag":[],"yoast_head":"<!-- This site is optimized with the Yoast SEO plugin v20.4 - https:\/\/yoast.com\/wordpress\/plugins\/seo\/ -->\n<title>Chasuble J\u00e9sus - solennelles et Laboratorio Gruppo Liturgico<\/title>\n<meta name=\"description\" content=\"Confectionn\u00e9e dans un riche tissu blanc lam\u00e9 en or, tr\u00e8s l\u00e9ger et tr\u00e8s \u00e9l\u00e9gant.  Remarquables les ic\u00f4nes enti\u00e8rement brod\u00e9es avec des fils d&#039;or et de soie. Les deux panneaux les plus grands, repr\u00e9sentant la Crucifixion et la R\u00e9surrection, sont propos\u00e9s sur le devant et sur le dos, tandis que le m\u00e9daillon central sur le devant repr\u00e9sente &quot;La C\u00e8ne&quot; et sur le dos deux anges en vol.\" \/>\n<meta name=\"robots\" content=\"index, follow, max-snippet:-1, max-image-preview:large, max-video-preview:-1\" \/>\n<link rel=\"canonical\" href=\"https:\/\/www.gruppoliturgico.com\/fr\/produit\/chasuble-jesus\/\" \/>\n<meta property=\"og:locale\" content=\"fr_FR\" \/>\n<meta property=\"og:type\" content=\"article\" \/>\n<meta property=\"og:title\" content=\"Chasuble J\u00e9sus - solennelles et Laboratorio Gruppo Liturgico\" \/>\n<meta property=\"og:description\" content=\"Confectionn\u00e9e dans un riche tissu blanc lam\u00e9 en or, tr\u00e8s l\u00e9ger et tr\u00e8s \u00e9l\u00e9gant.  Remarquables les ic\u00f4nes enti\u00e8rement brod\u00e9es avec des fils d&#039;or et de soie. Les deux panneaux les plus grands, repr\u00e9sentant la Crucifixion et la R\u00e9surrection, sont propos\u00e9s sur le devant et sur le dos, tandis que le m\u00e9daillon central sur le devant repr\u00e9sente &quot;La C\u00e8ne&quot; et sur le dos deux anges en vol.\" \/>\n<meta property=\"og:url\" content=\"https:\/\/www.gruppoliturgico.com\/fr\/produit\/chasuble-jesus\/\" \/>\n<meta property=\"og:site_name\" content=\"Laboratorio Gruppo Liturgico\" \/>\n<meta property=\"article:modified_time\" content=\"2022-05-20T05:48:18+00:00\" \/>\n<meta property=\"og:image\" content=\"https:\/\/www.gruppoliturgico.com\/wp-content\/uploads\/2022\/05\/922-2.jpg\" \/>\n\t<meta property=\"og:image:width\" content=\"1171\" \/>\n\t<meta property=\"og:image:height\" content=\"2000\" \/>\n\t<meta property=\"og:image:type\" content=\"image\/jpeg\" \/>\n<meta name=\"twitter:card\" content=\"summary_large_image\" \/>\n<script type=\"application\/ld+json\" class=\"yoast-schema-graph\">{\"@context\":\"https:\/\/schema.org\",\"@graph\":[{\"@type\":\"WebPage\",\"@id\":\"https:\/\/www.gruppoliturgico.com\/fr\/produit\/chasuble-jesus\/\",\"url\":\"https:\/\/www.gruppoliturgico.com\/fr\/produit\/chasuble-jesus\/\",\"name\":\"Chasuble J\u00e9sus - solennelles et Laboratorio Gruppo Liturgico\",\"isPartOf\":{\"@id\":\"https:\/\/www.gruppoliturgico.com\/es\/#website\"},\"datePublished\":\"2022-05-19T21:34:29+00:00\",\"dateModified\":\"2022-05-20T05:48:18+00:00\",\"description\":\"Confectionn\u00e9e dans un riche tissu blanc lam\u00e9 en or, tr\u00e8s l\u00e9ger et tr\u00e8s \u00e9l\u00e9gant. Remarquables les ic\u00f4nes enti\u00e8rement brod\u00e9es avec des fils d'or et de soie. Les deux panneaux les plus grands, repr\u00e9sentant la Crucifixion et la R\u00e9surrection, sont propos\u00e9s sur le devant et sur le dos, tandis que le m\u00e9daillon central sur le devant repr\u00e9sente \\\"La C\u00e8ne\\\" et sur le dos deux anges en vol.\",\"breadcrumb\":{\"@id\":\"https:\/\/www.gruppoliturgico.com\/fr\/produit\/chasuble-jesus\/#breadcrumb\"},\"inLanguage\":\"fr-FR\",\"potentialAction\":[{\"@type\":\"ReadAction\",\"target\":[\"https:\/\/www.gruppoliturgico.com\/fr\/produit\/chasuble-jesus\/\"]}]},{\"@type\":\"BreadcrumbList\",\"@id\":\"https:\/\/www.gruppoliturgico.com\/fr\/produit\/chasuble-jesus\/#breadcrumb\",\"itemListElement\":[{\"@type\":\"ListItem\",\"position\":1,\"name\":\"Home\",\"item\":\"https:\/\/www.gruppoliturgico.com\/fr\/\"},{\"@type\":\"ListItem\",\"position\":2,\"name\":\"Boutique\",\"item\":\"https:\/\/www.gruppoliturgico.com\/fr\/boutique\/\"},{\"@type\":\"ListItem\",\"position\":3,\"name\":\"Chasuble J\u00e9sus\"}]},{\"@type\":\"WebSite\",\"@id\":\"https:\/\/www.gruppoliturgico.com\/es\/#website\",\"url\":\"https:\/\/www.gruppoliturgico.com\/es\/\",\"name\":\"Laboratorio Gruppo Liturgico\",\"description\":\"Articoli Religiosi online\",\"publisher\":{\"@id\":\"https:\/\/www.gruppoliturgico.com\/es\/#organization\"},\"potentialAction\":[{\"@type\":\"SearchAction\",\"target\":{\"@type\":\"EntryPoint\",\"urlTemplate\":\"https:\/\/www.gruppoliturgico.com\/es\/?s={search_term_string}\"},\"query-input\":\"required name=search_term_string\"}],\"inLanguage\":\"fr-FR\"},{\"@type\":\"Organization\",\"@id\":\"https:\/\/www.gruppoliturgico.com\/es\/#organization\",\"name\":\"Laboratorio Gruppo Liturgico\",\"url\":\"https:\/\/www.gruppoliturgico.com\/es\/\",\"logo\":{\"@type\":\"ImageObject\",\"inLanguage\":\"fr-FR\",\"@id\":\"https:\/\/www.gruppoliturgico.com\/es\/#\/schema\/logo\/image\/\",\"url\":\"https:\/\/www.gruppoliturgico.com\/wp-content\/uploads\/2022\/02\/logo-laboratoriogruppoliturgico.png\",\"contentUrl\":\"https:\/\/www.gruppoliturgico.com\/wp-content\/uploads\/2022\/02\/logo-laboratoriogruppoliturgico.png\",\"width\":400,\"height\":114,\"caption\":\"Laboratorio Gruppo Liturgico\"},\"image\":{\"@id\":\"https:\/\/www.gruppoliturgico.com\/es\/#\/schema\/logo\/image\/\"}}]}<\/script>\n<!-- \/ Yoast SEO plugin. -->","yoast_head_json":{"title":"Chasuble J\u00e9sus - solennelles et Laboratorio Gruppo Liturgico","description":"Confectionn\u00e9e dans un riche tissu blanc lam\u00e9 en or, tr\u00e8s l\u00e9ger et tr\u00e8s \u00e9l\u00e9gant.  Remarquables les ic\u00f4nes enti\u00e8rement brod\u00e9es avec des fils d'or et de soie. Les deux panneaux les plus grands, repr\u00e9sentant la Crucifixion et la R\u00e9surrection, sont propos\u00e9s sur le devant et sur le dos, tandis que le m\u00e9daillon central sur le devant repr\u00e9sente \"La C\u00e8ne\" et sur le dos deux anges en vol.","robots":{"index":"index","follow":"follow","max-snippet":"max-snippet:-1","max-image-preview":"max-image-preview:large","max-video-preview":"max-video-preview:-1"},"canonical":"https:\/\/www.gruppoliturgico.com\/fr\/produit\/chasuble-jesus\/","og_locale":"fr_FR","og_type":"article","og_title":"Chasuble J\u00e9sus - solennelles et Laboratorio Gruppo Liturgico","og_description":"Confectionn\u00e9e dans un riche tissu blanc lam\u00e9 en or, tr\u00e8s l\u00e9ger et tr\u00e8s \u00e9l\u00e9gant.  Remarquables les ic\u00f4nes enti\u00e8rement brod\u00e9es avec des fils d'or et de soie. Les deux panneaux les plus grands, repr\u00e9sentant la Crucifixion et la R\u00e9surrection, sont propos\u00e9s sur le devant et sur le dos, tandis que le m\u00e9daillon central sur le devant repr\u00e9sente \"La C\u00e8ne\" et sur le dos deux anges en vol.","og_url":"https:\/\/www.gruppoliturgico.com\/fr\/produit\/chasuble-jesus\/","og_site_name":"Laboratorio Gruppo Liturgico","article_modified_time":"2022-05-20T05:48:18+00:00","og_image":[{"width":1171,"height":2000,"url":"https:\/\/www.gruppoliturgico.com\/wp-content\/uploads\/2022\/05\/922-2.jpg","type":"image\/jpeg"}],"twitter_card":"summary_large_image","schema":{"@context":"https:\/\/schema.org","@graph":[{"@type":"WebPage","@id":"https:\/\/www.gruppoliturgico.com\/fr\/produit\/chasuble-jesus\/","url":"https:\/\/www.gruppoliturgico.com\/fr\/produit\/chasuble-jesus\/","name":"Chasuble J\u00e9sus - solennelles et Laboratorio Gruppo Liturgico","isPartOf":{"@id":"https:\/\/www.gruppoliturgico.com\/es\/#website"},"datePublished":"2022-05-19T21:34:29+00:00","dateModified":"2022-05-20T05:48:18+00:00","description":"Confectionn\u00e9e dans un riche tissu blanc lam\u00e9 en or, tr\u00e8s l\u00e9ger et tr\u00e8s \u00e9l\u00e9gant. Remarquables les ic\u00f4nes enti\u00e8rement brod\u00e9es avec des fils d'or et de soie. Les deux panneaux les plus grands, repr\u00e9sentant la Crucifixion et la R\u00e9surrection, sont propos\u00e9s sur le devant et sur le dos, tandis que le m\u00e9daillon central sur le devant repr\u00e9sente \"La C\u00e8ne\" et sur le dos deux anges en vol.","breadcrumb":{"@id":"https:\/\/www.gruppoliturgico.com\/fr\/produit\/chasuble-jesus\/#breadcrumb"},"inLanguage":"fr-FR","potentialAction":[{"@type":"ReadAction","target":["https:\/\/www.gruppoliturgico.com\/fr\/produit\/chasuble-jesus\/"]}]},{"@type":"BreadcrumbList","@id":"https:\/\/www.gruppoliturgico.com\/fr\/produit\/chasuble-jesus\/#breadcrumb","itemListElement":[{"@type":"ListItem","position":1,"name":"Home","item":"https:\/\/www.gruppoliturgico.com\/fr\/"},{"@type":"ListItem","position":2,"name":"Boutique","item":"https:\/\/www.gruppoliturgico.com\/fr\/boutique\/"},{"@type":"ListItem","position":3,"name":"Chasuble J\u00e9sus"}]},{"@type":"WebSite","@id":"https:\/\/www.gruppoliturgico.com\/es\/#website","url":"https:\/\/www.gruppoliturgico.com\/es\/","name":"Laboratorio Gruppo Liturgico","description":"Articoli Religiosi online","publisher":{"@id":"https:\/\/www.gruppoliturgico.com\/es\/#organization"},"potentialAction":[{"@type":"SearchAction","target":{"@type":"EntryPoint","urlTemplate":"https:\/\/www.gruppoliturgico.com\/es\/?s={search_term_string}"},"query-input":"required name=search_term_string"}],"inLanguage":"fr-FR"},{"@type":"Organization","@id":"https:\/\/www.gruppoliturgico.com\/es\/#organization","name":"Laboratorio Gruppo Liturgico","url":"https:\/\/www.gruppoliturgico.com\/es\/","logo":{"@type":"ImageObject","inLanguage":"fr-FR","@id":"https:\/\/www.gruppoliturgico.com\/es\/#\/schema\/logo\/image\/","url":"https:\/\/www.gruppoliturgico.com\/wp-content\/uploads\/2022\/02\/logo-laboratoriogruppoliturgico.png","contentUrl":"https:\/\/www.gruppoliturgico.com\/wp-content\/uploads\/2022\/02\/logo-laboratoriogruppoliturgico.png","width":400,"height":114,"caption":"Laboratorio Gruppo Liturgico"},"image":{"@id":"https:\/\/www.gruppoliturgico.com\/es\/#\/schema\/logo\/image\/"}}]}},"_links":{"self":[{"href":"https:\/\/www.gruppoliturgico.com\/fr\/wp-json\/wp\/v2\/product\/64077"}],"collection":[{"href":"https:\/\/www.gruppoliturgico.com\/fr\/wp-json\/wp\/v2\/product"}],"about":[{"href":"https:\/\/www.gruppoliturgico.com\/fr\/wp-json\/wp\/v2\/types\/product"}],"wp:featuredmedia":[{"embeddable":true,"href":"https:\/\/www.gruppoliturgico.com\/fr\/wp-json\/wp\/v2\/media\/128981"}],"wp:attachment":[{"href":"https:\/\/www.gruppoliturgico.com\/fr\/wp-json\/wp\/v2\/media?parent=64077"}],"wp:term":[{"taxonomy":"product_cat","embeddable":true,"href":"https:\/\/www.gruppoliturgico.com\/fr\/wp-json\/wp\/v2\/product_cat?post=64077"},{"taxonomy":"product_tag","embeddable":true,"href":"https:\/\/www.gruppoliturgico.com\/fr\/wp-json\/wp\/v2\/product_tag?post=64077"}],"curies":[{"name":"wp","href":"https:\/\/api.w.org\/{rel}","templated":true}]}}