{"id":64073,"date":"2022-05-19T23:34:12","date_gmt":"2022-05-19T21:34:18","guid":{"rendered":"https:\/\/www.gruppoliturgico.com\/prodotto\/chasuble-miriam\/"},"modified":"2022-05-20T07:48:09","modified_gmt":"2022-05-20T05:48:09","slug":"chasuble-miriam","status":"publish","type":"product","link":"https:\/\/www.gruppoliturgico.com\/fr\/produit\/chasuble-miriam\/","title":{"rendered":"Chasuble Miriam"},"content":{"rendered":"<html><body><p>Confectionn\u00e9e dans un riche et pr\u00e9cieux tissu \u00ab\u00a0lampasso\u00a0\u00bb blanc travaill\u00e9 en or.<br>\nLes broderies des trois panneaux repr\u00e9sentent l\u2019Annonciation, la Nativit\u00e9 et la Pr\u00e9sentation de J\u00e9sus au Temple et sont pr\u00e9sents sur le devant et sur le dos de la chasuble.<br>\nCette chasuble est indiqu\u00e9e pour les diff\u00e9rentes solennit\u00e9s liturgiques.<\/p>\n<\/body><\/html>","protected":false},"excerpt":{"rendered":"<p>Confectionn\u00e9e dans un riche et pr\u00e9cieux tissu \u00ab\u00a0lampasso\u00a0\u00bb blanc travaill\u00e9 en or.<br \/>\nLes broderies des trois panneaux repr\u00e9sentent l&rsquo;Annonciation, la Nativit\u00e9 et la Pr\u00e9sentation de J\u00e9sus au Temple et sont pr\u00e9sents sur le devant et sur le dos de la chasuble.<br \/>\nCette chasuble est indiqu\u00e9e pour les diff\u00e9rentes solennit\u00e9s liturgiques.<\/p>\n","protected":false},"featured_media":128993,"template":"","meta":[],"product_cat":[12244],"product_tag":[],"yoast_head":"<!-- This site is optimized with the Yoast SEO plugin v20.4 - https:\/\/yoast.com\/wordpress\/plugins\/seo\/ -->\n<title>Chasuble Miriam - solennelles et Laboratorio Gruppo Liturgico<\/title>\n<meta name=\"description\" content=\"Confectionn\u00e9e dans un riche et pr\u00e9cieux tissu &quot;lampasso&quot; blanc travaill\u00e9 en or. Les broderies des trois panneaux repr\u00e9sentent l&#039;Annonciation, la Nativit\u00e9 et la Pr\u00e9sentation de J\u00e9sus au Temple et sont pr\u00e9sents sur le devant et sur le dos de la chasuble.  Cette chasuble est indiqu\u00e9e pour les diff\u00e9rentes solennit\u00e9s liturgiques.\" \/>\n<meta name=\"robots\" content=\"index, follow, max-snippet:-1, max-image-preview:large, max-video-preview:-1\" \/>\n<link rel=\"canonical\" href=\"https:\/\/www.gruppoliturgico.com\/fr\/produit\/chasuble-miriam\/\" \/>\n<meta property=\"og:locale\" content=\"fr_FR\" \/>\n<meta property=\"og:type\" content=\"article\" \/>\n<meta property=\"og:title\" content=\"Chasuble Miriam - solennelles et Laboratorio Gruppo Liturgico\" \/>\n<meta property=\"og:description\" content=\"Confectionn\u00e9e dans un riche et pr\u00e9cieux tissu &quot;lampasso&quot; blanc travaill\u00e9 en or. Les broderies des trois panneaux repr\u00e9sentent l&#039;Annonciation, la Nativit\u00e9 et la Pr\u00e9sentation de J\u00e9sus au Temple et sont pr\u00e9sents sur le devant et sur le dos de la chasuble.  Cette chasuble est indiqu\u00e9e pour les diff\u00e9rentes solennit\u00e9s liturgiques.\" \/>\n<meta property=\"og:url\" content=\"https:\/\/www.gruppoliturgico.com\/fr\/produit\/chasuble-miriam\/\" \/>\n<meta property=\"og:site_name\" content=\"Laboratorio Gruppo Liturgico\" \/>\n<meta property=\"article:modified_time\" content=\"2022-05-20T05:48:09+00:00\" \/>\n<meta property=\"og:image\" content=\"https:\/\/www.gruppoliturgico.com\/wp-content\/uploads\/2022\/05\/955.jpg\" \/>\n\t<meta property=\"og:image:width\" content=\"1154\" \/>\n\t<meta property=\"og:image:height\" content=\"1500\" \/>\n\t<meta property=\"og:image:type\" content=\"image\/jpeg\" \/>\n<meta name=\"twitter:card\" content=\"summary_large_image\" \/>\n<script type=\"application\/ld+json\" class=\"yoast-schema-graph\">{\"@context\":\"https:\/\/schema.org\",\"@graph\":[{\"@type\":\"WebPage\",\"@id\":\"https:\/\/www.gruppoliturgico.com\/fr\/produit\/chasuble-miriam\/\",\"url\":\"https:\/\/www.gruppoliturgico.com\/fr\/produit\/chasuble-miriam\/\",\"name\":\"Chasuble Miriam - solennelles et Laboratorio Gruppo Liturgico\",\"isPartOf\":{\"@id\":\"https:\/\/www.gruppoliturgico.com\/es\/#website\"},\"datePublished\":\"2022-05-19T21:34:18+00:00\",\"dateModified\":\"2022-05-20T05:48:09+00:00\",\"description\":\"Confectionn\u00e9e dans un riche et pr\u00e9cieux tissu \\\"lampasso\\\" blanc travaill\u00e9 en or. Les broderies des trois panneaux repr\u00e9sentent l'Annonciation, la Nativit\u00e9 et la Pr\u00e9sentation de J\u00e9sus au Temple et sont pr\u00e9sents sur le devant et sur le dos de la chasuble. Cette chasuble est indiqu\u00e9e pour les diff\u00e9rentes solennit\u00e9s liturgiques.\",\"breadcrumb\":{\"@id\":\"https:\/\/www.gruppoliturgico.com\/fr\/produit\/chasuble-miriam\/#breadcrumb\"},\"inLanguage\":\"fr-FR\",\"potentialAction\":[{\"@type\":\"ReadAction\",\"target\":[\"https:\/\/www.gruppoliturgico.com\/fr\/produit\/chasuble-miriam\/\"]}]},{\"@type\":\"BreadcrumbList\",\"@id\":\"https:\/\/www.gruppoliturgico.com\/fr\/produit\/chasuble-miriam\/#breadcrumb\",\"itemListElement\":[{\"@type\":\"ListItem\",\"position\":1,\"name\":\"Home\",\"item\":\"https:\/\/www.gruppoliturgico.com\/fr\/\"},{\"@type\":\"ListItem\",\"position\":2,\"name\":\"Boutique\",\"item\":\"https:\/\/www.gruppoliturgico.com\/fr\/boutique\/\"},{\"@type\":\"ListItem\",\"position\":3,\"name\":\"Chasuble Miriam\"}]},{\"@type\":\"WebSite\",\"@id\":\"https:\/\/www.gruppoliturgico.com\/es\/#website\",\"url\":\"https:\/\/www.gruppoliturgico.com\/es\/\",\"name\":\"Laboratorio Gruppo Liturgico\",\"description\":\"Articoli Religiosi online\",\"publisher\":{\"@id\":\"https:\/\/www.gruppoliturgico.com\/es\/#organization\"},\"potentialAction\":[{\"@type\":\"SearchAction\",\"target\":{\"@type\":\"EntryPoint\",\"urlTemplate\":\"https:\/\/www.gruppoliturgico.com\/es\/?s={search_term_string}\"},\"query-input\":\"required name=search_term_string\"}],\"inLanguage\":\"fr-FR\"},{\"@type\":\"Organization\",\"@id\":\"https:\/\/www.gruppoliturgico.com\/es\/#organization\",\"name\":\"Laboratorio Gruppo Liturgico\",\"url\":\"https:\/\/www.gruppoliturgico.com\/es\/\",\"logo\":{\"@type\":\"ImageObject\",\"inLanguage\":\"fr-FR\",\"@id\":\"https:\/\/www.gruppoliturgico.com\/es\/#\/schema\/logo\/image\/\",\"url\":\"https:\/\/www.gruppoliturgico.com\/wp-content\/uploads\/2022\/02\/logo-laboratoriogruppoliturgico.png\",\"contentUrl\":\"https:\/\/www.gruppoliturgico.com\/wp-content\/uploads\/2022\/02\/logo-laboratoriogruppoliturgico.png\",\"width\":400,\"height\":114,\"caption\":\"Laboratorio Gruppo Liturgico\"},\"image\":{\"@id\":\"https:\/\/www.gruppoliturgico.com\/es\/#\/schema\/logo\/image\/\"}}]}<\/script>\n<!-- \/ Yoast SEO plugin. -->","yoast_head_json":{"title":"Chasuble Miriam - solennelles et Laboratorio Gruppo Liturgico","description":"Confectionn\u00e9e dans un riche et pr\u00e9cieux tissu \"lampasso\" blanc travaill\u00e9 en or. Les broderies des trois panneaux repr\u00e9sentent l'Annonciation, la Nativit\u00e9 et la Pr\u00e9sentation de J\u00e9sus au Temple et sont pr\u00e9sents sur le devant et sur le dos de la chasuble.  Cette chasuble est indiqu\u00e9e pour les diff\u00e9rentes solennit\u00e9s liturgiques.","robots":{"index":"index","follow":"follow","max-snippet":"max-snippet:-1","max-image-preview":"max-image-preview:large","max-video-preview":"max-video-preview:-1"},"canonical":"https:\/\/www.gruppoliturgico.com\/fr\/produit\/chasuble-miriam\/","og_locale":"fr_FR","og_type":"article","og_title":"Chasuble Miriam - solennelles et Laboratorio Gruppo Liturgico","og_description":"Confectionn\u00e9e dans un riche et pr\u00e9cieux tissu \"lampasso\" blanc travaill\u00e9 en or. Les broderies des trois panneaux repr\u00e9sentent l'Annonciation, la Nativit\u00e9 et la Pr\u00e9sentation de J\u00e9sus au Temple et sont pr\u00e9sents sur le devant et sur le dos de la chasuble.  Cette chasuble est indiqu\u00e9e pour les diff\u00e9rentes solennit\u00e9s liturgiques.","og_url":"https:\/\/www.gruppoliturgico.com\/fr\/produit\/chasuble-miriam\/","og_site_name":"Laboratorio Gruppo Liturgico","article_modified_time":"2022-05-20T05:48:09+00:00","og_image":[{"width":1154,"height":1500,"url":"https:\/\/www.gruppoliturgico.com\/wp-content\/uploads\/2022\/05\/955.jpg","type":"image\/jpeg"}],"twitter_card":"summary_large_image","schema":{"@context":"https:\/\/schema.org","@graph":[{"@type":"WebPage","@id":"https:\/\/www.gruppoliturgico.com\/fr\/produit\/chasuble-miriam\/","url":"https:\/\/www.gruppoliturgico.com\/fr\/produit\/chasuble-miriam\/","name":"Chasuble Miriam - solennelles et Laboratorio Gruppo Liturgico","isPartOf":{"@id":"https:\/\/www.gruppoliturgico.com\/es\/#website"},"datePublished":"2022-05-19T21:34:18+00:00","dateModified":"2022-05-20T05:48:09+00:00","description":"Confectionn\u00e9e dans un riche et pr\u00e9cieux tissu \"lampasso\" blanc travaill\u00e9 en or. Les broderies des trois panneaux repr\u00e9sentent l'Annonciation, la Nativit\u00e9 et la Pr\u00e9sentation de J\u00e9sus au Temple et sont pr\u00e9sents sur le devant et sur le dos de la chasuble. Cette chasuble est indiqu\u00e9e pour les diff\u00e9rentes solennit\u00e9s liturgiques.","breadcrumb":{"@id":"https:\/\/www.gruppoliturgico.com\/fr\/produit\/chasuble-miriam\/#breadcrumb"},"inLanguage":"fr-FR","potentialAction":[{"@type":"ReadAction","target":["https:\/\/www.gruppoliturgico.com\/fr\/produit\/chasuble-miriam\/"]}]},{"@type":"BreadcrumbList","@id":"https:\/\/www.gruppoliturgico.com\/fr\/produit\/chasuble-miriam\/#breadcrumb","itemListElement":[{"@type":"ListItem","position":1,"name":"Home","item":"https:\/\/www.gruppoliturgico.com\/fr\/"},{"@type":"ListItem","position":2,"name":"Boutique","item":"https:\/\/www.gruppoliturgico.com\/fr\/boutique\/"},{"@type":"ListItem","position":3,"name":"Chasuble Miriam"}]},{"@type":"WebSite","@id":"https:\/\/www.gruppoliturgico.com\/es\/#website","url":"https:\/\/www.gruppoliturgico.com\/es\/","name":"Laboratorio Gruppo Liturgico","description":"Articoli Religiosi online","publisher":{"@id":"https:\/\/www.gruppoliturgico.com\/es\/#organization"},"potentialAction":[{"@type":"SearchAction","target":{"@type":"EntryPoint","urlTemplate":"https:\/\/www.gruppoliturgico.com\/es\/?s={search_term_string}"},"query-input":"required name=search_term_string"}],"inLanguage":"fr-FR"},{"@type":"Organization","@id":"https:\/\/www.gruppoliturgico.com\/es\/#organization","name":"Laboratorio Gruppo Liturgico","url":"https:\/\/www.gruppoliturgico.com\/es\/","logo":{"@type":"ImageObject","inLanguage":"fr-FR","@id":"https:\/\/www.gruppoliturgico.com\/es\/#\/schema\/logo\/image\/","url":"https:\/\/www.gruppoliturgico.com\/wp-content\/uploads\/2022\/02\/logo-laboratoriogruppoliturgico.png","contentUrl":"https:\/\/www.gruppoliturgico.com\/wp-content\/uploads\/2022\/02\/logo-laboratoriogruppoliturgico.png","width":400,"height":114,"caption":"Laboratorio Gruppo Liturgico"},"image":{"@id":"https:\/\/www.gruppoliturgico.com\/es\/#\/schema\/logo\/image\/"}}]}},"_links":{"self":[{"href":"https:\/\/www.gruppoliturgico.com\/fr\/wp-json\/wp\/v2\/product\/64073"}],"collection":[{"href":"https:\/\/www.gruppoliturgico.com\/fr\/wp-json\/wp\/v2\/product"}],"about":[{"href":"https:\/\/www.gruppoliturgico.com\/fr\/wp-json\/wp\/v2\/types\/product"}],"wp:featuredmedia":[{"embeddable":true,"href":"https:\/\/www.gruppoliturgico.com\/fr\/wp-json\/wp\/v2\/media\/128993"}],"wp:attachment":[{"href":"https:\/\/www.gruppoliturgico.com\/fr\/wp-json\/wp\/v2\/media?parent=64073"}],"wp:term":[{"taxonomy":"product_cat","embeddable":true,"href":"https:\/\/www.gruppoliturgico.com\/fr\/wp-json\/wp\/v2\/product_cat?post=64073"},{"taxonomy":"product_tag","embeddable":true,"href":"https:\/\/www.gruppoliturgico.com\/fr\/wp-json\/wp\/v2\/product_tag?post=64073"}],"curies":[{"name":"wp","href":"https:\/\/api.w.org\/{rel}","templated":true}]}}