{"id":63989,"date":"2022-05-19T23:30:14","date_gmt":"2022-05-19T21:30:19","guid":{"rendered":"https:\/\/www.gruppoliturgico.com\/prodotto\/prie-dieu-double\/"},"modified":"2022-10-25T16:59:37","modified_gmt":"2022-10-25T14:59:37","slug":"prie-dieu-double","status":"publish","type":"product","link":"https:\/\/www.gruppoliturgico.com\/fr\/produit\/prie-dieu-double\/","title":{"rendered":"prie-dieu double"},"content":{"rendered":"<html><body><p>Prie-Dieu pour mariages en style baroque.<br>\nEn bois de tilleul finement grav\u00e9 sur les c\u00f4t\u00e9s et \u00e0 la sculpture d\u2019une petite t\u00eate d\u2019ange.<br>\nRev\u00eatements en velours.<br>\nMod\u00e8le \u00e0 deux places.<br>\nDimensions cm 123 x 80 x 51<\/p>\n<\/body><\/html>","protected":false},"excerpt":{"rendered":"<p>Prie-Dieu pour mariages en style baroque.<br \/>\nEn bois de tilleul finement grav\u00e9 sur les c\u00f4t\u00e9s et \u00e0 la sculpture d&rsquo;une petite t\u00eate d&rsquo;ange.<br \/>\nRev\u00eatements en velours.<br \/>\nMod\u00e8le \u00e0 deux places.<br \/>\nDimensions cm 123 x 80 x 51<\/p>\n","protected":false},"featured_media":131597,"template":"","meta":[],"product_cat":[11744],"product_tag":[],"yoast_head":"<!-- This site is optimized with the Yoast SEO plugin v20.4 - https:\/\/yoast.com\/wordpress\/plugins\/seo\/ -->\n<title>prie-dieu double - ensembles de c\u00e9r\u00e9monie et Laboratorio Gruppo Liturgico<\/title>\n<meta name=\"description\" content=\"Prie-Dieu pour mariages en style baroque.  En bois de tilleul finement grav\u00e9 sur les c\u00f4t\u00e9s et \u00e0 la sculpture d&#039;une petite t\u00eate d&#039;ange.  Rev\u00eatements en velours.  Mod\u00e8le \u00e0 deux places.  Dimensions cm 123 x 80 x 51\" \/>\n<meta name=\"robots\" content=\"index, follow, max-snippet:-1, max-image-preview:large, max-video-preview:-1\" \/>\n<link rel=\"canonical\" href=\"https:\/\/www.gruppoliturgico.com\/fr\/produit\/prie-dieu-double\/\" \/>\n<meta property=\"og:locale\" content=\"fr_FR\" \/>\n<meta property=\"og:type\" content=\"article\" \/>\n<meta property=\"og:title\" content=\"prie-dieu double - ensembles de c\u00e9r\u00e9monie et Laboratorio Gruppo Liturgico\" \/>\n<meta property=\"og:description\" content=\"Prie-Dieu pour mariages en style baroque.  En bois de tilleul finement grav\u00e9 sur les c\u00f4t\u00e9s et \u00e0 la sculpture d&#039;une petite t\u00eate d&#039;ange.  Rev\u00eatements en velours.  Mod\u00e8le \u00e0 deux places.  Dimensions cm 123 x 80 x 51\" \/>\n<meta property=\"og:url\" content=\"https:\/\/www.gruppoliturgico.com\/fr\/produit\/prie-dieu-double\/\" \/>\n<meta property=\"og:site_name\" content=\"Laboratorio Gruppo Liturgico\" \/>\n<meta property=\"article:modified_time\" content=\"2022-10-25T14:59:37+00:00\" \/>\n<meta property=\"og:image\" content=\"https:\/\/www.gruppoliturgico.com\/wp-content\/uploads\/2022\/05\/86_0.jpg\" \/>\n\t<meta property=\"og:image:width\" content=\"1500\" \/>\n\t<meta property=\"og:image:height\" content=\"1232\" \/>\n\t<meta property=\"og:image:type\" content=\"image\/jpeg\" \/>\n<meta name=\"twitter:card\" content=\"summary_large_image\" \/>\n<script type=\"application\/ld+json\" class=\"yoast-schema-graph\">{\"@context\":\"https:\/\/schema.org\",\"@graph\":[{\"@type\":\"WebPage\",\"@id\":\"https:\/\/www.gruppoliturgico.com\/fr\/produit\/prie-dieu-double\/\",\"url\":\"https:\/\/www.gruppoliturgico.com\/fr\/produit\/prie-dieu-double\/\",\"name\":\"prie-dieu double - ensembles de c\u00e9r\u00e9monie et Laboratorio Gruppo Liturgico\",\"isPartOf\":{\"@id\":\"https:\/\/www.gruppoliturgico.com\/es\/#website\"},\"datePublished\":\"2022-05-19T21:30:19+00:00\",\"dateModified\":\"2022-10-25T14:59:37+00:00\",\"description\":\"Prie-Dieu pour mariages en style baroque. En bois de tilleul finement grav\u00e9 sur les c\u00f4t\u00e9s et \u00e0 la sculpture d'une petite t\u00eate d'ange. Rev\u00eatements en velours. Mod\u00e8le \u00e0 deux places. Dimensions cm 123 x 80 x 51\",\"breadcrumb\":{\"@id\":\"https:\/\/www.gruppoliturgico.com\/fr\/produit\/prie-dieu-double\/#breadcrumb\"},\"inLanguage\":\"fr-FR\",\"potentialAction\":[{\"@type\":\"ReadAction\",\"target\":[\"https:\/\/www.gruppoliturgico.com\/fr\/produit\/prie-dieu-double\/\"]}]},{\"@type\":\"BreadcrumbList\",\"@id\":\"https:\/\/www.gruppoliturgico.com\/fr\/produit\/prie-dieu-double\/#breadcrumb\",\"itemListElement\":[{\"@type\":\"ListItem\",\"position\":1,\"name\":\"Home\",\"item\":\"https:\/\/www.gruppoliturgico.com\/fr\/\"},{\"@type\":\"ListItem\",\"position\":2,\"name\":\"Boutique\",\"item\":\"https:\/\/www.gruppoliturgico.com\/fr\/boutique\/\"},{\"@type\":\"ListItem\",\"position\":3,\"name\":\"prie-dieu double\"}]},{\"@type\":\"WebSite\",\"@id\":\"https:\/\/www.gruppoliturgico.com\/es\/#website\",\"url\":\"https:\/\/www.gruppoliturgico.com\/es\/\",\"name\":\"Laboratorio Gruppo Liturgico\",\"description\":\"Articoli Religiosi online\",\"publisher\":{\"@id\":\"https:\/\/www.gruppoliturgico.com\/es\/#organization\"},\"potentialAction\":[{\"@type\":\"SearchAction\",\"target\":{\"@type\":\"EntryPoint\",\"urlTemplate\":\"https:\/\/www.gruppoliturgico.com\/es\/?s={search_term_string}\"},\"query-input\":\"required name=search_term_string\"}],\"inLanguage\":\"fr-FR\"},{\"@type\":\"Organization\",\"@id\":\"https:\/\/www.gruppoliturgico.com\/es\/#organization\",\"name\":\"Laboratorio Gruppo Liturgico\",\"url\":\"https:\/\/www.gruppoliturgico.com\/es\/\",\"logo\":{\"@type\":\"ImageObject\",\"inLanguage\":\"fr-FR\",\"@id\":\"https:\/\/www.gruppoliturgico.com\/es\/#\/schema\/logo\/image\/\",\"url\":\"https:\/\/www.gruppoliturgico.com\/wp-content\/uploads\/2022\/02\/logo-laboratoriogruppoliturgico.png\",\"contentUrl\":\"https:\/\/www.gruppoliturgico.com\/wp-content\/uploads\/2022\/02\/logo-laboratoriogruppoliturgico.png\",\"width\":400,\"height\":114,\"caption\":\"Laboratorio Gruppo Liturgico\"},\"image\":{\"@id\":\"https:\/\/www.gruppoliturgico.com\/es\/#\/schema\/logo\/image\/\"}}]}<\/script>\n<!-- \/ Yoast SEO plugin. -->","yoast_head_json":{"title":"prie-dieu double - ensembles de c\u00e9r\u00e9monie et Laboratorio Gruppo Liturgico","description":"Prie-Dieu pour mariages en style baroque.  En bois de tilleul finement grav\u00e9 sur les c\u00f4t\u00e9s et \u00e0 la sculpture d'une petite t\u00eate d'ange.  Rev\u00eatements en velours.  Mod\u00e8le \u00e0 deux places.  Dimensions cm 123 x 80 x 51","robots":{"index":"index","follow":"follow","max-snippet":"max-snippet:-1","max-image-preview":"max-image-preview:large","max-video-preview":"max-video-preview:-1"},"canonical":"https:\/\/www.gruppoliturgico.com\/fr\/produit\/prie-dieu-double\/","og_locale":"fr_FR","og_type":"article","og_title":"prie-dieu double - ensembles de c\u00e9r\u00e9monie et Laboratorio Gruppo Liturgico","og_description":"Prie-Dieu pour mariages en style baroque.  En bois de tilleul finement grav\u00e9 sur les c\u00f4t\u00e9s et \u00e0 la sculpture d'une petite t\u00eate d'ange.  Rev\u00eatements en velours.  Mod\u00e8le \u00e0 deux places.  Dimensions cm 123 x 80 x 51","og_url":"https:\/\/www.gruppoliturgico.com\/fr\/produit\/prie-dieu-double\/","og_site_name":"Laboratorio Gruppo Liturgico","article_modified_time":"2022-10-25T14:59:37+00:00","og_image":[{"width":1500,"height":1232,"url":"https:\/\/www.gruppoliturgico.com\/wp-content\/uploads\/2022\/05\/86_0.jpg","type":"image\/jpeg"}],"twitter_card":"summary_large_image","schema":{"@context":"https:\/\/schema.org","@graph":[{"@type":"WebPage","@id":"https:\/\/www.gruppoliturgico.com\/fr\/produit\/prie-dieu-double\/","url":"https:\/\/www.gruppoliturgico.com\/fr\/produit\/prie-dieu-double\/","name":"prie-dieu double - ensembles de c\u00e9r\u00e9monie et Laboratorio Gruppo Liturgico","isPartOf":{"@id":"https:\/\/www.gruppoliturgico.com\/es\/#website"},"datePublished":"2022-05-19T21:30:19+00:00","dateModified":"2022-10-25T14:59:37+00:00","description":"Prie-Dieu pour mariages en style baroque. En bois de tilleul finement grav\u00e9 sur les c\u00f4t\u00e9s et \u00e0 la sculpture d'une petite t\u00eate d'ange. Rev\u00eatements en velours. Mod\u00e8le \u00e0 deux places. Dimensions cm 123 x 80 x 51","breadcrumb":{"@id":"https:\/\/www.gruppoliturgico.com\/fr\/produit\/prie-dieu-double\/#breadcrumb"},"inLanguage":"fr-FR","potentialAction":[{"@type":"ReadAction","target":["https:\/\/www.gruppoliturgico.com\/fr\/produit\/prie-dieu-double\/"]}]},{"@type":"BreadcrumbList","@id":"https:\/\/www.gruppoliturgico.com\/fr\/produit\/prie-dieu-double\/#breadcrumb","itemListElement":[{"@type":"ListItem","position":1,"name":"Home","item":"https:\/\/www.gruppoliturgico.com\/fr\/"},{"@type":"ListItem","position":2,"name":"Boutique","item":"https:\/\/www.gruppoliturgico.com\/fr\/boutique\/"},{"@type":"ListItem","position":3,"name":"prie-dieu double"}]},{"@type":"WebSite","@id":"https:\/\/www.gruppoliturgico.com\/es\/#website","url":"https:\/\/www.gruppoliturgico.com\/es\/","name":"Laboratorio Gruppo Liturgico","description":"Articoli Religiosi online","publisher":{"@id":"https:\/\/www.gruppoliturgico.com\/es\/#organization"},"potentialAction":[{"@type":"SearchAction","target":{"@type":"EntryPoint","urlTemplate":"https:\/\/www.gruppoliturgico.com\/es\/?s={search_term_string}"},"query-input":"required name=search_term_string"}],"inLanguage":"fr-FR"},{"@type":"Organization","@id":"https:\/\/www.gruppoliturgico.com\/es\/#organization","name":"Laboratorio Gruppo Liturgico","url":"https:\/\/www.gruppoliturgico.com\/es\/","logo":{"@type":"ImageObject","inLanguage":"fr-FR","@id":"https:\/\/www.gruppoliturgico.com\/es\/#\/schema\/logo\/image\/","url":"https:\/\/www.gruppoliturgico.com\/wp-content\/uploads\/2022\/02\/logo-laboratoriogruppoliturgico.png","contentUrl":"https:\/\/www.gruppoliturgico.com\/wp-content\/uploads\/2022\/02\/logo-laboratoriogruppoliturgico.png","width":400,"height":114,"caption":"Laboratorio Gruppo Liturgico"},"image":{"@id":"https:\/\/www.gruppoliturgico.com\/es\/#\/schema\/logo\/image\/"}}]}},"_links":{"self":[{"href":"https:\/\/www.gruppoliturgico.com\/fr\/wp-json\/wp\/v2\/product\/63989"}],"collection":[{"href":"https:\/\/www.gruppoliturgico.com\/fr\/wp-json\/wp\/v2\/product"}],"about":[{"href":"https:\/\/www.gruppoliturgico.com\/fr\/wp-json\/wp\/v2\/types\/product"}],"wp:featuredmedia":[{"embeddable":true,"href":"https:\/\/www.gruppoliturgico.com\/fr\/wp-json\/wp\/v2\/media\/131597"}],"wp:attachment":[{"href":"https:\/\/www.gruppoliturgico.com\/fr\/wp-json\/wp\/v2\/media?parent=63989"}],"wp:term":[{"taxonomy":"product_cat","embeddable":true,"href":"https:\/\/www.gruppoliturgico.com\/fr\/wp-json\/wp\/v2\/product_cat?post=63989"},{"taxonomy":"product_tag","embeddable":true,"href":"https:\/\/www.gruppoliturgico.com\/fr\/wp-json\/wp\/v2\/product_tag?post=63989"}],"curies":[{"name":"wp","href":"https:\/\/api.w.org\/{rel}","templated":true}]}}