{"id":63985,"date":"2022-05-19T23:30:00","date_gmt":"2022-05-19T21:30:06","guid":{"rendered":"https:\/\/www.gruppoliturgico.com\/prodotto\/valise-chapelle\/"},"modified":"2023-04-15T17:35:14","modified_gmt":"2023-04-15T15:35:14","slug":"valise-chapelle","status":"publish","type":"product","link":"https:\/\/www.gruppoliturgico.com\/fr\/produit\/valise-chapelle\/","title":{"rendered":"valise chapelle"},"content":{"rendered":"<html><body><p>Valise chapelle en vrai cuir.<br>\nElle contient: autel avec amovible support pour croix et bougies, bougies \u00e9lectriques, calice, pat\u00e8ne pour calice, coupe pat\u00e8ne, bo\u00eete \u00e0 hosties en laiton dor\u00e9 avec \u00e9maux, asperges, croix, ampoule pour sacrament des malades, bouteilles d\u2019eau et de vin 30 ml, petite stole double face, set linges d\u2019autel.<br>\nBeaucoup d\u2019espace pour l\u2019 aube et \u00e9tole.<br>\nDimensions cm 46 x 35 x 12.<\/p>\n<\/body><\/html>","protected":false},"excerpt":{"rendered":"<p>Valise chapelle en vrai cuir.<br \/>\nElle contient: autel avec amovible support pour croix et bougies, bougies \u00e9lectriques, calice, pat\u00e8ne pour calice, coupe pat\u00e8ne, bo\u00eete \u00e0 hosties en laiton dor\u00e9 avec \u00e9maux, asperges, croix, ampoule pour sacrament des malades, bouteilles d&rsquo;eau et de vin 30 ml, petite stole double face, set linges d&rsquo;autel.<br \/>\nBeaucoup d&rsquo;espace pour l&rsquo; aube et \u00e9tole.<br \/>\nDimensions cm 46 x 35 x 12.<\/p>\n","protected":false},"featured_media":133234,"template":"","meta":[],"product_cat":[11716],"product_tag":[],"yoast_head":"<!-- This site is optimized with the Yoast SEO plugin v20.4 - https:\/\/yoast.com\/wordpress\/plugins\/seo\/ -->\n<title>valise chapelle - valises chapelle et Laboratorio Gruppo Liturgico<\/title>\n<meta name=\"description\" content=\"Valise chapelle en vrai cuir.  Elle contient: autel avec amovible support pour croix et bougies, bougies \u00e9lectriques, calice, pat\u00e8ne pour calice, coupe pat\u00e8ne, bo\u00eete \u00e0 hosties en laiton dor\u00e9 avec \u00e9maux, asperges, croix, ampoule pour sacrament des malades, bouteilles d&#039;eau et de vin 30 ml, petite stole double face, set linges d&#039;autel. Beaucoup d&#039;espace pour l&#039; aube et \u00e9tole.  Dimensions cm 46 x 35 x 12.\" \/>\n<meta name=\"robots\" content=\"index, follow, max-snippet:-1, max-image-preview:large, max-video-preview:-1\" \/>\n<link rel=\"canonical\" href=\"https:\/\/www.gruppoliturgico.com\/fr\/produit\/valise-chapelle\/\" \/>\n<meta property=\"og:locale\" content=\"fr_FR\" \/>\n<meta property=\"og:type\" content=\"article\" \/>\n<meta property=\"og:title\" content=\"valise chapelle - valises chapelle et Laboratorio Gruppo Liturgico\" \/>\n<meta property=\"og:description\" content=\"Valise chapelle en vrai cuir.  Elle contient: autel avec amovible support pour croix et bougies, bougies \u00e9lectriques, calice, pat\u00e8ne pour calice, coupe pat\u00e8ne, bo\u00eete \u00e0 hosties en laiton dor\u00e9 avec \u00e9maux, asperges, croix, ampoule pour sacrament des malades, bouteilles d&#039;eau et de vin 30 ml, petite stole double face, set linges d&#039;autel. Beaucoup d&#039;espace pour l&#039; aube et \u00e9tole.  Dimensions cm 46 x 35 x 12.\" \/>\n<meta property=\"og:url\" content=\"https:\/\/www.gruppoliturgico.com\/fr\/produit\/valise-chapelle\/\" \/>\n<meta property=\"og:site_name\" content=\"Laboratorio Gruppo Liturgico\" \/>\n<meta property=\"article:modified_time\" content=\"2023-04-15T15:35:14+00:00\" \/>\n<meta property=\"og:image\" content=\"https:\/\/www.gruppoliturgico.com\/wp-content\/uploads\/2022\/05\/210_1.jpg\" \/>\n\t<meta property=\"og:image:width\" content=\"1367\" \/>\n\t<meta property=\"og:image:height\" content=\"1500\" \/>\n\t<meta property=\"og:image:type\" content=\"image\/jpeg\" \/>\n<meta name=\"twitter:card\" content=\"summary_large_image\" \/>\n<script type=\"application\/ld+json\" class=\"yoast-schema-graph\">{\"@context\":\"https:\/\/schema.org\",\"@graph\":[{\"@type\":\"WebPage\",\"@id\":\"https:\/\/www.gruppoliturgico.com\/fr\/produit\/valise-chapelle\/\",\"url\":\"https:\/\/www.gruppoliturgico.com\/fr\/produit\/valise-chapelle\/\",\"name\":\"valise chapelle - valises chapelle et Laboratorio Gruppo Liturgico\",\"isPartOf\":{\"@id\":\"https:\/\/www.gruppoliturgico.com\/es\/#website\"},\"datePublished\":\"2022-05-19T21:30:06+00:00\",\"dateModified\":\"2023-04-15T15:35:14+00:00\",\"description\":\"Valise chapelle en vrai cuir. Elle contient: autel avec amovible support pour croix et bougies, bougies \u00e9lectriques, calice, pat\u00e8ne pour calice, coupe pat\u00e8ne, bo\u00eete \u00e0 hosties en laiton dor\u00e9 avec \u00e9maux, asperges, croix, ampoule pour sacrament des malades, bouteilles d'eau et de vin 30 ml, petite stole double face, set linges d'autel. Beaucoup d'espace pour l' aube et \u00e9tole. Dimensions cm 46 x 35 x 12.\",\"breadcrumb\":{\"@id\":\"https:\/\/www.gruppoliturgico.com\/fr\/produit\/valise-chapelle\/#breadcrumb\"},\"inLanguage\":\"fr-FR\",\"potentialAction\":[{\"@type\":\"ReadAction\",\"target\":[\"https:\/\/www.gruppoliturgico.com\/fr\/produit\/valise-chapelle\/\"]}]},{\"@type\":\"BreadcrumbList\",\"@id\":\"https:\/\/www.gruppoliturgico.com\/fr\/produit\/valise-chapelle\/#breadcrumb\",\"itemListElement\":[{\"@type\":\"ListItem\",\"position\":1,\"name\":\"Home\",\"item\":\"https:\/\/www.gruppoliturgico.com\/fr\/\"},{\"@type\":\"ListItem\",\"position\":2,\"name\":\"Boutique\",\"item\":\"https:\/\/www.gruppoliturgico.com\/fr\/boutique\/\"},{\"@type\":\"ListItem\",\"position\":3,\"name\":\"valise chapelle\"}]},{\"@type\":\"WebSite\",\"@id\":\"https:\/\/www.gruppoliturgico.com\/es\/#website\",\"url\":\"https:\/\/www.gruppoliturgico.com\/es\/\",\"name\":\"Laboratorio Gruppo Liturgico\",\"description\":\"Articoli Religiosi online\",\"publisher\":{\"@id\":\"https:\/\/www.gruppoliturgico.com\/es\/#organization\"},\"potentialAction\":[{\"@type\":\"SearchAction\",\"target\":{\"@type\":\"EntryPoint\",\"urlTemplate\":\"https:\/\/www.gruppoliturgico.com\/es\/?s={search_term_string}\"},\"query-input\":\"required name=search_term_string\"}],\"inLanguage\":\"fr-FR\"},{\"@type\":\"Organization\",\"@id\":\"https:\/\/www.gruppoliturgico.com\/es\/#organization\",\"name\":\"Laboratorio Gruppo Liturgico\",\"url\":\"https:\/\/www.gruppoliturgico.com\/es\/\",\"logo\":{\"@type\":\"ImageObject\",\"inLanguage\":\"fr-FR\",\"@id\":\"https:\/\/www.gruppoliturgico.com\/es\/#\/schema\/logo\/image\/\",\"url\":\"https:\/\/www.gruppoliturgico.com\/wp-content\/uploads\/2022\/02\/logo-laboratoriogruppoliturgico.png\",\"contentUrl\":\"https:\/\/www.gruppoliturgico.com\/wp-content\/uploads\/2022\/02\/logo-laboratoriogruppoliturgico.png\",\"width\":400,\"height\":114,\"caption\":\"Laboratorio Gruppo Liturgico\"},\"image\":{\"@id\":\"https:\/\/www.gruppoliturgico.com\/es\/#\/schema\/logo\/image\/\"}}]}<\/script>\n<!-- \/ Yoast SEO plugin. -->","yoast_head_json":{"title":"valise chapelle - valises chapelle et Laboratorio Gruppo Liturgico","description":"Valise chapelle en vrai cuir.  Elle contient: autel avec amovible support pour croix et bougies, bougies \u00e9lectriques, calice, pat\u00e8ne pour calice, coupe pat\u00e8ne, bo\u00eete \u00e0 hosties en laiton dor\u00e9 avec \u00e9maux, asperges, croix, ampoule pour sacrament des malades, bouteilles d'eau et de vin 30 ml, petite stole double face, set linges d'autel. Beaucoup d'espace pour l' aube et \u00e9tole.  Dimensions cm 46 x 35 x 12.","robots":{"index":"index","follow":"follow","max-snippet":"max-snippet:-1","max-image-preview":"max-image-preview:large","max-video-preview":"max-video-preview:-1"},"canonical":"https:\/\/www.gruppoliturgico.com\/fr\/produit\/valise-chapelle\/","og_locale":"fr_FR","og_type":"article","og_title":"valise chapelle - valises chapelle et Laboratorio Gruppo Liturgico","og_description":"Valise chapelle en vrai cuir.  Elle contient: autel avec amovible support pour croix et bougies, bougies \u00e9lectriques, calice, pat\u00e8ne pour calice, coupe pat\u00e8ne, bo\u00eete \u00e0 hosties en laiton dor\u00e9 avec \u00e9maux, asperges, croix, ampoule pour sacrament des malades, bouteilles d'eau et de vin 30 ml, petite stole double face, set linges d'autel. Beaucoup d'espace pour l' aube et \u00e9tole.  Dimensions cm 46 x 35 x 12.","og_url":"https:\/\/www.gruppoliturgico.com\/fr\/produit\/valise-chapelle\/","og_site_name":"Laboratorio Gruppo Liturgico","article_modified_time":"2023-04-15T15:35:14+00:00","og_image":[{"width":1367,"height":1500,"url":"https:\/\/www.gruppoliturgico.com\/wp-content\/uploads\/2022\/05\/210_1.jpg","type":"image\/jpeg"}],"twitter_card":"summary_large_image","schema":{"@context":"https:\/\/schema.org","@graph":[{"@type":"WebPage","@id":"https:\/\/www.gruppoliturgico.com\/fr\/produit\/valise-chapelle\/","url":"https:\/\/www.gruppoliturgico.com\/fr\/produit\/valise-chapelle\/","name":"valise chapelle - valises chapelle et Laboratorio Gruppo Liturgico","isPartOf":{"@id":"https:\/\/www.gruppoliturgico.com\/es\/#website"},"datePublished":"2022-05-19T21:30:06+00:00","dateModified":"2023-04-15T15:35:14+00:00","description":"Valise chapelle en vrai cuir. Elle contient: autel avec amovible support pour croix et bougies, bougies \u00e9lectriques, calice, pat\u00e8ne pour calice, coupe pat\u00e8ne, bo\u00eete \u00e0 hosties en laiton dor\u00e9 avec \u00e9maux, asperges, croix, ampoule pour sacrament des malades, bouteilles d'eau et de vin 30 ml, petite stole double face, set linges d'autel. Beaucoup d'espace pour l' aube et \u00e9tole. Dimensions cm 46 x 35 x 12.","breadcrumb":{"@id":"https:\/\/www.gruppoliturgico.com\/fr\/produit\/valise-chapelle\/#breadcrumb"},"inLanguage":"fr-FR","potentialAction":[{"@type":"ReadAction","target":["https:\/\/www.gruppoliturgico.com\/fr\/produit\/valise-chapelle\/"]}]},{"@type":"BreadcrumbList","@id":"https:\/\/www.gruppoliturgico.com\/fr\/produit\/valise-chapelle\/#breadcrumb","itemListElement":[{"@type":"ListItem","position":1,"name":"Home","item":"https:\/\/www.gruppoliturgico.com\/fr\/"},{"@type":"ListItem","position":2,"name":"Boutique","item":"https:\/\/www.gruppoliturgico.com\/fr\/boutique\/"},{"@type":"ListItem","position":3,"name":"valise chapelle"}]},{"@type":"WebSite","@id":"https:\/\/www.gruppoliturgico.com\/es\/#website","url":"https:\/\/www.gruppoliturgico.com\/es\/","name":"Laboratorio Gruppo Liturgico","description":"Articoli Religiosi online","publisher":{"@id":"https:\/\/www.gruppoliturgico.com\/es\/#organization"},"potentialAction":[{"@type":"SearchAction","target":{"@type":"EntryPoint","urlTemplate":"https:\/\/www.gruppoliturgico.com\/es\/?s={search_term_string}"},"query-input":"required name=search_term_string"}],"inLanguage":"fr-FR"},{"@type":"Organization","@id":"https:\/\/www.gruppoliturgico.com\/es\/#organization","name":"Laboratorio Gruppo Liturgico","url":"https:\/\/www.gruppoliturgico.com\/es\/","logo":{"@type":"ImageObject","inLanguage":"fr-FR","@id":"https:\/\/www.gruppoliturgico.com\/es\/#\/schema\/logo\/image\/","url":"https:\/\/www.gruppoliturgico.com\/wp-content\/uploads\/2022\/02\/logo-laboratoriogruppoliturgico.png","contentUrl":"https:\/\/www.gruppoliturgico.com\/wp-content\/uploads\/2022\/02\/logo-laboratoriogruppoliturgico.png","width":400,"height":114,"caption":"Laboratorio Gruppo Liturgico"},"image":{"@id":"https:\/\/www.gruppoliturgico.com\/es\/#\/schema\/logo\/image\/"}}]}},"_links":{"self":[{"href":"https:\/\/www.gruppoliturgico.com\/fr\/wp-json\/wp\/v2\/product\/63985"}],"collection":[{"href":"https:\/\/www.gruppoliturgico.com\/fr\/wp-json\/wp\/v2\/product"}],"about":[{"href":"https:\/\/www.gruppoliturgico.com\/fr\/wp-json\/wp\/v2\/types\/product"}],"wp:featuredmedia":[{"embeddable":true,"href":"https:\/\/www.gruppoliturgico.com\/fr\/wp-json\/wp\/v2\/media\/133234"}],"wp:attachment":[{"href":"https:\/\/www.gruppoliturgico.com\/fr\/wp-json\/wp\/v2\/media?parent=63985"}],"wp:term":[{"taxonomy":"product_cat","embeddable":true,"href":"https:\/\/www.gruppoliturgico.com\/fr\/wp-json\/wp\/v2\/product_cat?post=63985"},{"taxonomy":"product_tag","embeddable":true,"href":"https:\/\/www.gruppoliturgico.com\/fr\/wp-json\/wp\/v2\/product_tag?post=63985"}],"curies":[{"name":"wp","href":"https:\/\/api.w.org\/{rel}","templated":true}]}}