{"id":63929,"date":"2022-05-19T23:27:40","date_gmt":"2022-05-19T21:27:46","guid":{"rendered":"https:\/\/www.gruppoliturgico.com\/prodotto\/aube-11\/"},"modified":"2022-09-14T15:54:56","modified_gmt":"2022-09-14T13:54:56","slug":"aube-11","status":"publish","type":"product","link":"https:\/\/www.gruppoliturgico.com\/fr\/produit\/aube-11\/","title":{"rendered":"aube"},"content":{"rendered":"<html><body><p>Aube confectionn\u00e9e en tissu m\u00e9lang\u00e9 de lin avec broderie au m\u00e9tier ex\u00e9cut\u00e9e directement dans le tissu.<br>\nUne d\u00e9licate et soign\u00e9e broderie en blanc, avec des parties dor\u00e9es pour mettre en \u00e9vidence les d\u00e9tails de la petite croix et des ornements.<br>\nL\u2019aube est disponible avec un col montant pour le porter sans amict ou avec encolure carr\u00e9e.<\/p>\n<\/body><\/html>","protected":false},"excerpt":{"rendered":"<p>Aube confectionn\u00e9e en tissu m\u00e9lang\u00e9 de lin avec broderie au m\u00e9tier ex\u00e9cut\u00e9e directement dans le tissu.<br \/>\nUne d\u00e9licate et soign\u00e9e broderie en blanc, avec des parties dor\u00e9es pour mettre en \u00e9vidence les d\u00e9tails de la petite croix et des ornements.<br \/>\nL&rsquo;aube est disponible avec un col montant pour le porter sans amict ou avec encolure carr\u00e9e <\/p>\n","protected":false},"featured_media":130029,"template":"","meta":[],"product_cat":[12224],"product_tag":[],"yoast_head":"<!-- This site is optimized with the Yoast SEO plugin v20.4 - https:\/\/yoast.com\/wordpress\/plugins\/seo\/ -->\n<title>aube - Aubes et Laboratorio Gruppo Liturgico<\/title>\n<meta name=\"description\" content=\"Aube confectionn\u00e9e en tissu m\u00e9lang\u00e9 de lin avec broderie au m\u00e9tier ex\u00e9cut\u00e9e directement dans le tissu.  Une d\u00e9licate et soign\u00e9e broderie en blanc, avec des parties dor\u00e9es pour mettre en \u00e9vidence les d\u00e9tails de la petite croix et des ornements.  L&#039;aube est disponible avec un col montant pour le porter sans amict ou avec encolure carr\u00e9e\" \/>\n<meta name=\"robots\" content=\"index, follow, max-snippet:-1, max-image-preview:large, max-video-preview:-1\" \/>\n<link rel=\"canonical\" href=\"https:\/\/www.gruppoliturgico.com\/fr\/produit\/aube-11\/\" \/>\n<meta property=\"og:locale\" content=\"fr_FR\" \/>\n<meta property=\"og:type\" content=\"article\" \/>\n<meta property=\"og:title\" content=\"aube - Aubes et Laboratorio Gruppo Liturgico\" \/>\n<meta property=\"og:description\" content=\"Aube confectionn\u00e9e en tissu m\u00e9lang\u00e9 de lin avec broderie au m\u00e9tier ex\u00e9cut\u00e9e directement dans le tissu.  Une d\u00e9licate et soign\u00e9e broderie en blanc, avec des parties dor\u00e9es pour mettre en \u00e9vidence les d\u00e9tails de la petite croix et des ornements.  L&#039;aube est disponible avec un col montant pour le porter sans amict ou avec encolure carr\u00e9e\" \/>\n<meta property=\"og:url\" content=\"https:\/\/www.gruppoliturgico.com\/fr\/produit\/aube-11\/\" \/>\n<meta property=\"og:site_name\" content=\"Laboratorio Gruppo Liturgico\" \/>\n<meta property=\"article:modified_time\" content=\"2022-09-14T13:54:56+00:00\" \/>\n<meta property=\"og:image\" content=\"https:\/\/www.gruppoliturgico.com\/wp-content\/uploads\/2022\/05\/316.jpg\" \/>\n\t<meta property=\"og:image:width\" content=\"581\" \/>\n\t<meta property=\"og:image:height\" content=\"1500\" \/>\n\t<meta property=\"og:image:type\" content=\"image\/jpeg\" \/>\n<meta name=\"twitter:card\" content=\"summary_large_image\" \/>\n<script type=\"application\/ld+json\" class=\"yoast-schema-graph\">{\"@context\":\"https:\/\/schema.org\",\"@graph\":[{\"@type\":\"WebPage\",\"@id\":\"https:\/\/www.gruppoliturgico.com\/fr\/produit\/aube-11\/\",\"url\":\"https:\/\/www.gruppoliturgico.com\/fr\/produit\/aube-11\/\",\"name\":\"aube - Aubes et Laboratorio Gruppo Liturgico\",\"isPartOf\":{\"@id\":\"https:\/\/www.gruppoliturgico.com\/es\/#website\"},\"datePublished\":\"2022-05-19T21:27:46+00:00\",\"dateModified\":\"2022-09-14T13:54:56+00:00\",\"description\":\"Aube confectionn\u00e9e en tissu m\u00e9lang\u00e9 de lin avec broderie au m\u00e9tier ex\u00e9cut\u00e9e directement dans le tissu. Une d\u00e9licate et soign\u00e9e broderie en blanc, avec des parties dor\u00e9es pour mettre en \u00e9vidence les d\u00e9tails de la petite croix et des ornements. L'aube est disponible avec un col montant pour le porter sans amict ou avec encolure carr\u00e9e\",\"breadcrumb\":{\"@id\":\"https:\/\/www.gruppoliturgico.com\/fr\/produit\/aube-11\/#breadcrumb\"},\"inLanguage\":\"fr-FR\",\"potentialAction\":[{\"@type\":\"ReadAction\",\"target\":[\"https:\/\/www.gruppoliturgico.com\/fr\/produit\/aube-11\/\"]}]},{\"@type\":\"BreadcrumbList\",\"@id\":\"https:\/\/www.gruppoliturgico.com\/fr\/produit\/aube-11\/#breadcrumb\",\"itemListElement\":[{\"@type\":\"ListItem\",\"position\":1,\"name\":\"Home\",\"item\":\"https:\/\/www.gruppoliturgico.com\/fr\/\"},{\"@type\":\"ListItem\",\"position\":2,\"name\":\"Boutique\",\"item\":\"https:\/\/www.gruppoliturgico.com\/fr\/boutique\/\"},{\"@type\":\"ListItem\",\"position\":3,\"name\":\"aube\"}]},{\"@type\":\"WebSite\",\"@id\":\"https:\/\/www.gruppoliturgico.com\/es\/#website\",\"url\":\"https:\/\/www.gruppoliturgico.com\/es\/\",\"name\":\"Laboratorio Gruppo Liturgico\",\"description\":\"Articoli Religiosi online\",\"publisher\":{\"@id\":\"https:\/\/www.gruppoliturgico.com\/es\/#organization\"},\"potentialAction\":[{\"@type\":\"SearchAction\",\"target\":{\"@type\":\"EntryPoint\",\"urlTemplate\":\"https:\/\/www.gruppoliturgico.com\/es\/?s={search_term_string}\"},\"query-input\":\"required name=search_term_string\"}],\"inLanguage\":\"fr-FR\"},{\"@type\":\"Organization\",\"@id\":\"https:\/\/www.gruppoliturgico.com\/es\/#organization\",\"name\":\"Laboratorio Gruppo Liturgico\",\"url\":\"https:\/\/www.gruppoliturgico.com\/es\/\",\"logo\":{\"@type\":\"ImageObject\",\"inLanguage\":\"fr-FR\",\"@id\":\"https:\/\/www.gruppoliturgico.com\/es\/#\/schema\/logo\/image\/\",\"url\":\"https:\/\/www.gruppoliturgico.com\/wp-content\/uploads\/2022\/02\/logo-laboratoriogruppoliturgico.png\",\"contentUrl\":\"https:\/\/www.gruppoliturgico.com\/wp-content\/uploads\/2022\/02\/logo-laboratoriogruppoliturgico.png\",\"width\":400,\"height\":114,\"caption\":\"Laboratorio Gruppo Liturgico\"},\"image\":{\"@id\":\"https:\/\/www.gruppoliturgico.com\/es\/#\/schema\/logo\/image\/\"}}]}<\/script>\n<!-- \/ Yoast SEO plugin. -->","yoast_head_json":{"title":"aube - Aubes et Laboratorio Gruppo Liturgico","description":"Aube confectionn\u00e9e en tissu m\u00e9lang\u00e9 de lin avec broderie au m\u00e9tier ex\u00e9cut\u00e9e directement dans le tissu.  Une d\u00e9licate et soign\u00e9e broderie en blanc, avec des parties dor\u00e9es pour mettre en \u00e9vidence les d\u00e9tails de la petite croix et des ornements.  L'aube est disponible avec un col montant pour le porter sans amict ou avec encolure carr\u00e9e","robots":{"index":"index","follow":"follow","max-snippet":"max-snippet:-1","max-image-preview":"max-image-preview:large","max-video-preview":"max-video-preview:-1"},"canonical":"https:\/\/www.gruppoliturgico.com\/fr\/produit\/aube-11\/","og_locale":"fr_FR","og_type":"article","og_title":"aube - Aubes et Laboratorio Gruppo Liturgico","og_description":"Aube confectionn\u00e9e en tissu m\u00e9lang\u00e9 de lin avec broderie au m\u00e9tier ex\u00e9cut\u00e9e directement dans le tissu.  Une d\u00e9licate et soign\u00e9e broderie en blanc, avec des parties dor\u00e9es pour mettre en \u00e9vidence les d\u00e9tails de la petite croix et des ornements.  L'aube est disponible avec un col montant pour le porter sans amict ou avec encolure carr\u00e9e","og_url":"https:\/\/www.gruppoliturgico.com\/fr\/produit\/aube-11\/","og_site_name":"Laboratorio Gruppo Liturgico","article_modified_time":"2022-09-14T13:54:56+00:00","og_image":[{"width":581,"height":1500,"url":"https:\/\/www.gruppoliturgico.com\/wp-content\/uploads\/2022\/05\/316.jpg","type":"image\/jpeg"}],"twitter_card":"summary_large_image","schema":{"@context":"https:\/\/schema.org","@graph":[{"@type":"WebPage","@id":"https:\/\/www.gruppoliturgico.com\/fr\/produit\/aube-11\/","url":"https:\/\/www.gruppoliturgico.com\/fr\/produit\/aube-11\/","name":"aube - Aubes et Laboratorio Gruppo Liturgico","isPartOf":{"@id":"https:\/\/www.gruppoliturgico.com\/es\/#website"},"datePublished":"2022-05-19T21:27:46+00:00","dateModified":"2022-09-14T13:54:56+00:00","description":"Aube confectionn\u00e9e en tissu m\u00e9lang\u00e9 de lin avec broderie au m\u00e9tier ex\u00e9cut\u00e9e directement dans le tissu. Une d\u00e9licate et soign\u00e9e broderie en blanc, avec des parties dor\u00e9es pour mettre en \u00e9vidence les d\u00e9tails de la petite croix et des ornements. L'aube est disponible avec un col montant pour le porter sans amict ou avec encolure carr\u00e9e","breadcrumb":{"@id":"https:\/\/www.gruppoliturgico.com\/fr\/produit\/aube-11\/#breadcrumb"},"inLanguage":"fr-FR","potentialAction":[{"@type":"ReadAction","target":["https:\/\/www.gruppoliturgico.com\/fr\/produit\/aube-11\/"]}]},{"@type":"BreadcrumbList","@id":"https:\/\/www.gruppoliturgico.com\/fr\/produit\/aube-11\/#breadcrumb","itemListElement":[{"@type":"ListItem","position":1,"name":"Home","item":"https:\/\/www.gruppoliturgico.com\/fr\/"},{"@type":"ListItem","position":2,"name":"Boutique","item":"https:\/\/www.gruppoliturgico.com\/fr\/boutique\/"},{"@type":"ListItem","position":3,"name":"aube"}]},{"@type":"WebSite","@id":"https:\/\/www.gruppoliturgico.com\/es\/#website","url":"https:\/\/www.gruppoliturgico.com\/es\/","name":"Laboratorio Gruppo Liturgico","description":"Articoli Religiosi online","publisher":{"@id":"https:\/\/www.gruppoliturgico.com\/es\/#organization"},"potentialAction":[{"@type":"SearchAction","target":{"@type":"EntryPoint","urlTemplate":"https:\/\/www.gruppoliturgico.com\/es\/?s={search_term_string}"},"query-input":"required name=search_term_string"}],"inLanguage":"fr-FR"},{"@type":"Organization","@id":"https:\/\/www.gruppoliturgico.com\/es\/#organization","name":"Laboratorio Gruppo Liturgico","url":"https:\/\/www.gruppoliturgico.com\/es\/","logo":{"@type":"ImageObject","inLanguage":"fr-FR","@id":"https:\/\/www.gruppoliturgico.com\/es\/#\/schema\/logo\/image\/","url":"https:\/\/www.gruppoliturgico.com\/wp-content\/uploads\/2022\/02\/logo-laboratoriogruppoliturgico.png","contentUrl":"https:\/\/www.gruppoliturgico.com\/wp-content\/uploads\/2022\/02\/logo-laboratoriogruppoliturgico.png","width":400,"height":114,"caption":"Laboratorio Gruppo Liturgico"},"image":{"@id":"https:\/\/www.gruppoliturgico.com\/es\/#\/schema\/logo\/image\/"}}]}},"_links":{"self":[{"href":"https:\/\/www.gruppoliturgico.com\/fr\/wp-json\/wp\/v2\/product\/63929"}],"collection":[{"href":"https:\/\/www.gruppoliturgico.com\/fr\/wp-json\/wp\/v2\/product"}],"about":[{"href":"https:\/\/www.gruppoliturgico.com\/fr\/wp-json\/wp\/v2\/types\/product"}],"wp:featuredmedia":[{"embeddable":true,"href":"https:\/\/www.gruppoliturgico.com\/fr\/wp-json\/wp\/v2\/media\/130029"}],"wp:attachment":[{"href":"https:\/\/www.gruppoliturgico.com\/fr\/wp-json\/wp\/v2\/media?parent=63929"}],"wp:term":[{"taxonomy":"product_cat","embeddable":true,"href":"https:\/\/www.gruppoliturgico.com\/fr\/wp-json\/wp\/v2\/product_cat?post=63929"},{"taxonomy":"product_tag","embeddable":true,"href":"https:\/\/www.gruppoliturgico.com\/fr\/wp-json\/wp\/v2\/product_tag?post=63929"}],"curies":[{"name":"wp","href":"https:\/\/api.w.org\/{rel}","templated":true}]}}