{"id":63905,"date":"2022-05-19T23:26:36","date_gmt":"2022-05-19T21:26:41","guid":{"rendered":"https:\/\/www.gruppoliturgico.com\/prodotto\/aube-7\/"},"modified":"2022-09-14T15:40:38","modified_gmt":"2022-09-14T13:40:38","slug":"aube-7","status":"publish","type":"product","link":"https:\/\/www.gruppoliturgico.com\/fr\/produit\/aube-7\/","title":{"rendered":"aube"},"content":{"rendered":"<html><body><p>Aube confectionn\u00e9e en tissu laine et tergal tr\u00e8s l\u00e9ger.<br>\nUne double broderie ajour\u00e9e \u00e0 \u00ab\u00a0gigliuccio\u00a0\u00bb pr\u00e9sente sur la bordure et sur les manches.<br>\nL\u2019aube est disponible avec un col montant pour le porter sans amict ou avec encolure carr\u00e9e. <\/p>\n<\/body><\/html>","protected":false},"excerpt":{"rendered":"<p>Aube confectionn\u00e9e en tissu laine et tergal tr\u00e8s l\u00e9ger.<br \/>\nUne double broderie ajour\u00e9e \u00e0 \u00ab\u00a0gigliuccio\u00a0\u00bb pr\u00e9sente sur la bordure et sur les manches.<br \/>\nL&rsquo;aube est disponible avec un col montant pour le porter sans amict ou avec encolure carr\u00e9e.<\/p>\n","protected":false},"featured_media":129961,"template":"","meta":[],"product_cat":[12224],"product_tag":[],"yoast_head":"<!-- This site is optimized with the Yoast SEO plugin v20.4 - https:\/\/yoast.com\/wordpress\/plugins\/seo\/ -->\n<title>aube - Aubes et Laboratorio Gruppo Liturgico<\/title>\n<meta name=\"description\" content=\"Aube confectionn\u00e9e en tissu laine et tergal tr\u00e8s l\u00e9ger. Une double broderie ajour\u00e9e \u00e0 &quot;gigliuccio&quot; pr\u00e9sente sur la bordure et sur les manches. L&#039;aube est disponible avec un col montant pour le porter sans amict ou avec encolure carr\u00e9e.\" \/>\n<meta name=\"robots\" content=\"index, follow, max-snippet:-1, max-image-preview:large, max-video-preview:-1\" \/>\n<link rel=\"canonical\" href=\"https:\/\/www.gruppoliturgico.com\/fr\/produit\/aube-7\/\" \/>\n<meta property=\"og:locale\" content=\"fr_FR\" \/>\n<meta property=\"og:type\" content=\"article\" \/>\n<meta property=\"og:title\" content=\"aube - Aubes et Laboratorio Gruppo Liturgico\" \/>\n<meta property=\"og:description\" content=\"Aube confectionn\u00e9e en tissu laine et tergal tr\u00e8s l\u00e9ger. Une double broderie ajour\u00e9e \u00e0 &quot;gigliuccio&quot; pr\u00e9sente sur la bordure et sur les manches. L&#039;aube est disponible avec un col montant pour le porter sans amict ou avec encolure carr\u00e9e.\" \/>\n<meta property=\"og:url\" content=\"https:\/\/www.gruppoliturgico.com\/fr\/produit\/aube-7\/\" \/>\n<meta property=\"og:site_name\" content=\"Laboratorio Gruppo Liturgico\" \/>\n<meta property=\"article:modified_time\" content=\"2022-09-14T13:40:38+00:00\" \/>\n<meta property=\"og:image\" content=\"https:\/\/www.gruppoliturgico.com\/wp-content\/uploads\/2022\/05\/2165_0.jpg\" \/>\n\t<meta property=\"og:image:width\" content=\"867\" \/>\n\t<meta property=\"og:image:height\" content=\"1500\" \/>\n\t<meta property=\"og:image:type\" content=\"image\/jpeg\" \/>\n<meta name=\"twitter:card\" content=\"summary_large_image\" \/>\n<script type=\"application\/ld+json\" class=\"yoast-schema-graph\">{\"@context\":\"https:\/\/schema.org\",\"@graph\":[{\"@type\":\"WebPage\",\"@id\":\"https:\/\/www.gruppoliturgico.com\/fr\/produit\/aube-7\/\",\"url\":\"https:\/\/www.gruppoliturgico.com\/fr\/produit\/aube-7\/\",\"name\":\"aube - Aubes et Laboratorio Gruppo Liturgico\",\"isPartOf\":{\"@id\":\"https:\/\/www.gruppoliturgico.com\/es\/#website\"},\"datePublished\":\"2022-05-19T21:26:41+00:00\",\"dateModified\":\"2022-09-14T13:40:38+00:00\",\"description\":\"Aube confectionn\u00e9e en tissu laine et tergal tr\u00e8s l\u00e9ger. Une double broderie ajour\u00e9e \u00e0 \\\"gigliuccio\\\" pr\u00e9sente sur la bordure et sur les manches. L'aube est disponible avec un col montant pour le porter sans amict ou avec encolure carr\u00e9e.\",\"breadcrumb\":{\"@id\":\"https:\/\/www.gruppoliturgico.com\/fr\/produit\/aube-7\/#breadcrumb\"},\"inLanguage\":\"fr-FR\",\"potentialAction\":[{\"@type\":\"ReadAction\",\"target\":[\"https:\/\/www.gruppoliturgico.com\/fr\/produit\/aube-7\/\"]}]},{\"@type\":\"BreadcrumbList\",\"@id\":\"https:\/\/www.gruppoliturgico.com\/fr\/produit\/aube-7\/#breadcrumb\",\"itemListElement\":[{\"@type\":\"ListItem\",\"position\":1,\"name\":\"Home\",\"item\":\"https:\/\/www.gruppoliturgico.com\/fr\/\"},{\"@type\":\"ListItem\",\"position\":2,\"name\":\"Boutique\",\"item\":\"https:\/\/www.gruppoliturgico.com\/fr\/boutique\/\"},{\"@type\":\"ListItem\",\"position\":3,\"name\":\"aube\"}]},{\"@type\":\"WebSite\",\"@id\":\"https:\/\/www.gruppoliturgico.com\/es\/#website\",\"url\":\"https:\/\/www.gruppoliturgico.com\/es\/\",\"name\":\"Laboratorio Gruppo Liturgico\",\"description\":\"Articoli Religiosi online\",\"publisher\":{\"@id\":\"https:\/\/www.gruppoliturgico.com\/es\/#organization\"},\"potentialAction\":[{\"@type\":\"SearchAction\",\"target\":{\"@type\":\"EntryPoint\",\"urlTemplate\":\"https:\/\/www.gruppoliturgico.com\/es\/?s={search_term_string}\"},\"query-input\":\"required name=search_term_string\"}],\"inLanguage\":\"fr-FR\"},{\"@type\":\"Organization\",\"@id\":\"https:\/\/www.gruppoliturgico.com\/es\/#organization\",\"name\":\"Laboratorio Gruppo Liturgico\",\"url\":\"https:\/\/www.gruppoliturgico.com\/es\/\",\"logo\":{\"@type\":\"ImageObject\",\"inLanguage\":\"fr-FR\",\"@id\":\"https:\/\/www.gruppoliturgico.com\/es\/#\/schema\/logo\/image\/\",\"url\":\"https:\/\/www.gruppoliturgico.com\/wp-content\/uploads\/2022\/02\/logo-laboratoriogruppoliturgico.png\",\"contentUrl\":\"https:\/\/www.gruppoliturgico.com\/wp-content\/uploads\/2022\/02\/logo-laboratoriogruppoliturgico.png\",\"width\":400,\"height\":114,\"caption\":\"Laboratorio Gruppo Liturgico\"},\"image\":{\"@id\":\"https:\/\/www.gruppoliturgico.com\/es\/#\/schema\/logo\/image\/\"}}]}<\/script>\n<!-- \/ Yoast SEO plugin. -->","yoast_head_json":{"title":"aube - Aubes et Laboratorio Gruppo Liturgico","description":"Aube confectionn\u00e9e en tissu laine et tergal tr\u00e8s l\u00e9ger. Une double broderie ajour\u00e9e \u00e0 \"gigliuccio\" pr\u00e9sente sur la bordure et sur les manches. L'aube est disponible avec un col montant pour le porter sans amict ou avec encolure carr\u00e9e.","robots":{"index":"index","follow":"follow","max-snippet":"max-snippet:-1","max-image-preview":"max-image-preview:large","max-video-preview":"max-video-preview:-1"},"canonical":"https:\/\/www.gruppoliturgico.com\/fr\/produit\/aube-7\/","og_locale":"fr_FR","og_type":"article","og_title":"aube - Aubes et Laboratorio Gruppo Liturgico","og_description":"Aube confectionn\u00e9e en tissu laine et tergal tr\u00e8s l\u00e9ger. Une double broderie ajour\u00e9e \u00e0 \"gigliuccio\" pr\u00e9sente sur la bordure et sur les manches. L'aube est disponible avec un col montant pour le porter sans amict ou avec encolure carr\u00e9e.","og_url":"https:\/\/www.gruppoliturgico.com\/fr\/produit\/aube-7\/","og_site_name":"Laboratorio Gruppo Liturgico","article_modified_time":"2022-09-14T13:40:38+00:00","og_image":[{"width":867,"height":1500,"url":"https:\/\/www.gruppoliturgico.com\/wp-content\/uploads\/2022\/05\/2165_0.jpg","type":"image\/jpeg"}],"twitter_card":"summary_large_image","schema":{"@context":"https:\/\/schema.org","@graph":[{"@type":"WebPage","@id":"https:\/\/www.gruppoliturgico.com\/fr\/produit\/aube-7\/","url":"https:\/\/www.gruppoliturgico.com\/fr\/produit\/aube-7\/","name":"aube - Aubes et Laboratorio Gruppo Liturgico","isPartOf":{"@id":"https:\/\/www.gruppoliturgico.com\/es\/#website"},"datePublished":"2022-05-19T21:26:41+00:00","dateModified":"2022-09-14T13:40:38+00:00","description":"Aube confectionn\u00e9e en tissu laine et tergal tr\u00e8s l\u00e9ger. Une double broderie ajour\u00e9e \u00e0 \"gigliuccio\" pr\u00e9sente sur la bordure et sur les manches. L'aube est disponible avec un col montant pour le porter sans amict ou avec encolure carr\u00e9e.","breadcrumb":{"@id":"https:\/\/www.gruppoliturgico.com\/fr\/produit\/aube-7\/#breadcrumb"},"inLanguage":"fr-FR","potentialAction":[{"@type":"ReadAction","target":["https:\/\/www.gruppoliturgico.com\/fr\/produit\/aube-7\/"]}]},{"@type":"BreadcrumbList","@id":"https:\/\/www.gruppoliturgico.com\/fr\/produit\/aube-7\/#breadcrumb","itemListElement":[{"@type":"ListItem","position":1,"name":"Home","item":"https:\/\/www.gruppoliturgico.com\/fr\/"},{"@type":"ListItem","position":2,"name":"Boutique","item":"https:\/\/www.gruppoliturgico.com\/fr\/boutique\/"},{"@type":"ListItem","position":3,"name":"aube"}]},{"@type":"WebSite","@id":"https:\/\/www.gruppoliturgico.com\/es\/#website","url":"https:\/\/www.gruppoliturgico.com\/es\/","name":"Laboratorio Gruppo Liturgico","description":"Articoli Religiosi online","publisher":{"@id":"https:\/\/www.gruppoliturgico.com\/es\/#organization"},"potentialAction":[{"@type":"SearchAction","target":{"@type":"EntryPoint","urlTemplate":"https:\/\/www.gruppoliturgico.com\/es\/?s={search_term_string}"},"query-input":"required name=search_term_string"}],"inLanguage":"fr-FR"},{"@type":"Organization","@id":"https:\/\/www.gruppoliturgico.com\/es\/#organization","name":"Laboratorio Gruppo Liturgico","url":"https:\/\/www.gruppoliturgico.com\/es\/","logo":{"@type":"ImageObject","inLanguage":"fr-FR","@id":"https:\/\/www.gruppoliturgico.com\/es\/#\/schema\/logo\/image\/","url":"https:\/\/www.gruppoliturgico.com\/wp-content\/uploads\/2022\/02\/logo-laboratoriogruppoliturgico.png","contentUrl":"https:\/\/www.gruppoliturgico.com\/wp-content\/uploads\/2022\/02\/logo-laboratoriogruppoliturgico.png","width":400,"height":114,"caption":"Laboratorio Gruppo Liturgico"},"image":{"@id":"https:\/\/www.gruppoliturgico.com\/es\/#\/schema\/logo\/image\/"}}]}},"_links":{"self":[{"href":"https:\/\/www.gruppoliturgico.com\/fr\/wp-json\/wp\/v2\/product\/63905"}],"collection":[{"href":"https:\/\/www.gruppoliturgico.com\/fr\/wp-json\/wp\/v2\/product"}],"about":[{"href":"https:\/\/www.gruppoliturgico.com\/fr\/wp-json\/wp\/v2\/types\/product"}],"wp:featuredmedia":[{"embeddable":true,"href":"https:\/\/www.gruppoliturgico.com\/fr\/wp-json\/wp\/v2\/media\/129961"}],"wp:attachment":[{"href":"https:\/\/www.gruppoliturgico.com\/fr\/wp-json\/wp\/v2\/media?parent=63905"}],"wp:term":[{"taxonomy":"product_cat","embeddable":true,"href":"https:\/\/www.gruppoliturgico.com\/fr\/wp-json\/wp\/v2\/product_cat?post=63905"},{"taxonomy":"product_tag","embeddable":true,"href":"https:\/\/www.gruppoliturgico.com\/fr\/wp-json\/wp\/v2\/product_tag?post=63905"}],"curies":[{"name":"wp","href":"https:\/\/api.w.org\/{rel}","templated":true}]}}