{"id":63873,"date":"2022-05-19T23:25:09","date_gmt":"2022-05-19T21:25:14","guid":{"rendered":"https:\/\/www.gruppoliturgico.com\/prodotto\/surplis-broderie-main\/"},"modified":"2022-09-14T16:30:19","modified_gmt":"2022-09-14T14:30:19","slug":"surplis-broderie-main","status":"publish","type":"product","link":"https:\/\/www.gruppoliturgico.com\/fr\/produit\/surplis-broderie-main\/","title":{"rendered":"surplis broderie main"},"content":{"rendered":"<html><body><p>Surplis en tissu laine tergal de grande valeur, gr\u00e2ce aux broderies ex\u00e9cut\u00e9es \u00e0 la main.<br>\nIl est confectionn\u00e9e au choix en 2 versions: avec broderie teinte noisette ou gris perle.<\/p>\n<\/body><\/html>","protected":false},"excerpt":{"rendered":"<p>Surplis en tissu laine tergal de grande valeur, gr\u00e2ce aux broderies ex\u00e9cut\u00e9es \u00e0 la main.<br \/>\nIl est confectionn\u00e9e au choix en 2 versions: avec broderie teinte noisette ou gris perle.<\/p>\n","protected":false},"featured_media":142269,"template":"","meta":[],"product_cat":[12228],"product_tag":[],"yoast_head":"<!-- This site is optimized with the Yoast SEO plugin v20.4 - https:\/\/yoast.com\/wordpress\/plugins\/seo\/ -->\n<title>surplis broderie main - surplis-rochets et Laboratorio Gruppo Liturgico<\/title>\n<meta name=\"description\" content=\"Surplis en tissu laine tergal de grande valeur, gr\u00e2ce aux broderies ex\u00e9cut\u00e9es \u00e0 la main. Il est confectionn\u00e9e au choix en 2 versions: avec broderie teinte noisette ou gris perle.\" \/>\n<meta name=\"robots\" content=\"index, follow, max-snippet:-1, max-image-preview:large, max-video-preview:-1\" \/>\n<link rel=\"canonical\" href=\"https:\/\/www.gruppoliturgico.com\/fr\/produit\/surplis-broderie-main\/\" \/>\n<meta property=\"og:locale\" content=\"fr_FR\" \/>\n<meta property=\"og:type\" content=\"article\" \/>\n<meta property=\"og:title\" content=\"surplis broderie main - surplis-rochets et Laboratorio Gruppo Liturgico\" \/>\n<meta property=\"og:description\" content=\"Surplis en tissu laine tergal de grande valeur, gr\u00e2ce aux broderies ex\u00e9cut\u00e9es \u00e0 la main. Il est confectionn\u00e9e au choix en 2 versions: avec broderie teinte noisette ou gris perle.\" \/>\n<meta property=\"og:url\" content=\"https:\/\/www.gruppoliturgico.com\/fr\/produit\/surplis-broderie-main\/\" \/>\n<meta property=\"og:site_name\" content=\"Laboratorio Gruppo Liturgico\" \/>\n<meta property=\"article:modified_time\" content=\"2022-09-14T14:30:19+00:00\" \/>\n<meta property=\"og:image\" content=\"https:\/\/www.gruppoliturgico.com\/wp-content\/uploads\/2022\/05\/450-C-2.jpg\" \/>\n\t<meta property=\"og:image:width\" content=\"1000\" \/>\n\t<meta property=\"og:image:height\" content=\"2000\" \/>\n\t<meta property=\"og:image:type\" content=\"image\/jpeg\" \/>\n<meta name=\"twitter:card\" content=\"summary_large_image\" \/>\n<script type=\"application\/ld+json\" class=\"yoast-schema-graph\">{\"@context\":\"https:\/\/schema.org\",\"@graph\":[{\"@type\":\"WebPage\",\"@id\":\"https:\/\/www.gruppoliturgico.com\/fr\/produit\/surplis-broderie-main\/\",\"url\":\"https:\/\/www.gruppoliturgico.com\/fr\/produit\/surplis-broderie-main\/\",\"name\":\"surplis broderie main - surplis-rochets et Laboratorio Gruppo Liturgico\",\"isPartOf\":{\"@id\":\"https:\/\/www.gruppoliturgico.com\/es\/#website\"},\"datePublished\":\"2022-05-19T21:25:14+00:00\",\"dateModified\":\"2022-09-14T14:30:19+00:00\",\"description\":\"Surplis en tissu laine tergal de grande valeur, gr\u00e2ce aux broderies ex\u00e9cut\u00e9es \u00e0 la main. Il est confectionn\u00e9e au choix en 2 versions: avec broderie teinte noisette ou gris perle.\",\"breadcrumb\":{\"@id\":\"https:\/\/www.gruppoliturgico.com\/fr\/produit\/surplis-broderie-main\/#breadcrumb\"},\"inLanguage\":\"fr-FR\",\"potentialAction\":[{\"@type\":\"ReadAction\",\"target\":[\"https:\/\/www.gruppoliturgico.com\/fr\/produit\/surplis-broderie-main\/\"]}]},{\"@type\":\"BreadcrumbList\",\"@id\":\"https:\/\/www.gruppoliturgico.com\/fr\/produit\/surplis-broderie-main\/#breadcrumb\",\"itemListElement\":[{\"@type\":\"ListItem\",\"position\":1,\"name\":\"Home\",\"item\":\"https:\/\/www.gruppoliturgico.com\/fr\/\"},{\"@type\":\"ListItem\",\"position\":2,\"name\":\"Boutique\",\"item\":\"https:\/\/www.gruppoliturgico.com\/fr\/boutique\/\"},{\"@type\":\"ListItem\",\"position\":3,\"name\":\"surplis broderie main\"}]},{\"@type\":\"WebSite\",\"@id\":\"https:\/\/www.gruppoliturgico.com\/es\/#website\",\"url\":\"https:\/\/www.gruppoliturgico.com\/es\/\",\"name\":\"Laboratorio Gruppo Liturgico\",\"description\":\"Articoli Religiosi online\",\"publisher\":{\"@id\":\"https:\/\/www.gruppoliturgico.com\/es\/#organization\"},\"potentialAction\":[{\"@type\":\"SearchAction\",\"target\":{\"@type\":\"EntryPoint\",\"urlTemplate\":\"https:\/\/www.gruppoliturgico.com\/es\/?s={search_term_string}\"},\"query-input\":\"required name=search_term_string\"}],\"inLanguage\":\"fr-FR\"},{\"@type\":\"Organization\",\"@id\":\"https:\/\/www.gruppoliturgico.com\/es\/#organization\",\"name\":\"Laboratorio Gruppo Liturgico\",\"url\":\"https:\/\/www.gruppoliturgico.com\/es\/\",\"logo\":{\"@type\":\"ImageObject\",\"inLanguage\":\"fr-FR\",\"@id\":\"https:\/\/www.gruppoliturgico.com\/es\/#\/schema\/logo\/image\/\",\"url\":\"https:\/\/www.gruppoliturgico.com\/wp-content\/uploads\/2022\/02\/logo-laboratoriogruppoliturgico.png\",\"contentUrl\":\"https:\/\/www.gruppoliturgico.com\/wp-content\/uploads\/2022\/02\/logo-laboratoriogruppoliturgico.png\",\"width\":400,\"height\":114,\"caption\":\"Laboratorio Gruppo Liturgico\"},\"image\":{\"@id\":\"https:\/\/www.gruppoliturgico.com\/es\/#\/schema\/logo\/image\/\"}}]}<\/script>\n<!-- \/ Yoast SEO plugin. -->","yoast_head_json":{"title":"surplis broderie main - surplis-rochets et Laboratorio Gruppo Liturgico","description":"Surplis en tissu laine tergal de grande valeur, gr\u00e2ce aux broderies ex\u00e9cut\u00e9es \u00e0 la main. Il est confectionn\u00e9e au choix en 2 versions: avec broderie teinte noisette ou gris perle.","robots":{"index":"index","follow":"follow","max-snippet":"max-snippet:-1","max-image-preview":"max-image-preview:large","max-video-preview":"max-video-preview:-1"},"canonical":"https:\/\/www.gruppoliturgico.com\/fr\/produit\/surplis-broderie-main\/","og_locale":"fr_FR","og_type":"article","og_title":"surplis broderie main - surplis-rochets et Laboratorio Gruppo Liturgico","og_description":"Surplis en tissu laine tergal de grande valeur, gr\u00e2ce aux broderies ex\u00e9cut\u00e9es \u00e0 la main. Il est confectionn\u00e9e au choix en 2 versions: avec broderie teinte noisette ou gris perle.","og_url":"https:\/\/www.gruppoliturgico.com\/fr\/produit\/surplis-broderie-main\/","og_site_name":"Laboratorio Gruppo Liturgico","article_modified_time":"2022-09-14T14:30:19+00:00","og_image":[{"width":1000,"height":2000,"url":"https:\/\/www.gruppoliturgico.com\/wp-content\/uploads\/2022\/05\/450-C-2.jpg","type":"image\/jpeg"}],"twitter_card":"summary_large_image","schema":{"@context":"https:\/\/schema.org","@graph":[{"@type":"WebPage","@id":"https:\/\/www.gruppoliturgico.com\/fr\/produit\/surplis-broderie-main\/","url":"https:\/\/www.gruppoliturgico.com\/fr\/produit\/surplis-broderie-main\/","name":"surplis broderie main - surplis-rochets et Laboratorio Gruppo Liturgico","isPartOf":{"@id":"https:\/\/www.gruppoliturgico.com\/es\/#website"},"datePublished":"2022-05-19T21:25:14+00:00","dateModified":"2022-09-14T14:30:19+00:00","description":"Surplis en tissu laine tergal de grande valeur, gr\u00e2ce aux broderies ex\u00e9cut\u00e9es \u00e0 la main. Il est confectionn\u00e9e au choix en 2 versions: avec broderie teinte noisette ou gris perle.","breadcrumb":{"@id":"https:\/\/www.gruppoliturgico.com\/fr\/produit\/surplis-broderie-main\/#breadcrumb"},"inLanguage":"fr-FR","potentialAction":[{"@type":"ReadAction","target":["https:\/\/www.gruppoliturgico.com\/fr\/produit\/surplis-broderie-main\/"]}]},{"@type":"BreadcrumbList","@id":"https:\/\/www.gruppoliturgico.com\/fr\/produit\/surplis-broderie-main\/#breadcrumb","itemListElement":[{"@type":"ListItem","position":1,"name":"Home","item":"https:\/\/www.gruppoliturgico.com\/fr\/"},{"@type":"ListItem","position":2,"name":"Boutique","item":"https:\/\/www.gruppoliturgico.com\/fr\/boutique\/"},{"@type":"ListItem","position":3,"name":"surplis broderie main"}]},{"@type":"WebSite","@id":"https:\/\/www.gruppoliturgico.com\/es\/#website","url":"https:\/\/www.gruppoliturgico.com\/es\/","name":"Laboratorio Gruppo Liturgico","description":"Articoli Religiosi online","publisher":{"@id":"https:\/\/www.gruppoliturgico.com\/es\/#organization"},"potentialAction":[{"@type":"SearchAction","target":{"@type":"EntryPoint","urlTemplate":"https:\/\/www.gruppoliturgico.com\/es\/?s={search_term_string}"},"query-input":"required name=search_term_string"}],"inLanguage":"fr-FR"},{"@type":"Organization","@id":"https:\/\/www.gruppoliturgico.com\/es\/#organization","name":"Laboratorio Gruppo Liturgico","url":"https:\/\/www.gruppoliturgico.com\/es\/","logo":{"@type":"ImageObject","inLanguage":"fr-FR","@id":"https:\/\/www.gruppoliturgico.com\/es\/#\/schema\/logo\/image\/","url":"https:\/\/www.gruppoliturgico.com\/wp-content\/uploads\/2022\/02\/logo-laboratoriogruppoliturgico.png","contentUrl":"https:\/\/www.gruppoliturgico.com\/wp-content\/uploads\/2022\/02\/logo-laboratoriogruppoliturgico.png","width":400,"height":114,"caption":"Laboratorio Gruppo Liturgico"},"image":{"@id":"https:\/\/www.gruppoliturgico.com\/es\/#\/schema\/logo\/image\/"}}]}},"_links":{"self":[{"href":"https:\/\/www.gruppoliturgico.com\/fr\/wp-json\/wp\/v2\/product\/63873"}],"collection":[{"href":"https:\/\/www.gruppoliturgico.com\/fr\/wp-json\/wp\/v2\/product"}],"about":[{"href":"https:\/\/www.gruppoliturgico.com\/fr\/wp-json\/wp\/v2\/types\/product"}],"wp:featuredmedia":[{"embeddable":true,"href":"https:\/\/www.gruppoliturgico.com\/fr\/wp-json\/wp\/v2\/media\/142269"}],"wp:attachment":[{"href":"https:\/\/www.gruppoliturgico.com\/fr\/wp-json\/wp\/v2\/media?parent=63873"}],"wp:term":[{"taxonomy":"product_cat","embeddable":true,"href":"https:\/\/www.gruppoliturgico.com\/fr\/wp-json\/wp\/v2\/product_cat?post=63873"},{"taxonomy":"product_tag","embeddable":true,"href":"https:\/\/www.gruppoliturgico.com\/fr\/wp-json\/wp\/v2\/product_tag?post=63873"}],"curies":[{"name":"wp","href":"https:\/\/api.w.org\/{rel}","templated":true}]}}