{"id":63865,"date":"2022-05-19T23:24:44","date_gmt":"2022-05-19T21:24:49","guid":{"rendered":"https:\/\/www.gruppoliturgico.com\/prodotto\/rochet\/"},"modified":"2022-09-14T16:00:19","modified_gmt":"2022-09-14T14:00:19","slug":"rochet","status":"publish","type":"product","link":"https:\/\/www.gruppoliturgico.com\/fr\/produit\/rochet\/","title":{"rendered":"rochet"},"content":{"rendered":"<html><body><p>En tissu m\u00e9lang\u00e9 de lin.<br>\nCaract\u00e9ris\u00e9e par une remarquable dentelle, de style ancien, ex\u00e9cut\u00e9e \u00e0 la machine, haute de cm 55 qui laisse transpara\u00eetre la couleur en dessous qui, au choix du client, peut \u00eatre rouge ou noir.<\/p>\n<\/body><\/html>","protected":false},"excerpt":{"rendered":"<p>En tissu m\u00e9lang\u00e9 de lin.<br \/>\nCaract\u00e9ris\u00e9e par une remarquable dentelle, de style ancien, ex\u00e9cut\u00e9e \u00e0 la machine, haute de cm 55 qui laisse transpara\u00eetre la couleur en dessous qui, au choix du client, peut \u00eatre rouge ou noir.<\/p>\n","protected":false},"featured_media":130161,"template":"","meta":[],"product_cat":[12228],"product_tag":[],"yoast_head":"<!-- This site is optimized with the Yoast SEO plugin v20.4 - https:\/\/yoast.com\/wordpress\/plugins\/seo\/ -->\n<title>rochet - surplis-rochets et Laboratorio Gruppo Liturgico<\/title>\n<meta name=\"description\" content=\"En tissu m\u00e9lang\u00e9 de lin.  Caract\u00e9ris\u00e9e par une remarquable dentelle, de style ancien, ex\u00e9cut\u00e9e \u00e0 la machine, haute de cm 55 qui laisse transpara\u00eetre la couleur en dessous qui, au choix du client, peut \u00eatre rouge ou noir.\" \/>\n<meta name=\"robots\" content=\"index, follow, max-snippet:-1, max-image-preview:large, max-video-preview:-1\" \/>\n<link rel=\"canonical\" href=\"https:\/\/www.gruppoliturgico.com\/fr\/produit\/rochet\/\" \/>\n<meta property=\"og:locale\" content=\"fr_FR\" \/>\n<meta property=\"og:type\" content=\"article\" \/>\n<meta property=\"og:title\" content=\"rochet - surplis-rochets et Laboratorio Gruppo Liturgico\" \/>\n<meta property=\"og:description\" content=\"En tissu m\u00e9lang\u00e9 de lin.  Caract\u00e9ris\u00e9e par une remarquable dentelle, de style ancien, ex\u00e9cut\u00e9e \u00e0 la machine, haute de cm 55 qui laisse transpara\u00eetre la couleur en dessous qui, au choix du client, peut \u00eatre rouge ou noir.\" \/>\n<meta property=\"og:url\" content=\"https:\/\/www.gruppoliturgico.com\/fr\/produit\/rochet\/\" \/>\n<meta property=\"og:site_name\" content=\"Laboratorio Gruppo Liturgico\" \/>\n<meta property=\"article:modified_time\" content=\"2022-09-14T14:00:19+00:00\" \/>\n<meta property=\"og:image\" content=\"https:\/\/www.gruppoliturgico.com\/wp-content\/uploads\/2022\/05\/1650.cotta_.jpg\" \/>\n\t<meta property=\"og:image:width\" content=\"942\" \/>\n\t<meta property=\"og:image:height\" content=\"1500\" \/>\n\t<meta property=\"og:image:type\" content=\"image\/jpeg\" \/>\n<meta name=\"twitter:card\" content=\"summary_large_image\" \/>\n<script type=\"application\/ld+json\" class=\"yoast-schema-graph\">{\"@context\":\"https:\/\/schema.org\",\"@graph\":[{\"@type\":\"WebPage\",\"@id\":\"https:\/\/www.gruppoliturgico.com\/fr\/produit\/rochet\/\",\"url\":\"https:\/\/www.gruppoliturgico.com\/fr\/produit\/rochet\/\",\"name\":\"rochet - surplis-rochets et Laboratorio Gruppo Liturgico\",\"isPartOf\":{\"@id\":\"https:\/\/www.gruppoliturgico.com\/es\/#website\"},\"datePublished\":\"2022-05-19T21:24:49+00:00\",\"dateModified\":\"2022-09-14T14:00:19+00:00\",\"description\":\"En tissu m\u00e9lang\u00e9 de lin. Caract\u00e9ris\u00e9e par une remarquable dentelle, de style ancien, ex\u00e9cut\u00e9e \u00e0 la machine, haute de cm 55 qui laisse transpara\u00eetre la couleur en dessous qui, au choix du client, peut \u00eatre rouge ou noir.\",\"breadcrumb\":{\"@id\":\"https:\/\/www.gruppoliturgico.com\/fr\/produit\/rochet\/#breadcrumb\"},\"inLanguage\":\"fr-FR\",\"potentialAction\":[{\"@type\":\"ReadAction\",\"target\":[\"https:\/\/www.gruppoliturgico.com\/fr\/produit\/rochet\/\"]}]},{\"@type\":\"BreadcrumbList\",\"@id\":\"https:\/\/www.gruppoliturgico.com\/fr\/produit\/rochet\/#breadcrumb\",\"itemListElement\":[{\"@type\":\"ListItem\",\"position\":1,\"name\":\"Home\",\"item\":\"https:\/\/www.gruppoliturgico.com\/fr\/\"},{\"@type\":\"ListItem\",\"position\":2,\"name\":\"Boutique\",\"item\":\"https:\/\/www.gruppoliturgico.com\/fr\/boutique\/\"},{\"@type\":\"ListItem\",\"position\":3,\"name\":\"rochet\"}]},{\"@type\":\"WebSite\",\"@id\":\"https:\/\/www.gruppoliturgico.com\/es\/#website\",\"url\":\"https:\/\/www.gruppoliturgico.com\/es\/\",\"name\":\"Laboratorio Gruppo Liturgico\",\"description\":\"Articoli Religiosi online\",\"publisher\":{\"@id\":\"https:\/\/www.gruppoliturgico.com\/es\/#organization\"},\"potentialAction\":[{\"@type\":\"SearchAction\",\"target\":{\"@type\":\"EntryPoint\",\"urlTemplate\":\"https:\/\/www.gruppoliturgico.com\/es\/?s={search_term_string}\"},\"query-input\":\"required name=search_term_string\"}],\"inLanguage\":\"fr-FR\"},{\"@type\":\"Organization\",\"@id\":\"https:\/\/www.gruppoliturgico.com\/es\/#organization\",\"name\":\"Laboratorio Gruppo Liturgico\",\"url\":\"https:\/\/www.gruppoliturgico.com\/es\/\",\"logo\":{\"@type\":\"ImageObject\",\"inLanguage\":\"fr-FR\",\"@id\":\"https:\/\/www.gruppoliturgico.com\/es\/#\/schema\/logo\/image\/\",\"url\":\"https:\/\/www.gruppoliturgico.com\/wp-content\/uploads\/2022\/02\/logo-laboratoriogruppoliturgico.png\",\"contentUrl\":\"https:\/\/www.gruppoliturgico.com\/wp-content\/uploads\/2022\/02\/logo-laboratoriogruppoliturgico.png\",\"width\":400,\"height\":114,\"caption\":\"Laboratorio Gruppo Liturgico\"},\"image\":{\"@id\":\"https:\/\/www.gruppoliturgico.com\/es\/#\/schema\/logo\/image\/\"}}]}<\/script>\n<!-- \/ Yoast SEO plugin. -->","yoast_head_json":{"title":"rochet - surplis-rochets et Laboratorio Gruppo Liturgico","description":"En tissu m\u00e9lang\u00e9 de lin.  Caract\u00e9ris\u00e9e par une remarquable dentelle, de style ancien, ex\u00e9cut\u00e9e \u00e0 la machine, haute de cm 55 qui laisse transpara\u00eetre la couleur en dessous qui, au choix du client, peut \u00eatre rouge ou noir.","robots":{"index":"index","follow":"follow","max-snippet":"max-snippet:-1","max-image-preview":"max-image-preview:large","max-video-preview":"max-video-preview:-1"},"canonical":"https:\/\/www.gruppoliturgico.com\/fr\/produit\/rochet\/","og_locale":"fr_FR","og_type":"article","og_title":"rochet - surplis-rochets et Laboratorio Gruppo Liturgico","og_description":"En tissu m\u00e9lang\u00e9 de lin.  Caract\u00e9ris\u00e9e par une remarquable dentelle, de style ancien, ex\u00e9cut\u00e9e \u00e0 la machine, haute de cm 55 qui laisse transpara\u00eetre la couleur en dessous qui, au choix du client, peut \u00eatre rouge ou noir.","og_url":"https:\/\/www.gruppoliturgico.com\/fr\/produit\/rochet\/","og_site_name":"Laboratorio Gruppo Liturgico","article_modified_time":"2022-09-14T14:00:19+00:00","og_image":[{"width":942,"height":1500,"url":"https:\/\/www.gruppoliturgico.com\/wp-content\/uploads\/2022\/05\/1650.cotta_.jpg","type":"image\/jpeg"}],"twitter_card":"summary_large_image","schema":{"@context":"https:\/\/schema.org","@graph":[{"@type":"WebPage","@id":"https:\/\/www.gruppoliturgico.com\/fr\/produit\/rochet\/","url":"https:\/\/www.gruppoliturgico.com\/fr\/produit\/rochet\/","name":"rochet - surplis-rochets et Laboratorio Gruppo Liturgico","isPartOf":{"@id":"https:\/\/www.gruppoliturgico.com\/es\/#website"},"datePublished":"2022-05-19T21:24:49+00:00","dateModified":"2022-09-14T14:00:19+00:00","description":"En tissu m\u00e9lang\u00e9 de lin. Caract\u00e9ris\u00e9e par une remarquable dentelle, de style ancien, ex\u00e9cut\u00e9e \u00e0 la machine, haute de cm 55 qui laisse transpara\u00eetre la couleur en dessous qui, au choix du client, peut \u00eatre rouge ou noir.","breadcrumb":{"@id":"https:\/\/www.gruppoliturgico.com\/fr\/produit\/rochet\/#breadcrumb"},"inLanguage":"fr-FR","potentialAction":[{"@type":"ReadAction","target":["https:\/\/www.gruppoliturgico.com\/fr\/produit\/rochet\/"]}]},{"@type":"BreadcrumbList","@id":"https:\/\/www.gruppoliturgico.com\/fr\/produit\/rochet\/#breadcrumb","itemListElement":[{"@type":"ListItem","position":1,"name":"Home","item":"https:\/\/www.gruppoliturgico.com\/fr\/"},{"@type":"ListItem","position":2,"name":"Boutique","item":"https:\/\/www.gruppoliturgico.com\/fr\/boutique\/"},{"@type":"ListItem","position":3,"name":"rochet"}]},{"@type":"WebSite","@id":"https:\/\/www.gruppoliturgico.com\/es\/#website","url":"https:\/\/www.gruppoliturgico.com\/es\/","name":"Laboratorio Gruppo Liturgico","description":"Articoli Religiosi online","publisher":{"@id":"https:\/\/www.gruppoliturgico.com\/es\/#organization"},"potentialAction":[{"@type":"SearchAction","target":{"@type":"EntryPoint","urlTemplate":"https:\/\/www.gruppoliturgico.com\/es\/?s={search_term_string}"},"query-input":"required name=search_term_string"}],"inLanguage":"fr-FR"},{"@type":"Organization","@id":"https:\/\/www.gruppoliturgico.com\/es\/#organization","name":"Laboratorio Gruppo Liturgico","url":"https:\/\/www.gruppoliturgico.com\/es\/","logo":{"@type":"ImageObject","inLanguage":"fr-FR","@id":"https:\/\/www.gruppoliturgico.com\/es\/#\/schema\/logo\/image\/","url":"https:\/\/www.gruppoliturgico.com\/wp-content\/uploads\/2022\/02\/logo-laboratoriogruppoliturgico.png","contentUrl":"https:\/\/www.gruppoliturgico.com\/wp-content\/uploads\/2022\/02\/logo-laboratoriogruppoliturgico.png","width":400,"height":114,"caption":"Laboratorio Gruppo Liturgico"},"image":{"@id":"https:\/\/www.gruppoliturgico.com\/es\/#\/schema\/logo\/image\/"}}]}},"_links":{"self":[{"href":"https:\/\/www.gruppoliturgico.com\/fr\/wp-json\/wp\/v2\/product\/63865"}],"collection":[{"href":"https:\/\/www.gruppoliturgico.com\/fr\/wp-json\/wp\/v2\/product"}],"about":[{"href":"https:\/\/www.gruppoliturgico.com\/fr\/wp-json\/wp\/v2\/types\/product"}],"wp:featuredmedia":[{"embeddable":true,"href":"https:\/\/www.gruppoliturgico.com\/fr\/wp-json\/wp\/v2\/media\/130161"}],"wp:attachment":[{"href":"https:\/\/www.gruppoliturgico.com\/fr\/wp-json\/wp\/v2\/media?parent=63865"}],"wp:term":[{"taxonomy":"product_cat","embeddable":true,"href":"https:\/\/www.gruppoliturgico.com\/fr\/wp-json\/wp\/v2\/product_cat?post=63865"},{"taxonomy":"product_tag","embeddable":true,"href":"https:\/\/www.gruppoliturgico.com\/fr\/wp-json\/wp\/v2\/product_tag?post=63865"}],"curies":[{"name":"wp","href":"https:\/\/api.w.org\/{rel}","templated":true}]}}