{"id":63845,"date":"2022-05-19T23:23:48","date_gmt":"2022-05-19T21:23:53","guid":{"rendered":"https:\/\/www.gruppoliturgico.com\/prodotto\/soutanelle-pour-enfant-de-choeur\/"},"modified":"2022-06-02T11:29:02","modified_gmt":"2022-06-02T09:29:02","slug":"soutanelle-pour-enfant-de-choeur","status":"publish","type":"product","link":"https:\/\/www.gruppoliturgico.com\/fr\/produit\/soutanelle-pour-enfant-de-choeur\/","title":{"rendered":"soutanelle pour enfant de ch\u0153ur"},"content":{"rendered":"<html><body><p>Ouverte sur le devant pout la mettre plus facilement, elle est confectionn\u00e9e en rouge et noir.<br>\nDans la demande, pr\u00e9ciser la couleur d\u00e9sir\u00e9e.<br>\nMesures de cm 95 \u00e0 cm 155 longueur totale (on la prend du centre des \u00e9paules jusqu\u2019au talon).<br>\nLe prix ne comprend pas le surplis.<\/p>\n<\/body><\/html>","protected":false},"excerpt":{"rendered":"<p>Ouverte sur le devant pout la mettre plus facilement, elle est confectionn\u00e9e en rouge et noir.<br \/>\nDans la demande, pr\u00e9ciser la couleur d\u00e9sir\u00e9e.<br \/>\nMesures de cm 95 \u00e0 cm 155 longueur totale (on la prend du centre des \u00e9paules jusqu&rsquo;au talon).<br \/>\nLe prix ne comprend pas le surplis.<\/p>\n","protected":false},"featured_media":135555,"template":"","meta":[],"product_cat":[11616],"product_tag":[],"yoast_head":"<!-- This site is optimized with the Yoast SEO plugin v20.4 - https:\/\/yoast.com\/wordpress\/plugins\/seo\/ -->\n<title>soutanelle pour enfant de ch\u0153ur - Aubes pour servants de messe et Laboratorio Gruppo Liturgico<\/title>\n<meta name=\"description\" content=\"Ouverte sur le devant pout la mettre plus facilement, elle est confectionn\u00e9e en rouge et noir.  Dans la demande, pr\u00e9ciser la couleur d\u00e9sir\u00e9e.  Mesures de cm 95 \u00e0 cm 155 longueur totale (on la prend du centre des \u00e9paules jusqu&#039;au talon). Le prix ne comprend pas le surplis.\" \/>\n<meta name=\"robots\" content=\"index, follow, max-snippet:-1, max-image-preview:large, max-video-preview:-1\" \/>\n<link rel=\"canonical\" href=\"https:\/\/www.gruppoliturgico.com\/fr\/produit\/soutanelle-pour-enfant-de-choeur\/\" \/>\n<meta property=\"og:locale\" content=\"fr_FR\" \/>\n<meta property=\"og:type\" content=\"article\" \/>\n<meta property=\"og:title\" content=\"soutanelle pour enfant de ch\u0153ur - Aubes pour servants de messe et Laboratorio Gruppo Liturgico\" \/>\n<meta property=\"og:description\" content=\"Ouverte sur le devant pout la mettre plus facilement, elle est confectionn\u00e9e en rouge et noir.  Dans la demande, pr\u00e9ciser la couleur d\u00e9sir\u00e9e.  Mesures de cm 95 \u00e0 cm 155 longueur totale (on la prend du centre des \u00e9paules jusqu&#039;au talon). Le prix ne comprend pas le surplis.\" \/>\n<meta property=\"og:url\" content=\"https:\/\/www.gruppoliturgico.com\/fr\/produit\/soutanelle-pour-enfant-de-choeur\/\" \/>\n<meta property=\"og:site_name\" content=\"Laboratorio Gruppo Liturgico\" \/>\n<meta property=\"article:modified_time\" content=\"2022-06-02T09:29:02+00:00\" \/>\n<meta property=\"og:image\" content=\"https:\/\/www.gruppoliturgico.com\/wp-content\/uploads\/2022\/05\/57-nv-rit.jpg\" \/>\n\t<meta property=\"og:image:width\" content=\"1066\" \/>\n\t<meta property=\"og:image:height\" content=\"1500\" \/>\n\t<meta property=\"og:image:type\" content=\"image\/jpeg\" \/>\n<meta name=\"twitter:card\" content=\"summary_large_image\" \/>\n<script type=\"application\/ld+json\" class=\"yoast-schema-graph\">{\"@context\":\"https:\/\/schema.org\",\"@graph\":[{\"@type\":\"WebPage\",\"@id\":\"https:\/\/www.gruppoliturgico.com\/fr\/produit\/soutanelle-pour-enfant-de-choeur\/\",\"url\":\"https:\/\/www.gruppoliturgico.com\/fr\/produit\/soutanelle-pour-enfant-de-choeur\/\",\"name\":\"soutanelle pour enfant de ch\u0153ur - Aubes pour servants de messe et Laboratorio Gruppo Liturgico\",\"isPartOf\":{\"@id\":\"https:\/\/www.gruppoliturgico.com\/es\/#website\"},\"datePublished\":\"2022-05-19T21:23:53+00:00\",\"dateModified\":\"2022-06-02T09:29:02+00:00\",\"description\":\"Ouverte sur le devant pout la mettre plus facilement, elle est confectionn\u00e9e en rouge et noir. Dans la demande, pr\u00e9ciser la couleur d\u00e9sir\u00e9e. Mesures de cm 95 \u00e0 cm 155 longueur totale (on la prend du centre des \u00e9paules jusqu'au talon). Le prix ne comprend pas le surplis.\",\"breadcrumb\":{\"@id\":\"https:\/\/www.gruppoliturgico.com\/fr\/produit\/soutanelle-pour-enfant-de-choeur\/#breadcrumb\"},\"inLanguage\":\"fr-FR\",\"potentialAction\":[{\"@type\":\"ReadAction\",\"target\":[\"https:\/\/www.gruppoliturgico.com\/fr\/produit\/soutanelle-pour-enfant-de-choeur\/\"]}]},{\"@type\":\"BreadcrumbList\",\"@id\":\"https:\/\/www.gruppoliturgico.com\/fr\/produit\/soutanelle-pour-enfant-de-choeur\/#breadcrumb\",\"itemListElement\":[{\"@type\":\"ListItem\",\"position\":1,\"name\":\"Home\",\"item\":\"https:\/\/www.gruppoliturgico.com\/fr\/\"},{\"@type\":\"ListItem\",\"position\":2,\"name\":\"Boutique\",\"item\":\"https:\/\/www.gruppoliturgico.com\/fr\/boutique\/\"},{\"@type\":\"ListItem\",\"position\":3,\"name\":\"soutanelle pour enfant de ch\u0153ur\"}]},{\"@type\":\"WebSite\",\"@id\":\"https:\/\/www.gruppoliturgico.com\/es\/#website\",\"url\":\"https:\/\/www.gruppoliturgico.com\/es\/\",\"name\":\"Laboratorio Gruppo Liturgico\",\"description\":\"Articoli Religiosi online\",\"publisher\":{\"@id\":\"https:\/\/www.gruppoliturgico.com\/es\/#organization\"},\"potentialAction\":[{\"@type\":\"SearchAction\",\"target\":{\"@type\":\"EntryPoint\",\"urlTemplate\":\"https:\/\/www.gruppoliturgico.com\/es\/?s={search_term_string}\"},\"query-input\":\"required name=search_term_string\"}],\"inLanguage\":\"fr-FR\"},{\"@type\":\"Organization\",\"@id\":\"https:\/\/www.gruppoliturgico.com\/es\/#organization\",\"name\":\"Laboratorio Gruppo Liturgico\",\"url\":\"https:\/\/www.gruppoliturgico.com\/es\/\",\"logo\":{\"@type\":\"ImageObject\",\"inLanguage\":\"fr-FR\",\"@id\":\"https:\/\/www.gruppoliturgico.com\/es\/#\/schema\/logo\/image\/\",\"url\":\"https:\/\/www.gruppoliturgico.com\/wp-content\/uploads\/2022\/02\/logo-laboratoriogruppoliturgico.png\",\"contentUrl\":\"https:\/\/www.gruppoliturgico.com\/wp-content\/uploads\/2022\/02\/logo-laboratoriogruppoliturgico.png\",\"width\":400,\"height\":114,\"caption\":\"Laboratorio Gruppo Liturgico\"},\"image\":{\"@id\":\"https:\/\/www.gruppoliturgico.com\/es\/#\/schema\/logo\/image\/\"}}]}<\/script>\n<!-- \/ Yoast SEO plugin. -->","yoast_head_json":{"title":"soutanelle pour enfant de ch\u0153ur - Aubes pour servants de messe et Laboratorio Gruppo Liturgico","description":"Ouverte sur le devant pout la mettre plus facilement, elle est confectionn\u00e9e en rouge et noir.  Dans la demande, pr\u00e9ciser la couleur d\u00e9sir\u00e9e.  Mesures de cm 95 \u00e0 cm 155 longueur totale (on la prend du centre des \u00e9paules jusqu'au talon). Le prix ne comprend pas le surplis.","robots":{"index":"index","follow":"follow","max-snippet":"max-snippet:-1","max-image-preview":"max-image-preview:large","max-video-preview":"max-video-preview:-1"},"canonical":"https:\/\/www.gruppoliturgico.com\/fr\/produit\/soutanelle-pour-enfant-de-choeur\/","og_locale":"fr_FR","og_type":"article","og_title":"soutanelle pour enfant de ch\u0153ur - Aubes pour servants de messe et Laboratorio Gruppo Liturgico","og_description":"Ouverte sur le devant pout la mettre plus facilement, elle est confectionn\u00e9e en rouge et noir.  Dans la demande, pr\u00e9ciser la couleur d\u00e9sir\u00e9e.  Mesures de cm 95 \u00e0 cm 155 longueur totale (on la prend du centre des \u00e9paules jusqu'au talon). Le prix ne comprend pas le surplis.","og_url":"https:\/\/www.gruppoliturgico.com\/fr\/produit\/soutanelle-pour-enfant-de-choeur\/","og_site_name":"Laboratorio Gruppo Liturgico","article_modified_time":"2022-06-02T09:29:02+00:00","og_image":[{"width":1066,"height":1500,"url":"https:\/\/www.gruppoliturgico.com\/wp-content\/uploads\/2022\/05\/57-nv-rit.jpg","type":"image\/jpeg"}],"twitter_card":"summary_large_image","schema":{"@context":"https:\/\/schema.org","@graph":[{"@type":"WebPage","@id":"https:\/\/www.gruppoliturgico.com\/fr\/produit\/soutanelle-pour-enfant-de-choeur\/","url":"https:\/\/www.gruppoliturgico.com\/fr\/produit\/soutanelle-pour-enfant-de-choeur\/","name":"soutanelle pour enfant de ch\u0153ur - Aubes pour servants de messe et Laboratorio Gruppo Liturgico","isPartOf":{"@id":"https:\/\/www.gruppoliturgico.com\/es\/#website"},"datePublished":"2022-05-19T21:23:53+00:00","dateModified":"2022-06-02T09:29:02+00:00","description":"Ouverte sur le devant pout la mettre plus facilement, elle est confectionn\u00e9e en rouge et noir. Dans la demande, pr\u00e9ciser la couleur d\u00e9sir\u00e9e. Mesures de cm 95 \u00e0 cm 155 longueur totale (on la prend du centre des \u00e9paules jusqu'au talon). Le prix ne comprend pas le surplis.","breadcrumb":{"@id":"https:\/\/www.gruppoliturgico.com\/fr\/produit\/soutanelle-pour-enfant-de-choeur\/#breadcrumb"},"inLanguage":"fr-FR","potentialAction":[{"@type":"ReadAction","target":["https:\/\/www.gruppoliturgico.com\/fr\/produit\/soutanelle-pour-enfant-de-choeur\/"]}]},{"@type":"BreadcrumbList","@id":"https:\/\/www.gruppoliturgico.com\/fr\/produit\/soutanelle-pour-enfant-de-choeur\/#breadcrumb","itemListElement":[{"@type":"ListItem","position":1,"name":"Home","item":"https:\/\/www.gruppoliturgico.com\/fr\/"},{"@type":"ListItem","position":2,"name":"Boutique","item":"https:\/\/www.gruppoliturgico.com\/fr\/boutique\/"},{"@type":"ListItem","position":3,"name":"soutanelle pour enfant de ch\u0153ur"}]},{"@type":"WebSite","@id":"https:\/\/www.gruppoliturgico.com\/es\/#website","url":"https:\/\/www.gruppoliturgico.com\/es\/","name":"Laboratorio Gruppo Liturgico","description":"Articoli Religiosi online","publisher":{"@id":"https:\/\/www.gruppoliturgico.com\/es\/#organization"},"potentialAction":[{"@type":"SearchAction","target":{"@type":"EntryPoint","urlTemplate":"https:\/\/www.gruppoliturgico.com\/es\/?s={search_term_string}"},"query-input":"required name=search_term_string"}],"inLanguage":"fr-FR"},{"@type":"Organization","@id":"https:\/\/www.gruppoliturgico.com\/es\/#organization","name":"Laboratorio Gruppo Liturgico","url":"https:\/\/www.gruppoliturgico.com\/es\/","logo":{"@type":"ImageObject","inLanguage":"fr-FR","@id":"https:\/\/www.gruppoliturgico.com\/es\/#\/schema\/logo\/image\/","url":"https:\/\/www.gruppoliturgico.com\/wp-content\/uploads\/2022\/02\/logo-laboratoriogruppoliturgico.png","contentUrl":"https:\/\/www.gruppoliturgico.com\/wp-content\/uploads\/2022\/02\/logo-laboratoriogruppoliturgico.png","width":400,"height":114,"caption":"Laboratorio Gruppo Liturgico"},"image":{"@id":"https:\/\/www.gruppoliturgico.com\/es\/#\/schema\/logo\/image\/"}}]}},"_links":{"self":[{"href":"https:\/\/www.gruppoliturgico.com\/fr\/wp-json\/wp\/v2\/product\/63845"}],"collection":[{"href":"https:\/\/www.gruppoliturgico.com\/fr\/wp-json\/wp\/v2\/product"}],"about":[{"href":"https:\/\/www.gruppoliturgico.com\/fr\/wp-json\/wp\/v2\/types\/product"}],"wp:featuredmedia":[{"embeddable":true,"href":"https:\/\/www.gruppoliturgico.com\/fr\/wp-json\/wp\/v2\/media\/135555"}],"wp:attachment":[{"href":"https:\/\/www.gruppoliturgico.com\/fr\/wp-json\/wp\/v2\/media?parent=63845"}],"wp:term":[{"taxonomy":"product_cat","embeddable":true,"href":"https:\/\/www.gruppoliturgico.com\/fr\/wp-json\/wp\/v2\/product_cat?post=63845"},{"taxonomy":"product_tag","embeddable":true,"href":"https:\/\/www.gruppoliturgico.com\/fr\/wp-json\/wp\/v2\/product_tag?post=63845"}],"curies":[{"name":"wp","href":"https:\/\/api.w.org\/{rel}","templated":true}]}}