{"id":63841,"date":"2022-05-19T23:23:36","date_gmt":"2022-05-19T21:23:41","guid":{"rendered":"https:\/\/www.gruppoliturgico.com\/prodotto\/aube-lettore\/"},"modified":"2022-11-11T16:38:48","modified_gmt":"2022-11-11T15:38:48","slug":"aube-lettore","status":"publish","type":"product","link":"https:\/\/www.gruppoliturgico.com\/fr\/produit\/aube-lettore\/","title":{"rendered":"aube \u00ab\u00a0Lettore\u00a0\u00bb"},"content":{"rendered":"<html><body><p>Classique mod\u00e8le \u00e0 mettre pour le service liturgique et pour les lectures.<br>\nFacilement lavable, elle est propos\u00e9e avec bord rouge uni appliqu\u00e9 sur le devant, sur le dos et sur les manches.<br>\nMesures de cm 95 \u00e0 cm 155 longueur totale (on la prend du centre des \u00e9paules jusqu\u2019au talon).Mesures de cm 95 \u00e0 cm 155.<\/p>\n<\/body><\/html>","protected":false},"excerpt":{"rendered":"<p>Classique mod\u00e8le \u00e0 mettre pour le service liturgique et pour les lectures.<br \/>\nFacilement lavable, elle est propos\u00e9e avec bord rouge uni appliqu\u00e9 sur le devant, sur le dos et sur les manches.<br \/>\nMesures de cm 95 \u00e0 cm 155 longueur totale (on la prend du centre des \u00e9paules jusqu&rsquo;au talon).Mesures de cm 95 \u00e0 cm 155.<\/p>\n","protected":false},"featured_media":135535,"template":"","meta":[],"product_cat":[11616],"product_tag":[],"yoast_head":"<!-- This site is optimized with the Yoast SEO plugin v20.4 - https:\/\/yoast.com\/wordpress\/plugins\/seo\/ -->\n<title>aube &quot;Lettore&quot; - Aubes pour servants de messe et Laboratorio Gruppo Liturgico<\/title>\n<meta name=\"description\" content=\"Classique mod\u00e8le \u00e0 mettre pour le service liturgique et pour les lectures.  Facilement lavable, elle est propos\u00e9e avec bord rouge uni appliqu\u00e9 sur le devant, sur le dos et sur les manches.  Mesures de cm 95 \u00e0 cm 155 longueur totale (on la prend du centre des \u00e9paules jusqu&#039;au talon).Mesures de cm 95 \u00e0 cm 155.\" \/>\n<meta name=\"robots\" content=\"index, follow, max-snippet:-1, max-image-preview:large, max-video-preview:-1\" \/>\n<link rel=\"canonical\" href=\"https:\/\/www.gruppoliturgico.com\/fr\/produit\/aube-lettore\/\" \/>\n<meta property=\"og:locale\" content=\"fr_FR\" \/>\n<meta property=\"og:type\" content=\"article\" \/>\n<meta property=\"og:title\" content=\"aube &quot;Lettore&quot; - Aubes pour servants de messe et Laboratorio Gruppo Liturgico\" \/>\n<meta property=\"og:description\" content=\"Classique mod\u00e8le \u00e0 mettre pour le service liturgique et pour les lectures.  Facilement lavable, elle est propos\u00e9e avec bord rouge uni appliqu\u00e9 sur le devant, sur le dos et sur les manches.  Mesures de cm 95 \u00e0 cm 155 longueur totale (on la prend du centre des \u00e9paules jusqu&#039;au talon).Mesures de cm 95 \u00e0 cm 155.\" \/>\n<meta property=\"og:url\" content=\"https:\/\/www.gruppoliturgico.com\/fr\/produit\/aube-lettore\/\" \/>\n<meta property=\"og:site_name\" content=\"Laboratorio Gruppo Liturgico\" \/>\n<meta property=\"article:modified_time\" content=\"2022-11-11T15:38:48+00:00\" \/>\n<meta property=\"og:image\" content=\"https:\/\/www.gruppoliturgico.com\/wp-content\/uploads\/2022\/05\/55-nv-rit.jpg\" \/>\n\t<meta property=\"og:image:width\" content=\"595\" \/>\n\t<meta property=\"og:image:height\" content=\"920\" \/>\n\t<meta property=\"og:image:type\" content=\"image\/jpeg\" \/>\n<meta name=\"twitter:card\" content=\"summary_large_image\" \/>\n<script type=\"application\/ld+json\" class=\"yoast-schema-graph\">{\"@context\":\"https:\/\/schema.org\",\"@graph\":[{\"@type\":\"WebPage\",\"@id\":\"https:\/\/www.gruppoliturgico.com\/fr\/produit\/aube-lettore\/\",\"url\":\"https:\/\/www.gruppoliturgico.com\/fr\/produit\/aube-lettore\/\",\"name\":\"aube \\\"Lettore\\\" - Aubes pour servants de messe et Laboratorio Gruppo Liturgico\",\"isPartOf\":{\"@id\":\"https:\/\/www.gruppoliturgico.com\/es\/#website\"},\"datePublished\":\"2022-05-19T21:23:41+00:00\",\"dateModified\":\"2022-11-11T15:38:48+00:00\",\"description\":\"Classique mod\u00e8le \u00e0 mettre pour le service liturgique et pour les lectures. Facilement lavable, elle est propos\u00e9e avec bord rouge uni appliqu\u00e9 sur le devant, sur le dos et sur les manches. Mesures de cm 95 \u00e0 cm 155 longueur totale (on la prend du centre des \u00e9paules jusqu'au talon).Mesures de cm 95 \u00e0 cm 155.\",\"breadcrumb\":{\"@id\":\"https:\/\/www.gruppoliturgico.com\/fr\/produit\/aube-lettore\/#breadcrumb\"},\"inLanguage\":\"fr-FR\",\"potentialAction\":[{\"@type\":\"ReadAction\",\"target\":[\"https:\/\/www.gruppoliturgico.com\/fr\/produit\/aube-lettore\/\"]}]},{\"@type\":\"BreadcrumbList\",\"@id\":\"https:\/\/www.gruppoliturgico.com\/fr\/produit\/aube-lettore\/#breadcrumb\",\"itemListElement\":[{\"@type\":\"ListItem\",\"position\":1,\"name\":\"Home\",\"item\":\"https:\/\/www.gruppoliturgico.com\/fr\/\"},{\"@type\":\"ListItem\",\"position\":2,\"name\":\"Boutique\",\"item\":\"https:\/\/www.gruppoliturgico.com\/fr\/boutique\/\"},{\"@type\":\"ListItem\",\"position\":3,\"name\":\"aube &#8220;Lettore&#8221;\"}]},{\"@type\":\"WebSite\",\"@id\":\"https:\/\/www.gruppoliturgico.com\/es\/#website\",\"url\":\"https:\/\/www.gruppoliturgico.com\/es\/\",\"name\":\"Laboratorio Gruppo Liturgico\",\"description\":\"Articoli Religiosi online\",\"publisher\":{\"@id\":\"https:\/\/www.gruppoliturgico.com\/es\/#organization\"},\"potentialAction\":[{\"@type\":\"SearchAction\",\"target\":{\"@type\":\"EntryPoint\",\"urlTemplate\":\"https:\/\/www.gruppoliturgico.com\/es\/?s={search_term_string}\"},\"query-input\":\"required name=search_term_string\"}],\"inLanguage\":\"fr-FR\"},{\"@type\":\"Organization\",\"@id\":\"https:\/\/www.gruppoliturgico.com\/es\/#organization\",\"name\":\"Laboratorio Gruppo Liturgico\",\"url\":\"https:\/\/www.gruppoliturgico.com\/es\/\",\"logo\":{\"@type\":\"ImageObject\",\"inLanguage\":\"fr-FR\",\"@id\":\"https:\/\/www.gruppoliturgico.com\/es\/#\/schema\/logo\/image\/\",\"url\":\"https:\/\/www.gruppoliturgico.com\/wp-content\/uploads\/2022\/02\/logo-laboratoriogruppoliturgico.png\",\"contentUrl\":\"https:\/\/www.gruppoliturgico.com\/wp-content\/uploads\/2022\/02\/logo-laboratoriogruppoliturgico.png\",\"width\":400,\"height\":114,\"caption\":\"Laboratorio Gruppo Liturgico\"},\"image\":{\"@id\":\"https:\/\/www.gruppoliturgico.com\/es\/#\/schema\/logo\/image\/\"}}]}<\/script>\n<!-- \/ Yoast SEO plugin. -->","yoast_head_json":{"title":"aube \"Lettore\" - Aubes pour servants de messe et Laboratorio Gruppo Liturgico","description":"Classique mod\u00e8le \u00e0 mettre pour le service liturgique et pour les lectures.  Facilement lavable, elle est propos\u00e9e avec bord rouge uni appliqu\u00e9 sur le devant, sur le dos et sur les manches.  Mesures de cm 95 \u00e0 cm 155 longueur totale (on la prend du centre des \u00e9paules jusqu'au talon).Mesures de cm 95 \u00e0 cm 155.","robots":{"index":"index","follow":"follow","max-snippet":"max-snippet:-1","max-image-preview":"max-image-preview:large","max-video-preview":"max-video-preview:-1"},"canonical":"https:\/\/www.gruppoliturgico.com\/fr\/produit\/aube-lettore\/","og_locale":"fr_FR","og_type":"article","og_title":"aube \"Lettore\" - Aubes pour servants de messe et Laboratorio Gruppo Liturgico","og_description":"Classique mod\u00e8le \u00e0 mettre pour le service liturgique et pour les lectures.  Facilement lavable, elle est propos\u00e9e avec bord rouge uni appliqu\u00e9 sur le devant, sur le dos et sur les manches.  Mesures de cm 95 \u00e0 cm 155 longueur totale (on la prend du centre des \u00e9paules jusqu'au talon).Mesures de cm 95 \u00e0 cm 155.","og_url":"https:\/\/www.gruppoliturgico.com\/fr\/produit\/aube-lettore\/","og_site_name":"Laboratorio Gruppo Liturgico","article_modified_time":"2022-11-11T15:38:48+00:00","og_image":[{"width":595,"height":920,"url":"https:\/\/www.gruppoliturgico.com\/wp-content\/uploads\/2022\/05\/55-nv-rit.jpg","type":"image\/jpeg"}],"twitter_card":"summary_large_image","schema":{"@context":"https:\/\/schema.org","@graph":[{"@type":"WebPage","@id":"https:\/\/www.gruppoliturgico.com\/fr\/produit\/aube-lettore\/","url":"https:\/\/www.gruppoliturgico.com\/fr\/produit\/aube-lettore\/","name":"aube \"Lettore\" - Aubes pour servants de messe et Laboratorio Gruppo Liturgico","isPartOf":{"@id":"https:\/\/www.gruppoliturgico.com\/es\/#website"},"datePublished":"2022-05-19T21:23:41+00:00","dateModified":"2022-11-11T15:38:48+00:00","description":"Classique mod\u00e8le \u00e0 mettre pour le service liturgique et pour les lectures. Facilement lavable, elle est propos\u00e9e avec bord rouge uni appliqu\u00e9 sur le devant, sur le dos et sur les manches. Mesures de cm 95 \u00e0 cm 155 longueur totale (on la prend du centre des \u00e9paules jusqu'au talon).Mesures de cm 95 \u00e0 cm 155.","breadcrumb":{"@id":"https:\/\/www.gruppoliturgico.com\/fr\/produit\/aube-lettore\/#breadcrumb"},"inLanguage":"fr-FR","potentialAction":[{"@type":"ReadAction","target":["https:\/\/www.gruppoliturgico.com\/fr\/produit\/aube-lettore\/"]}]},{"@type":"BreadcrumbList","@id":"https:\/\/www.gruppoliturgico.com\/fr\/produit\/aube-lettore\/#breadcrumb","itemListElement":[{"@type":"ListItem","position":1,"name":"Home","item":"https:\/\/www.gruppoliturgico.com\/fr\/"},{"@type":"ListItem","position":2,"name":"Boutique","item":"https:\/\/www.gruppoliturgico.com\/fr\/boutique\/"},{"@type":"ListItem","position":3,"name":"aube &#8220;Lettore&#8221;"}]},{"@type":"WebSite","@id":"https:\/\/www.gruppoliturgico.com\/es\/#website","url":"https:\/\/www.gruppoliturgico.com\/es\/","name":"Laboratorio Gruppo Liturgico","description":"Articoli Religiosi online","publisher":{"@id":"https:\/\/www.gruppoliturgico.com\/es\/#organization"},"potentialAction":[{"@type":"SearchAction","target":{"@type":"EntryPoint","urlTemplate":"https:\/\/www.gruppoliturgico.com\/es\/?s={search_term_string}"},"query-input":"required name=search_term_string"}],"inLanguage":"fr-FR"},{"@type":"Organization","@id":"https:\/\/www.gruppoliturgico.com\/es\/#organization","name":"Laboratorio Gruppo Liturgico","url":"https:\/\/www.gruppoliturgico.com\/es\/","logo":{"@type":"ImageObject","inLanguage":"fr-FR","@id":"https:\/\/www.gruppoliturgico.com\/es\/#\/schema\/logo\/image\/","url":"https:\/\/www.gruppoliturgico.com\/wp-content\/uploads\/2022\/02\/logo-laboratoriogruppoliturgico.png","contentUrl":"https:\/\/www.gruppoliturgico.com\/wp-content\/uploads\/2022\/02\/logo-laboratoriogruppoliturgico.png","width":400,"height":114,"caption":"Laboratorio Gruppo Liturgico"},"image":{"@id":"https:\/\/www.gruppoliturgico.com\/es\/#\/schema\/logo\/image\/"}}]}},"_links":{"self":[{"href":"https:\/\/www.gruppoliturgico.com\/fr\/wp-json\/wp\/v2\/product\/63841"}],"collection":[{"href":"https:\/\/www.gruppoliturgico.com\/fr\/wp-json\/wp\/v2\/product"}],"about":[{"href":"https:\/\/www.gruppoliturgico.com\/fr\/wp-json\/wp\/v2\/types\/product"}],"wp:featuredmedia":[{"embeddable":true,"href":"https:\/\/www.gruppoliturgico.com\/fr\/wp-json\/wp\/v2\/media\/135535"}],"wp:attachment":[{"href":"https:\/\/www.gruppoliturgico.com\/fr\/wp-json\/wp\/v2\/media?parent=63841"}],"wp:term":[{"taxonomy":"product_cat","embeddable":true,"href":"https:\/\/www.gruppoliturgico.com\/fr\/wp-json\/wp\/v2\/product_cat?post=63841"},{"taxonomy":"product_tag","embeddable":true,"href":"https:\/\/www.gruppoliturgico.com\/fr\/wp-json\/wp\/v2\/product_tag?post=63841"}],"curies":[{"name":"wp","href":"https:\/\/api.w.org\/{rel}","templated":true}]}}