{"id":63777,"date":"2022-05-19T23:20:37","date_gmt":"2022-05-19T21:20:44","guid":{"rendered":"https:\/\/www.gruppoliturgico.com\/prodotto\/baldaquin-2\/"},"modified":"2023-01-27T10:38:57","modified_gmt":"2023-01-27T09:38:57","slug":"baldaquin-2","status":"publish","type":"product","link":"https:\/\/www.gruppoliturgico.com\/fr\/produit\/baldaquin-2\/","title":{"rendered":"Baldaquin"},"content":{"rendered":"<html><body><p>Les riches broderies d\u2019ornements baroques, de fleurs et de symboles Eucharistiques sont r\u00e9alis\u00e9es avec des fils de grande qualit\u00e9 en or et soie.<br>\nFinitions avec des passementeries et des franges dor\u00e9es de grand valeur. Dimensions cm 240 x 180.<br>\nLes hampes ne sont pas incluses dans le prix.<\/p>\n<\/body><\/html>","protected":false},"excerpt":{"rendered":"<p>Les riches broderies d&rsquo;ornements baroques, de fleurs et de symboles Eucharistiques sont r\u00e9alis\u00e9es avec des fils de grande qualit\u00e9 en or et soie.<br \/>\nFinitions avec des passementeries et des franges dor\u00e9es de grand valeur. Dimensions cm 240 x 180.<br \/>\nLes hampes ne sont pas incluses dans le prix.<\/p>\n","protected":false},"featured_media":74122,"template":"","meta":[],"product_cat":[11756],"product_tag":[],"yoast_head":"<!-- This site is optimized with the Yoast SEO plugin v20.4 - https:\/\/yoast.com\/wordpress\/plugins\/seo\/ -->\n<title>Baldaquin - baldaquins-ombrellino de procession et Laboratorio Gruppo Liturgico<\/title>\n<meta name=\"description\" content=\"Les riches broderies d&#039;ornements baroques, de fleurs et de symboles Eucharistiques sont r\u00e9alis\u00e9es avec des fils de grande qualit\u00e9 en or et soie.  Finitions avec des passementeries et des franges dor\u00e9es de grand valeur. Dimensions cm 240 x 180. Les hampes ne sont pas incluses dans le prix.\" \/>\n<meta name=\"robots\" content=\"index, follow, max-snippet:-1, max-image-preview:large, max-video-preview:-1\" \/>\n<link rel=\"canonical\" href=\"https:\/\/www.gruppoliturgico.com\/fr\/produit\/baldaquin-2\/\" \/>\n<meta property=\"og:locale\" content=\"fr_FR\" \/>\n<meta property=\"og:type\" content=\"article\" \/>\n<meta property=\"og:title\" content=\"Baldaquin - baldaquins-ombrellino de procession et Laboratorio Gruppo Liturgico\" \/>\n<meta property=\"og:description\" content=\"Les riches broderies d&#039;ornements baroques, de fleurs et de symboles Eucharistiques sont r\u00e9alis\u00e9es avec des fils de grande qualit\u00e9 en or et soie.  Finitions avec des passementeries et des franges dor\u00e9es de grand valeur. Dimensions cm 240 x 180. Les hampes ne sont pas incluses dans le prix.\" \/>\n<meta property=\"og:url\" content=\"https:\/\/www.gruppoliturgico.com\/fr\/produit\/baldaquin-2\/\" \/>\n<meta property=\"og:site_name\" content=\"Laboratorio Gruppo Liturgico\" \/>\n<meta property=\"article:modified_time\" content=\"2023-01-27T09:38:57+00:00\" \/>\n<meta property=\"og:image\" content=\"https:\/\/www.gruppoliturgico.com\/wp-content\/uploads\/2022\/05\/897.jpg\" \/>\n\t<meta property=\"og:image:width\" content=\"1500\" \/>\n\t<meta property=\"og:image:height\" content=\"930\" \/>\n\t<meta property=\"og:image:type\" content=\"image\/jpeg\" \/>\n<meta name=\"twitter:card\" content=\"summary_large_image\" \/>\n<script type=\"application\/ld+json\" class=\"yoast-schema-graph\">{\"@context\":\"https:\/\/schema.org\",\"@graph\":[{\"@type\":\"WebPage\",\"@id\":\"https:\/\/www.gruppoliturgico.com\/fr\/produit\/baldaquin-2\/\",\"url\":\"https:\/\/www.gruppoliturgico.com\/fr\/produit\/baldaquin-2\/\",\"name\":\"Baldaquin - baldaquins-ombrellino de procession et Laboratorio Gruppo Liturgico\",\"isPartOf\":{\"@id\":\"https:\/\/www.gruppoliturgico.com\/es\/#website\"},\"datePublished\":\"2022-05-19T21:20:44+00:00\",\"dateModified\":\"2023-01-27T09:38:57+00:00\",\"description\":\"Les riches broderies d'ornements baroques, de fleurs et de symboles Eucharistiques sont r\u00e9alis\u00e9es avec des fils de grande qualit\u00e9 en or et soie. Finitions avec des passementeries et des franges dor\u00e9es de grand valeur. Dimensions cm 240 x 180. Les hampes ne sont pas incluses dans le prix.\",\"breadcrumb\":{\"@id\":\"https:\/\/www.gruppoliturgico.com\/fr\/produit\/baldaquin-2\/#breadcrumb\"},\"inLanguage\":\"fr-FR\",\"potentialAction\":[{\"@type\":\"ReadAction\",\"target\":[\"https:\/\/www.gruppoliturgico.com\/fr\/produit\/baldaquin-2\/\"]}]},{\"@type\":\"BreadcrumbList\",\"@id\":\"https:\/\/www.gruppoliturgico.com\/fr\/produit\/baldaquin-2\/#breadcrumb\",\"itemListElement\":[{\"@type\":\"ListItem\",\"position\":1,\"name\":\"Home\",\"item\":\"https:\/\/www.gruppoliturgico.com\/fr\/\"},{\"@type\":\"ListItem\",\"position\":2,\"name\":\"Boutique\",\"item\":\"https:\/\/www.gruppoliturgico.com\/fr\/boutique\/\"},{\"@type\":\"ListItem\",\"position\":3,\"name\":\"Baldaquin\"}]},{\"@type\":\"WebSite\",\"@id\":\"https:\/\/www.gruppoliturgico.com\/es\/#website\",\"url\":\"https:\/\/www.gruppoliturgico.com\/es\/\",\"name\":\"Laboratorio Gruppo Liturgico\",\"description\":\"Articoli Religiosi online\",\"publisher\":{\"@id\":\"https:\/\/www.gruppoliturgico.com\/es\/#organization\"},\"potentialAction\":[{\"@type\":\"SearchAction\",\"target\":{\"@type\":\"EntryPoint\",\"urlTemplate\":\"https:\/\/www.gruppoliturgico.com\/es\/?s={search_term_string}\"},\"query-input\":\"required name=search_term_string\"}],\"inLanguage\":\"fr-FR\"},{\"@type\":\"Organization\",\"@id\":\"https:\/\/www.gruppoliturgico.com\/es\/#organization\",\"name\":\"Laboratorio Gruppo Liturgico\",\"url\":\"https:\/\/www.gruppoliturgico.com\/es\/\",\"logo\":{\"@type\":\"ImageObject\",\"inLanguage\":\"fr-FR\",\"@id\":\"https:\/\/www.gruppoliturgico.com\/es\/#\/schema\/logo\/image\/\",\"url\":\"https:\/\/www.gruppoliturgico.com\/wp-content\/uploads\/2022\/02\/logo-laboratoriogruppoliturgico.png\",\"contentUrl\":\"https:\/\/www.gruppoliturgico.com\/wp-content\/uploads\/2022\/02\/logo-laboratoriogruppoliturgico.png\",\"width\":400,\"height\":114,\"caption\":\"Laboratorio Gruppo Liturgico\"},\"image\":{\"@id\":\"https:\/\/www.gruppoliturgico.com\/es\/#\/schema\/logo\/image\/\"}}]}<\/script>\n<!-- \/ Yoast SEO plugin. -->","yoast_head_json":{"title":"Baldaquin - baldaquins-ombrellino de procession et Laboratorio Gruppo Liturgico","description":"Les riches broderies d'ornements baroques, de fleurs et de symboles Eucharistiques sont r\u00e9alis\u00e9es avec des fils de grande qualit\u00e9 en or et soie.  Finitions avec des passementeries et des franges dor\u00e9es de grand valeur. Dimensions cm 240 x 180. Les hampes ne sont pas incluses dans le prix.","robots":{"index":"index","follow":"follow","max-snippet":"max-snippet:-1","max-image-preview":"max-image-preview:large","max-video-preview":"max-video-preview:-1"},"canonical":"https:\/\/www.gruppoliturgico.com\/fr\/produit\/baldaquin-2\/","og_locale":"fr_FR","og_type":"article","og_title":"Baldaquin - baldaquins-ombrellino de procession et Laboratorio Gruppo Liturgico","og_description":"Les riches broderies d'ornements baroques, de fleurs et de symboles Eucharistiques sont r\u00e9alis\u00e9es avec des fils de grande qualit\u00e9 en or et soie.  Finitions avec des passementeries et des franges dor\u00e9es de grand valeur. Dimensions cm 240 x 180. Les hampes ne sont pas incluses dans le prix.","og_url":"https:\/\/www.gruppoliturgico.com\/fr\/produit\/baldaquin-2\/","og_site_name":"Laboratorio Gruppo Liturgico","article_modified_time":"2023-01-27T09:38:57+00:00","og_image":[{"width":1500,"height":930,"url":"https:\/\/www.gruppoliturgico.com\/wp-content\/uploads\/2022\/05\/897.jpg","type":"image\/jpeg"}],"twitter_card":"summary_large_image","schema":{"@context":"https:\/\/schema.org","@graph":[{"@type":"WebPage","@id":"https:\/\/www.gruppoliturgico.com\/fr\/produit\/baldaquin-2\/","url":"https:\/\/www.gruppoliturgico.com\/fr\/produit\/baldaquin-2\/","name":"Baldaquin - baldaquins-ombrellino de procession et Laboratorio Gruppo Liturgico","isPartOf":{"@id":"https:\/\/www.gruppoliturgico.com\/es\/#website"},"datePublished":"2022-05-19T21:20:44+00:00","dateModified":"2023-01-27T09:38:57+00:00","description":"Les riches broderies d'ornements baroques, de fleurs et de symboles Eucharistiques sont r\u00e9alis\u00e9es avec des fils de grande qualit\u00e9 en or et soie. Finitions avec des passementeries et des franges dor\u00e9es de grand valeur. Dimensions cm 240 x 180. Les hampes ne sont pas incluses dans le prix.","breadcrumb":{"@id":"https:\/\/www.gruppoliturgico.com\/fr\/produit\/baldaquin-2\/#breadcrumb"},"inLanguage":"fr-FR","potentialAction":[{"@type":"ReadAction","target":["https:\/\/www.gruppoliturgico.com\/fr\/produit\/baldaquin-2\/"]}]},{"@type":"BreadcrumbList","@id":"https:\/\/www.gruppoliturgico.com\/fr\/produit\/baldaquin-2\/#breadcrumb","itemListElement":[{"@type":"ListItem","position":1,"name":"Home","item":"https:\/\/www.gruppoliturgico.com\/fr\/"},{"@type":"ListItem","position":2,"name":"Boutique","item":"https:\/\/www.gruppoliturgico.com\/fr\/boutique\/"},{"@type":"ListItem","position":3,"name":"Baldaquin"}]},{"@type":"WebSite","@id":"https:\/\/www.gruppoliturgico.com\/es\/#website","url":"https:\/\/www.gruppoliturgico.com\/es\/","name":"Laboratorio Gruppo Liturgico","description":"Articoli Religiosi online","publisher":{"@id":"https:\/\/www.gruppoliturgico.com\/es\/#organization"},"potentialAction":[{"@type":"SearchAction","target":{"@type":"EntryPoint","urlTemplate":"https:\/\/www.gruppoliturgico.com\/es\/?s={search_term_string}"},"query-input":"required name=search_term_string"}],"inLanguage":"fr-FR"},{"@type":"Organization","@id":"https:\/\/www.gruppoliturgico.com\/es\/#organization","name":"Laboratorio Gruppo Liturgico","url":"https:\/\/www.gruppoliturgico.com\/es\/","logo":{"@type":"ImageObject","inLanguage":"fr-FR","@id":"https:\/\/www.gruppoliturgico.com\/es\/#\/schema\/logo\/image\/","url":"https:\/\/www.gruppoliturgico.com\/wp-content\/uploads\/2022\/02\/logo-laboratoriogruppoliturgico.png","contentUrl":"https:\/\/www.gruppoliturgico.com\/wp-content\/uploads\/2022\/02\/logo-laboratoriogruppoliturgico.png","width":400,"height":114,"caption":"Laboratorio Gruppo Liturgico"},"image":{"@id":"https:\/\/www.gruppoliturgico.com\/es\/#\/schema\/logo\/image\/"}}]}},"_links":{"self":[{"href":"https:\/\/www.gruppoliturgico.com\/fr\/wp-json\/wp\/v2\/product\/63777"}],"collection":[{"href":"https:\/\/www.gruppoliturgico.com\/fr\/wp-json\/wp\/v2\/product"}],"about":[{"href":"https:\/\/www.gruppoliturgico.com\/fr\/wp-json\/wp\/v2\/types\/product"}],"wp:featuredmedia":[{"embeddable":true,"href":"https:\/\/www.gruppoliturgico.com\/fr\/wp-json\/wp\/v2\/media\/74122"}],"wp:attachment":[{"href":"https:\/\/www.gruppoliturgico.com\/fr\/wp-json\/wp\/v2\/media?parent=63777"}],"wp:term":[{"taxonomy":"product_cat","embeddable":true,"href":"https:\/\/www.gruppoliturgico.com\/fr\/wp-json\/wp\/v2\/product_cat?post=63777"},{"taxonomy":"product_tag","embeddable":true,"href":"https:\/\/www.gruppoliturgico.com\/fr\/wp-json\/wp\/v2\/product_tag?post=63777"}],"curies":[{"name":"wp","href":"https:\/\/api.w.org\/{rel}","templated":true}]}}